{"id":2107,"date":"2021-12-04T03:23:58","date_gmt":"2021-12-04T03:23:58","guid":{"rendered":"https:\/\/cokhitanminh.com\/may-dong-goi\/?post_type=product&#038;p=2107"},"modified":"2024-12-05T06:36:30","modified_gmt":"2024-12-05T06:36:30","slug":"may-han-lien-tuc-sfr-980-co-in-date-tmdg-a18","status":"publish","type":"product","link":"https:\/\/cokhitanminh.com\/may-dong-goi\/may-han-lien-tuc-sfr-980-co-in-date-tmdg-a18\/","title":{"rendered":"M\u00e1y h\u00e0n li\u00ean t\u1ee5c SFR-980 c\u00f3 in date (TM\u0110G-A18)"},"content":{"rendered":"<div><em><strong>M\u00e1y h\u00e0n li\u00ean t\u1ee5c SFR-980 c\u00f3 in date\u00a0<\/strong><\/em>(TM\u0110G-A18)\u00a0d\u00f9ng \u0111\u1ec3 \u0111\u00f3ng k\u00edn mi\u1ec7ng bao c\u00e1c lo\u1ea1i bao b\u00ec v\u00e0 \u0111\u1ed3ng th\u1eddi in ng\u00e0y s\u1ea3n xu\u1ea5t v\u00e0 h\u1ea1n s\u1eed d\u1ee5ng l\u00ean bao b\u00ec. N\u00e2ng cao hi\u1ec7u qu\u1ea3 in, th\u00e0nh ph\u1ea9m h\u00e0n trong m\u1ed7i ph\u00fat v\u1edbi s\u1ed1 l\u01b0\u1ee3ng nhi\u1ec1u g\u1ea5p 2, g\u1ea5p 3 so v\u1edbi h\u00e0n t\u00fai d\u1eadp tay. Ti\u1ebft ki\u1ec7m th\u1eddi gian, s\u1ee9c lao \u0111\u1ed9ng, hi\u1ec7u qu\u1ea3 nhanh ch\u00f3ng.<\/div>\n<div><\/div>\n<div><strong>\u0110\u1eb7c \u0111i\u1ec3m:<\/strong><\/div>\n<div><\/div>\n<div>M\u00e1y t\u00edch h\u1ee3p c\u00f4ng ngh\u1ec7 m\u1edbi, k\u1ef9 thu\u1eadt in date ch\u00ecm trong khi h\u00e0n mi\u1ec7ng t\u00fai.<\/div>\n<div><\/div>\n<div>B\u0103ng chuy\u1ec1n t\u1ef1 \u0111\u1ed9ng \u0111\u1ea9y s\u1ea3n ph\u1ea9m c\u1ea7n in l\u00ean ph\u00eda tr\u01b0\u1edbc, ngo\u00e0i ra b\u0103ng chuy\u1ec1n t\u1ea1o hi\u1ec7u qu\u1ea3 \u0111\u00f3ng g\u00f3i li\u00ean t\u1ee5c, kh\u00f4ng b\u1ecb gi\u00e1n \u0111o\u1ea1n, n\u0103ng su\u1ea5t \u0111\u00f3ng g\u00f3i cao.<\/div>\n<div><\/div>\n<div>Nhi\u1ec1u m\u00e0u s\u1eafc cho kh\u00e1ch h\u00e0ng ch\u1ecdn l\u1ef1a, n\u00e9t m\u1ef1c in ch\u1eef r\u00f5, kh\u00f4ng b\u1ecb nh\u00f2e, in kh\u00f4 r\u00e1o, ti\u1ec7n l\u1ee3i.<\/div>\n<div><\/div>\n<div>V\u1ecf m\u00e1y \u0111\u01b0\u1ee3c l\u00e0m ho\u00e0n to\u00e0n b\u1eb1ng inox ch\u1ed1ng r\u1ec9, d\u1ec5 d\u00e0ng v\u1ec7 sinh, lau ch\u00f9i m\u00e1y.<\/div>\n<div><\/div>\n<div>L\u1eafp \u0111\u1eb7t h\u1ec7 th\u1ed1ng kh\u1ed1ng ch\u1ebf nhi\u1ec7t \u0111\u1ed9 b\u1eb1ng \u0111i\u1ec7n t\u1eed v\u00e0 h\u1ec7 th\u1ed1ng v\u1eadn chuy\u1ec3n h\u00e0ng h\u00f3a t\u1ef1 \u0111\u1ed9ng. (b\u0103ng chuy\u1ec1n)<\/div>\n<div><\/div>\n<div>C\u00f3 th\u1ec3 s\u1eed d\u1ee5ng \u0111\u1ed3ng b\u1ed9 tr\u00ean m\u1ecdi d\u00e2y chuy\u1ec1n s\u1ea3n xu\u1ea5t \u0111\u00f3ng g\u00f3i.<\/div>\n<div><\/div>\n<div>C\u00f3 g\u1eafn b\u1ed9 in h\u1ea1n s\u1eed d\u1ee5ng ch\u00ecm tr\u00ean m\u00e9p h\u00e0n.<\/div>\n<div><\/div>\n<div>T\u1ed1c \u0111\u1ed9 d\u00e1n t\u00fai kh\u00f4ng b\u1ecb h\u1ea1n ch\u1ebf, ch\u1ea5t l\u01b0\u1ee3ng \u0111\u01b0\u1eddng h\u00e0n t\u00fai \u0111\u1ec1u, \u0111\u1eb9p, \u0111\u01b0\u1eddng h\u00e0n s\u1eafc, m\u1ecfng.<\/div>\n<div><\/div>\n<div><strong>C\u1ea5u t\u1ea1o:\u00a0<\/strong><\/div>\n<div><\/div>\n<div>Khung m\u00e1y \u0111\u01b0\u1ee3c l\u00e0m t\u1eeb ch\u1ea5t li\u1ec7u th\u00e9p s\u01a1n t\u0129nh \u0111i\u1ec7n, r\u1ea5t ch\u1eafc ch\u1eafn. B\u1ed9 ph\u1eadn \u0111i\u1ec1u khi\u1ec3n \u0111\u01a1n gi\u1ea3n, c\u00f3 th\u1ec3 t\u00f9y ch\u1ec9nh nhi\u1ec7t \u0111\u1ed9\u00a0 b\u1ed9 ph\u1eadn h\u00e0n mi\u1ec7ng, nhi\u1ec7t \u0111\u1ed9 b\u1ed9 ph\u1eadn in date, t\u00f9y ch\u1ec9nh t\u1ed1c \u0111\u1ed9 l\u00e0m vi\u1ec7c.<\/div>\n<div>M\u1eb7t sau c\u1ee7a m\u00e1y thi\u1ebft k\u1ebf d\u1ea1ng c\u1eeda, c\u00f3 th\u1ec3 m\u1edf ra \u0111\u1ec3 ki\u1ec3m tra, s\u1eeda ch\u1eefa, thay th\u1ebf linh ki\u1ec7n, v\u1ec7 sinh d\u1ec5 d\u00e0ng.<\/div>\n<div>M\u00e1y c\u00f3 h\u1ec7 th\u1ed1ng b\u0103ng t\u1ea3i t\u00f9y ch\u1ec9nh t\u1ed1c \u0111\u1ed9, c\u00f3 th\u1ec3 ch\u1ecbu \u0111\u01b0\u1ee3c t\u1ea3i tr\u1ecdng t\u1edbi 10 kg.<\/div>\n<div><\/div>\n<div><a href=\"https:\/\/cokhitanminh.com\/may-dong-goi\/wp-content\/uploads\/2021\/12\/may-han-lien-tuc-sfr-980-co-in-date-tmdg-a18-2-cokhitanminhcom.jpg\"><img loading=\"lazy\" decoding=\"async\" class=\"aligncenter wp-image-4787 size-full\" src=\"https:\/\/cokhitanminh.com\/may-dong-goi\/wp-content\/uploads\/2021\/12\/may-han-lien-tuc-sfr-980-co-in-date-tmdg-a18-2-cokhitanminhcom.jpg\" alt=\"\" width=\"768\" height=\"384\" srcset=\"https:\/\/cokhitanminh.com\/may-dong-goi\/wp-content\/uploads\/2021\/12\/may-han-lien-tuc-sfr-980-co-in-date-tmdg-a18-2-cokhitanminhcom.jpg 768w, https:\/\/cokhitanminh.com\/may-dong-goi\/wp-content\/uploads\/2021\/12\/may-han-lien-tuc-sfr-980-co-in-date-tmdg-a18-2-cokhitanminhcom-300x150.jpg 300w, https:\/\/cokhitanminh.com\/may-dong-goi\/wp-content\/uploads\/2021\/12\/may-han-lien-tuc-sfr-980-co-in-date-tmdg-a18-2-cokhitanminhcom-600x300.jpg 600w\" sizes=\"auto, (max-width: 768px) 100vw, 768px\" \/><\/a><\/div>\n<div><\/div>\n<div><a href=\"https:\/\/cokhitanminh.com\/may-dong-goi\/wp-content\/uploads\/2021\/12\/may-han-lien-tuc-sfr-980-co-in-date-tmdg-a18-3-cokhitanminhcom.jpg\"><img loading=\"lazy\" decoding=\"async\" class=\"size-full wp-image-4788 aligncenter\" src=\"https:\/\/cokhitanminh.com\/may-dong-goi\/wp-content\/uploads\/2021\/12\/may-han-lien-tuc-sfr-980-co-in-date-tmdg-a18-3-cokhitanminhcom.jpg\" alt=\"\" width=\"550\" height=\"413\" srcset=\"https:\/\/cokhitanminh.com\/may-dong-goi\/wp-content\/uploads\/2021\/12\/may-han-lien-tuc-sfr-980-co-in-date-tmdg-a18-3-cokhitanminhcom.jpg 550w, https:\/\/cokhitanminh.com\/may-dong-goi\/wp-content\/uploads\/2021\/12\/may-han-lien-tuc-sfr-980-co-in-date-tmdg-a18-3-cokhitanminhcom-300x225.jpg 300w\" sizes=\"auto, (max-width: 550px) 100vw, 550px\" \/><\/a><\/div>\n<div><\/div>\n<div><a href=\"https:\/\/cokhitanminh.com\/may-dong-goi\/wp-content\/uploads\/2021\/12\/may-han-lien-tuc-sfr-980-co-in-date-tmdg-a18-4-cokhitanminhcom.jpg\"><img loading=\"lazy\" decoding=\"async\" class=\"size-full wp-image-4789 aligncenter\" src=\"https:\/\/cokhitanminh.com\/may-dong-goi\/wp-content\/uploads\/2021\/12\/may-han-lien-tuc-sfr-980-co-in-date-tmdg-a18-4-cokhitanminhcom.jpg\" alt=\"\" width=\"550\" height=\"262\" srcset=\"https:\/\/cokhitanminh.com\/may-dong-goi\/wp-content\/uploads\/2021\/12\/may-han-lien-tuc-sfr-980-co-in-date-tmdg-a18-4-cokhitanminhcom.jpg 550w, https:\/\/cokhitanminh.com\/may-dong-goi\/wp-content\/uploads\/2021\/12\/may-han-lien-tuc-sfr-980-co-in-date-tmdg-a18-4-cokhitanminhcom-300x143.jpg 300w\" sizes=\"auto, (max-width: 550px) 100vw, 550px\" \/><\/a><\/div>\n<div><a href=\"https:\/\/cokhitanminh.com\/may-dong-goi\/wp-content\/uploads\/2021\/12\/may-han-lien-tuc-sfr-980-co-in-date-tmdg-a18-5-cokhitanminhcom.jpg\"><img loading=\"lazy\" decoding=\"async\" class=\"size-full wp-image-4790 aligncenter\" src=\"https:\/\/cokhitanminh.com\/may-dong-goi\/wp-content\/uploads\/2021\/12\/may-han-lien-tuc-sfr-980-co-in-date-tmdg-a18-5-cokhitanminhcom.jpg\" alt=\"\" width=\"550\" height=\"400\" srcset=\"https:\/\/cokhitanminh.com\/may-dong-goi\/wp-content\/uploads\/2021\/12\/may-han-lien-tuc-sfr-980-co-in-date-tmdg-a18-5-cokhitanminhcom.jpg 550w, https:\/\/cokhitanminh.com\/may-dong-goi\/wp-content\/uploads\/2021\/12\/may-han-lien-tuc-sfr-980-co-in-date-tmdg-a18-5-cokhitanminhcom-300x218.jpg 300w\" sizes=\"auto, (max-width: 550px) 100vw, 550px\" \/><\/a><\/div>\n<div><a href=\"https:\/\/cokhitanminh.com\/may-dong-goi\/wp-content\/uploads\/2021\/12\/may-han-lien-tuc-sfr-980-co-in-date-tmdg-a18-6-cokhitanminhcom.jpg\"><img loading=\"lazy\" decoding=\"async\" class=\"size-full wp-image-4791 aligncenter\" src=\"https:\/\/cokhitanminh.com\/may-dong-goi\/wp-content\/uploads\/2021\/12\/may-han-lien-tuc-sfr-980-co-in-date-tmdg-a18-6-cokhitanminhcom.jpg\" alt=\"\" width=\"550\" height=\"413\" srcset=\"https:\/\/cokhitanminh.com\/may-dong-goi\/wp-content\/uploads\/2021\/12\/may-han-lien-tuc-sfr-980-co-in-date-tmdg-a18-6-cokhitanminhcom.jpg 550w, https:\/\/cokhitanminh.com\/may-dong-goi\/wp-content\/uploads\/2021\/12\/may-han-lien-tuc-sfr-980-co-in-date-tmdg-a18-6-cokhitanminhcom-300x225.jpg 300w\" sizes=\"auto, (max-width: 550px) 100vw, 550px\" \/><\/a><\/div>\n<div><a href=\"https:\/\/cokhitanminh.com\/may-dong-goi\/wp-content\/uploads\/2021\/12\/may-han-lien-tuc-sfr-980-co-in-date-tmdg-a18-7-cokhitanminhcom.jpg\"><img loading=\"lazy\" decoding=\"async\" class=\"size-full wp-image-4792 aligncenter\" src=\"https:\/\/cokhitanminh.com\/may-dong-goi\/wp-content\/uploads\/2021\/12\/may-han-lien-tuc-sfr-980-co-in-date-tmdg-a18-7-cokhitanminhcom.jpg\" alt=\"\" width=\"550\" height=\"413\" srcset=\"https:\/\/cokhitanminh.com\/may-dong-goi\/wp-content\/uploads\/2021\/12\/may-han-lien-tuc-sfr-980-co-in-date-tmdg-a18-7-cokhitanminhcom.jpg 550w, https:\/\/cokhitanminh.com\/may-dong-goi\/wp-content\/uploads\/2021\/12\/may-han-lien-tuc-sfr-980-co-in-date-tmdg-a18-7-cokhitanminhcom-300x225.jpg 300w\" sizes=\"auto, (max-width: 550px) 100vw, 550px\" \/><\/a><\/div>\n<div><\/div>\n<div><strong>Th\u00f4ng s\u1ed1 k\u1ef9 thu\u1eadt:<\/strong><\/div>\n<div><\/div>\n<div>\u2013 Model: TM\u0110G-A18<\/div>\n<div>\u2013 \u0110i\u1ec7n \u00e1p: 220V\/50Hz<\/div>\n<div>\u2013 C\u00f4ng su\u1ea5t: 620W<\/div>\n<div>\u2013 \u0110\u01b0\u1eddng h\u00e0n: 6-12 mm<\/div>\n<div>\u2013 T\u1ed1c \u0111\u1ed9 b\u0103ng t\u1ea3i: 0-12 m\u00e9t\/ph\u00fat<\/div>\n<div>\u2013 T\u1ea3i tr\u1ecdng b\u0103ng t\u1ea3i: \u2264 5 kg<\/div>\n<div>\u2013 K\u00edch th\u01b0\u1edbc m\u00e1y: 930 x 390 x 300mm<\/div>\n<div>\u2013 Kh\u1ed1i l\u01b0\u1ee3ng m\u00e1y: 24 kg<\/div>\n<div>\u2013 Nh\u1eadp kh\u1ea9u: T\u00e2n Minh<\/div>\n<div>\u2013 B\u1ea3o h\u00e0nh: 12 th\u00e1ng<\/div>\n<div><\/div>\n<div>Ngo\u00e0i\u00a0<em><strong>M\u00e1y h\u00e0n li\u00ean t\u1ee5c SFR-980 c\u00f3 in date\u00a0<\/strong><\/em>\u00a0C\u01a1 kh\u00ed T\u00e2n Minh c\u00f2n cung c\u1ea5p r\u1ea5t nhi\u1ec1u lo\u1ea1i m\u00e1y h\u00e0n mi\u1ec7ng t\u00fai kh\u00e1c.<\/div>\n<div><\/div>\n<div>\n<div>Xin vui l\u00f2ng tham kh\u1ea3o th\u00eam c\u00e1c s\u1ea3n ph\u1ea9m kh\u00e1c t\u1ea1i \u0111\u00e2y:\u00a0<span style=\"color: #337ab7;\">M\u00e1y H\u00e0n Mi\u1ec7<\/span><span style=\"color: #337ab7;\">ng T\u00fai<\/span><\/div>\n<div><\/div>\n<div>H\u1ed7 tr\u1ee3 h\u01b0\u1edbng d\u1eabn s\u1eed d\u1ee5ng &amp; chuy\u1ec3n giao c\u00f4ng ngh\u1ec7 mi\u1ec5n ph\u00ed.<\/div>\n<\/div>\n<div><\/div>\n","protected":false},"excerpt":{"rendered":"<p>M\u00e1y h\u00e0n li\u00ean t\u1ee5c SFR-980 c\u00f3 in date\u00a0(TM\u0110G-A18)\u00a0d\u00f9ng \u0111\u1ec3 \u0111\u00f3ng k\u00edn mi\u1ec7ng bao c\u00e1c lo\u1ea1i bao b\u00ec v\u00e0 \u0111\u1ed3ng th\u1eddi in ng\u00e0y s\u1ea3n xu\u1ea5t v\u00e0 h\u1ea1n s\u1eed d\u1ee5ng l\u00ean bao b\u00ec. N\u00e2ng cao hi\u1ec7u qu\u1ea3 in, th\u00e0nh ph\u1ea9m h\u00e0n trong m\u1ed7i ph\u00fat v\u1edbi s\u1ed1 l\u01b0\u1ee3ng nhi\u1ec1u g\u1ea5p 2, g\u1ea5p 3 so v\u1edbi h\u00e0n t\u00fai d\u1eadp &#8230;<\/p>\n","protected":false},"featured_media":4794,"comment_status":"open","ping_status":"closed","template":"","meta":[],"class_list":{"0":"post-2107","1":"product","2":"type-product","3":"status-publish","4":"has-post-thumbnail","6":"product_cat-may-han-mieng-tui","8":"first","9":"instock","10":"shipping-taxable","11":"purchasable","12":"product-type-simple"},"brands":[],"yoast_head":"<!-- This site is optimized with the Yoast SEO plugin v17.6 - https:\/\/yoast.com\/wordpress\/plugins\/seo\/ -->\n<title>M\u00e1y h\u00e0n li\u00ean t\u1ee5c SFR-980 c\u00f3 in date (TM\u0110G-A18) - M\u00c1Y \u0110\u00d3NG G\u00d3I T\u00c2N MINH<\/title>\n<meta name=\"description\" content=\"M\u00e1y h\u00e0n li\u00ean t\u1ee5c SFR-980 c\u00f3 in date (TM\u0110G-A18) uy t\u00edn ch\u1ea5t l\u01b0\u1ee3ng Li\u00ean h\u1ec7 Hotline 1: 1900 2861 | Hotline 2: 09 67 68 69 11 \u0110\u1ec3 \u0111\u01b0\u1ee3c t\u01b0 v\u1ea5n mi\u1ec5n ph\u00ed!\" \/>\n<meta name=\"robots\" content=\"index, follow, max-snippet:-1, max-image-preview:large, max-video-preview:-1\" \/>\n<link rel=\"canonical\" href=\"https:\/\/cokhitanminh.com\/may-dong-goi\/may-han-lien-tuc-sfr-980-co-in-date-tmdg-a18\/\" \/>\n<meta property=\"og:locale\" content=\"vi_VN\" \/>\n<meta property=\"og:type\" content=\"article\" \/>\n<meta property=\"og:title\" content=\"M\u00e1y h\u00e0n li\u00ean t\u1ee5c SFR-980 c\u00f3 in date (TM\u0110G-A18) - M\u00c1Y \u0110\u00d3NG G\u00d3I T\u00c2N MINH\" \/>\n<meta property=\"og:description\" content=\"M\u00e1y h\u00e0n li\u00ean t\u1ee5c SFR-980 c\u00f3 in date (TM\u0110G-A18) uy t\u00edn ch\u1ea5t l\u01b0\u1ee3ng Li\u00ean h\u1ec7 Hotline 1: 1900 2861 | Hotline 2: 09 67 68 69 11 \u0110\u1ec3 \u0111\u01b0\u1ee3c t\u01b0 v\u1ea5n mi\u1ec5n ph\u00ed!\" \/>\n<meta property=\"og:url\" content=\"https:\/\/cokhitanminh.com\/may-dong-goi\/may-han-lien-tuc-sfr-980-co-in-date-tmdg-a18\/\" \/>\n<meta property=\"og:site_name\" content=\"M\u00c1Y \u0110\u00d3NG G\u00d3I T\u00c2N MINH\" \/>\n<meta property=\"article:modified_time\" content=\"2024-12-05T06:36:30+00:00\" \/>\n<meta property=\"og:image\" content=\"https:\/\/cokhitanminh.com\/may-dong-goi\/wp-content\/uploads\/2021\/12\/may-han-lien-tuc-sfr-980-co-in-date-tmdg-a18-1-cokhitanminhcom.jpg\" \/>\n\t<meta property=\"og:image:width\" content=\"524\" \/>\n\t<meta property=\"og:image:height\" content=\"524\" \/>\n<meta name=\"twitter:card\" content=\"summary_large_image\" \/>\n<meta name=\"twitter:label1\" content=\"\u01af\u1edbc t\u00ednh th\u1eddi gian \u0111\u1ecdc\" \/>\n\t<meta name=\"twitter:data1\" content=\"4 ph\u00fat\" \/>\n<script type=\"application\/ld+json\" class=\"yoast-schema-graph\">{\"@context\":\"https:\/\/schema.org\",\"@graph\":[{\"@type\":\"WebSite\",\"@id\":\"https:\/\/cokhitanminh.com\/may-dong-goi\/#website\",\"url\":\"https:\/\/cokhitanminh.com\/may-dong-goi\/\",\"name\":\"M\\u00c1Y \\u0110\\u00d3NG G\\u00d3I T\\u00c2N MINH\",\"description\":\"Chuy\\u00ean gia m\\u00e1y \\u0111\\u00f3ng g\\u00f3i\",\"potentialAction\":[{\"@type\":\"SearchAction\",\"target\":{\"@type\":\"EntryPoint\",\"urlTemplate\":\"https:\/\/cokhitanminh.com\/may-dong-goi\/?s={search_term_string}\"},\"query-input\":\"required name=search_term_string\"}],\"inLanguage\":\"vi\"},{\"@type\":\"ImageObject\",\"@id\":\"https:\/\/cokhitanminh.com\/may-dong-goi\/may-han-lien-tuc-sfr-980-co-in-date-tmdg-a18\/#primaryimage\",\"inLanguage\":\"vi\",\"url\":\"https:\/\/cokhitanminh.com\/may-dong-goi\/wp-content\/uploads\/2021\/12\/may-han-lien-tuc-sfr-980-co-in-date-tmdg-a18-1-cokhitanminhcom.jpg\",\"contentUrl\":\"https:\/\/cokhitanminh.com\/may-dong-goi\/wp-content\/uploads\/2021\/12\/may-han-lien-tuc-sfr-980-co-in-date-tmdg-a18-1-cokhitanminhcom.jpg\",\"width\":524,\"height\":524},{\"@type\":\"WebPage\",\"@id\":\"https:\/\/cokhitanminh.com\/may-dong-goi\/may-han-lien-tuc-sfr-980-co-in-date-tmdg-a18\/#webpage\",\"url\":\"https:\/\/cokhitanminh.com\/may-dong-goi\/may-han-lien-tuc-sfr-980-co-in-date-tmdg-a18\/\",\"name\":\"M\\u00e1y h\\u00e0n li\\u00ean t\\u1ee5c SFR-980 c\\u00f3 in date (TM\\u0110G-A18) - M\\u00c1Y \\u0110\\u00d3NG G\\u00d3I T\\u00c2N MINH\",\"isPartOf\":{\"@id\":\"https:\/\/cokhitanminh.com\/may-dong-goi\/#website\"},\"primaryImageOfPage\":{\"@id\":\"https:\/\/cokhitanminh.com\/may-dong-goi\/may-han-lien-tuc-sfr-980-co-in-date-tmdg-a18\/#primaryimage\"},\"datePublished\":\"2021-12-04T03:23:58+00:00\",\"dateModified\":\"2024-12-05T06:36:30+00:00\",\"description\":\"M\\u00e1y h\\u00e0n li\\u00ean t\\u1ee5c SFR-980 c\\u00f3 in date (TM\\u0110G-A18) uy t\\u00edn ch\\u1ea5t l\\u01b0\\u1ee3ng Li\\u00ean h\\u1ec7 Hotline 1: 1900 2861 | Hotline 2: 09 67 68 69 11 \\u0110\\u1ec3 \\u0111\\u01b0\\u1ee3c t\\u01b0 v\\u1ea5n mi\\u1ec5n ph\\u00ed!\",\"breadcrumb\":{\"@id\":\"https:\/\/cokhitanminh.com\/may-dong-goi\/may-han-lien-tuc-sfr-980-co-in-date-tmdg-a18\/#breadcrumb\"},\"inLanguage\":\"vi\",\"potentialAction\":[{\"@type\":\"ReadAction\",\"target\":[\"https:\/\/cokhitanminh.com\/may-dong-goi\/may-han-lien-tuc-sfr-980-co-in-date-tmdg-a18\/\"]}]},{\"@type\":\"BreadcrumbList\",\"@id\":\"https:\/\/cokhitanminh.com\/may-dong-goi\/may-han-lien-tuc-sfr-980-co-in-date-tmdg-a18\/#breadcrumb\",\"itemListElement\":[{\"@type\":\"ListItem\",\"position\":1,\"name\":\"Trang ch\\u1ee7\",\"item\":\"https:\/\/cokhitanminh.com\/may-dong-goi\/\"},{\"@type\":\"ListItem\",\"position\":2,\"name\":\"C\\u1eeda h\\u00e0ng\",\"item\":\"https:\/\/cokhitanminh.com\/may-dong-goi\/mua\/\"},{\"@type\":\"ListItem\",\"position\":3,\"name\":\"M\\u00e1y h\\u00e0n li\\u00ean t\\u1ee5c SFR-980 c\\u00f3 in date (TM\\u0110G-A18)\"}]}]}<\/script>\n<!-- \/ Yoast SEO plugin. -->","yoast_head_json":{"title":"M\u00e1y h\u00e0n li\u00ean t\u1ee5c SFR-980 c\u00f3 in date (TM\u0110G-A18) - M\u00c1Y \u0110\u00d3NG G\u00d3I T\u00c2N MINH","description":"M\u00e1y h\u00e0n li\u00ean t\u1ee5c SFR-980 c\u00f3 in date (TM\u0110G-A18) uy t\u00edn ch\u1ea5t l\u01b0\u1ee3ng Li\u00ean h\u1ec7 Hotline 1: 1900 2861 | Hotline 2: 09 67 68 69 11 \u0110\u1ec3 \u0111\u01b0\u1ee3c t\u01b0 v\u1ea5n mi\u1ec5n ph\u00ed!","robots":{"index":"index","follow":"follow","max-snippet":"max-snippet:-1","max-image-preview":"max-image-preview:large","max-video-preview":"max-video-preview:-1"},"canonical":"https:\/\/cokhitanminh.com\/may-dong-goi\/may-han-lien-tuc-sfr-980-co-in-date-tmdg-a18\/","og_locale":"vi_VN","og_type":"article","og_title":"M\u00e1y h\u00e0n li\u00ean t\u1ee5c SFR-980 c\u00f3 in date (TM\u0110G-A18) - M\u00c1Y \u0110\u00d3NG G\u00d3I T\u00c2N MINH","og_description":"M\u00e1y h\u00e0n li\u00ean t\u1ee5c SFR-980 c\u00f3 in date (TM\u0110G-A18) uy t\u00edn ch\u1ea5t l\u01b0\u1ee3ng Li\u00ean h\u1ec7 Hotline 1: 1900 2861 | Hotline 2: 09 67 68 69 11 \u0110\u1ec3 \u0111\u01b0\u1ee3c t\u01b0 v\u1ea5n mi\u1ec5n ph\u00ed!","og_url":"https:\/\/cokhitanminh.com\/may-dong-goi\/may-han-lien-tuc-sfr-980-co-in-date-tmdg-a18\/","og_site_name":"M\u00c1Y \u0110\u00d3NG G\u00d3I T\u00c2N MINH","article_modified_time":"2024-12-05T06:36:30+00:00","og_image":[{"width":524,"height":524,"url":"https:\/\/cokhitanminh.com\/may-dong-goi\/wp-content\/uploads\/2021\/12\/may-han-lien-tuc-sfr-980-co-in-date-tmdg-a18-1-cokhitanminhcom.jpg","type":"image\/jpeg"}],"twitter_card":"summary_large_image","twitter_misc":{"\u01af\u1edbc t\u00ednh th\u1eddi gian \u0111\u1ecdc":"4 ph\u00fat"},"schema":{"@context":"https:\/\/schema.org","@graph":[{"@type":"WebSite","@id":"https:\/\/cokhitanminh.com\/may-dong-goi\/#website","url":"https:\/\/cokhitanminh.com\/may-dong-goi\/","name":"M\u00c1Y \u0110\u00d3NG G\u00d3I T\u00c2N MINH","description":"Chuy\u00ean gia m\u00e1y \u0111\u00f3ng g\u00f3i","potentialAction":[{"@type":"SearchAction","target":{"@type":"EntryPoint","urlTemplate":"https:\/\/cokhitanminh.com\/may-dong-goi\/?s={search_term_string}"},"query-input":"required name=search_term_string"}],"inLanguage":"vi"},{"@type":"ImageObject","@id":"https:\/\/cokhitanminh.com\/may-dong-goi\/may-han-lien-tuc-sfr-980-co-in-date-tmdg-a18\/#primaryimage","inLanguage":"vi","url":"https:\/\/cokhitanminh.com\/may-dong-goi\/wp-content\/uploads\/2021\/12\/may-han-lien-tuc-sfr-980-co-in-date-tmdg-a18-1-cokhitanminhcom.jpg","contentUrl":"https:\/\/cokhitanminh.com\/may-dong-goi\/wp-content\/uploads\/2021\/12\/may-han-lien-tuc-sfr-980-co-in-date-tmdg-a18-1-cokhitanminhcom.jpg","width":524,"height":524},{"@type":"WebPage","@id":"https:\/\/cokhitanminh.com\/may-dong-goi\/may-han-lien-tuc-sfr-980-co-in-date-tmdg-a18\/#webpage","url":"https:\/\/cokhitanminh.com\/may-dong-goi\/may-han-lien-tuc-sfr-980-co-in-date-tmdg-a18\/","name":"M\u00e1y h\u00e0n li\u00ean t\u1ee5c SFR-980 c\u00f3 in date (TM\u0110G-A18) - M\u00c1Y \u0110\u00d3NG G\u00d3I T\u00c2N MINH","isPartOf":{"@id":"https:\/\/cokhitanminh.com\/may-dong-goi\/#website"},"primaryImageOfPage":{"@id":"https:\/\/cokhitanminh.com\/may-dong-goi\/may-han-lien-tuc-sfr-980-co-in-date-tmdg-a18\/#primaryimage"},"datePublished":"2021-12-04T03:23:58+00:00","dateModified":"2024-12-05T06:36:30+00:00","description":"M\u00e1y h\u00e0n li\u00ean t\u1ee5c SFR-980 c\u00f3 in date (TM\u0110G-A18) uy t\u00edn ch\u1ea5t l\u01b0\u1ee3ng Li\u00ean h\u1ec7 Hotline 1: 1900 2861 | Hotline 2: 09 67 68 69 11 \u0110\u1ec3 \u0111\u01b0\u1ee3c t\u01b0 v\u1ea5n mi\u1ec5n ph\u00ed!","breadcrumb":{"@id":"https:\/\/cokhitanminh.com\/may-dong-goi\/may-han-lien-tuc-sfr-980-co-in-date-tmdg-a18\/#breadcrumb"},"inLanguage":"vi","potentialAction":[{"@type":"ReadAction","target":["https:\/\/cokhitanminh.com\/may-dong-goi\/may-han-lien-tuc-sfr-980-co-in-date-tmdg-a18\/"]}]},{"@type":"BreadcrumbList","@id":"https:\/\/cokhitanminh.com\/may-dong-goi\/may-han-lien-tuc-sfr-980-co-in-date-tmdg-a18\/#breadcrumb","itemListElement":[{"@type":"ListItem","position":1,"name":"Trang ch\u1ee7","item":"https:\/\/cokhitanminh.com\/may-dong-goi\/"},{"@type":"ListItem","position":2,"name":"C\u1eeda h\u00e0ng","item":"https:\/\/cokhitanminh.com\/may-dong-goi\/mua\/"},{"@type":"ListItem","position":3,"name":"M\u00e1y h\u00e0n li\u00ean t\u1ee5c SFR-980 c\u00f3 in date (TM\u0110G-A18)"}]}]}},"_links":{"self":[{"href":"https:\/\/cokhitanminh.com\/may-dong-goi\/wp-json\/wp\/v2\/product\/2107","targetHints":{"allow":["GET"]}}],"collection":[{"href":"https:\/\/cokhitanminh.com\/may-dong-goi\/wp-json\/wp\/v2\/product"}],"about":[{"href":"https:\/\/cokhitanminh.com\/may-dong-goi\/wp-json\/wp\/v2\/types\/product"}],"replies":[{"embeddable":true,"href":"https:\/\/cokhitanminh.com\/may-dong-goi\/wp-json\/wp\/v2\/comments?post=2107"}],"wp:featuredmedia":[{"embeddable":true,"href":"https:\/\/cokhitanminh.com\/may-dong-goi\/wp-json\/wp\/v2\/media\/4794"}],"wp:attachment":[{"href":"https:\/\/cokhitanminh.com\/may-dong-goi\/wp-json\/wp\/v2\/media?parent=2107"}],"curies":[{"name":"wp","href":"https:\/\/api.w.org\/{rel}","templated":true}]}}