{"id":2086,"date":"2021-12-04T03:23:35","date_gmt":"2021-12-04T03:23:35","guid":{"rendered":"https:\/\/cokhitanminh.com\/may-dong-goi\/?post_type=product&#038;p=2086"},"modified":"2025-11-17T07:54:00","modified_gmt":"2025-11-17T07:54:00","slug":"may-dong-goi-tra-tui-loc-inox-tmdg-i15","status":"publish","type":"product","link":"https:\/\/cokhitanminh.com\/may-dong-goi\/may-dong-goi-tra-tui-loc-inox-tmdg-i15\/","title":{"rendered":"M\u00c1Y \u0110\u00d3NG G\u00d3I TR\u00c0 T\u00daI L\u1eccC (INOX) (TM\u0110G-I15)"},"content":{"rendered":"<h3 style=\"text-align: justify;\"><strong><a href=\"https:\/\/cokhitanminh.com\/may-dong-goi\/may-dong-goi-tra-tui-loc-inox-tmdg-i15\/\"><em>M\u00e1y \u0111\u00f3ng g\u00f3i tr\u00e0 t\u00fai l\u1ecdc (inox)<\/em><\/a> (TM\u0110G-I15)<\/strong><\/h3>\n<p style=\"text-align: justify;\"><em><strong>M\u00e1y \u0111\u00f3ng g\u00f3i tr\u00e0 t\u00fai l\u1ecdc (inox)<\/strong><\/em> (TM\u0110G-I15)\u00a0\u0111\u01b0\u1ee3c nghi\u00ean c\u1ee9u s\u1ea3n xu\u1ea5t v\u00e0 ph\u00e2n ph\u1ed1i tr\u00ean to\u00e0n qu\u1ed1c. T\u1ea5t c\u1ea3 c\u00e1c s\u1ea3n ph\u1ea9m c\u1ee7a ch\u00fang t\u00f4i \u0111\u1ec1u \u0111\u01b0\u1ee3c ki\u1ec3m tra k\u1ef9 l\u01b0\u1ee1ng v\u00e0 v\u1eadn h\u00e0nh th\u1ef1c t\u1ebf \u0111\u1ec3 lu\u00f4n \u0111\u1ea3m b\u1ea3o ch\u1ea5t l\u01b0\u1ee3ng t\u1ed1t nh\u1ea5t tr\u01b0\u1edbc khi b\u00e0n giao thi\u1ebft b\u1ecb cho kh\u00e1ch h\u00e0ng.<\/p>\n<h4><strong>Th\u00f4ng s\u1ed1 k\u1ef9 thu\u1eadt:<\/strong><\/h4>\n<p style=\"text-align: justify;\">\u2013 Model: TM\u0110G-I15<\/p>\n<p style=\"text-align: justify;\">\u2013 Ngu\u1ed3n \u0111i\u1ec7n: 220V\/50Hz<\/p>\n<p style=\"text-align: justify;\">\u2013 C\u00f4ng su\u1ea5t: 360W<\/p>\n<p style=\"text-align: justify;\">\u2013 N\u0103ng su\u1ea5t: 10-15 s\u1ea3n ph\u1ea9m\/ph\u00fat (ph\u1ee5 thu\u1ed9c t\u1eebng lo\u1ea1i s\u1ea3n ph\u1ea9m)<\/p>\n<p style=\"text-align: justify;\">\u2013 Ph\u1ea1m vi \u0111\u1ecbnh l\u01b0\u1ee3ng: 2-99g (ph\u1ee5 thu\u1ed9c t\u1eebng s\u1ea3n ph\u1ea9m)<\/p>\n<p style=\"text-align: justify;\">\u2013 Sai s\u1ed1:\u00a00.2g<\/p>\n<p style=\"text-align: justify;\">\u2013 Ph\u01b0\u01a1ng ph\u00e1p \u0111\u1ecbnh l\u01b0\u1ee3ng:\u00a0c\u00e2n \u0111i\u1ec7n t\u1eed<\/p>\n<p style=\"text-align: justify;\">\u2013 Chi\u1ec1u d\u00e0i t\u00fai: 20-150mm.<\/p>\n<p style=\"text-align: justify;\">\u2013 Kh\u1ed5 r\u1ed9ng m\u00e0ng \u00e1p d\u1ee5ng: 80-180mm.<\/p>\n<p style=\"text-align: justify;\">\u2013 K\u00edch th\u01b0\u1edbc m\u00e1y: 480 x 740 x 1390 mm<\/p>\n<p style=\"text-align: justify;\">\u2013 Tr\u1ecdng l\u01b0\u1ee3ng m\u00e1y: 43 kg<\/p>\n<p style=\"text-align: justify;\">\u2013 V\u1eadt li\u1ec7u ch\u00ednh (v\u1ecf m\u00e1y):\u00a0v\u1ecf m\u00e1y inox 201<\/p>\n<p style=\"text-align: justify;\">\u2013 B\u1ea3o h\u00e0nh: 12 th\u00e1ng<\/p>\n<p style=\"text-align: justify;\"><strong>H\u00ecnh \u1ea3nh s\u1ea3n ph\u1ea9m:<\/strong><\/p>\n<p><a href=\"https:\/\/cokhitanminh.com\/may-dong-goi\/wp-content\/uploads\/2021\/12\/may-dong-goi-tra-tui-loc-inox-tmdg-i15-8.jpg\"><img loading=\"lazy\" decoding=\"async\" class=\"aligncenter wp-image-3798 size-full\" src=\"https:\/\/cokhitanminh.com\/may-dong-goi\/wp-content\/uploads\/2021\/12\/may-dong-goi-tra-tui-loc-inox-tmdg-i15-8.jpg\" alt=\"\" width=\"550\" height=\"413\" srcset=\"https:\/\/cokhitanminh.com\/may-dong-goi\/wp-content\/uploads\/2021\/12\/may-dong-goi-tra-tui-loc-inox-tmdg-i15-8.jpg 550w, https:\/\/cokhitanminh.com\/may-dong-goi\/wp-content\/uploads\/2021\/12\/may-dong-goi-tra-tui-loc-inox-tmdg-i15-8-300x225.jpg 300w\" sizes=\"auto, (max-width: 550px) 100vw, 550px\" \/><\/a> <a href=\"https:\/\/cokhitanminh.com\/may-dong-goi\/wp-content\/uploads\/2021\/12\/may-dong-goi-tra-tui-loc-inox-tmdg-i15-4.jpg\"><img loading=\"lazy\" decoding=\"async\" class=\"aligncenter wp-image-3793 size-full\" src=\"https:\/\/cokhitanminh.com\/may-dong-goi\/wp-content\/uploads\/2021\/12\/may-dong-goi-tra-tui-loc-inox-tmdg-i15-4.jpg\" alt=\"\" width=\"550\" height=\"413\" srcset=\"https:\/\/cokhitanminh.com\/may-dong-goi\/wp-content\/uploads\/2021\/12\/may-dong-goi-tra-tui-loc-inox-tmdg-i15-4.jpg 550w, https:\/\/cokhitanminh.com\/may-dong-goi\/wp-content\/uploads\/2021\/12\/may-dong-goi-tra-tui-loc-inox-tmdg-i15-4-300x225.jpg 300w\" sizes=\"auto, (max-width: 550px) 100vw, 550px\" \/><\/a> <a href=\"https:\/\/cokhitanminh.com\/may-dong-goi\/wp-content\/uploads\/2021\/12\/may-dong-goi-tra-tui-loc-inox-tmdg-i15-7.jpg\"><img loading=\"lazy\" decoding=\"async\" class=\"aligncenter wp-image-3797 size-full\" src=\"https:\/\/cokhitanminh.com\/may-dong-goi\/wp-content\/uploads\/2021\/12\/may-dong-goi-tra-tui-loc-inox-tmdg-i15-7.jpg\" alt=\"\" width=\"550\" height=\"413\" srcset=\"https:\/\/cokhitanminh.com\/may-dong-goi\/wp-content\/uploads\/2021\/12\/may-dong-goi-tra-tui-loc-inox-tmdg-i15-7.jpg 550w, https:\/\/cokhitanminh.com\/may-dong-goi\/wp-content\/uploads\/2021\/12\/may-dong-goi-tra-tui-loc-inox-tmdg-i15-7-300x225.jpg 300w\" sizes=\"auto, (max-width: 550px) 100vw, 550px\" \/><\/a> <a href=\"https:\/\/cokhitanminh.com\/may-dong-goi\/wp-content\/uploads\/2021\/12\/may-dong-goi-tra-tui-loc-inox-tmdg-i15-6.jpg\"><img loading=\"lazy\" decoding=\"async\" class=\"aligncenter wp-image-3796 size-full\" src=\"https:\/\/cokhitanminh.com\/may-dong-goi\/wp-content\/uploads\/2021\/12\/may-dong-goi-tra-tui-loc-inox-tmdg-i15-6.jpg\" alt=\"\" width=\"550\" height=\"413\" srcset=\"https:\/\/cokhitanminh.com\/may-dong-goi\/wp-content\/uploads\/2021\/12\/may-dong-goi-tra-tui-loc-inox-tmdg-i15-6.jpg 550w, https:\/\/cokhitanminh.com\/may-dong-goi\/wp-content\/uploads\/2021\/12\/may-dong-goi-tra-tui-loc-inox-tmdg-i15-6-300x225.jpg 300w\" sizes=\"auto, (max-width: 550px) 100vw, 550px\" \/><\/a> <a href=\"https:\/\/cokhitanminh.com\/may-dong-goi\/wp-content\/uploads\/2021\/12\/may-dong-goi-tra-tui-loc-inox-tmdg-i15-5.jpg\"><img loading=\"lazy\" decoding=\"async\" class=\"aligncenter wp-image-3795 size-full\" src=\"https:\/\/cokhitanminh.com\/may-dong-goi\/wp-content\/uploads\/2021\/12\/may-dong-goi-tra-tui-loc-inox-tmdg-i15-5.jpg\" alt=\"\" width=\"550\" height=\"413\" srcset=\"https:\/\/cokhitanminh.com\/may-dong-goi\/wp-content\/uploads\/2021\/12\/may-dong-goi-tra-tui-loc-inox-tmdg-i15-5.jpg 550w, https:\/\/cokhitanminh.com\/may-dong-goi\/wp-content\/uploads\/2021\/12\/may-dong-goi-tra-tui-loc-inox-tmdg-i15-5-300x225.jpg 300w\" sizes=\"auto, (max-width: 550px) 100vw, 550px\" \/><\/a> <a href=\"https:\/\/cokhitanminh.com\/may-dong-goi\/wp-content\/uploads\/2021\/12\/may-dong-goi-tra-tui-loc-inox-tmdg-i15-3.jpg\"><img loading=\"lazy\" decoding=\"async\" class=\"aligncenter wp-image-3792 size-full\" src=\"https:\/\/cokhitanminh.com\/may-dong-goi\/wp-content\/uploads\/2021\/12\/may-dong-goi-tra-tui-loc-inox-tmdg-i15-3.jpg\" alt=\"\" width=\"550\" height=\"413\" srcset=\"https:\/\/cokhitanminh.com\/may-dong-goi\/wp-content\/uploads\/2021\/12\/may-dong-goi-tra-tui-loc-inox-tmdg-i15-3.jpg 550w, https:\/\/cokhitanminh.com\/may-dong-goi\/wp-content\/uploads\/2021\/12\/may-dong-goi-tra-tui-loc-inox-tmdg-i15-3-300x225.jpg 300w\" sizes=\"auto, (max-width: 550px) 100vw, 550px\" \/><\/a> <a href=\"https:\/\/cokhitanminh.com\/may-dong-goi\/wp-content\/uploads\/2021\/12\/may-dong-goi-tra-tui-loc-inox-tmdg-i15-2.jpg\"><img loading=\"lazy\" decoding=\"async\" class=\"aligncenter wp-image-3791 size-full\" src=\"https:\/\/cokhitanminh.com\/may-dong-goi\/wp-content\/uploads\/2021\/12\/may-dong-goi-tra-tui-loc-inox-tmdg-i15-2.jpg\" alt=\"\" width=\"600\" height=\"253\" srcset=\"https:\/\/cokhitanminh.com\/may-dong-goi\/wp-content\/uploads\/2021\/12\/may-dong-goi-tra-tui-loc-inox-tmdg-i15-2.jpg 600w, https:\/\/cokhitanminh.com\/may-dong-goi\/wp-content\/uploads\/2021\/12\/may-dong-goi-tra-tui-loc-inox-tmdg-i15-2-300x127.jpg 300w\" sizes=\"auto, (max-width: 600px) 100vw, 600px\" \/><\/a><\/p>\n<p style=\"text-align: justify;\">Chi ti\u1ebft <a href=\"https:\/\/congnghedaiphat.vn\/may-dong-goi-tra-dai-phat\/\">s\u1ea3n ph\u1ea9m<\/a><strong><em>\u00a0<\/em><\/strong>xin vui l\u00f2ng li\u00ean h\u1ec7 Hotline: 19002861 \u0110\u1ec3 \u0111\u01b0\u1ee3c t\u01b0 v\u1ea5n ho\u00e0n to\u00e0n mi\u1ec5n ph\u00ed!<\/p>\n<p>&nbsp;<\/p>\n<p>&nbsp;<\/p>\n<p>&nbsp;<\/p>\n<p>&nbsp;<\/p>\n","protected":false},"excerpt":{"rendered":"<p>M\u00e1y \u0111\u00f3ng g\u00f3i tr\u00e0 t\u00fai l\u1ecdc (inox) (TM\u0110G-I15) M\u00e1y \u0111\u00f3ng g\u00f3i tr\u00e0 t\u00fai l\u1ecdc (inox) (TM\u0110G-I15)\u00a0\u0111\u01b0\u1ee3c nghi\u00ean c\u1ee9u s\u1ea3n xu\u1ea5t v\u00e0 ph\u00e2n ph\u1ed1i tr\u00ean to\u00e0n qu\u1ed1c. T\u1ea5t c\u1ea3 c\u00e1c s\u1ea3n ph\u1ea9m c\u1ee7a ch\u00fang t\u00f4i \u0111\u1ec1u \u0111\u01b0\u1ee3c ki\u1ec3m tra k\u1ef9 l\u01b0\u1ee1ng v\u00e0 v\u1eadn h\u00e0nh th\u1ef1c t\u1ebf \u0111\u1ec3 lu\u00f4n \u0111\u1ea3m b\u1ea3o ch\u1ea5t l\u01b0\u1ee3ng t\u1ed1t nh\u1ea5t tr\u01b0\u1edbc khi &#8230;<\/p>\n","protected":false},"featured_media":3799,"comment_status":"open","ping_status":"closed","template":"","meta":[],"class_list":{"0":"post-2086","1":"product","2":"type-product","3":"status-publish","4":"has-post-thumbnail","6":"product_cat-sp-mien-phi-giao-hang","8":"first","9":"instock","10":"shipping-taxable","11":"purchasable","12":"product-type-simple"},"brands":[],"yoast_head":"<!-- This site is optimized with the Yoast SEO plugin v17.6 - https:\/\/yoast.com\/wordpress\/plugins\/seo\/ -->\n<title>M\u00e1y \u0111\u00f3ng g\u00f3i tr\u00e0 t\u00fai l\u1ecdc (inox) | B\u1ea3o h\u00e0nh ch\u00ednh h\u00e3ng<\/title>\n<meta name=\"description\" content=\"M\u00e1y \u0111\u00f3ng g\u00f3i tr\u00e0 t\u00fai l\u1ecdc (inox) - Gi\u00e1 R\u1ebb - B\u1ea3o H\u00e0nh Chuy\u00ean Nghi\u1ec7p - Chi ti\u1ebft xin li\u00ean h\u1ec7 Hotline: 19002861 \u0110\u1ec3 \u0111\u01b0\u1ee3c t\u01b0 v\u1ea5n ho\u00e0n to\u00e0n mi\u1ec5n ph\u00ed!\" \/>\n<meta name=\"robots\" content=\"index, follow, max-snippet:-1, max-image-preview:large, max-video-preview:-1\" \/>\n<link rel=\"canonical\" href=\"https:\/\/cokhitanminh.com\/may-dong-goi\/may-dong-goi-tra-tui-loc-inox-tmdg-i15\/\" \/>\n<meta property=\"og:locale\" content=\"vi_VN\" \/>\n<meta property=\"og:type\" content=\"article\" \/>\n<meta property=\"og:title\" content=\"M\u00e1y \u0111\u00f3ng g\u00f3i tr\u00e0 t\u00fai l\u1ecdc (inox) | B\u1ea3o h\u00e0nh ch\u00ednh h\u00e3ng\" \/>\n<meta property=\"og:description\" content=\"M\u00e1y \u0111\u00f3ng g\u00f3i tr\u00e0 t\u00fai l\u1ecdc (inox) - Gi\u00e1 R\u1ebb - B\u1ea3o H\u00e0nh Chuy\u00ean Nghi\u1ec7p - Chi ti\u1ebft xin li\u00ean h\u1ec7 Hotline: 19002861 \u0110\u1ec3 \u0111\u01b0\u1ee3c t\u01b0 v\u1ea5n ho\u00e0n to\u00e0n mi\u1ec5n ph\u00ed!\" \/>\n<meta property=\"og:url\" content=\"https:\/\/cokhitanminh.com\/may-dong-goi\/may-dong-goi-tra-tui-loc-inox-tmdg-i15\/\" \/>\n<meta property=\"og:site_name\" content=\"M\u00c1Y \u0110\u00d3NG G\u00d3I T\u00c2N MINH\" \/>\n<meta property=\"article:modified_time\" content=\"2025-11-17T07:54:00+00:00\" \/>\n<meta property=\"og:image\" content=\"https:\/\/cokhitanminh.com\/may-dong-goi\/wp-content\/uploads\/2021\/12\/may-dong-goi-tra-tui-loc-inox-tmdg-i15-ckmdg-1.jpg\" \/>\n\t<meta property=\"og:image:width\" content=\"500\" \/>\n\t<meta property=\"og:image:height\" content=\"500\" \/>\n<meta name=\"twitter:card\" content=\"summary_large_image\" \/>\n<meta name=\"twitter:label1\" content=\"\u01af\u1edbc t\u00ednh th\u1eddi gian \u0111\u1ecdc\" \/>\n\t<meta name=\"twitter:data1\" content=\"3 ph\u00fat\" \/>\n<script type=\"application\/ld+json\" class=\"yoast-schema-graph\">{\"@context\":\"https:\/\/schema.org\",\"@graph\":[{\"@type\":\"WebSite\",\"@id\":\"https:\/\/cokhitanminh.com\/may-dong-goi\/#website\",\"url\":\"https:\/\/cokhitanminh.com\/may-dong-goi\/\",\"name\":\"M\\u00c1Y \\u0110\\u00d3NG G\\u00d3I T\\u00c2N MINH\",\"description\":\"Chuy\\u00ean gia m\\u00e1y \\u0111\\u00f3ng g\\u00f3i\",\"potentialAction\":[{\"@type\":\"SearchAction\",\"target\":{\"@type\":\"EntryPoint\",\"urlTemplate\":\"https:\/\/cokhitanminh.com\/may-dong-goi\/?s={search_term_string}\"},\"query-input\":\"required name=search_term_string\"}],\"inLanguage\":\"vi\"},{\"@type\":\"ImageObject\",\"@id\":\"https:\/\/cokhitanminh.com\/may-dong-goi\/may-dong-goi-tra-tui-loc-inox-tmdg-i15\/#primaryimage\",\"inLanguage\":\"vi\",\"url\":\"https:\/\/cokhitanminh.com\/may-dong-goi\/wp-content\/uploads\/2021\/12\/may-dong-goi-tra-tui-loc-inox-tmdg-i15-ckmdg-1.jpg\",\"contentUrl\":\"https:\/\/cokhitanminh.com\/may-dong-goi\/wp-content\/uploads\/2021\/12\/may-dong-goi-tra-tui-loc-inox-tmdg-i15-ckmdg-1.jpg\",\"width\":500,\"height\":500},{\"@type\":\"WebPage\",\"@id\":\"https:\/\/cokhitanminh.com\/may-dong-goi\/may-dong-goi-tra-tui-loc-inox-tmdg-i15\/#webpage\",\"url\":\"https:\/\/cokhitanminh.com\/may-dong-goi\/may-dong-goi-tra-tui-loc-inox-tmdg-i15\/\",\"name\":\"M\\u00e1y \\u0111\\u00f3ng g\\u00f3i tr\\u00e0 t\\u00fai l\\u1ecdc (inox) | B\\u1ea3o h\\u00e0nh ch\\u00ednh h\\u00e3ng\",\"isPartOf\":{\"@id\":\"https:\/\/cokhitanminh.com\/may-dong-goi\/#website\"},\"primaryImageOfPage\":{\"@id\":\"https:\/\/cokhitanminh.com\/may-dong-goi\/may-dong-goi-tra-tui-loc-inox-tmdg-i15\/#primaryimage\"},\"datePublished\":\"2021-12-04T03:23:35+00:00\",\"dateModified\":\"2025-11-17T07:54:00+00:00\",\"description\":\"M\\u00e1y \\u0111\\u00f3ng g\\u00f3i tr\\u00e0 t\\u00fai l\\u1ecdc (inox) - Gi\\u00e1 R\\u1ebb - B\\u1ea3o H\\u00e0nh Chuy\\u00ean Nghi\\u1ec7p - Chi ti\\u1ebft xin li\\u00ean h\\u1ec7 Hotline: 19002861 \\u0110\\u1ec3 \\u0111\\u01b0\\u1ee3c t\\u01b0 v\\u1ea5n ho\\u00e0n to\\u00e0n mi\\u1ec5n ph\\u00ed!\",\"breadcrumb\":{\"@id\":\"https:\/\/cokhitanminh.com\/may-dong-goi\/may-dong-goi-tra-tui-loc-inox-tmdg-i15\/#breadcrumb\"},\"inLanguage\":\"vi\",\"potentialAction\":[{\"@type\":\"ReadAction\",\"target\":[\"https:\/\/cokhitanminh.com\/may-dong-goi\/may-dong-goi-tra-tui-loc-inox-tmdg-i15\/\"]}]},{\"@type\":\"BreadcrumbList\",\"@id\":\"https:\/\/cokhitanminh.com\/may-dong-goi\/may-dong-goi-tra-tui-loc-inox-tmdg-i15\/#breadcrumb\",\"itemListElement\":[{\"@type\":\"ListItem\",\"position\":1,\"name\":\"Trang ch\\u1ee7\",\"item\":\"https:\/\/cokhitanminh.com\/may-dong-goi\/\"},{\"@type\":\"ListItem\",\"position\":2,\"name\":\"C\\u1eeda h\\u00e0ng\",\"item\":\"https:\/\/cokhitanminh.com\/may-dong-goi\/mua\/\"},{\"@type\":\"ListItem\",\"position\":3,\"name\":\"M\\u00c1Y \\u0110\\u00d3NG G\\u00d3I TR\\u00c0 T\\u00daI L\\u1eccC (INOX) (TM\\u0110G-I15)\"}]}]}<\/script>\n<!-- \/ Yoast SEO plugin. -->","yoast_head_json":{"title":"M\u00e1y \u0111\u00f3ng g\u00f3i tr\u00e0 t\u00fai l\u1ecdc (inox) | B\u1ea3o h\u00e0nh ch\u00ednh h\u00e3ng","description":"M\u00e1y \u0111\u00f3ng g\u00f3i tr\u00e0 t\u00fai l\u1ecdc (inox) - Gi\u00e1 R\u1ebb - B\u1ea3o H\u00e0nh Chuy\u00ean Nghi\u1ec7p - Chi ti\u1ebft xin li\u00ean h\u1ec7 Hotline: 19002861 \u0110\u1ec3 \u0111\u01b0\u1ee3c t\u01b0 v\u1ea5n ho\u00e0n to\u00e0n mi\u1ec5n ph\u00ed!","robots":{"index":"index","follow":"follow","max-snippet":"max-snippet:-1","max-image-preview":"max-image-preview:large","max-video-preview":"max-video-preview:-1"},"canonical":"https:\/\/cokhitanminh.com\/may-dong-goi\/may-dong-goi-tra-tui-loc-inox-tmdg-i15\/","og_locale":"vi_VN","og_type":"article","og_title":"M\u00e1y \u0111\u00f3ng g\u00f3i tr\u00e0 t\u00fai l\u1ecdc (inox) | B\u1ea3o h\u00e0nh ch\u00ednh h\u00e3ng","og_description":"M\u00e1y \u0111\u00f3ng g\u00f3i tr\u00e0 t\u00fai l\u1ecdc (inox) - Gi\u00e1 R\u1ebb - B\u1ea3o H\u00e0nh Chuy\u00ean Nghi\u1ec7p - Chi ti\u1ebft xin li\u00ean h\u1ec7 Hotline: 19002861 \u0110\u1ec3 \u0111\u01b0\u1ee3c t\u01b0 v\u1ea5n ho\u00e0n to\u00e0n mi\u1ec5n ph\u00ed!","og_url":"https:\/\/cokhitanminh.com\/may-dong-goi\/may-dong-goi-tra-tui-loc-inox-tmdg-i15\/","og_site_name":"M\u00c1Y \u0110\u00d3NG G\u00d3I T\u00c2N MINH","article_modified_time":"2025-11-17T07:54:00+00:00","og_image":[{"width":500,"height":500,"url":"https:\/\/cokhitanminh.com\/may-dong-goi\/wp-content\/uploads\/2021\/12\/may-dong-goi-tra-tui-loc-inox-tmdg-i15-ckmdg-1.jpg","type":"image\/jpeg"}],"twitter_card":"summary_large_image","twitter_misc":{"\u01af\u1edbc t\u00ednh th\u1eddi gian \u0111\u1ecdc":"3 ph\u00fat"},"schema":{"@context":"https:\/\/schema.org","@graph":[{"@type":"WebSite","@id":"https:\/\/cokhitanminh.com\/may-dong-goi\/#website","url":"https:\/\/cokhitanminh.com\/may-dong-goi\/","name":"M\u00c1Y \u0110\u00d3NG G\u00d3I T\u00c2N MINH","description":"Chuy\u00ean gia m\u00e1y \u0111\u00f3ng g\u00f3i","potentialAction":[{"@type":"SearchAction","target":{"@type":"EntryPoint","urlTemplate":"https:\/\/cokhitanminh.com\/may-dong-goi\/?s={search_term_string}"},"query-input":"required name=search_term_string"}],"inLanguage":"vi"},{"@type":"ImageObject","@id":"https:\/\/cokhitanminh.com\/may-dong-goi\/may-dong-goi-tra-tui-loc-inox-tmdg-i15\/#primaryimage","inLanguage":"vi","url":"https:\/\/cokhitanminh.com\/may-dong-goi\/wp-content\/uploads\/2021\/12\/may-dong-goi-tra-tui-loc-inox-tmdg-i15-ckmdg-1.jpg","contentUrl":"https:\/\/cokhitanminh.com\/may-dong-goi\/wp-content\/uploads\/2021\/12\/may-dong-goi-tra-tui-loc-inox-tmdg-i15-ckmdg-1.jpg","width":500,"height":500},{"@type":"WebPage","@id":"https:\/\/cokhitanminh.com\/may-dong-goi\/may-dong-goi-tra-tui-loc-inox-tmdg-i15\/#webpage","url":"https:\/\/cokhitanminh.com\/may-dong-goi\/may-dong-goi-tra-tui-loc-inox-tmdg-i15\/","name":"M\u00e1y \u0111\u00f3ng g\u00f3i tr\u00e0 t\u00fai l\u1ecdc (inox) | B\u1ea3o h\u00e0nh ch\u00ednh h\u00e3ng","isPartOf":{"@id":"https:\/\/cokhitanminh.com\/may-dong-goi\/#website"},"primaryImageOfPage":{"@id":"https:\/\/cokhitanminh.com\/may-dong-goi\/may-dong-goi-tra-tui-loc-inox-tmdg-i15\/#primaryimage"},"datePublished":"2021-12-04T03:23:35+00:00","dateModified":"2025-11-17T07:54:00+00:00","description":"M\u00e1y \u0111\u00f3ng g\u00f3i tr\u00e0 t\u00fai l\u1ecdc (inox) - Gi\u00e1 R\u1ebb - B\u1ea3o H\u00e0nh Chuy\u00ean Nghi\u1ec7p - Chi ti\u1ebft xin li\u00ean h\u1ec7 Hotline: 19002861 \u0110\u1ec3 \u0111\u01b0\u1ee3c t\u01b0 v\u1ea5n ho\u00e0n to\u00e0n mi\u1ec5n ph\u00ed!","breadcrumb":{"@id":"https:\/\/cokhitanminh.com\/may-dong-goi\/may-dong-goi-tra-tui-loc-inox-tmdg-i15\/#breadcrumb"},"inLanguage":"vi","potentialAction":[{"@type":"ReadAction","target":["https:\/\/cokhitanminh.com\/may-dong-goi\/may-dong-goi-tra-tui-loc-inox-tmdg-i15\/"]}]},{"@type":"BreadcrumbList","@id":"https:\/\/cokhitanminh.com\/may-dong-goi\/may-dong-goi-tra-tui-loc-inox-tmdg-i15\/#breadcrumb","itemListElement":[{"@type":"ListItem","position":1,"name":"Trang ch\u1ee7","item":"https:\/\/cokhitanminh.com\/may-dong-goi\/"},{"@type":"ListItem","position":2,"name":"C\u1eeda h\u00e0ng","item":"https:\/\/cokhitanminh.com\/may-dong-goi\/mua\/"},{"@type":"ListItem","position":3,"name":"M\u00c1Y \u0110\u00d3NG G\u00d3I TR\u00c0 T\u00daI L\u1eccC (INOX) (TM\u0110G-I15)"}]}]}},"_links":{"self":[{"href":"https:\/\/cokhitanminh.com\/may-dong-goi\/wp-json\/wp\/v2\/product\/2086","targetHints":{"allow":["GET"]}}],"collection":[{"href":"https:\/\/cokhitanminh.com\/may-dong-goi\/wp-json\/wp\/v2\/product"}],"about":[{"href":"https:\/\/cokhitanminh.com\/may-dong-goi\/wp-json\/wp\/v2\/types\/product"}],"replies":[{"embeddable":true,"href":"https:\/\/cokhitanminh.com\/may-dong-goi\/wp-json\/wp\/v2\/comments?post=2086"}],"wp:featuredmedia":[{"embeddable":true,"href":"https:\/\/cokhitanminh.com\/may-dong-goi\/wp-json\/wp\/v2\/media\/3799"}],"wp:attachment":[{"href":"https:\/\/cokhitanminh.com\/may-dong-goi\/wp-json\/wp\/v2\/media?parent=2086"}],"curies":[{"name":"wp","href":"https:\/\/api.w.org\/{rel}","templated":true}]}}