{"id":2039,"date":"2021-12-04T03:23:00","date_gmt":"2021-12-04T03:23:00","guid":{"rendered":"https:\/\/cokhitanminh.com\/may-dong-goi\/?post_type=product&#038;p=2039"},"modified":"2021-12-11T02:11:18","modified_gmt":"2021-12-11T02:11:18","slug":"may-han-dap-chan-day-nhiet-plastic-600-mm-tmdg-a10","status":"publish","type":"product","link":"https:\/\/cokhitanminh.com\/may-dong-goi\/may-han-dap-chan-day-nhiet-plastic-600-mm-tmdg-a10\/","title":{"rendered":"M\u00e1y h\u00e0n d\u1eadp ch\u00e2n d\u00e2y nhi\u1ec7t Plastic 600 mm (TM\u0110G-A10)"},"content":{"rendered":"<h3 style=\"text-align: justify;\"><a href=\"https:\/\/cokhitanminh.com\/may-dong-goi\/may-han-dap-chan-day-nhiet-plastic-600-mm-tmdg-a10\/\"><em><strong>M\u00e1y h\u00e0n d\u1eadp ch\u00e2n d\u00e2y nhi\u1ec7t Plastic 600 mm<\/strong><\/em> <\/a>(TM\u0110G-A10)<\/h3>\n<p style=\"text-align: justify;\"><em><strong>M\u00e1y h\u00e0n d\u1eadp ch\u00e2n d\u00e2y nhi\u1ec7t Plastic 600 mm<\/strong> <\/em>(TM\u0110G-A10) \u0111\u01b0\u1ee3c nghi\u00ean c\u1ee9u s\u1ea3n xu\u1ea5t v\u00e0 ph\u00e2n ph\u1ed1i tr\u00ean to\u00e0n qu\u1ed1c. T\u1ea5t c\u1ea3 c\u00e1c s\u1ea3n ph\u1ea9m c\u1ee7a ch\u00fang t\u00f4i \u0111\u1ec1u \u0111\u01b0\u1ee3c ki\u1ec3m tra k\u1ef9 l\u01b0\u1ee1ng v\u00e0 v\u1eadn h\u00e0nh th\u1ef1c t\u1ebf \u0111\u1ec3 lu\u00f4n \u0111\u1ea3m b\u1ea3o ch\u1ea5t l\u01b0\u1ee3ng t\u1ed1t nh\u1ea5t tr\u01b0\u1edbc khi b\u00e0n giao thi\u1ebft b\u1ecb cho kh\u00e1ch h\u00e0ng.<\/p>\n<p><a href=\"https:\/\/cokhitanminh.com\/may-dong-goi\/wp-content\/uploads\/2021\/12\/may-han-dap-chan-day-nhiet-plastic-600-mm-tmdg-a10-cktm.mdg-9.jpg\"><img loading=\"lazy\" decoding=\"async\" class=\"alignnone size-full wp-image-4841\" src=\"https:\/\/cokhitanminh.com\/may-dong-goi\/wp-content\/uploads\/2021\/12\/may-han-dap-chan-day-nhiet-plastic-600-mm-tmdg-a10-cktm.mdg-9.jpg\" alt=\"\" width=\"1200\" height=\"600\" srcset=\"https:\/\/cokhitanminh.com\/may-dong-goi\/wp-content\/uploads\/2021\/12\/may-han-dap-chan-day-nhiet-plastic-600-mm-tmdg-a10-cktm.mdg-9.jpg 1200w, https:\/\/cokhitanminh.com\/may-dong-goi\/wp-content\/uploads\/2021\/12\/may-han-dap-chan-day-nhiet-plastic-600-mm-tmdg-a10-cktm.mdg-9-300x150.jpg 300w, https:\/\/cokhitanminh.com\/may-dong-goi\/wp-content\/uploads\/2021\/12\/may-han-dap-chan-day-nhiet-plastic-600-mm-tmdg-a10-cktm.mdg-9-1024x512.jpg 1024w, https:\/\/cokhitanminh.com\/may-dong-goi\/wp-content\/uploads\/2021\/12\/may-han-dap-chan-day-nhiet-plastic-600-mm-tmdg-a10-cktm.mdg-9-768x384.jpg 768w, https:\/\/cokhitanminh.com\/may-dong-goi\/wp-content\/uploads\/2021\/12\/may-han-dap-chan-day-nhiet-plastic-600-mm-tmdg-a10-cktm.mdg-9-600x300.jpg 600w\" sizes=\"auto, (max-width: 1200px) 100vw, 1200px\" \/><\/a><\/p>\n<p style=\"text-align: justify;\"><strong>Th\u00f4ng s\u1ed1 k\u1ef9 thu\u1eadt:<\/strong><\/p>\n<p style=\"text-align: justify;\">\u2013 Model: TM\u0110G-A10<\/p>\n<p style=\"text-align: justify;\">\u2013 \u0110i\u1ec7n \u00e1p: 220V\/50Hz<\/p>\n<p style=\"text-align: justify;\">\u2013 C\u00f4ng su\u1ea5t: 580 W<\/p>\n<p style=\"text-align: justify;\">\u2013 Chi\u1ec1u d\u00e0i \u0111\u01b0\u1eddng h\u00e0n: 580 mm<\/p>\n<p style=\"text-align: justify;\">\u2013 Chi\u1ec1u r\u1ed9ng \u0111\u01b0\u1eddng h\u00e0n: 3 mm<\/p>\n<p style=\"text-align: justify;\">\u2013 K\u00edch th\u01b0\u1edbc m\u00e1y: 720 x 300 x 830 mm<\/p>\n<p style=\"text-align: justify;\">\u2013 Kh\u1ed1i l\u01b0\u1ee3ng m\u00e1y: 5 kg<\/p>\n<p style=\"text-align: justify;\">\u2013 B\u1ea3o h\u00e0nh; 12 th\u00e1ng<\/p>\n<p style=\"text-align: justify;\"><strong>H\u00ecnh \u1ea3nh s\u1ea3n ph\u1ea9m:<\/strong><\/p>\n<p><a href=\"https:\/\/cokhitanminh.com\/may-dong-goi\/wp-content\/uploads\/2021\/12\/may-han-dap-chan-day-nhiet-plastic-600-mm-tmdg-a10-cktm.mdg-2.jpg\"><img loading=\"lazy\" decoding=\"async\" class=\"size-full wp-image-4834 aligncenter\" src=\"https:\/\/cokhitanminh.com\/may-dong-goi\/wp-content\/uploads\/2021\/12\/may-han-dap-chan-day-nhiet-plastic-600-mm-tmdg-a10-cktm.mdg-2.jpg\" alt=\"\" width=\"550\" height=\"413\" srcset=\"https:\/\/cokhitanminh.com\/may-dong-goi\/wp-content\/uploads\/2021\/12\/may-han-dap-chan-day-nhiet-plastic-600-mm-tmdg-a10-cktm.mdg-2.jpg 550w, https:\/\/cokhitanminh.com\/may-dong-goi\/wp-content\/uploads\/2021\/12\/may-han-dap-chan-day-nhiet-plastic-600-mm-tmdg-a10-cktm.mdg-2-300x225.jpg 300w\" sizes=\"auto, (max-width: 550px) 100vw, 550px\" \/><\/a> <a href=\"https:\/\/cokhitanminh.com\/may-dong-goi\/wp-content\/uploads\/2021\/12\/may-han-dap-chan-day-nhiet-plastic-600-mm-tmdg-a10-cktm.mdg-3.jpg\"><img loading=\"lazy\" decoding=\"async\" class=\"size-full wp-image-4835 aligncenter\" src=\"https:\/\/cokhitanminh.com\/may-dong-goi\/wp-content\/uploads\/2021\/12\/may-han-dap-chan-day-nhiet-plastic-600-mm-tmdg-a10-cktm.mdg-3.jpg\" alt=\"\" width=\"550\" height=\"413\" srcset=\"https:\/\/cokhitanminh.com\/may-dong-goi\/wp-content\/uploads\/2021\/12\/may-han-dap-chan-day-nhiet-plastic-600-mm-tmdg-a10-cktm.mdg-3.jpg 550w, https:\/\/cokhitanminh.com\/may-dong-goi\/wp-content\/uploads\/2021\/12\/may-han-dap-chan-day-nhiet-plastic-600-mm-tmdg-a10-cktm.mdg-3-300x225.jpg 300w\" sizes=\"auto, (max-width: 550px) 100vw, 550px\" \/><\/a> <a href=\"https:\/\/cokhitanminh.com\/may-dong-goi\/wp-content\/uploads\/2021\/12\/may-han-dap-chan-day-nhiet-plastic-600-mm-tmdg-a10-cktm.mdg-4.jpg\"><img loading=\"lazy\" decoding=\"async\" class=\"size-full wp-image-4836 aligncenter\" src=\"https:\/\/cokhitanminh.com\/may-dong-goi\/wp-content\/uploads\/2021\/12\/may-han-dap-chan-day-nhiet-plastic-600-mm-tmdg-a10-cktm.mdg-4.jpg\" alt=\"\" width=\"550\" height=\"413\" srcset=\"https:\/\/cokhitanminh.com\/may-dong-goi\/wp-content\/uploads\/2021\/12\/may-han-dap-chan-day-nhiet-plastic-600-mm-tmdg-a10-cktm.mdg-4.jpg 550w, https:\/\/cokhitanminh.com\/may-dong-goi\/wp-content\/uploads\/2021\/12\/may-han-dap-chan-day-nhiet-plastic-600-mm-tmdg-a10-cktm.mdg-4-300x225.jpg 300w\" sizes=\"auto, (max-width: 550px) 100vw, 550px\" \/><\/a> <a href=\"https:\/\/cokhitanminh.com\/may-dong-goi\/wp-content\/uploads\/2021\/12\/may-han-dap-chan-day-nhiet-plastic-600-mm-tmdg-a10-cktm.mdg-5.jpg\"><img loading=\"lazy\" decoding=\"async\" class=\"size-full wp-image-4837 aligncenter\" src=\"https:\/\/cokhitanminh.com\/may-dong-goi\/wp-content\/uploads\/2021\/12\/may-han-dap-chan-day-nhiet-plastic-600-mm-tmdg-a10-cktm.mdg-5.jpg\" alt=\"\" width=\"550\" height=\"413\" srcset=\"https:\/\/cokhitanminh.com\/may-dong-goi\/wp-content\/uploads\/2021\/12\/may-han-dap-chan-day-nhiet-plastic-600-mm-tmdg-a10-cktm.mdg-5.jpg 550w, https:\/\/cokhitanminh.com\/may-dong-goi\/wp-content\/uploads\/2021\/12\/may-han-dap-chan-day-nhiet-plastic-600-mm-tmdg-a10-cktm.mdg-5-300x225.jpg 300w\" sizes=\"auto, (max-width: 550px) 100vw, 550px\" \/><\/a> <a href=\"https:\/\/cokhitanminh.com\/may-dong-goi\/wp-content\/uploads\/2021\/12\/may-han-dap-chan-day-nhiet-plastic-600-mm-tmdg-a10-cktm.mdg-6.jpg\"><img loading=\"lazy\" decoding=\"async\" class=\"size-full wp-image-4838 aligncenter\" src=\"https:\/\/cokhitanminh.com\/may-dong-goi\/wp-content\/uploads\/2021\/12\/may-han-dap-chan-day-nhiet-plastic-600-mm-tmdg-a10-cktm.mdg-6.jpg\" alt=\"\" width=\"550\" height=\"413\" srcset=\"https:\/\/cokhitanminh.com\/may-dong-goi\/wp-content\/uploads\/2021\/12\/may-han-dap-chan-day-nhiet-plastic-600-mm-tmdg-a10-cktm.mdg-6.jpg 550w, https:\/\/cokhitanminh.com\/may-dong-goi\/wp-content\/uploads\/2021\/12\/may-han-dap-chan-day-nhiet-plastic-600-mm-tmdg-a10-cktm.mdg-6-300x225.jpg 300w\" sizes=\"auto, (max-width: 550px) 100vw, 550px\" \/><\/a> <a href=\"https:\/\/cokhitanminh.com\/may-dong-goi\/wp-content\/uploads\/2021\/12\/may-han-dap-chan-day-nhiet-plastic-600-mm-tmdg-a10-cktm.mdg-7.jpg\"><img loading=\"lazy\" decoding=\"async\" class=\"size-full wp-image-4839 aligncenter\" src=\"https:\/\/cokhitanminh.com\/may-dong-goi\/wp-content\/uploads\/2021\/12\/may-han-dap-chan-day-nhiet-plastic-600-mm-tmdg-a10-cktm.mdg-7.jpg\" alt=\"\" width=\"550\" height=\"413\" srcset=\"https:\/\/cokhitanminh.com\/may-dong-goi\/wp-content\/uploads\/2021\/12\/may-han-dap-chan-day-nhiet-plastic-600-mm-tmdg-a10-cktm.mdg-7.jpg 550w, https:\/\/cokhitanminh.com\/may-dong-goi\/wp-content\/uploads\/2021\/12\/may-han-dap-chan-day-nhiet-plastic-600-mm-tmdg-a10-cktm.mdg-7-300x225.jpg 300w\" sizes=\"auto, (max-width: 550px) 100vw, 550px\" \/><\/a> <a href=\"https:\/\/cokhitanminh.com\/may-dong-goi\/wp-content\/uploads\/2021\/12\/may-han-dap-chan-day-nhiet-plastic-600-mm-tmdg-a10-cktm.mdg-8.jpg\"><img loading=\"lazy\" decoding=\"async\" class=\"size-full wp-image-4840 aligncenter\" src=\"https:\/\/cokhitanminh.com\/may-dong-goi\/wp-content\/uploads\/2021\/12\/may-han-dap-chan-day-nhiet-plastic-600-mm-tmdg-a10-cktm.mdg-8.jpg\" alt=\"\" width=\"550\" height=\"413\" srcset=\"https:\/\/cokhitanminh.com\/may-dong-goi\/wp-content\/uploads\/2021\/12\/may-han-dap-chan-day-nhiet-plastic-600-mm-tmdg-a10-cktm.mdg-8.jpg 550w, https:\/\/cokhitanminh.com\/may-dong-goi\/wp-content\/uploads\/2021\/12\/may-han-dap-chan-day-nhiet-plastic-600-mm-tmdg-a10-cktm.mdg-8-300x225.jpg 300w\" sizes=\"auto, (max-width: 550px) 100vw, 550px\" \/><\/a><\/p>\n<p style=\"text-align: justify;\">Chi ti\u1ebft s\u1ea3n ph\u1ea9m <em><strong>M\u00e1y h\u00e0n d\u1eadp ch\u00e2n d\u00e2y nhi\u1ec7t Plastic 600 mm<\/strong><\/em> (TM\u0110G-A10) xin vui l\u00f2ng li\u00ean h\u1ec7 Hotline: 19002861 \u0110\u1ec3 \u0111\u01b0\u1ee3c t\u01b0 v\u1ea5n ho\u00e0n to\u00e0n mi\u1ec5n ph\u00ed!<\/p>\n","protected":false},"excerpt":{"rendered":"<p>M\u00e1y h\u00e0n d\u1eadp ch\u00e2n d\u00e2y nhi\u1ec7t Plastic 600 mm (TM\u0110G-A10) M\u00e1y h\u00e0n d\u1eadp ch\u00e2n d\u00e2y nhi\u1ec7t Plastic 600 mm (TM\u0110G-A10) \u0111\u01b0\u1ee3c nghi\u00ean c\u1ee9u s\u1ea3n xu\u1ea5t v\u00e0 ph\u00e2n ph\u1ed1i tr\u00ean to\u00e0n qu\u1ed1c. T\u1ea5t c\u1ea3 c\u00e1c s\u1ea3n ph\u1ea9m c\u1ee7a ch\u00fang t\u00f4i \u0111\u1ec1u \u0111\u01b0\u1ee3c ki\u1ec3m tra k\u1ef9 l\u01b0\u1ee1ng v\u00e0 v\u1eadn h\u00e0nh th\u1ef1c t\u1ebf \u0111\u1ec3 lu\u00f4n \u0111\u1ea3m b\u1ea3o ch\u1ea5t &#8230;<\/p>\n","protected":false},"featured_media":4833,"comment_status":"open","ping_status":"closed","template":"","meta":[],"class_list":{"0":"post-2039","1":"product","2":"type-product","3":"status-publish","4":"has-post-thumbnail","6":"product_cat-may-han-mieng-tui","8":"first","9":"instock","10":"shipping-taxable","11":"purchasable","12":"product-type-simple"},"brands":[],"yoast_head":"<!-- This site is optimized with the Yoast SEO plugin v17.6 - https:\/\/yoast.com\/wordpress\/plugins\/seo\/ -->\n<title>M\u00e1y h\u00e0n d\u1eadp ch\u00e2n d\u00e2y nhi\u1ec7t Plastic 600 mm (TM\u0110G-A10) - M\u00c1Y \u0110\u00d3NG G\u00d3I T\u00c2N MINH<\/title>\n<meta name=\"description\" content=\"M\u00e1y h\u00e0n d\u1eadp ch\u00e2n d\u00e2y nhi\u1ec7t Plastic 600 mm (TM\u0110G-A10) uy t\u00edn ch\u1ea5t l\u01b0\u1ee3ng Li\u00ean h\u1ec7 Hotline 1: 1900 2861 | Hotline 2: 09 67 68 69 11 \u0110\u1ec3 \u0111\u01b0\u1ee3c t\u01b0 v\u1ea5n mi\u1ec5n ph\u00ed!\" \/>\n<meta name=\"robots\" content=\"index, follow, max-snippet:-1, max-image-preview:large, max-video-preview:-1\" \/>\n<link rel=\"canonical\" href=\"https:\/\/cokhitanminh.com\/may-dong-goi\/may-han-dap-chan-day-nhiet-plastic-600-mm-tmdg-a10\/\" \/>\n<meta property=\"og:locale\" content=\"vi_VN\" \/>\n<meta property=\"og:type\" content=\"article\" \/>\n<meta property=\"og:title\" content=\"M\u00e1y h\u00e0n d\u1eadp ch\u00e2n d\u00e2y nhi\u1ec7t Plastic 600 mm (TM\u0110G-A10) - M\u00c1Y \u0110\u00d3NG G\u00d3I T\u00c2N MINH\" \/>\n<meta property=\"og:description\" content=\"M\u00e1y h\u00e0n d\u1eadp ch\u00e2n d\u00e2y nhi\u1ec7t Plastic 600 mm (TM\u0110G-A10) uy t\u00edn ch\u1ea5t l\u01b0\u1ee3ng Li\u00ean h\u1ec7 Hotline 1: 1900 2861 | Hotline 2: 09 67 68 69 11 \u0110\u1ec3 \u0111\u01b0\u1ee3c t\u01b0 v\u1ea5n mi\u1ec5n ph\u00ed!\" \/>\n<meta property=\"og:url\" content=\"https:\/\/cokhitanminh.com\/may-dong-goi\/may-han-dap-chan-day-nhiet-plastic-600-mm-tmdg-a10\/\" \/>\n<meta property=\"og:site_name\" content=\"M\u00c1Y \u0110\u00d3NG G\u00d3I T\u00c2N MINH\" \/>\n<meta property=\"article:modified_time\" content=\"2021-12-11T02:11:18+00:00\" \/>\n<meta property=\"og:image\" content=\"https:\/\/cokhitanminh.com\/may-dong-goi\/wp-content\/uploads\/2021\/12\/may-han-dap-chan-day-nhiet-plastic-600-mm-tmdg-a10-cktm.mdg-1.jpg\" \/>\n\t<meta property=\"og:image:width\" content=\"500\" \/>\n\t<meta property=\"og:image:height\" content=\"500\" \/>\n<meta name=\"twitter:card\" content=\"summary_large_image\" \/>\n<meta name=\"twitter:label1\" content=\"\u01af\u1edbc t\u00ednh th\u1eddi gian \u0111\u1ecdc\" \/>\n\t<meta name=\"twitter:data1\" content=\"1 ph\u00fat\" \/>\n<script type=\"application\/ld+json\" class=\"yoast-schema-graph\">{\"@context\":\"https:\/\/schema.org\",\"@graph\":[{\"@type\":\"WebSite\",\"@id\":\"https:\/\/cokhitanminh.com\/may-dong-goi\/#website\",\"url\":\"https:\/\/cokhitanminh.com\/may-dong-goi\/\",\"name\":\"M\\u00c1Y \\u0110\\u00d3NG G\\u00d3I T\\u00c2N MINH\",\"description\":\"Chuy\\u00ean gia m\\u00e1y \\u0111\\u00f3ng g\\u00f3i\",\"potentialAction\":[{\"@type\":\"SearchAction\",\"target\":{\"@type\":\"EntryPoint\",\"urlTemplate\":\"https:\/\/cokhitanminh.com\/may-dong-goi\/?s={search_term_string}\"},\"query-input\":\"required name=search_term_string\"}],\"inLanguage\":\"vi\"},{\"@type\":\"ImageObject\",\"@id\":\"https:\/\/cokhitanminh.com\/may-dong-goi\/may-han-dap-chan-day-nhiet-plastic-600-mm-tmdg-a10\/#primaryimage\",\"inLanguage\":\"vi\",\"url\":\"https:\/\/cokhitanminh.com\/may-dong-goi\/wp-content\/uploads\/2021\/12\/may-han-dap-chan-day-nhiet-plastic-600-mm-tmdg-a10-cktm.mdg-1.jpg\",\"contentUrl\":\"https:\/\/cokhitanminh.com\/may-dong-goi\/wp-content\/uploads\/2021\/12\/may-han-dap-chan-day-nhiet-plastic-600-mm-tmdg-a10-cktm.mdg-1.jpg\",\"width\":500,\"height\":500},{\"@type\":\"WebPage\",\"@id\":\"https:\/\/cokhitanminh.com\/may-dong-goi\/may-han-dap-chan-day-nhiet-plastic-600-mm-tmdg-a10\/#webpage\",\"url\":\"https:\/\/cokhitanminh.com\/may-dong-goi\/may-han-dap-chan-day-nhiet-plastic-600-mm-tmdg-a10\/\",\"name\":\"M\\u00e1y h\\u00e0n d\\u1eadp ch\\u00e2n d\\u00e2y nhi\\u1ec7t Plastic 600 mm (TM\\u0110G-A10) - M\\u00c1Y \\u0110\\u00d3NG G\\u00d3I T\\u00c2N MINH\",\"isPartOf\":{\"@id\":\"https:\/\/cokhitanminh.com\/may-dong-goi\/#website\"},\"primaryImageOfPage\":{\"@id\":\"https:\/\/cokhitanminh.com\/may-dong-goi\/may-han-dap-chan-day-nhiet-plastic-600-mm-tmdg-a10\/#primaryimage\"},\"datePublished\":\"2021-12-04T03:23:00+00:00\",\"dateModified\":\"2021-12-11T02:11:18+00:00\",\"description\":\"M\\u00e1y h\\u00e0n d\\u1eadp ch\\u00e2n d\\u00e2y nhi\\u1ec7t Plastic 600 mm (TM\\u0110G-A10) uy t\\u00edn ch\\u1ea5t l\\u01b0\\u1ee3ng Li\\u00ean h\\u1ec7 Hotline 1: 1900 2861 | Hotline 2: 09 67 68 69 11 \\u0110\\u1ec3 \\u0111\\u01b0\\u1ee3c t\\u01b0 v\\u1ea5n mi\\u1ec5n ph\\u00ed!\",\"breadcrumb\":{\"@id\":\"https:\/\/cokhitanminh.com\/may-dong-goi\/may-han-dap-chan-day-nhiet-plastic-600-mm-tmdg-a10\/#breadcrumb\"},\"inLanguage\":\"vi\",\"potentialAction\":[{\"@type\":\"ReadAction\",\"target\":[\"https:\/\/cokhitanminh.com\/may-dong-goi\/may-han-dap-chan-day-nhiet-plastic-600-mm-tmdg-a10\/\"]}]},{\"@type\":\"BreadcrumbList\",\"@id\":\"https:\/\/cokhitanminh.com\/may-dong-goi\/may-han-dap-chan-day-nhiet-plastic-600-mm-tmdg-a10\/#breadcrumb\",\"itemListElement\":[{\"@type\":\"ListItem\",\"position\":1,\"name\":\"Trang ch\\u1ee7\",\"item\":\"https:\/\/cokhitanminh.com\/may-dong-goi\/\"},{\"@type\":\"ListItem\",\"position\":2,\"name\":\"C\\u1eeda h\\u00e0ng\",\"item\":\"https:\/\/cokhitanminh.com\/may-dong-goi\/mua\/\"},{\"@type\":\"ListItem\",\"position\":3,\"name\":\"M\\u00e1y h\\u00e0n d\\u1eadp ch\\u00e2n d\\u00e2y nhi\\u1ec7t Plastic 600 mm (TM\\u0110G-A10)\"}]}]}<\/script>\n<!-- \/ Yoast SEO plugin. -->","yoast_head_json":{"title":"M\u00e1y h\u00e0n d\u1eadp ch\u00e2n d\u00e2y nhi\u1ec7t Plastic 600 mm (TM\u0110G-A10) - M\u00c1Y \u0110\u00d3NG G\u00d3I T\u00c2N MINH","description":"M\u00e1y h\u00e0n d\u1eadp ch\u00e2n d\u00e2y nhi\u1ec7t Plastic 600 mm (TM\u0110G-A10) uy t\u00edn ch\u1ea5t l\u01b0\u1ee3ng Li\u00ean h\u1ec7 Hotline 1: 1900 2861 | Hotline 2: 09 67 68 69 11 \u0110\u1ec3 \u0111\u01b0\u1ee3c t\u01b0 v\u1ea5n mi\u1ec5n ph\u00ed!","robots":{"index":"index","follow":"follow","max-snippet":"max-snippet:-1","max-image-preview":"max-image-preview:large","max-video-preview":"max-video-preview:-1"},"canonical":"https:\/\/cokhitanminh.com\/may-dong-goi\/may-han-dap-chan-day-nhiet-plastic-600-mm-tmdg-a10\/","og_locale":"vi_VN","og_type":"article","og_title":"M\u00e1y h\u00e0n d\u1eadp ch\u00e2n d\u00e2y nhi\u1ec7t Plastic 600 mm (TM\u0110G-A10) - M\u00c1Y \u0110\u00d3NG G\u00d3I T\u00c2N MINH","og_description":"M\u00e1y h\u00e0n d\u1eadp ch\u00e2n d\u00e2y nhi\u1ec7t Plastic 600 mm (TM\u0110G-A10) uy t\u00edn ch\u1ea5t l\u01b0\u1ee3ng Li\u00ean h\u1ec7 Hotline 1: 1900 2861 | Hotline 2: 09 67 68 69 11 \u0110\u1ec3 \u0111\u01b0\u1ee3c t\u01b0 v\u1ea5n mi\u1ec5n ph\u00ed!","og_url":"https:\/\/cokhitanminh.com\/may-dong-goi\/may-han-dap-chan-day-nhiet-plastic-600-mm-tmdg-a10\/","og_site_name":"M\u00c1Y \u0110\u00d3NG G\u00d3I T\u00c2N MINH","article_modified_time":"2021-12-11T02:11:18+00:00","og_image":[{"width":500,"height":500,"url":"https:\/\/cokhitanminh.com\/may-dong-goi\/wp-content\/uploads\/2021\/12\/may-han-dap-chan-day-nhiet-plastic-600-mm-tmdg-a10-cktm.mdg-1.jpg","type":"image\/jpeg"}],"twitter_card":"summary_large_image","twitter_misc":{"\u01af\u1edbc t\u00ednh th\u1eddi gian \u0111\u1ecdc":"1 ph\u00fat"},"schema":{"@context":"https:\/\/schema.org","@graph":[{"@type":"WebSite","@id":"https:\/\/cokhitanminh.com\/may-dong-goi\/#website","url":"https:\/\/cokhitanminh.com\/may-dong-goi\/","name":"M\u00c1Y \u0110\u00d3NG G\u00d3I T\u00c2N MINH","description":"Chuy\u00ean gia m\u00e1y \u0111\u00f3ng g\u00f3i","potentialAction":[{"@type":"SearchAction","target":{"@type":"EntryPoint","urlTemplate":"https:\/\/cokhitanminh.com\/may-dong-goi\/?s={search_term_string}"},"query-input":"required name=search_term_string"}],"inLanguage":"vi"},{"@type":"ImageObject","@id":"https:\/\/cokhitanminh.com\/may-dong-goi\/may-han-dap-chan-day-nhiet-plastic-600-mm-tmdg-a10\/#primaryimage","inLanguage":"vi","url":"https:\/\/cokhitanminh.com\/may-dong-goi\/wp-content\/uploads\/2021\/12\/may-han-dap-chan-day-nhiet-plastic-600-mm-tmdg-a10-cktm.mdg-1.jpg","contentUrl":"https:\/\/cokhitanminh.com\/may-dong-goi\/wp-content\/uploads\/2021\/12\/may-han-dap-chan-day-nhiet-plastic-600-mm-tmdg-a10-cktm.mdg-1.jpg","width":500,"height":500},{"@type":"WebPage","@id":"https:\/\/cokhitanminh.com\/may-dong-goi\/may-han-dap-chan-day-nhiet-plastic-600-mm-tmdg-a10\/#webpage","url":"https:\/\/cokhitanminh.com\/may-dong-goi\/may-han-dap-chan-day-nhiet-plastic-600-mm-tmdg-a10\/","name":"M\u00e1y h\u00e0n d\u1eadp ch\u00e2n d\u00e2y nhi\u1ec7t Plastic 600 mm (TM\u0110G-A10) - M\u00c1Y \u0110\u00d3NG G\u00d3I T\u00c2N MINH","isPartOf":{"@id":"https:\/\/cokhitanminh.com\/may-dong-goi\/#website"},"primaryImageOfPage":{"@id":"https:\/\/cokhitanminh.com\/may-dong-goi\/may-han-dap-chan-day-nhiet-plastic-600-mm-tmdg-a10\/#primaryimage"},"datePublished":"2021-12-04T03:23:00+00:00","dateModified":"2021-12-11T02:11:18+00:00","description":"M\u00e1y h\u00e0n d\u1eadp ch\u00e2n d\u00e2y nhi\u1ec7t Plastic 600 mm (TM\u0110G-A10) uy t\u00edn ch\u1ea5t l\u01b0\u1ee3ng Li\u00ean h\u1ec7 Hotline 1: 1900 2861 | Hotline 2: 09 67 68 69 11 \u0110\u1ec3 \u0111\u01b0\u1ee3c t\u01b0 v\u1ea5n mi\u1ec5n ph\u00ed!","breadcrumb":{"@id":"https:\/\/cokhitanminh.com\/may-dong-goi\/may-han-dap-chan-day-nhiet-plastic-600-mm-tmdg-a10\/#breadcrumb"},"inLanguage":"vi","potentialAction":[{"@type":"ReadAction","target":["https:\/\/cokhitanminh.com\/may-dong-goi\/may-han-dap-chan-day-nhiet-plastic-600-mm-tmdg-a10\/"]}]},{"@type":"BreadcrumbList","@id":"https:\/\/cokhitanminh.com\/may-dong-goi\/may-han-dap-chan-day-nhiet-plastic-600-mm-tmdg-a10\/#breadcrumb","itemListElement":[{"@type":"ListItem","position":1,"name":"Trang ch\u1ee7","item":"https:\/\/cokhitanminh.com\/may-dong-goi\/"},{"@type":"ListItem","position":2,"name":"C\u1eeda h\u00e0ng","item":"https:\/\/cokhitanminh.com\/may-dong-goi\/mua\/"},{"@type":"ListItem","position":3,"name":"M\u00e1y h\u00e0n d\u1eadp ch\u00e2n d\u00e2y nhi\u1ec7t Plastic 600 mm (TM\u0110G-A10)"}]}]}},"_links":{"self":[{"href":"https:\/\/cokhitanminh.com\/may-dong-goi\/wp-json\/wp\/v2\/product\/2039","targetHints":{"allow":["GET"]}}],"collection":[{"href":"https:\/\/cokhitanminh.com\/may-dong-goi\/wp-json\/wp\/v2\/product"}],"about":[{"href":"https:\/\/cokhitanminh.com\/may-dong-goi\/wp-json\/wp\/v2\/types\/product"}],"replies":[{"embeddable":true,"href":"https:\/\/cokhitanminh.com\/may-dong-goi\/wp-json\/wp\/v2\/comments?post=2039"}],"wp:featuredmedia":[{"embeddable":true,"href":"https:\/\/cokhitanminh.com\/may-dong-goi\/wp-json\/wp\/v2\/media\/4833"}],"wp:attachment":[{"href":"https:\/\/cokhitanminh.com\/may-dong-goi\/wp-json\/wp\/v2\/media?parent=2039"}],"curies":[{"name":"wp","href":"https:\/\/api.w.org\/{rel}","templated":true}]}}