{"id":2020,"date":"2021-12-04T03:22:22","date_gmt":"2021-12-04T03:22:22","guid":{"rendered":"https:\/\/cokhitanminh.com\/may-dong-goi\/?post_type=product&#038;p=2020"},"modified":"2021-12-10T02:37:02","modified_gmt":"2021-12-10T02:37:02","slug":"may-dong-nut-chai-tmdc-db08","status":"publish","type":"product","link":"https:\/\/cokhitanminh.com\/may-dong-goi\/may-dong-nut-chai-tmdc-db08\/","title":{"rendered":"M\u00e1y \u0111\u00f3ng n\u00fat chai (TMDC-DB08)"},"content":{"rendered":"<h3 style=\"text-align: justify;\"><a href=\"https:\/\/cokhitanminh.com\/may-dong-goi\/may-dong-nut-chai-tmdc-db08\/\"><em><strong>M\u00e1y \u0111\u00f3ng n\u00fat chai<\/strong> <\/em><\/a>(TMDC-DB08)<\/h3>\n<p style=\"text-align: justify;\"><em><strong>M\u00e1y \u0111\u00f3ng n\u00fat chai<\/strong> <\/em>(TMDC-DB08) \u0111\u01b0\u1ee3c nghi\u00ean c\u1ee9u s\u1ea3n xu\u1ea5t v\u00e0 ph\u00e2n ph\u1ed1i tr\u00ean to\u00e0n qu\u1ed1c. T\u1ea5t c\u1ea3 c\u00e1c s\u1ea3n ph\u1ea9m c\u1ee7a ch\u00fang t\u00f4i \u0111\u1ec1u \u0111\u01b0\u1ee3c ki\u1ec3m tra k\u1ef9 l\u01b0\u1ee1ng v\u00e0 v\u1eadn h\u00e0nh th\u1ef1c t\u1ebf \u0111\u1ec3 lu\u00f4n \u0111\u1ea3m b\u1ea3o ch\u1ea5t l\u01b0\u1ee3ng t\u1ed1t nh\u1ea5t tr\u01b0\u1edbc khi b\u00e0n giao thi\u1ebft b\u1ecb cho kh\u00e1ch h\u00e0ng.<\/p>\n<p style=\"text-align: center;\"><a href=\"https:\/\/cokhitanminh.com\/may-dong-goi\/wp-content\/uploads\/2021\/12\/may-dong-nut-chai-tmdc-db08-cktm.mdg-1.png\"><img loading=\"lazy\" decoding=\"async\" class=\"alignnone size-full wp-image-4454\" src=\"https:\/\/cokhitanminh.com\/may-dong-goi\/wp-content\/uploads\/2021\/12\/may-dong-nut-chai-tmdc-db08-cktm.mdg-1.png\" alt=\"\" width=\"650\" height=\"325\" srcset=\"https:\/\/cokhitanminh.com\/may-dong-goi\/wp-content\/uploads\/2021\/12\/may-dong-nut-chai-tmdc-db08-cktm.mdg-1.png 650w, https:\/\/cokhitanminh.com\/may-dong-goi\/wp-content\/uploads\/2021\/12\/may-dong-nut-chai-tmdc-db08-cktm.mdg-1-300x150.png 300w, https:\/\/cokhitanminh.com\/may-dong-goi\/wp-content\/uploads\/2021\/12\/may-dong-nut-chai-tmdc-db08-cktm.mdg-1-600x300.png 600w\" sizes=\"auto, (max-width: 650px) 100vw, 650px\" \/><\/a><\/p>\n<p><strong>S\u1ea2N PH\u1ea8M \u00c1P D\u1ee4NG<\/strong><\/p>\n<p style=\"text-align: center;\"><a href=\"https:\/\/cokhitanminh.com\/may-dong-goi\/wp-content\/uploads\/2021\/12\/may-dong-nut-chai-tmdc-db08-cktm.mdg-8.jpg\"><img loading=\"lazy\" decoding=\"async\" class=\"alignnone size-full wp-image-4462\" src=\"https:\/\/cokhitanminh.com\/may-dong-goi\/wp-content\/uploads\/2021\/12\/may-dong-nut-chai-tmdc-db08-cktm.mdg-8.jpg\" alt=\"\" width=\"650\" height=\"325\" srcset=\"https:\/\/cokhitanminh.com\/may-dong-goi\/wp-content\/uploads\/2021\/12\/may-dong-nut-chai-tmdc-db08-cktm.mdg-8.jpg 650w, https:\/\/cokhitanminh.com\/may-dong-goi\/wp-content\/uploads\/2021\/12\/may-dong-nut-chai-tmdc-db08-cktm.mdg-8-300x150.jpg 300w, https:\/\/cokhitanminh.com\/may-dong-goi\/wp-content\/uploads\/2021\/12\/may-dong-nut-chai-tmdc-db08-cktm.mdg-8-600x300.jpg 600w\" sizes=\"auto, (max-width: 650px) 100vw, 650px\" \/><\/a><\/p>\n<p class=\"aligncenter\" style=\"text-align: left;\"><strong>C\u1ea4U T\u1ea0O M\u00c1Y<\/strong><\/p>\n<p style=\"text-align: center;\"><a href=\"https:\/\/cokhitanminh.com\/may-dong-goi\/wp-content\/uploads\/2021\/12\/may-dong-nut-chai-tmdc-db08-cktm.mdg-2.jpg\"><img loading=\"lazy\" decoding=\"async\" class=\"alignnone size-full wp-image-4456\" src=\"https:\/\/cokhitanminh.com\/may-dong-goi\/wp-content\/uploads\/2021\/12\/may-dong-nut-chai-tmdc-db08-cktm.mdg-2.jpg\" alt=\"\" width=\"650\" height=\"325\" srcset=\"https:\/\/cokhitanminh.com\/may-dong-goi\/wp-content\/uploads\/2021\/12\/may-dong-nut-chai-tmdc-db08-cktm.mdg-2.jpg 650w, https:\/\/cokhitanminh.com\/may-dong-goi\/wp-content\/uploads\/2021\/12\/may-dong-nut-chai-tmdc-db08-cktm.mdg-2-300x150.jpg 300w, https:\/\/cokhitanminh.com\/may-dong-goi\/wp-content\/uploads\/2021\/12\/may-dong-nut-chai-tmdc-db08-cktm.mdg-2-600x300.jpg 600w\" sizes=\"auto, (max-width: 650px) 100vw, 650px\" \/><\/a><\/p>\n<p class=\"aligncenter\" style=\"text-align: left;\"><strong>H\u00ccNH \u1ea2NH S\u1ea2N PH\u1ea8M<\/strong><\/p>\n<p><a href=\"https:\/\/cokhitanminh.com\/may-dong-goi\/wp-content\/uploads\/2021\/12\/may-dong-nut-chai-tmdc-db08-cktm.mdg-3.jpg\"><img loading=\"lazy\" decoding=\"async\" class=\"size-full wp-image-4457 aligncenter\" src=\"https:\/\/cokhitanminh.com\/may-dong-goi\/wp-content\/uploads\/2021\/12\/may-dong-nut-chai-tmdc-db08-cktm.mdg-3.jpg\" alt=\"\" width=\"550\" height=\"630\" srcset=\"https:\/\/cokhitanminh.com\/may-dong-goi\/wp-content\/uploads\/2021\/12\/may-dong-nut-chai-tmdc-db08-cktm.mdg-3.jpg 550w, https:\/\/cokhitanminh.com\/may-dong-goi\/wp-content\/uploads\/2021\/12\/may-dong-nut-chai-tmdc-db08-cktm.mdg-3-262x300.jpg 262w\" sizes=\"auto, (max-width: 550px) 100vw, 550px\" \/><\/a> <a href=\"https:\/\/cokhitanminh.com\/may-dong-goi\/wp-content\/uploads\/2021\/12\/may-dong-nut-chai-tmdc-db08-cktm.mdg-4.jpg\"><img loading=\"lazy\" decoding=\"async\" class=\"size-full wp-image-4458 aligncenter\" src=\"https:\/\/cokhitanminh.com\/may-dong-goi\/wp-content\/uploads\/2021\/12\/may-dong-nut-chai-tmdc-db08-cktm.mdg-4.jpg\" alt=\"\" width=\"550\" height=\"497\" srcset=\"https:\/\/cokhitanminh.com\/may-dong-goi\/wp-content\/uploads\/2021\/12\/may-dong-nut-chai-tmdc-db08-cktm.mdg-4.jpg 550w, https:\/\/cokhitanminh.com\/may-dong-goi\/wp-content\/uploads\/2021\/12\/may-dong-nut-chai-tmdc-db08-cktm.mdg-4-300x271.jpg 300w\" sizes=\"auto, (max-width: 550px) 100vw, 550px\" \/><\/a> <a href=\"https:\/\/cokhitanminh.com\/may-dong-goi\/wp-content\/uploads\/2021\/12\/may-dong-nut-chai-tmdc-db08-cktm.mdg-5.jpg\"><img loading=\"lazy\" decoding=\"async\" class=\"size-full wp-image-4459 aligncenter\" src=\"https:\/\/cokhitanminh.com\/may-dong-goi\/wp-content\/uploads\/2021\/12\/may-dong-nut-chai-tmdc-db08-cktm.mdg-5.jpg\" alt=\"\" width=\"550\" height=\"879\" srcset=\"https:\/\/cokhitanminh.com\/may-dong-goi\/wp-content\/uploads\/2021\/12\/may-dong-nut-chai-tmdc-db08-cktm.mdg-5.jpg 550w, https:\/\/cokhitanminh.com\/may-dong-goi\/wp-content\/uploads\/2021\/12\/may-dong-nut-chai-tmdc-db08-cktm.mdg-5-188x300.jpg 188w\" sizes=\"auto, (max-width: 550px) 100vw, 550px\" \/><\/a> <a href=\"https:\/\/cokhitanminh.com\/may-dong-goi\/wp-content\/uploads\/2021\/12\/may-dong-nut-chai-tmdc-db08-cktm.mdg-6.jpg\"><img loading=\"lazy\" decoding=\"async\" class=\"size-full wp-image-4460 aligncenter\" src=\"https:\/\/cokhitanminh.com\/may-dong-goi\/wp-content\/uploads\/2021\/12\/may-dong-nut-chai-tmdc-db08-cktm.mdg-6.jpg\" alt=\"\" width=\"550\" height=\"346\" srcset=\"https:\/\/cokhitanminh.com\/may-dong-goi\/wp-content\/uploads\/2021\/12\/may-dong-nut-chai-tmdc-db08-cktm.mdg-6.jpg 550w, https:\/\/cokhitanminh.com\/may-dong-goi\/wp-content\/uploads\/2021\/12\/may-dong-nut-chai-tmdc-db08-cktm.mdg-6-300x189.jpg 300w\" sizes=\"auto, (max-width: 550px) 100vw, 550px\" \/><\/a> <a href=\"https:\/\/cokhitanminh.com\/may-dong-goi\/wp-content\/uploads\/2021\/12\/may-dong-nut-chai-tmdc-db08-cktm.mdg-7.jpg\"><img loading=\"lazy\" decoding=\"async\" class=\"size-full wp-image-4461 aligncenter\" src=\"https:\/\/cokhitanminh.com\/may-dong-goi\/wp-content\/uploads\/2021\/12\/may-dong-nut-chai-tmdc-db08-cktm.mdg-7.jpg\" alt=\"\" width=\"550\" height=\"472\" srcset=\"https:\/\/cokhitanminh.com\/may-dong-goi\/wp-content\/uploads\/2021\/12\/may-dong-nut-chai-tmdc-db08-cktm.mdg-7.jpg 550w, https:\/\/cokhitanminh.com\/may-dong-goi\/wp-content\/uploads\/2021\/12\/may-dong-nut-chai-tmdc-db08-cktm.mdg-7-300x257.jpg 300w\" sizes=\"auto, (max-width: 550px) 100vw, 550px\" \/><\/a><\/p>\n<p style=\"text-align: justify;\"><strong>Th\u00f4ng s\u1ed1 k\u1ef9 thu\u1eadt:<\/strong><\/p>\n<p>&#8211; Model: TMDC-DB08<\/p>\n<p>&#8211; \u0110i\u1ec7n \u00e1p: 220V\/380V\/50Hz<\/p>\n<p>&#8211; C\u00f4ng su\u1ea5t: 1.5Kw<\/p>\n<p>&#8211; N\u0103ng su\u1ea5t: 1200-1500 chai\/gi\u1edd<\/p>\n<p>&#8211; \u00c1p d\u1ee5ng chi\u1ec1u cao chai: 60-360 mm<\/p>\n<p>&#8211; \u0110\u01b0\u1eddng k\u00ednh chai: 15-25 mm<\/p>\n<p>&#8211; K\u00edch th\u01b0\u1edbc: 750 x 370 x 1250 mm<\/p>\n<p>&#8211; Tr\u1ecdng l\u01b0\u1ee3ng: 65 kg<\/p>\n<p>&#8211; B\u1ea3o h\u00e0nh 12 th\u00e1ng<\/p>\n<p style=\"text-align: center;\">VIDEO S\u1ea2N PH\u1ea8M<br \/>\n<iframe loading=\"lazy\" src=\"https:\/\/www.youtube.com\/embed\/XfHPnksLRsI\" width=\"560\" height=\"315\" frameborder=\"0\" allowfullscreen=\"allowfullscreen\"><\/iframe><\/p>\n<p style=\"text-align: justify;\">Chi ti\u1ebft s\u1ea3n ph\u1ea9m <em><strong>M\u00e1y \u0111\u00f3ng n\u00fat chai<\/strong> <\/em>(TMDC-DB08) xin vui l\u00f2ng li\u00ean h\u1ec7 Hotline: 19002861 \u0110\u1ec3 \u0111\u01b0\u1ee3c t\u01b0 v\u1ea5n ho\u00e0n to\u00e0n mi\u1ec5n ph\u00ed!<\/p>\n","protected":false},"excerpt":{"rendered":"<p>M\u00e1y \u0111\u00f3ng n\u00fat chai (TMDC-DB08) M\u00e1y \u0111\u00f3ng n\u00fat chai (TMDC-DB08) \u0111\u01b0\u1ee3c nghi\u00ean c\u1ee9u s\u1ea3n xu\u1ea5t v\u00e0 ph\u00e2n ph\u1ed1i tr\u00ean to\u00e0n qu\u1ed1c. T\u1ea5t c\u1ea3 c\u00e1c s\u1ea3n ph\u1ea9m c\u1ee7a ch\u00fang t\u00f4i \u0111\u1ec1u \u0111\u01b0\u1ee3c ki\u1ec3m tra k\u1ef9 l\u01b0\u1ee1ng v\u00e0 v\u1eadn h\u00e0nh th\u1ef1c t\u1ebf \u0111\u1ec3 lu\u00f4n \u0111\u1ea3m b\u1ea3o ch\u1ea5t l\u01b0\u1ee3ng t\u1ed1t nh\u1ea5t tr\u01b0\u1edbc khi b\u00e0n giao thi\u1ebft b\u1ecb cho &#8230;<\/p>\n","protected":false},"featured_media":4453,"comment_status":"open","ping_status":"closed","template":"","meta":[],"class_list":{"0":"post-2020","1":"product","2":"type-product","3":"status-publish","4":"has-post-thumbnail","6":"product_cat-may-siet-dong-nap-vien-mi","8":"first","9":"instock","10":"shipping-taxable","11":"purchasable","12":"product-type-simple"},"brands":[],"yoast_head":"<!-- This site is optimized with the Yoast SEO plugin v17.6 - https:\/\/yoast.com\/wordpress\/plugins\/seo\/ -->\n<title>M\u00e1y \u0111\u00f3ng n\u00fat chai (TMDC-DB08) | Hotline 1900.2861<\/title>\n<meta name=\"description\" content=\"M\u00e1y \u0111\u00f3ng n\u00fat chai (TMDC-DB08) uy t\u00edn ch\u1ea5t l\u01b0\u1ee3ng Li\u00ean h\u1ec7 Hotline 1: 1900 2861 | Hotline 2: 09 67 68 69 11 \u0110\u1ec3 \u0111\u01b0\u1ee3c t\u01b0 v\u1ea5n mi\u1ec5n ph\u00ed!\" \/>\n<meta name=\"robots\" content=\"index, follow, max-snippet:-1, max-image-preview:large, max-video-preview:-1\" \/>\n<link rel=\"canonical\" href=\"https:\/\/cokhitanminh.com\/may-dong-goi\/may-dong-nut-chai-tmdc-db08\/\" \/>\n<meta property=\"og:locale\" content=\"vi_VN\" \/>\n<meta property=\"og:type\" content=\"article\" \/>\n<meta property=\"og:title\" content=\"M\u00e1y \u0111\u00f3ng n\u00fat chai (TMDC-DB08) | Hotline 1900.2861\" \/>\n<meta property=\"og:description\" content=\"M\u00e1y \u0111\u00f3ng n\u00fat chai (TMDC-DB08) uy t\u00edn ch\u1ea5t l\u01b0\u1ee3ng Li\u00ean h\u1ec7 Hotline 1: 1900 2861 | Hotline 2: 09 67 68 69 11 \u0110\u1ec3 \u0111\u01b0\u1ee3c t\u01b0 v\u1ea5n mi\u1ec5n ph\u00ed!\" \/>\n<meta property=\"og:url\" content=\"https:\/\/cokhitanminh.com\/may-dong-goi\/may-dong-nut-chai-tmdc-db08\/\" \/>\n<meta property=\"og:site_name\" content=\"M\u00c1Y \u0110\u00d3NG G\u00d3I T\u00c2N MINH\" \/>\n<meta property=\"article:modified_time\" content=\"2021-12-10T02:37:02+00:00\" \/>\n<meta property=\"og:image\" content=\"https:\/\/cokhitanminh.com\/may-dong-goi\/wp-content\/uploads\/2021\/12\/may-dong-nut-chai-tmdc-db08-cktm.mdg-1.jpg\" \/>\n\t<meta property=\"og:image:width\" content=\"550\" \/>\n\t<meta property=\"og:image:height\" content=\"558\" \/>\n<meta name=\"twitter:card\" content=\"summary_large_image\" \/>\n<meta name=\"twitter:label1\" content=\"\u01af\u1edbc t\u00ednh th\u1eddi gian \u0111\u1ecdc\" \/>\n\t<meta name=\"twitter:data1\" content=\"1 ph\u00fat\" \/>\n<script type=\"application\/ld+json\" class=\"yoast-schema-graph\">{\"@context\":\"https:\/\/schema.org\",\"@graph\":[{\"@type\":\"WebSite\",\"@id\":\"https:\/\/cokhitanminh.com\/may-dong-goi\/#website\",\"url\":\"https:\/\/cokhitanminh.com\/may-dong-goi\/\",\"name\":\"M\\u00c1Y \\u0110\\u00d3NG G\\u00d3I T\\u00c2N MINH\",\"description\":\"Chuy\\u00ean gia m\\u00e1y \\u0111\\u00f3ng g\\u00f3i\",\"potentialAction\":[{\"@type\":\"SearchAction\",\"target\":{\"@type\":\"EntryPoint\",\"urlTemplate\":\"https:\/\/cokhitanminh.com\/may-dong-goi\/?s={search_term_string}\"},\"query-input\":\"required name=search_term_string\"}],\"inLanguage\":\"vi\"},{\"@type\":\"ImageObject\",\"@id\":\"https:\/\/cokhitanminh.com\/may-dong-goi\/may-dong-nut-chai-tmdc-db08\/#primaryimage\",\"inLanguage\":\"vi\",\"url\":\"https:\/\/cokhitanminh.com\/may-dong-goi\/wp-content\/uploads\/2021\/12\/may-dong-nut-chai-tmdc-db08-cktm.mdg-1.jpg\",\"contentUrl\":\"https:\/\/cokhitanminh.com\/may-dong-goi\/wp-content\/uploads\/2021\/12\/may-dong-nut-chai-tmdc-db08-cktm.mdg-1.jpg\",\"width\":550,\"height\":558},{\"@type\":\"WebPage\",\"@id\":\"https:\/\/cokhitanminh.com\/may-dong-goi\/may-dong-nut-chai-tmdc-db08\/#webpage\",\"url\":\"https:\/\/cokhitanminh.com\/may-dong-goi\/may-dong-nut-chai-tmdc-db08\/\",\"name\":\"M\\u00e1y \\u0111\\u00f3ng n\\u00fat chai (TMDC-DB08) | Hotline 1900.2861\",\"isPartOf\":{\"@id\":\"https:\/\/cokhitanminh.com\/may-dong-goi\/#website\"},\"primaryImageOfPage\":{\"@id\":\"https:\/\/cokhitanminh.com\/may-dong-goi\/may-dong-nut-chai-tmdc-db08\/#primaryimage\"},\"datePublished\":\"2021-12-04T03:22:22+00:00\",\"dateModified\":\"2021-12-10T02:37:02+00:00\",\"description\":\"M\\u00e1y \\u0111\\u00f3ng n\\u00fat chai (TMDC-DB08) uy t\\u00edn ch\\u1ea5t l\\u01b0\\u1ee3ng Li\\u00ean h\\u1ec7 Hotline 1: 1900 2861 | Hotline 2: 09 67 68 69 11 \\u0110\\u1ec3 \\u0111\\u01b0\\u1ee3c t\\u01b0 v\\u1ea5n mi\\u1ec5n ph\\u00ed!\",\"breadcrumb\":{\"@id\":\"https:\/\/cokhitanminh.com\/may-dong-goi\/may-dong-nut-chai-tmdc-db08\/#breadcrumb\"},\"inLanguage\":\"vi\",\"potentialAction\":[{\"@type\":\"ReadAction\",\"target\":[\"https:\/\/cokhitanminh.com\/may-dong-goi\/may-dong-nut-chai-tmdc-db08\/\"]}]},{\"@type\":\"BreadcrumbList\",\"@id\":\"https:\/\/cokhitanminh.com\/may-dong-goi\/may-dong-nut-chai-tmdc-db08\/#breadcrumb\",\"itemListElement\":[{\"@type\":\"ListItem\",\"position\":1,\"name\":\"Trang ch\\u1ee7\",\"item\":\"https:\/\/cokhitanminh.com\/may-dong-goi\/\"},{\"@type\":\"ListItem\",\"position\":2,\"name\":\"C\\u1eeda h\\u00e0ng\",\"item\":\"https:\/\/cokhitanminh.com\/may-dong-goi\/mua\/\"},{\"@type\":\"ListItem\",\"position\":3,\"name\":\"M\\u00e1y \\u0111\\u00f3ng n\\u00fat chai (TMDC-DB08)\"}]}]}<\/script>\n<!-- \/ Yoast SEO plugin. -->","yoast_head_json":{"title":"M\u00e1y \u0111\u00f3ng n\u00fat chai (TMDC-DB08) | Hotline 1900.2861","description":"M\u00e1y \u0111\u00f3ng n\u00fat chai (TMDC-DB08) uy t\u00edn ch\u1ea5t l\u01b0\u1ee3ng Li\u00ean h\u1ec7 Hotline 1: 1900 2861 | Hotline 2: 09 67 68 69 11 \u0110\u1ec3 \u0111\u01b0\u1ee3c t\u01b0 v\u1ea5n mi\u1ec5n ph\u00ed!","robots":{"index":"index","follow":"follow","max-snippet":"max-snippet:-1","max-image-preview":"max-image-preview:large","max-video-preview":"max-video-preview:-1"},"canonical":"https:\/\/cokhitanminh.com\/may-dong-goi\/may-dong-nut-chai-tmdc-db08\/","og_locale":"vi_VN","og_type":"article","og_title":"M\u00e1y \u0111\u00f3ng n\u00fat chai (TMDC-DB08) | Hotline 1900.2861","og_description":"M\u00e1y \u0111\u00f3ng n\u00fat chai (TMDC-DB08) uy t\u00edn ch\u1ea5t l\u01b0\u1ee3ng Li\u00ean h\u1ec7 Hotline 1: 1900 2861 | Hotline 2: 09 67 68 69 11 \u0110\u1ec3 \u0111\u01b0\u1ee3c t\u01b0 v\u1ea5n mi\u1ec5n ph\u00ed!","og_url":"https:\/\/cokhitanminh.com\/may-dong-goi\/may-dong-nut-chai-tmdc-db08\/","og_site_name":"M\u00c1Y \u0110\u00d3NG G\u00d3I T\u00c2N MINH","article_modified_time":"2021-12-10T02:37:02+00:00","og_image":[{"width":550,"height":558,"url":"https:\/\/cokhitanminh.com\/may-dong-goi\/wp-content\/uploads\/2021\/12\/may-dong-nut-chai-tmdc-db08-cktm.mdg-1.jpg","type":"image\/jpeg"}],"twitter_card":"summary_large_image","twitter_misc":{"\u01af\u1edbc t\u00ednh th\u1eddi gian \u0111\u1ecdc":"1 ph\u00fat"},"schema":{"@context":"https:\/\/schema.org","@graph":[{"@type":"WebSite","@id":"https:\/\/cokhitanminh.com\/may-dong-goi\/#website","url":"https:\/\/cokhitanminh.com\/may-dong-goi\/","name":"M\u00c1Y \u0110\u00d3NG G\u00d3I T\u00c2N MINH","description":"Chuy\u00ean gia m\u00e1y \u0111\u00f3ng g\u00f3i","potentialAction":[{"@type":"SearchAction","target":{"@type":"EntryPoint","urlTemplate":"https:\/\/cokhitanminh.com\/may-dong-goi\/?s={search_term_string}"},"query-input":"required name=search_term_string"}],"inLanguage":"vi"},{"@type":"ImageObject","@id":"https:\/\/cokhitanminh.com\/may-dong-goi\/may-dong-nut-chai-tmdc-db08\/#primaryimage","inLanguage":"vi","url":"https:\/\/cokhitanminh.com\/may-dong-goi\/wp-content\/uploads\/2021\/12\/may-dong-nut-chai-tmdc-db08-cktm.mdg-1.jpg","contentUrl":"https:\/\/cokhitanminh.com\/may-dong-goi\/wp-content\/uploads\/2021\/12\/may-dong-nut-chai-tmdc-db08-cktm.mdg-1.jpg","width":550,"height":558},{"@type":"WebPage","@id":"https:\/\/cokhitanminh.com\/may-dong-goi\/may-dong-nut-chai-tmdc-db08\/#webpage","url":"https:\/\/cokhitanminh.com\/may-dong-goi\/may-dong-nut-chai-tmdc-db08\/","name":"M\u00e1y \u0111\u00f3ng n\u00fat chai (TMDC-DB08) | Hotline 1900.2861","isPartOf":{"@id":"https:\/\/cokhitanminh.com\/may-dong-goi\/#website"},"primaryImageOfPage":{"@id":"https:\/\/cokhitanminh.com\/may-dong-goi\/may-dong-nut-chai-tmdc-db08\/#primaryimage"},"datePublished":"2021-12-04T03:22:22+00:00","dateModified":"2021-12-10T02:37:02+00:00","description":"M\u00e1y \u0111\u00f3ng n\u00fat chai (TMDC-DB08) uy t\u00edn ch\u1ea5t l\u01b0\u1ee3ng Li\u00ean h\u1ec7 Hotline 1: 1900 2861 | Hotline 2: 09 67 68 69 11 \u0110\u1ec3 \u0111\u01b0\u1ee3c t\u01b0 v\u1ea5n mi\u1ec5n ph\u00ed!","breadcrumb":{"@id":"https:\/\/cokhitanminh.com\/may-dong-goi\/may-dong-nut-chai-tmdc-db08\/#breadcrumb"},"inLanguage":"vi","potentialAction":[{"@type":"ReadAction","target":["https:\/\/cokhitanminh.com\/may-dong-goi\/may-dong-nut-chai-tmdc-db08\/"]}]},{"@type":"BreadcrumbList","@id":"https:\/\/cokhitanminh.com\/may-dong-goi\/may-dong-nut-chai-tmdc-db08\/#breadcrumb","itemListElement":[{"@type":"ListItem","position":1,"name":"Trang ch\u1ee7","item":"https:\/\/cokhitanminh.com\/may-dong-goi\/"},{"@type":"ListItem","position":2,"name":"C\u1eeda h\u00e0ng","item":"https:\/\/cokhitanminh.com\/may-dong-goi\/mua\/"},{"@type":"ListItem","position":3,"name":"M\u00e1y \u0111\u00f3ng n\u00fat chai (TMDC-DB08)"}]}]}},"_links":{"self":[{"href":"https:\/\/cokhitanminh.com\/may-dong-goi\/wp-json\/wp\/v2\/product\/2020","targetHints":{"allow":["GET"]}}],"collection":[{"href":"https:\/\/cokhitanminh.com\/may-dong-goi\/wp-json\/wp\/v2\/product"}],"about":[{"href":"https:\/\/cokhitanminh.com\/may-dong-goi\/wp-json\/wp\/v2\/types\/product"}],"replies":[{"embeddable":true,"href":"https:\/\/cokhitanminh.com\/may-dong-goi\/wp-json\/wp\/v2\/comments?post=2020"}],"wp:featuredmedia":[{"embeddable":true,"href":"https:\/\/cokhitanminh.com\/may-dong-goi\/wp-json\/wp\/v2\/media\/4453"}],"wp:attachment":[{"href":"https:\/\/cokhitanminh.com\/may-dong-goi\/wp-json\/wp\/v2\/media?parent=2020"}],"curies":[{"name":"wp","href":"https:\/\/api.w.org\/{rel}","templated":true}]}}