{"id":2012,"date":"2021-12-04T03:22:19","date_gmt":"2021-12-04T03:22:19","guid":{"rendered":"https:\/\/cokhitanminh.com\/may-dong-goi\/?post_type=product&#038;p=2012"},"modified":"2024-10-29T08:57:22","modified_gmt":"2024-10-29T08:57:22","slug":"may-dinh-luong-truc-vit-2019-tmdc-5r1","status":"publish","type":"product","link":"https:\/\/cokhitanminh.com\/may-dong-goi\/may-dinh-luong-truc-vit-2019-tmdc-5r1\/","title":{"rendered":"M\u00e1y \u0111\u1ecbnh l\u01b0\u1ee3ng tr\u1ee5c v\u00edt 2019 (TM\u0110G-5R1)"},"content":{"rendered":"<h3 style=\"text-align: justify;\"><em><strong><a href=\"https:\/\/cokhitanminh.com\/may-dong-goi\/may-dinh-luong-truc-vit-2019-tmdc-de07\/\">M\u00e1y \u0111\u1ecbnh l\u01b0\u1ee3ng tr\u1ee5c v\u00edt 2019<\/a> (TMDC-5R1)<\/strong><\/em><\/h3>\n<p style=\"text-align: justify;\"><em><strong>M\u00e1y \u0111\u1ecbnh l\u01b0\u1ee3ng tr\u1ee5c v\u00edt 2019<\/strong><\/em> (TMDC-5R1) \u0111\u01b0\u1ee3c nghi\u00ean c\u1ee9u s\u1ea3n xu\u1ea5t v\u00e0 ph\u00e2n ph\u1ed1i tr\u00ean to\u00e0n qu\u1ed1c. T\u1ea5t c\u1ea3 c\u00e1c s\u1ea3n ph\u1ea9m c\u1ee7a ch\u00fang t\u00f4i \u0111\u1ec1u \u0111\u01b0\u1ee3c ki\u1ec3m tra k\u1ef9 l\u01b0\u1ee1ng v\u00e0 v\u1eadn h\u00e0nh th\u1ef1c t\u1ebf \u0111\u1ec3 lu\u00f4n \u0111\u1ea3m b\u1ea3o ch\u1ea5t l\u01b0\u1ee3ng t\u1ed1t nh\u1ea5t tr\u01b0\u1edbc khi b\u00e0n giao thi\u1ebft b\u1ecb cho kh\u00e1ch h\u00e0ng.<\/p>\n<p style=\"text-align: justify;\"><strong>Th\u00f4ng s\u1ed1 k\u1ef9 thu\u1eadt:<\/strong><\/p>\n<p>&#8211; Model: TMDC-5R1<\/p>\n<p>&#8211; \u0110i\u1ec7n \u00e1p: 220V\/380V-50HZ<\/p>\n<p>&#8211; C\u00f4ng su\u1ea5t: 900W<\/p>\n<p>&#8211; N\u0103ng su\u1ea5t: Theo ng\u01b0\u1eddi s\u1eed d\u1ee5ng v\u00e0 kho\u1ea3ng \u0111\u1ecbnh l\u01b0\u1ee3ng<\/p>\n<p>&#8211; D\u1ea3i \u0111\u1ecbnh l\u01b0\u1ee3ng: 5-5000 Gram<\/p>\n<p>&#8211; M\u1ee9c sai s\u1ed1: kho\u1ea3ng 2%<\/p>\n<p>&#8211; Th\u1ec3 t\u00edch ph\u1ec5u ch\u1ee9a: Kho\u1ea3ng 25L\u00edt<\/p>\n<p>&#8211; K\u00edch th\u01b0\u1edbc m\u00e1y: 900 x 900 x 2000 MM<\/p>\n<p>&#8211; Tr\u1ecdng l\u01b0\u1ee3ng m\u00e1y: Kho\u1ea3ng 130Kg<\/p>\n<p>&#8211; Ch\u1ea5t li\u1ec7u v\u1ecf: Inox 201<\/p>\n<p>&#8211; B\u1ea3o h\u00e0nh: 12 th\u00e1ng<\/p>\n<p style=\"text-align: justify;\"><strong>H\u00ecnh \u1ea3nh s\u1ea3n ph\u1ea9m:<\/strong><\/p>\n<p><a href=\"https:\/\/cokhitanminh.com\/may-dong-goi\/wp-content\/uploads\/2021\/12\/may-dinh-luong-truc-vit-2019-tmdc-de07-2-cokhitanminhcom.jpg\"><img loading=\"lazy\" decoding=\"async\" class=\"size-full wp-image-4979 aligncenter\" src=\"https:\/\/cokhitanminh.com\/may-dong-goi\/wp-content\/uploads\/2021\/12\/may-dinh-luong-truc-vit-2019-tmdc-de07-2-cokhitanminhcom.jpg\" alt=\"\" width=\"550\" height=\"733\" srcset=\"https:\/\/cokhitanminh.com\/may-dong-goi\/wp-content\/uploads\/2021\/12\/may-dinh-luong-truc-vit-2019-tmdc-de07-2-cokhitanminhcom.jpg 550w, https:\/\/cokhitanminh.com\/may-dong-goi\/wp-content\/uploads\/2021\/12\/may-dinh-luong-truc-vit-2019-tmdc-de07-2-cokhitanminhcom-225x300.jpg 225w\" sizes=\"auto, (max-width: 550px) 100vw, 550px\" \/><\/a><\/p>\n<p><a href=\"https:\/\/cokhitanminh.com\/may-dong-goi\/wp-content\/uploads\/2021\/12\/may-dinh-luong-truc-vit-2019-tmdc-de07-3-cokhitanminhcom.jpg\"><img loading=\"lazy\" decoding=\"async\" class=\"size-full wp-image-4980 aligncenter\" src=\"https:\/\/cokhitanminh.com\/may-dong-goi\/wp-content\/uploads\/2021\/12\/may-dinh-luong-truc-vit-2019-tmdc-de07-3-cokhitanminhcom.jpg\" alt=\"\" width=\"550\" height=\"733\" srcset=\"https:\/\/cokhitanminh.com\/may-dong-goi\/wp-content\/uploads\/2021\/12\/may-dinh-luong-truc-vit-2019-tmdc-de07-3-cokhitanminhcom.jpg 550w, https:\/\/cokhitanminh.com\/may-dong-goi\/wp-content\/uploads\/2021\/12\/may-dinh-luong-truc-vit-2019-tmdc-de07-3-cokhitanminhcom-225x300.jpg 225w\" sizes=\"auto, (max-width: 550px) 100vw, 550px\" \/><\/a><\/p>\n<p><a href=\"https:\/\/cokhitanminh.com\/may-dong-goi\/wp-content\/uploads\/2021\/12\/may-dinh-luong-truc-vit-2019-tmdc-de07-4-cokhitanminhcom.jpg\"><img loading=\"lazy\" decoding=\"async\" class=\"size-full wp-image-4981 aligncenter\" src=\"https:\/\/cokhitanminh.com\/may-dong-goi\/wp-content\/uploads\/2021\/12\/may-dinh-luong-truc-vit-2019-tmdc-de07-4-cokhitanminhcom.jpg\" alt=\"\" width=\"550\" height=\"413\" srcset=\"https:\/\/cokhitanminh.com\/may-dong-goi\/wp-content\/uploads\/2021\/12\/may-dinh-luong-truc-vit-2019-tmdc-de07-4-cokhitanminhcom.jpg 550w, https:\/\/cokhitanminh.com\/may-dong-goi\/wp-content\/uploads\/2021\/12\/may-dinh-luong-truc-vit-2019-tmdc-de07-4-cokhitanminhcom-300x225.jpg 300w\" sizes=\"auto, (max-width: 550px) 100vw, 550px\" \/><\/a><\/p>\n<p><a href=\"https:\/\/cokhitanminh.com\/may-dong-goi\/wp-content\/uploads\/2021\/12\/may-dinh-luong-truc-vit-2019-tmdc-de07-5-cokhitanminhcom.jpg\"><img loading=\"lazy\" decoding=\"async\" class=\"size-full wp-image-4983 aligncenter\" src=\"https:\/\/cokhitanminh.com\/may-dong-goi\/wp-content\/uploads\/2021\/12\/may-dinh-luong-truc-vit-2019-tmdc-de07-5-cokhitanminhcom.jpg\" alt=\"\" width=\"550\" height=\"733\" srcset=\"https:\/\/cokhitanminh.com\/may-dong-goi\/wp-content\/uploads\/2021\/12\/may-dinh-luong-truc-vit-2019-tmdc-de07-5-cokhitanminhcom.jpg 550w, https:\/\/cokhitanminh.com\/may-dong-goi\/wp-content\/uploads\/2021\/12\/may-dinh-luong-truc-vit-2019-tmdc-de07-5-cokhitanminhcom-225x300.jpg 225w\" sizes=\"auto, (max-width: 550px) 100vw, 550px\" \/><\/a><\/p>\n<p><a href=\"https:\/\/cokhitanminh.com\/may-dong-goi\/wp-content\/uploads\/2021\/12\/may-dinh-luong-truc-vit-2019-tmdc-de07-6-cokhitanminhcom.jpg\"><img loading=\"lazy\" decoding=\"async\" class=\"size-full wp-image-4984 aligncenter\" src=\"https:\/\/cokhitanminh.com\/may-dong-goi\/wp-content\/uploads\/2021\/12\/may-dinh-luong-truc-vit-2019-tmdc-de07-6-cokhitanminhcom.jpg\" alt=\"\" width=\"550\" height=\"733\" srcset=\"https:\/\/cokhitanminh.com\/may-dong-goi\/wp-content\/uploads\/2021\/12\/may-dinh-luong-truc-vit-2019-tmdc-de07-6-cokhitanminhcom.jpg 550w, https:\/\/cokhitanminh.com\/may-dong-goi\/wp-content\/uploads\/2021\/12\/may-dinh-luong-truc-vit-2019-tmdc-de07-6-cokhitanminhcom-225x300.jpg 225w\" sizes=\"auto, (max-width: 550px) 100vw, 550px\" \/><\/a><\/p>\n<p><a href=\"https:\/\/cokhitanminh.com\/may-dong-goi\/wp-content\/uploads\/2021\/12\/may-dinh-luong-truc-vit-2019-tmdc-de07-7-cokhitanminhcom.jpg\"><img loading=\"lazy\" decoding=\"async\" class=\"size-full wp-image-4985 aligncenter\" src=\"https:\/\/cokhitanminh.com\/may-dong-goi\/wp-content\/uploads\/2021\/12\/may-dinh-luong-truc-vit-2019-tmdc-de07-7-cokhitanminhcom.jpg\" alt=\"\" width=\"550\" height=\"733\" srcset=\"https:\/\/cokhitanminh.com\/may-dong-goi\/wp-content\/uploads\/2021\/12\/may-dinh-luong-truc-vit-2019-tmdc-de07-7-cokhitanminhcom.jpg 550w, https:\/\/cokhitanminh.com\/may-dong-goi\/wp-content\/uploads\/2021\/12\/may-dinh-luong-truc-vit-2019-tmdc-de07-7-cokhitanminhcom-225x300.jpg 225w\" sizes=\"auto, (max-width: 550px) 100vw, 550px\" \/><\/a><\/p>\n<p><a href=\"https:\/\/cokhitanminh.com\/may-dong-goi\/wp-content\/uploads\/2021\/12\/may-dinh-luong-truc-vit-2019-tmdc-de07-8-cokhitanminhcom.jpg\"><img loading=\"lazy\" decoding=\"async\" class=\"size-full wp-image-4986 aligncenter\" src=\"https:\/\/cokhitanminh.com\/may-dong-goi\/wp-content\/uploads\/2021\/12\/may-dinh-luong-truc-vit-2019-tmdc-de07-8-cokhitanminhcom.jpg\" alt=\"\" width=\"550\" height=\"733\" srcset=\"https:\/\/cokhitanminh.com\/may-dong-goi\/wp-content\/uploads\/2021\/12\/may-dinh-luong-truc-vit-2019-tmdc-de07-8-cokhitanminhcom.jpg 550w, https:\/\/cokhitanminh.com\/may-dong-goi\/wp-content\/uploads\/2021\/12\/may-dinh-luong-truc-vit-2019-tmdc-de07-8-cokhitanminhcom-225x300.jpg 225w\" sizes=\"auto, (max-width: 550px) 100vw, 550px\" \/><\/a><\/p>\n<p style=\"text-align: justify;\">Chi ti\u1ebft s\u1ea3n ph\u1ea9m<em><strong> M\u00e1y \u0111\u1ecbnh l\u01b0\u1ee3ng tr\u1ee5c v\u00edt 2019 <\/strong><\/em>\u00a0xin vui l\u00f2ng li\u00ean h\u1ec7 Hotline: 19002861 \u0110\u1ec3 \u0111\u01b0\u1ee3c t\u01b0 v\u1ea5n ho\u00e0n to\u00e0n mi\u1ec5n ph\u00ed!<\/p>\n","protected":false},"excerpt":{"rendered":"<p>M\u00e1y \u0111\u1ecbnh l\u01b0\u1ee3ng tr\u1ee5c v\u00edt 2019 (TMDC-5R1) M\u00e1y \u0111\u1ecbnh l\u01b0\u1ee3ng tr\u1ee5c v\u00edt 2019 (TMDC-5R1) \u0111\u01b0\u1ee3c nghi\u00ean c\u1ee9u s\u1ea3n xu\u1ea5t v\u00e0 ph\u00e2n ph\u1ed1i tr\u00ean to\u00e0n qu\u1ed1c. T\u1ea5t c\u1ea3 c\u00e1c s\u1ea3n ph\u1ea9m c\u1ee7a ch\u00fang t\u00f4i \u0111\u1ec1u \u0111\u01b0\u1ee3c ki\u1ec3m tra k\u1ef9 l\u01b0\u1ee1ng v\u00e0 v\u1eadn h\u00e0nh th\u1ef1c t\u1ebf \u0111\u1ec3 lu\u00f4n \u0111\u1ea3m b\u1ea3o ch\u1ea5t l\u01b0\u1ee3ng t\u1ed1t nh\u1ea5t tr\u01b0\u1edbc khi b\u00e0n &#8230;<\/p>\n","protected":false},"featured_media":4987,"comment_status":"open","ping_status":"closed","template":"","meta":[],"class_list":{"0":"post-2012","1":"product","2":"type-product","3":"status-publish","4":"has-post-thumbnail","6":"product_cat-may-dinh-luong","8":"first","9":"instock","10":"shipping-taxable","11":"purchasable","12":"product-type-simple"},"brands":[],"yoast_head":"<!-- This site is optimized with the Yoast SEO plugin v17.6 - https:\/\/yoast.com\/wordpress\/plugins\/seo\/ -->\n<title>M\u00e1y \u0111\u1ecbnh l\u01b0\u1ee3ng tr\u1ee5c v\u00edt 2019 (TM\u0110G-5R1)<\/title>\n<meta name=\"description\" content=\"M\u00e1y \u0111\u1ecbnh l\u01b0\u1ee3ng tr\u1ee5c v\u00edt 2019 (TMDC-5R1) uy t\u00edn ch\u1ea5t l\u01b0\u1ee3ng Li\u00ean h\u1ec7 Hotline 1: 1900 2861 \u0110\u1ec3 \u0111\u01b0\u1ee3c t\u01b0 v\u1ea5n mi\u1ec5n ph\u00ed!\" \/>\n<meta name=\"robots\" content=\"index, follow, max-snippet:-1, max-image-preview:large, max-video-preview:-1\" \/>\n<link rel=\"canonical\" href=\"https:\/\/cokhitanminh.com\/may-dong-goi\/may-dinh-luong-truc-vit-2019-tmdc-5r1\/\" \/>\n<meta property=\"og:locale\" content=\"vi_VN\" \/>\n<meta property=\"og:type\" content=\"article\" \/>\n<meta property=\"og:title\" content=\"M\u00e1y \u0111\u1ecbnh l\u01b0\u1ee3ng tr\u1ee5c v\u00edt 2019 (TM\u0110G-5R1)\" \/>\n<meta property=\"og:description\" content=\"M\u00e1y \u0111\u1ecbnh l\u01b0\u1ee3ng tr\u1ee5c v\u00edt 2019 (TMDC-5R1) uy t\u00edn ch\u1ea5t l\u01b0\u1ee3ng Li\u00ean h\u1ec7 Hotline 1: 1900 2861 \u0110\u1ec3 \u0111\u01b0\u1ee3c t\u01b0 v\u1ea5n mi\u1ec5n ph\u00ed!\" \/>\n<meta property=\"og:url\" content=\"https:\/\/cokhitanminh.com\/may-dong-goi\/may-dinh-luong-truc-vit-2019-tmdc-5r1\/\" \/>\n<meta property=\"og:site_name\" content=\"M\u00c1Y \u0110\u00d3NG G\u00d3I T\u00c2N MINH\" \/>\n<meta property=\"article:modified_time\" content=\"2024-10-29T08:57:22+00:00\" \/>\n<meta property=\"og:image\" content=\"https:\/\/cokhitanminh.com\/may-dong-goi\/wp-content\/uploads\/2021\/12\/may-dinh-luong-truc-vit-2019-tmdc-de07-1-cokhitanminhcom.jpg\" \/>\n\t<meta property=\"og:image:width\" content=\"748\" \/>\n\t<meta property=\"og:image:height\" content=\"748\" \/>\n<meta name=\"twitter:card\" content=\"summary_large_image\" \/>\n<meta name=\"twitter:label1\" content=\"\u01af\u1edbc t\u00ednh th\u1eddi gian \u0111\u1ecdc\" \/>\n\t<meta name=\"twitter:data1\" content=\"3 ph\u00fat\" \/>\n<script type=\"application\/ld+json\" class=\"yoast-schema-graph\">{\"@context\":\"https:\/\/schema.org\",\"@graph\":[{\"@type\":\"WebSite\",\"@id\":\"https:\/\/cokhitanminh.com\/may-dong-goi\/#website\",\"url\":\"https:\/\/cokhitanminh.com\/may-dong-goi\/\",\"name\":\"M\\u00c1Y \\u0110\\u00d3NG G\\u00d3I T\\u00c2N MINH\",\"description\":\"Chuy\\u00ean gia m\\u00e1y \\u0111\\u00f3ng g\\u00f3i\",\"potentialAction\":[{\"@type\":\"SearchAction\",\"target\":{\"@type\":\"EntryPoint\",\"urlTemplate\":\"https:\/\/cokhitanminh.com\/may-dong-goi\/?s={search_term_string}\"},\"query-input\":\"required name=search_term_string\"}],\"inLanguage\":\"vi\"},{\"@type\":\"ImageObject\",\"@id\":\"https:\/\/cokhitanminh.com\/may-dong-goi\/may-dinh-luong-truc-vit-2019-tmdc-5r1\/#primaryimage\",\"inLanguage\":\"vi\",\"url\":\"https:\/\/cokhitanminh.com\/may-dong-goi\/wp-content\/uploads\/2021\/12\/may-dinh-luong-truc-vit-2019-tmdc-de07-1-cokhitanminhcom.jpg\",\"contentUrl\":\"https:\/\/cokhitanminh.com\/may-dong-goi\/wp-content\/uploads\/2021\/12\/may-dinh-luong-truc-vit-2019-tmdc-de07-1-cokhitanminhcom.jpg\",\"width\":748,\"height\":748,\"caption\":\"M\\u00c1Y \\u0110\\u1ecaNH L\\u01af\\u1ee2NG TR\\u1ee4C V\\u00cdT 2019 (TMDC-DE07)\"},{\"@type\":\"WebPage\",\"@id\":\"https:\/\/cokhitanminh.com\/may-dong-goi\/may-dinh-luong-truc-vit-2019-tmdc-5r1\/#webpage\",\"url\":\"https:\/\/cokhitanminh.com\/may-dong-goi\/may-dinh-luong-truc-vit-2019-tmdc-5r1\/\",\"name\":\"M\\u00e1y \\u0111\\u1ecbnh l\\u01b0\\u1ee3ng tr\\u1ee5c v\\u00edt 2019 (TM\\u0110G-5R1)\",\"isPartOf\":{\"@id\":\"https:\/\/cokhitanminh.com\/may-dong-goi\/#website\"},\"primaryImageOfPage\":{\"@id\":\"https:\/\/cokhitanminh.com\/may-dong-goi\/may-dinh-luong-truc-vit-2019-tmdc-5r1\/#primaryimage\"},\"datePublished\":\"2021-12-04T03:22:19+00:00\",\"dateModified\":\"2024-10-29T08:57:22+00:00\",\"description\":\"M\\u00e1y \\u0111\\u1ecbnh l\\u01b0\\u1ee3ng tr\\u1ee5c v\\u00edt 2019 (TMDC-5R1) uy t\\u00edn ch\\u1ea5t l\\u01b0\\u1ee3ng Li\\u00ean h\\u1ec7 Hotline 1: 1900 2861 \\u0110\\u1ec3 \\u0111\\u01b0\\u1ee3c t\\u01b0 v\\u1ea5n mi\\u1ec5n ph\\u00ed!\",\"breadcrumb\":{\"@id\":\"https:\/\/cokhitanminh.com\/may-dong-goi\/may-dinh-luong-truc-vit-2019-tmdc-5r1\/#breadcrumb\"},\"inLanguage\":\"vi\",\"potentialAction\":[{\"@type\":\"ReadAction\",\"target\":[\"https:\/\/cokhitanminh.com\/may-dong-goi\/may-dinh-luong-truc-vit-2019-tmdc-5r1\/\"]}]},{\"@type\":\"BreadcrumbList\",\"@id\":\"https:\/\/cokhitanminh.com\/may-dong-goi\/may-dinh-luong-truc-vit-2019-tmdc-5r1\/#breadcrumb\",\"itemListElement\":[{\"@type\":\"ListItem\",\"position\":1,\"name\":\"Trang ch\\u1ee7\",\"item\":\"https:\/\/cokhitanminh.com\/may-dong-goi\/\"},{\"@type\":\"ListItem\",\"position\":2,\"name\":\"C\\u1eeda h\\u00e0ng\",\"item\":\"https:\/\/cokhitanminh.com\/may-dong-goi\/mua\/\"},{\"@type\":\"ListItem\",\"position\":3,\"name\":\"M\\u00e1y \\u0111\\u1ecbnh l\\u01b0\\u1ee3ng tr\\u1ee5c v\\u00edt 2019 (TM\\u0110G-5R1)\"}]}]}<\/script>\n<!-- \/ Yoast SEO plugin. -->","yoast_head_json":{"title":"M\u00e1y \u0111\u1ecbnh l\u01b0\u1ee3ng tr\u1ee5c v\u00edt 2019 (TM\u0110G-5R1)","description":"M\u00e1y \u0111\u1ecbnh l\u01b0\u1ee3ng tr\u1ee5c v\u00edt 2019 (TMDC-5R1) uy t\u00edn ch\u1ea5t l\u01b0\u1ee3ng Li\u00ean h\u1ec7 Hotline 1: 1900 2861 \u0110\u1ec3 \u0111\u01b0\u1ee3c t\u01b0 v\u1ea5n mi\u1ec5n ph\u00ed!","robots":{"index":"index","follow":"follow","max-snippet":"max-snippet:-1","max-image-preview":"max-image-preview:large","max-video-preview":"max-video-preview:-1"},"canonical":"https:\/\/cokhitanminh.com\/may-dong-goi\/may-dinh-luong-truc-vit-2019-tmdc-5r1\/","og_locale":"vi_VN","og_type":"article","og_title":"M\u00e1y \u0111\u1ecbnh l\u01b0\u1ee3ng tr\u1ee5c v\u00edt 2019 (TM\u0110G-5R1)","og_description":"M\u00e1y \u0111\u1ecbnh l\u01b0\u1ee3ng tr\u1ee5c v\u00edt 2019 (TMDC-5R1) uy t\u00edn ch\u1ea5t l\u01b0\u1ee3ng Li\u00ean h\u1ec7 Hotline 1: 1900 2861 \u0110\u1ec3 \u0111\u01b0\u1ee3c t\u01b0 v\u1ea5n mi\u1ec5n ph\u00ed!","og_url":"https:\/\/cokhitanminh.com\/may-dong-goi\/may-dinh-luong-truc-vit-2019-tmdc-5r1\/","og_site_name":"M\u00c1Y \u0110\u00d3NG G\u00d3I T\u00c2N MINH","article_modified_time":"2024-10-29T08:57:22+00:00","og_image":[{"width":748,"height":748,"url":"https:\/\/cokhitanminh.com\/may-dong-goi\/wp-content\/uploads\/2021\/12\/may-dinh-luong-truc-vit-2019-tmdc-de07-1-cokhitanminhcom.jpg","type":"image\/jpeg"}],"twitter_card":"summary_large_image","twitter_misc":{"\u01af\u1edbc t\u00ednh th\u1eddi gian \u0111\u1ecdc":"3 ph\u00fat"},"schema":{"@context":"https:\/\/schema.org","@graph":[{"@type":"WebSite","@id":"https:\/\/cokhitanminh.com\/may-dong-goi\/#website","url":"https:\/\/cokhitanminh.com\/may-dong-goi\/","name":"M\u00c1Y \u0110\u00d3NG G\u00d3I T\u00c2N MINH","description":"Chuy\u00ean gia m\u00e1y \u0111\u00f3ng g\u00f3i","potentialAction":[{"@type":"SearchAction","target":{"@type":"EntryPoint","urlTemplate":"https:\/\/cokhitanminh.com\/may-dong-goi\/?s={search_term_string}"},"query-input":"required name=search_term_string"}],"inLanguage":"vi"},{"@type":"ImageObject","@id":"https:\/\/cokhitanminh.com\/may-dong-goi\/may-dinh-luong-truc-vit-2019-tmdc-5r1\/#primaryimage","inLanguage":"vi","url":"https:\/\/cokhitanminh.com\/may-dong-goi\/wp-content\/uploads\/2021\/12\/may-dinh-luong-truc-vit-2019-tmdc-de07-1-cokhitanminhcom.jpg","contentUrl":"https:\/\/cokhitanminh.com\/may-dong-goi\/wp-content\/uploads\/2021\/12\/may-dinh-luong-truc-vit-2019-tmdc-de07-1-cokhitanminhcom.jpg","width":748,"height":748,"caption":"M\u00c1Y \u0110\u1ecaNH L\u01af\u1ee2NG TR\u1ee4C V\u00cdT 2019 (TMDC-DE07)"},{"@type":"WebPage","@id":"https:\/\/cokhitanminh.com\/may-dong-goi\/may-dinh-luong-truc-vit-2019-tmdc-5r1\/#webpage","url":"https:\/\/cokhitanminh.com\/may-dong-goi\/may-dinh-luong-truc-vit-2019-tmdc-5r1\/","name":"M\u00e1y \u0111\u1ecbnh l\u01b0\u1ee3ng tr\u1ee5c v\u00edt 2019 (TM\u0110G-5R1)","isPartOf":{"@id":"https:\/\/cokhitanminh.com\/may-dong-goi\/#website"},"primaryImageOfPage":{"@id":"https:\/\/cokhitanminh.com\/may-dong-goi\/may-dinh-luong-truc-vit-2019-tmdc-5r1\/#primaryimage"},"datePublished":"2021-12-04T03:22:19+00:00","dateModified":"2024-10-29T08:57:22+00:00","description":"M\u00e1y \u0111\u1ecbnh l\u01b0\u1ee3ng tr\u1ee5c v\u00edt 2019 (TMDC-5R1) uy t\u00edn ch\u1ea5t l\u01b0\u1ee3ng Li\u00ean h\u1ec7 Hotline 1: 1900 2861 \u0110\u1ec3 \u0111\u01b0\u1ee3c t\u01b0 v\u1ea5n mi\u1ec5n ph\u00ed!","breadcrumb":{"@id":"https:\/\/cokhitanminh.com\/may-dong-goi\/may-dinh-luong-truc-vit-2019-tmdc-5r1\/#breadcrumb"},"inLanguage":"vi","potentialAction":[{"@type":"ReadAction","target":["https:\/\/cokhitanminh.com\/may-dong-goi\/may-dinh-luong-truc-vit-2019-tmdc-5r1\/"]}]},{"@type":"BreadcrumbList","@id":"https:\/\/cokhitanminh.com\/may-dong-goi\/may-dinh-luong-truc-vit-2019-tmdc-5r1\/#breadcrumb","itemListElement":[{"@type":"ListItem","position":1,"name":"Trang ch\u1ee7","item":"https:\/\/cokhitanminh.com\/may-dong-goi\/"},{"@type":"ListItem","position":2,"name":"C\u1eeda h\u00e0ng","item":"https:\/\/cokhitanminh.com\/may-dong-goi\/mua\/"},{"@type":"ListItem","position":3,"name":"M\u00e1y \u0111\u1ecbnh l\u01b0\u1ee3ng tr\u1ee5c v\u00edt 2019 (TM\u0110G-5R1)"}]}]}},"_links":{"self":[{"href":"https:\/\/cokhitanminh.com\/may-dong-goi\/wp-json\/wp\/v2\/product\/2012","targetHints":{"allow":["GET"]}}],"collection":[{"href":"https:\/\/cokhitanminh.com\/may-dong-goi\/wp-json\/wp\/v2\/product"}],"about":[{"href":"https:\/\/cokhitanminh.com\/may-dong-goi\/wp-json\/wp\/v2\/types\/product"}],"replies":[{"embeddable":true,"href":"https:\/\/cokhitanminh.com\/may-dong-goi\/wp-json\/wp\/v2\/comments?post=2012"}],"wp:featuredmedia":[{"embeddable":true,"href":"https:\/\/cokhitanminh.com\/may-dong-goi\/wp-json\/wp\/v2\/media\/4987"}],"wp:attachment":[{"href":"https:\/\/cokhitanminh.com\/may-dong-goi\/wp-json\/wp\/v2\/media?parent=2012"}],"curies":[{"name":"wp","href":"https:\/\/api.w.org\/{rel}","templated":true}]}}