{"id":2010,"date":"2021-12-04T03:22:19","date_gmt":"2021-12-04T03:22:19","guid":{"rendered":"https:\/\/cokhitanminh.com\/may-dong-goi\/?post_type=product&#038;p=2010"},"modified":"2024-10-16T07:35:29","modified_gmt":"2024-10-16T07:35:29","slug":"may-di%cc%a3nh-luo%cc%a3ng-can-die%cc%a3n-tu%cc%89-tmdg-2r13","status":"publish","type":"product","link":"https:\/\/cokhitanminh.com\/may-dong-goi\/may-di%cc%a3nh-luo%cc%a3ng-can-die%cc%a3n-tu%cc%89-tmdg-2r13\/","title":{"rendered":"Ma\u0301y \u0111i\u0323nh l\u01b0\u01a1\u0323ng c\u00e2n \u0111i\u00ea\u0323n t\u01b0\u0309 TM\u0110G-2R13"},"content":{"rendered":"<h3 style=\"text-align: justify;\"><a href=\"https:\/\/cokhitanminh.com\/may-dong-goi\/may-di%cc%a3nh-luo%cc%a3ng-can-die%cc%a3n-tu%cc%89-tmdc-de05\/\"><strong><em>Ma\u0301y \u0111i\u0323nh l\u01b0\u01a1\u0323ng c\u00e2n \u0111i\u00ea\u0323n t\u01b0\u0309 TM\u0110G-2R13<\/em><\/strong><\/a><\/h3>\n<p style=\"text-align: justify;\"><em><strong>Ma\u0301y \u0111i\u0323nh l\u01b0\u01a1\u0323ng c\u00e2n \u0111i\u00ea\u0323n t\u01b0\u0309<\/strong><\/em> TM\u0110G-2R13 \u0111\u01b0\u1ee3c nghi\u00ean c\u1ee9u s\u1ea3n xu\u1ea5t v\u00e0 ph\u00e2n ph\u1ed1i tr\u00ean to\u00e0n qu\u1ed1c. T\u1ea5t c\u1ea3 c\u00e1c s\u1ea3n ph\u1ea9m c\u1ee7a ch\u00fang t\u00f4i \u0111\u1ec1u \u0111\u01b0\u1ee3c ki\u1ec3m tra k\u1ef9 l\u01b0\u1ee1ng v\u00e0 v\u1eadn h\u00e0nh th\u1ef1c t\u1ebf \u0111\u1ec3 lu\u00f4n \u0111\u1ea3m b\u1ea3o ch\u1ea5t l\u01b0\u1ee3ng t\u1ed1t nh\u1ea5t tr\u01b0\u1edbc khi b\u00e0n giao thi\u1ebft b\u1ecb cho kh\u00e1ch h\u00e0ng.<\/p>\n<p style=\"text-align: justify;\"><strong>Th\u00f4ng s\u1ed1 k\u1ef9 thu\u1eadt:<\/strong><\/p>\n<p>&#8211; Model: TM\u0110G-2R13<\/p>\n<p>&#8211; \u0110i\u1ec7n \u00e1p: AC 220V\/50Hz<\/p>\n<p>&#8211; C\u00f4ng su\u1ea5t: 120W<\/p>\n<p>&#8211; T\u00f4\u0301c \u0111\u00f4\u0323 \u0111i\u0323nh l\u01b0\u01a1\u0323ng: 8-12 sa\u0309n ph\u00e2\u0309m\/phu\u0301t<\/p>\n<p>&#8211; Sai s\u1ed1: \u00b11%<\/p>\n<p>&#8211; Ph\u1ea1m vi \u0111\u1ecbnh l\u01b0\u1ee3ng : 20-1500 g<\/p>\n<p>&#8211; Dung t\u00edch ph\u1ec5u ch\u1ee9a li\u1ec7u: 45 l\u00edt<\/p>\n<p>&#8211; Dung t\u00edch \u0111\u1ea7u c\u00e2n: 1.8 l\u00edt<\/p>\n<p>&#8211; K\u00edch th\u01b0\u1edbc m\u00e1y: 480 x 350 x 1100mm<\/p>\n<p>&#8211; Tr\u1ecdng l\u01b0\u1ee3ng: 34 Kg<\/p>\n<p>&#8211; V\u1eadt li\u1ec7u ch\u00ednh (v\u1ecf m\u00e1y): Inox 201<\/p>\n<p>&#8211; B\u1ea3o h\u00e0nh: 12 th\u00e1ng<\/p>\n<p style=\"text-align: justify;\"><strong>H\u00ecnh \u1ea3nh s\u1ea3n ph\u1ea9m:<\/strong><\/p>\n<p><a href=\"https:\/\/cokhitanminh.com\/may-dong-goi\/wp-content\/uploads\/2021\/12\/may-dinh-luong-can-dien-tu-tmdc-de05-cktm.mdg-11.jpg\"><img loading=\"lazy\" decoding=\"async\" class=\"size-full wp-image-4970 aligncenter\" src=\"https:\/\/cokhitanminh.com\/may-dong-goi\/wp-content\/uploads\/2021\/12\/may-dinh-luong-can-dien-tu-tmdc-de05-cktm.mdg-11.jpg\" alt=\"\" width=\"650\" height=\"365\" srcset=\"https:\/\/cokhitanminh.com\/may-dong-goi\/wp-content\/uploads\/2021\/12\/may-dinh-luong-can-dien-tu-tmdc-de05-cktm.mdg-11.jpg 650w, https:\/\/cokhitanminh.com\/may-dong-goi\/wp-content\/uploads\/2021\/12\/may-dinh-luong-can-dien-tu-tmdc-de05-cktm.mdg-11-300x168.jpg 300w, https:\/\/cokhitanminh.com\/may-dong-goi\/wp-content\/uploads\/2021\/12\/may-dinh-luong-can-dien-tu-tmdc-de05-cktm.mdg-11-600x337.jpg 600w\" sizes=\"auto, (max-width: 650px) 100vw, 650px\" \/><\/a><\/p>\n<p><a href=\"https:\/\/cokhitanminh.com\/may-dong-goi\/wp-content\/uploads\/2021\/12\/may-dinh-luong-can-dien-tu-tmdc-de05-cktm.mdg-7.jpg\"><img loading=\"lazy\" decoding=\"async\" class=\"size-full wp-image-4965 aligncenter\" src=\"https:\/\/cokhitanminh.com\/may-dong-goi\/wp-content\/uploads\/2021\/12\/may-dinh-luong-can-dien-tu-tmdc-de05-cktm.mdg-7.jpg\" alt=\"\" width=\"650\" height=\"433\" srcset=\"https:\/\/cokhitanminh.com\/may-dong-goi\/wp-content\/uploads\/2021\/12\/may-dinh-luong-can-dien-tu-tmdc-de05-cktm.mdg-7.jpg 650w, https:\/\/cokhitanminh.com\/may-dong-goi\/wp-content\/uploads\/2021\/12\/may-dinh-luong-can-dien-tu-tmdc-de05-cktm.mdg-7-300x200.jpg 300w, https:\/\/cokhitanminh.com\/may-dong-goi\/wp-content\/uploads\/2021\/12\/may-dinh-luong-can-dien-tu-tmdc-de05-cktm.mdg-7-600x400.jpg 600w\" sizes=\"auto, (max-width: 650px) 100vw, 650px\" \/><\/a> <a href=\"https:\/\/cokhitanminh.com\/may-dong-goi\/wp-content\/uploads\/2021\/12\/may-dinh-luong-can-dien-tu-tmdc-de05-cktm.mdg-8.jpg\"><img loading=\"lazy\" decoding=\"async\" class=\"size-full wp-image-4966 aligncenter\" src=\"https:\/\/cokhitanminh.com\/may-dong-goi\/wp-content\/uploads\/2021\/12\/may-dinh-luong-can-dien-tu-tmdc-de05-cktm.mdg-8.jpg\" alt=\"\" width=\"650\" height=\"433\" srcset=\"https:\/\/cokhitanminh.com\/may-dong-goi\/wp-content\/uploads\/2021\/12\/may-dinh-luong-can-dien-tu-tmdc-de05-cktm.mdg-8.jpg 650w, https:\/\/cokhitanminh.com\/may-dong-goi\/wp-content\/uploads\/2021\/12\/may-dinh-luong-can-dien-tu-tmdc-de05-cktm.mdg-8-300x200.jpg 300w, https:\/\/cokhitanminh.com\/may-dong-goi\/wp-content\/uploads\/2021\/12\/may-dinh-luong-can-dien-tu-tmdc-de05-cktm.mdg-8-600x400.jpg 600w\" sizes=\"auto, (max-width: 650px) 100vw, 650px\" \/><\/a> <a href=\"https:\/\/cokhitanminh.com\/may-dong-goi\/wp-content\/uploads\/2021\/12\/may-dinh-luong-can-dien-tu-tmdc-de05-cktm.mdg-9.jpg\"><img loading=\"lazy\" decoding=\"async\" class=\"size-full wp-image-4968 aligncenter\" src=\"https:\/\/cokhitanminh.com\/may-dong-goi\/wp-content\/uploads\/2021\/12\/may-dinh-luong-can-dien-tu-tmdc-de05-cktm.mdg-9.jpg\" alt=\"\" width=\"650\" height=\"433\" srcset=\"https:\/\/cokhitanminh.com\/may-dong-goi\/wp-content\/uploads\/2021\/12\/may-dinh-luong-can-dien-tu-tmdc-de05-cktm.mdg-9.jpg 650w, https:\/\/cokhitanminh.com\/may-dong-goi\/wp-content\/uploads\/2021\/12\/may-dinh-luong-can-dien-tu-tmdc-de05-cktm.mdg-9-300x200.jpg 300w, https:\/\/cokhitanminh.com\/may-dong-goi\/wp-content\/uploads\/2021\/12\/may-dinh-luong-can-dien-tu-tmdc-de05-cktm.mdg-9-600x400.jpg 600w\" sizes=\"auto, (max-width: 650px) 100vw, 650px\" \/><\/a> <a href=\"https:\/\/cokhitanminh.com\/may-dong-goi\/wp-content\/uploads\/2021\/12\/may-dinh-luong-can-dien-tu-tmdc-de05-cktm.mdg-12.jpg\"><img loading=\"lazy\" decoding=\"async\" class=\"size-full wp-image-4971 aligncenter\" src=\"https:\/\/cokhitanminh.com\/may-dong-goi\/wp-content\/uploads\/2021\/12\/may-dinh-luong-can-dien-tu-tmdc-de05-cktm.mdg-12.jpg\" alt=\"\" width=\"650\" height=\"650\" srcset=\"https:\/\/cokhitanminh.com\/may-dong-goi\/wp-content\/uploads\/2021\/12\/may-dinh-luong-can-dien-tu-tmdc-de05-cktm.mdg-12.jpg 650w, https:\/\/cokhitanminh.com\/may-dong-goi\/wp-content\/uploads\/2021\/12\/may-dinh-luong-can-dien-tu-tmdc-de05-cktm.mdg-12-300x300.jpg 300w, https:\/\/cokhitanminh.com\/may-dong-goi\/wp-content\/uploads\/2021\/12\/may-dinh-luong-can-dien-tu-tmdc-de05-cktm.mdg-12-150x150.jpg 150w, https:\/\/cokhitanminh.com\/may-dong-goi\/wp-content\/uploads\/2021\/12\/may-dinh-luong-can-dien-tu-tmdc-de05-cktm.mdg-12-600x600.jpg 600w, https:\/\/cokhitanminh.com\/may-dong-goi\/wp-content\/uploads\/2021\/12\/may-dinh-luong-can-dien-tu-tmdc-de05-cktm.mdg-12-100x100.jpg 100w\" sizes=\"auto, (max-width: 650px) 100vw, 650px\" \/><\/a> <a href=\"https:\/\/cokhitanminh.com\/may-dong-goi\/wp-content\/uploads\/2021\/12\/may-dinh-luong-can-dien-tu-tmdc-de05-cktm.mdg-13.jpg\"><img loading=\"lazy\" decoding=\"async\" class=\"size-full wp-image-4972 aligncenter\" src=\"https:\/\/cokhitanminh.com\/may-dong-goi\/wp-content\/uploads\/2021\/12\/may-dinh-luong-can-dien-tu-tmdc-de05-cktm.mdg-13.jpg\" alt=\"\" width=\"650\" height=\"776\" srcset=\"https:\/\/cokhitanminh.com\/may-dong-goi\/wp-content\/uploads\/2021\/12\/may-dinh-luong-can-dien-tu-tmdc-de05-cktm.mdg-13.jpg 650w, https:\/\/cokhitanminh.com\/may-dong-goi\/wp-content\/uploads\/2021\/12\/may-dinh-luong-can-dien-tu-tmdc-de05-cktm.mdg-13-251x300.jpg 251w, https:\/\/cokhitanminh.com\/may-dong-goi\/wp-content\/uploads\/2021\/12\/may-dinh-luong-can-dien-tu-tmdc-de05-cktm.mdg-13-600x716.jpg 600w\" sizes=\"auto, (max-width: 650px) 100vw, 650px\" \/><\/a><\/p>\n<p style=\"text-align: justify;\">Chi ti\u1ebft s\u1ea3n ph\u1ea9m <em><strong>Ma\u0301y \u0111i\u0323nh l\u01b0\u01a1\u0323ng c\u00e2n \u0111i\u00ea\u0323n t\u01b0\u0309<\/strong><\/em><em> TM\u0110G-2R13<\/em>\u00a0xin vui l\u00f2ng li\u00ean h\u1ec7 Hotline: 19002861 \u0110\u1ec3 \u0111\u01b0\u1ee3c t\u01b0 v\u1ea5n ho\u00e0n to\u00e0n mi\u1ec5n ph\u00ed!<\/p>\n","protected":false},"excerpt":{"rendered":"<p>Ma\u0301y \u0111i\u0323nh l\u01b0\u01a1\u0323ng c\u00e2n \u0111i\u00ea\u0323n t\u01b0\u0309 TM\u0110G-2R13 Ma\u0301y \u0111i\u0323nh l\u01b0\u01a1\u0323ng c\u00e2n \u0111i\u00ea\u0323n t\u01b0\u0309 TM\u0110G-2R13 \u0111\u01b0\u1ee3c nghi\u00ean c\u1ee9u s\u1ea3n xu\u1ea5t v\u00e0 ph\u00e2n ph\u1ed1i tr\u00ean to\u00e0n qu\u1ed1c. T\u1ea5t c\u1ea3 c\u00e1c s\u1ea3n ph\u1ea9m c\u1ee7a ch\u00fang t\u00f4i \u0111\u1ec1u \u0111\u01b0\u1ee3c ki\u1ec3m tra k\u1ef9 l\u01b0\u1ee1ng v\u00e0 v\u1eadn h\u00e0nh th\u1ef1c t\u1ebf \u0111\u1ec3 lu\u00f4n \u0111\u1ea3m b\u1ea3o ch\u1ea5t l\u01b0\u1ee3ng t\u1ed1t nh\u1ea5t tr\u01b0\u1edbc khi b\u00e0n &#8230;<\/p>\n","protected":false},"featured_media":4969,"comment_status":"open","ping_status":"closed","template":"","meta":[],"class_list":{"0":"post-2010","1":"product","2":"type-product","3":"status-publish","4":"has-post-thumbnail","6":"product_cat-may-dinh-luong","8":"first","9":"instock","10":"shipping-taxable","11":"purchasable","12":"product-type-simple"},"brands":[],"yoast_head":"<!-- This site is optimized with the Yoast SEO plugin v17.6 - https:\/\/yoast.com\/wordpress\/plugins\/seo\/ -->\n<title>Ma\u0301y \u0111i\u0323nh l\u01b0\u01a1\u0323ng c\u00e2n \u0111i\u00ea\u0323n t\u01b0\u0309 TM\u0110G-2R13 - M\u00c1Y \u0110\u00d3NG G\u00d3I T\u00c2N MINH<\/title>\n<meta name=\"description\" content=\"Ma\u0301y \u0111i\u0323nh l\u01b0\u01a1\u0323ng c\u00e2n \u0111i\u00ea\u0323n t\u01b0\u0309TM\u0110G-2R13 uy t\u00edn ch\u1ea5t l\u01b0\u1ee3ng Li\u00ean h\u1ec7 Hotline 1: 1900 2861 | Hotline 2: 09 67 68 69 11 \u0110\u1ec3 \u0111\u01b0\u1ee3c t\u01b0 v\u1ea5n mi\u1ec5n ph\u00ed!\" \/>\n<meta name=\"robots\" content=\"index, follow, max-snippet:-1, max-image-preview:large, max-video-preview:-1\" \/>\n<link rel=\"canonical\" href=\"https:\/\/cokhitanminh.com\/may-dong-goi\/may-di\u0323nh-luo\u0323ng-can-die\u0323n-tu\u0309-tmdg-2r13\/\" \/>\n<meta property=\"og:locale\" content=\"vi_VN\" \/>\n<meta property=\"og:type\" content=\"article\" \/>\n<meta property=\"og:title\" content=\"Ma\u0301y \u0111i\u0323nh l\u01b0\u01a1\u0323ng c\u00e2n \u0111i\u00ea\u0323n t\u01b0\u0309 TM\u0110G-2R13 - M\u00c1Y \u0110\u00d3NG G\u00d3I T\u00c2N MINH\" \/>\n<meta property=\"og:description\" content=\"Ma\u0301y \u0111i\u0323nh l\u01b0\u01a1\u0323ng c\u00e2n \u0111i\u00ea\u0323n t\u01b0\u0309TM\u0110G-2R13 uy t\u00edn ch\u1ea5t l\u01b0\u1ee3ng Li\u00ean h\u1ec7 Hotline 1: 1900 2861 | Hotline 2: 09 67 68 69 11 \u0110\u1ec3 \u0111\u01b0\u1ee3c t\u01b0 v\u1ea5n mi\u1ec5n ph\u00ed!\" \/>\n<meta property=\"og:url\" content=\"https:\/\/cokhitanminh.com\/may-dong-goi\/may-di\u0323nh-luo\u0323ng-can-die\u0323n-tu\u0309-tmdg-2r13\/\" \/>\n<meta property=\"og:site_name\" content=\"M\u00c1Y \u0110\u00d3NG G\u00d3I T\u00c2N MINH\" \/>\n<meta property=\"article:modified_time\" content=\"2024-10-16T07:35:29+00:00\" \/>\n<meta property=\"og:image\" content=\"https:\/\/cokhitanminh.com\/may-dong-goi\/wp-content\/uploads\/2021\/12\/may-dinh-luong-can-dien-tu-tmdc-de05-cktm.mdg-10.jpg\" \/>\n\t<meta property=\"og:image:width\" content=\"1024\" \/>\n\t<meta property=\"og:image:height\" content=\"1024\" \/>\n<meta name=\"twitter:card\" content=\"summary_large_image\" \/>\n<meta name=\"twitter:label1\" content=\"\u01af\u1edbc t\u00ednh th\u1eddi gian \u0111\u1ecdc\" \/>\n\t<meta name=\"twitter:data1\" content=\"2 ph\u00fat\" \/>\n<script type=\"application\/ld+json\" class=\"yoast-schema-graph\">{\"@context\":\"https:\/\/schema.org\",\"@graph\":[{\"@type\":\"WebSite\",\"@id\":\"https:\/\/cokhitanminh.com\/may-dong-goi\/#website\",\"url\":\"https:\/\/cokhitanminh.com\/may-dong-goi\/\",\"name\":\"M\\u00c1Y \\u0110\\u00d3NG G\\u00d3I T\\u00c2N MINH\",\"description\":\"Chuy\\u00ean gia m\\u00e1y \\u0111\\u00f3ng g\\u00f3i\",\"potentialAction\":[{\"@type\":\"SearchAction\",\"target\":{\"@type\":\"EntryPoint\",\"urlTemplate\":\"https:\/\/cokhitanminh.com\/may-dong-goi\/?s={search_term_string}\"},\"query-input\":\"required name=search_term_string\"}],\"inLanguage\":\"vi\"},{\"@type\":\"ImageObject\",\"@id\":\"https:\/\/cokhitanminh.com\/may-dong-goi\/may-di%cc%a3nh-luo%cc%a3ng-can-die%cc%a3n-tu%cc%89-tmdg-2r13\/#primaryimage\",\"inLanguage\":\"vi\",\"url\":\"https:\/\/cokhitanminh.com\/may-dong-goi\/wp-content\/uploads\/2021\/12\/may-dinh-luong-can-dien-tu-tmdc-de05-cktm.mdg-10.jpg\",\"contentUrl\":\"https:\/\/cokhitanminh.com\/may-dong-goi\/wp-content\/uploads\/2021\/12\/may-dinh-luong-can-dien-tu-tmdc-de05-cktm.mdg-10.jpg\",\"width\":1024,\"height\":1024},{\"@type\":\"WebPage\",\"@id\":\"https:\/\/cokhitanminh.com\/may-dong-goi\/may-di%cc%a3nh-luo%cc%a3ng-can-die%cc%a3n-tu%cc%89-tmdg-2r13\/#webpage\",\"url\":\"https:\/\/cokhitanminh.com\/may-dong-goi\/may-di%cc%a3nh-luo%cc%a3ng-can-die%cc%a3n-tu%cc%89-tmdg-2r13\/\",\"name\":\"Ma\\u0301y \\u0111i\\u0323nh l\\u01b0\\u01a1\\u0323ng c\\u00e2n \\u0111i\\u00ea\\u0323n t\\u01b0\\u0309 TM\\u0110G-2R13 - M\\u00c1Y \\u0110\\u00d3NG G\\u00d3I T\\u00c2N MINH\",\"isPartOf\":{\"@id\":\"https:\/\/cokhitanminh.com\/may-dong-goi\/#website\"},\"primaryImageOfPage\":{\"@id\":\"https:\/\/cokhitanminh.com\/may-dong-goi\/may-di%cc%a3nh-luo%cc%a3ng-can-die%cc%a3n-tu%cc%89-tmdg-2r13\/#primaryimage\"},\"datePublished\":\"2021-12-04T03:22:19+00:00\",\"dateModified\":\"2024-10-16T07:35:29+00:00\",\"description\":\"Ma\\u0301y \\u0111i\\u0323nh l\\u01b0\\u01a1\\u0323ng c\\u00e2n \\u0111i\\u00ea\\u0323n t\\u01b0\\u0309TM\\u0110G-2R13 uy t\\u00edn ch\\u1ea5t l\\u01b0\\u1ee3ng Li\\u00ean h\\u1ec7 Hotline 1: 1900 2861 | Hotline 2: 09 67 68 69 11 \\u0110\\u1ec3 \\u0111\\u01b0\\u1ee3c t\\u01b0 v\\u1ea5n mi\\u1ec5n ph\\u00ed!\",\"breadcrumb\":{\"@id\":\"https:\/\/cokhitanminh.com\/may-dong-goi\/may-di%cc%a3nh-luo%cc%a3ng-can-die%cc%a3n-tu%cc%89-tmdg-2r13\/#breadcrumb\"},\"inLanguage\":\"vi\",\"potentialAction\":[{\"@type\":\"ReadAction\",\"target\":[\"https:\/\/cokhitanminh.com\/may-dong-goi\/may-di%cc%a3nh-luo%cc%a3ng-can-die%cc%a3n-tu%cc%89-tmdg-2r13\/\"]}]},{\"@type\":\"BreadcrumbList\",\"@id\":\"https:\/\/cokhitanminh.com\/may-dong-goi\/may-di%cc%a3nh-luo%cc%a3ng-can-die%cc%a3n-tu%cc%89-tmdg-2r13\/#breadcrumb\",\"itemListElement\":[{\"@type\":\"ListItem\",\"position\":1,\"name\":\"Trang ch\\u1ee7\",\"item\":\"https:\/\/cokhitanminh.com\/may-dong-goi\/\"},{\"@type\":\"ListItem\",\"position\":2,\"name\":\"C\\u1eeda h\\u00e0ng\",\"item\":\"https:\/\/cokhitanminh.com\/may-dong-goi\/mua\/\"},{\"@type\":\"ListItem\",\"position\":3,\"name\":\"Ma\\u0301y \\u0111i\\u0323nh l\\u01b0\\u01a1\\u0323ng c\\u00e2n \\u0111i\\u00ea\\u0323n t\\u01b0\\u0309 TM\\u0110G-2R13\"}]}]}<\/script>\n<!-- \/ Yoast SEO plugin. -->","yoast_head_json":{"title":"Ma\u0301y \u0111i\u0323nh l\u01b0\u01a1\u0323ng c\u00e2n \u0111i\u00ea\u0323n t\u01b0\u0309 TM\u0110G-2R13 - M\u00c1Y \u0110\u00d3NG G\u00d3I T\u00c2N MINH","description":"Ma\u0301y \u0111i\u0323nh l\u01b0\u01a1\u0323ng c\u00e2n \u0111i\u00ea\u0323n t\u01b0\u0309TM\u0110G-2R13 uy t\u00edn ch\u1ea5t l\u01b0\u1ee3ng Li\u00ean h\u1ec7 Hotline 1: 1900 2861 | Hotline 2: 09 67 68 69 11 \u0110\u1ec3 \u0111\u01b0\u1ee3c t\u01b0 v\u1ea5n mi\u1ec5n ph\u00ed!","robots":{"index":"index","follow":"follow","max-snippet":"max-snippet:-1","max-image-preview":"max-image-preview:large","max-video-preview":"max-video-preview:-1"},"canonical":"https:\/\/cokhitanminh.com\/may-dong-goi\/may-di\u0323nh-luo\u0323ng-can-die\u0323n-tu\u0309-tmdg-2r13\/","og_locale":"vi_VN","og_type":"article","og_title":"Ma\u0301y \u0111i\u0323nh l\u01b0\u01a1\u0323ng c\u00e2n \u0111i\u00ea\u0323n t\u01b0\u0309 TM\u0110G-2R13 - M\u00c1Y \u0110\u00d3NG G\u00d3I T\u00c2N MINH","og_description":"Ma\u0301y \u0111i\u0323nh l\u01b0\u01a1\u0323ng c\u00e2n \u0111i\u00ea\u0323n t\u01b0\u0309TM\u0110G-2R13 uy t\u00edn ch\u1ea5t l\u01b0\u1ee3ng Li\u00ean h\u1ec7 Hotline 1: 1900 2861 | Hotline 2: 09 67 68 69 11 \u0110\u1ec3 \u0111\u01b0\u1ee3c t\u01b0 v\u1ea5n mi\u1ec5n ph\u00ed!","og_url":"https:\/\/cokhitanminh.com\/may-dong-goi\/may-di\u0323nh-luo\u0323ng-can-die\u0323n-tu\u0309-tmdg-2r13\/","og_site_name":"M\u00c1Y \u0110\u00d3NG G\u00d3I T\u00c2N MINH","article_modified_time":"2024-10-16T07:35:29+00:00","og_image":[{"width":1024,"height":1024,"url":"https:\/\/cokhitanminh.com\/may-dong-goi\/wp-content\/uploads\/2021\/12\/may-dinh-luong-can-dien-tu-tmdc-de05-cktm.mdg-10.jpg","type":"image\/jpeg"}],"twitter_card":"summary_large_image","twitter_misc":{"\u01af\u1edbc t\u00ednh th\u1eddi gian \u0111\u1ecdc":"2 ph\u00fat"},"schema":{"@context":"https:\/\/schema.org","@graph":[{"@type":"WebSite","@id":"https:\/\/cokhitanminh.com\/may-dong-goi\/#website","url":"https:\/\/cokhitanminh.com\/may-dong-goi\/","name":"M\u00c1Y \u0110\u00d3NG G\u00d3I T\u00c2N MINH","description":"Chuy\u00ean gia m\u00e1y \u0111\u00f3ng g\u00f3i","potentialAction":[{"@type":"SearchAction","target":{"@type":"EntryPoint","urlTemplate":"https:\/\/cokhitanminh.com\/may-dong-goi\/?s={search_term_string}"},"query-input":"required name=search_term_string"}],"inLanguage":"vi"},{"@type":"ImageObject","@id":"https:\/\/cokhitanminh.com\/may-dong-goi\/may-di%cc%a3nh-luo%cc%a3ng-can-die%cc%a3n-tu%cc%89-tmdg-2r13\/#primaryimage","inLanguage":"vi","url":"https:\/\/cokhitanminh.com\/may-dong-goi\/wp-content\/uploads\/2021\/12\/may-dinh-luong-can-dien-tu-tmdc-de05-cktm.mdg-10.jpg","contentUrl":"https:\/\/cokhitanminh.com\/may-dong-goi\/wp-content\/uploads\/2021\/12\/may-dinh-luong-can-dien-tu-tmdc-de05-cktm.mdg-10.jpg","width":1024,"height":1024},{"@type":"WebPage","@id":"https:\/\/cokhitanminh.com\/may-dong-goi\/may-di%cc%a3nh-luo%cc%a3ng-can-die%cc%a3n-tu%cc%89-tmdg-2r13\/#webpage","url":"https:\/\/cokhitanminh.com\/may-dong-goi\/may-di%cc%a3nh-luo%cc%a3ng-can-die%cc%a3n-tu%cc%89-tmdg-2r13\/","name":"Ma\u0301y \u0111i\u0323nh l\u01b0\u01a1\u0323ng c\u00e2n \u0111i\u00ea\u0323n t\u01b0\u0309 TM\u0110G-2R13 - M\u00c1Y \u0110\u00d3NG G\u00d3I T\u00c2N MINH","isPartOf":{"@id":"https:\/\/cokhitanminh.com\/may-dong-goi\/#website"},"primaryImageOfPage":{"@id":"https:\/\/cokhitanminh.com\/may-dong-goi\/may-di%cc%a3nh-luo%cc%a3ng-can-die%cc%a3n-tu%cc%89-tmdg-2r13\/#primaryimage"},"datePublished":"2021-12-04T03:22:19+00:00","dateModified":"2024-10-16T07:35:29+00:00","description":"Ma\u0301y \u0111i\u0323nh l\u01b0\u01a1\u0323ng c\u00e2n \u0111i\u00ea\u0323n t\u01b0\u0309TM\u0110G-2R13 uy t\u00edn ch\u1ea5t l\u01b0\u1ee3ng Li\u00ean h\u1ec7 Hotline 1: 1900 2861 | Hotline 2: 09 67 68 69 11 \u0110\u1ec3 \u0111\u01b0\u1ee3c t\u01b0 v\u1ea5n mi\u1ec5n ph\u00ed!","breadcrumb":{"@id":"https:\/\/cokhitanminh.com\/may-dong-goi\/may-di%cc%a3nh-luo%cc%a3ng-can-die%cc%a3n-tu%cc%89-tmdg-2r13\/#breadcrumb"},"inLanguage":"vi","potentialAction":[{"@type":"ReadAction","target":["https:\/\/cokhitanminh.com\/may-dong-goi\/may-di%cc%a3nh-luo%cc%a3ng-can-die%cc%a3n-tu%cc%89-tmdg-2r13\/"]}]},{"@type":"BreadcrumbList","@id":"https:\/\/cokhitanminh.com\/may-dong-goi\/may-di%cc%a3nh-luo%cc%a3ng-can-die%cc%a3n-tu%cc%89-tmdg-2r13\/#breadcrumb","itemListElement":[{"@type":"ListItem","position":1,"name":"Trang ch\u1ee7","item":"https:\/\/cokhitanminh.com\/may-dong-goi\/"},{"@type":"ListItem","position":2,"name":"C\u1eeda h\u00e0ng","item":"https:\/\/cokhitanminh.com\/may-dong-goi\/mua\/"},{"@type":"ListItem","position":3,"name":"Ma\u0301y \u0111i\u0323nh l\u01b0\u01a1\u0323ng c\u00e2n \u0111i\u00ea\u0323n t\u01b0\u0309 TM\u0110G-2R13"}]}]}},"_links":{"self":[{"href":"https:\/\/cokhitanminh.com\/may-dong-goi\/wp-json\/wp\/v2\/product\/2010","targetHints":{"allow":["GET"]}}],"collection":[{"href":"https:\/\/cokhitanminh.com\/may-dong-goi\/wp-json\/wp\/v2\/product"}],"about":[{"href":"https:\/\/cokhitanminh.com\/may-dong-goi\/wp-json\/wp\/v2\/types\/product"}],"replies":[{"embeddable":true,"href":"https:\/\/cokhitanminh.com\/may-dong-goi\/wp-json\/wp\/v2\/comments?post=2010"}],"wp:featuredmedia":[{"embeddable":true,"href":"https:\/\/cokhitanminh.com\/may-dong-goi\/wp-json\/wp\/v2\/media\/4969"}],"wp:attachment":[{"href":"https:\/\/cokhitanminh.com\/may-dong-goi\/wp-json\/wp\/v2\/media?parent=2010"}],"curies":[{"name":"wp","href":"https:\/\/api.w.org\/{rel}","templated":true}]}}