{"id":1816,"date":"2021-12-04T03:19:11","date_gmt":"2021-12-04T03:19:11","guid":{"rendered":"https:\/\/cokhitanminh.com\/may-dong-goi\/?post_type=product&#038;p=1816"},"modified":"2021-12-22T08:22:01","modified_gmt":"2021-12-22T08:22:01","slug":"may-chiet-rot-1-voi-dang-long-tmdc-d23","status":"publish","type":"product","link":"https:\/\/cokhitanminh.com\/may-dong-goi\/may-chiet-rot-1-voi-dang-long-tmdc-d23\/","title":{"rendered":"M\u00e1y chi\u1ebft r\u00f3t 1 v\u00f2i d\u1ea1ng l\u1ecfng (TMDC-D23)"},"content":{"rendered":"<h3 style=\"text-align: justify;\"><a href=\"https:\/\/cokhitanminh.com\/may-dong-goi\/may-chiet-rot-1-voi-dang-long-tmdc-d23\/\"><em><strong>M\u00e1y chi\u1ebft r\u00f3t 1 v\u00f2i d\u1ea1ng l\u1ecfng<\/strong><\/em><\/a> (TMDC-D23)<\/h3>\n<p style=\"text-align: justify;\"><em><strong>M\u00e1y chi\u1ebft r\u00f3t 1 v\u00f2i d\u1ea1ng l\u1ecfng<\/strong> <\/em>(TMDC-D23) \u0111\u01b0\u1ee3c nghi\u00ean c\u1ee9u s\u1ea3n xu\u1ea5t v\u00e0 ph\u00e2n ph\u1ed1i tr\u00ean to\u00e0n qu\u1ed1c. T\u1ea5t c\u1ea3 c\u00e1c s\u1ea3n ph\u1ea9m c\u1ee7a ch\u00fang t\u00f4i \u0111\u1ec1u \u0111\u01b0\u1ee3c ki\u1ec3m tra k\u1ef9 l\u01b0\u1ee1ng v\u00e0 v\u1eadn h\u00e0nh th\u1ef1c t\u1ebf \u0111\u1ec3 lu\u00f4n \u0111\u1ea3m b\u1ea3o ch\u1ea5t l\u01b0\u1ee3ng t\u1ed1t nh\u1ea5t tr\u01b0\u1edbc khi b\u00e0n giao thi\u1ebft b\u1ecb cho kh\u00e1ch h\u00e0ng.<\/p>\n<p style=\"text-align: justify;\"><strong>Th\u00f4ng s\u1ed1 k\u1ef9 thu\u1eadt:<\/strong><\/p>\n<p style=\"text-align: justify;\">\u2013 Model: TMDC-D23<\/p>\n<p style=\"text-align: justify;\">\u2013 \u0110i\u1ec7n \u00e1p: 220V\/50Hz<\/p>\n<p style=\"text-align: justify;\">\u2013 C\u00f4ng su\u1ea5t: 300W<\/p>\n<p style=\"text-align: justify;\">\u2013 \u0110i\u1ec1n ch\u00ednh x\u00e1c: \u00b1 0.5%<\/p>\n<p style=\"text-align: justify;\">\u2013 Dung t\u00edch chi\u1ebft r\u00f3t: 2-350 ml<\/p>\n<p style=\"text-align: justify;\">\u2013 S\u1ed1 l\u01b0\u1ee3ng v\u00f2i: 1 v\u00f2i<\/p>\n<p style=\"text-align: justify;\">\u2013 Tr\u1ecdng l\u01b0\u1ee3ng m\u00e1y: 6.5 kg<\/p>\n<p style=\"text-align: justify;\">\u2013 B\u1ea3o h\u00e0nh: 12 th\u00e1ng<\/p>\n<p style=\"text-align: justify;\"><strong>H\u00ecnh \u1ea3nh s\u1ea3n ph\u1ea9m:<\/strong><\/p>\n<figure id=\"attachment_4088\" aria-describedby=\"caption-attachment-4088\" style=\"width: 550px\" class=\"wp-caption aligncenter\"><a href=\"https:\/\/cokhitanminh.com\/may-dong-goi\/wp-content\/uploads\/2021\/12\/may-chiet-rot-1-voi-dang-long-tmdc-d23-cktm-2.jpg\"><img loading=\"lazy\" decoding=\"async\" class=\"size-full wp-image-4088\" src=\"https:\/\/cokhitanminh.com\/may-dong-goi\/wp-content\/uploads\/2021\/12\/may-chiet-rot-1-voi-dang-long-tmdc-d23-cktm-2.jpg\" alt=\"\" width=\"550\" height=\"413\" srcset=\"https:\/\/cokhitanminh.com\/may-dong-goi\/wp-content\/uploads\/2021\/12\/may-chiet-rot-1-voi-dang-long-tmdc-d23-cktm-2.jpg 550w, https:\/\/cokhitanminh.com\/may-dong-goi\/wp-content\/uploads\/2021\/12\/may-chiet-rot-1-voi-dang-long-tmdc-d23-cktm-2-300x225.jpg 300w\" sizes=\"auto, (max-width: 550px) 100vw, 550px\" \/><\/a><figcaption id=\"caption-attachment-4088\" class=\"wp-caption-text\">M\u00c1Y CHI\u1ebeT R\u00d3T 1 V\u00d2I D\u1ea0NG L\u1eceNG (TMDC-D23)<\/figcaption><\/figure>\n<figure id=\"attachment_4089\" aria-describedby=\"caption-attachment-4089\" style=\"width: 550px\" class=\"wp-caption aligncenter\"><a href=\"https:\/\/cokhitanminh.com\/may-dong-goi\/wp-content\/uploads\/2021\/12\/may-chiet-rot-1-voi-dang-long-tmdc-d23-cktm-3.jpg\"><img loading=\"lazy\" decoding=\"async\" class=\"size-full wp-image-4089\" src=\"https:\/\/cokhitanminh.com\/may-dong-goi\/wp-content\/uploads\/2021\/12\/may-chiet-rot-1-voi-dang-long-tmdc-d23-cktm-3.jpg\" alt=\"\" width=\"550\" height=\"413\" srcset=\"https:\/\/cokhitanminh.com\/may-dong-goi\/wp-content\/uploads\/2021\/12\/may-chiet-rot-1-voi-dang-long-tmdc-d23-cktm-3.jpg 550w, https:\/\/cokhitanminh.com\/may-dong-goi\/wp-content\/uploads\/2021\/12\/may-chiet-rot-1-voi-dang-long-tmdc-d23-cktm-3-300x225.jpg 300w\" sizes=\"auto, (max-width: 550px) 100vw, 550px\" \/><\/a><figcaption id=\"caption-attachment-4089\" class=\"wp-caption-text\">M\u00c1Y CHI\u1ebeT R\u00d3T 1 V\u00d2I D\u1ea0NG L\u1eceNG (TMDC-D23)<\/figcaption><\/figure>\n<figure id=\"attachment_4090\" aria-describedby=\"caption-attachment-4090\" style=\"width: 550px\" class=\"wp-caption aligncenter\"><a href=\"https:\/\/cokhitanminh.com\/may-dong-goi\/wp-content\/uploads\/2021\/12\/may-chiet-rot-1-voi-dang-long-tmdc-d23-cktm-4.jpg\"><img loading=\"lazy\" decoding=\"async\" class=\"size-full wp-image-4090\" src=\"https:\/\/cokhitanminh.com\/may-dong-goi\/wp-content\/uploads\/2021\/12\/may-chiet-rot-1-voi-dang-long-tmdc-d23-cktm-4.jpg\" alt=\"\" width=\"550\" height=\"413\" srcset=\"https:\/\/cokhitanminh.com\/may-dong-goi\/wp-content\/uploads\/2021\/12\/may-chiet-rot-1-voi-dang-long-tmdc-d23-cktm-4.jpg 550w, https:\/\/cokhitanminh.com\/may-dong-goi\/wp-content\/uploads\/2021\/12\/may-chiet-rot-1-voi-dang-long-tmdc-d23-cktm-4-300x225.jpg 300w\" sizes=\"auto, (max-width: 550px) 100vw, 550px\" \/><\/a><figcaption id=\"caption-attachment-4090\" class=\"wp-caption-text\">M\u00c1Y CHI\u1ebeT R\u00d3T 1 V\u00d2I D\u1ea0NG L\u1eceNG (TMDC-D23)<\/figcaption><\/figure>\n<figure id=\"attachment_4091\" aria-describedby=\"caption-attachment-4091\" style=\"width: 550px\" class=\"wp-caption aligncenter\"><a href=\"https:\/\/cokhitanminh.com\/may-dong-goi\/wp-content\/uploads\/2021\/12\/may-chiet-rot-1-voi-dang-long-tmdc-d23-cktm-5.jpg\"><img loading=\"lazy\" decoding=\"async\" class=\"size-full wp-image-4091\" src=\"https:\/\/cokhitanminh.com\/may-dong-goi\/wp-content\/uploads\/2021\/12\/may-chiet-rot-1-voi-dang-long-tmdc-d23-cktm-5.jpg\" alt=\"\" width=\"550\" height=\"413\" srcset=\"https:\/\/cokhitanminh.com\/may-dong-goi\/wp-content\/uploads\/2021\/12\/may-chiet-rot-1-voi-dang-long-tmdc-d23-cktm-5.jpg 550w, https:\/\/cokhitanminh.com\/may-dong-goi\/wp-content\/uploads\/2021\/12\/may-chiet-rot-1-voi-dang-long-tmdc-d23-cktm-5-300x225.jpg 300w\" sizes=\"auto, (max-width: 550px) 100vw, 550px\" \/><\/a><figcaption id=\"caption-attachment-4091\" class=\"wp-caption-text\">M\u00c1Y CHI\u1ebeT R\u00d3T 1 V\u00d2I D\u1ea0NG L\u1eceNG (TMDC-D23)<\/figcaption><\/figure>\n<figure id=\"attachment_4092\" aria-describedby=\"caption-attachment-4092\" style=\"width: 550px\" class=\"wp-caption aligncenter\"><a href=\"https:\/\/cokhitanminh.com\/may-dong-goi\/wp-content\/uploads\/2021\/12\/may-chiet-rot-1-voi-dang-long-tmdc-d23-cktm-6.jpg\"><img loading=\"lazy\" decoding=\"async\" class=\"size-full wp-image-4092\" src=\"https:\/\/cokhitanminh.com\/may-dong-goi\/wp-content\/uploads\/2021\/12\/may-chiet-rot-1-voi-dang-long-tmdc-d23-cktm-6.jpg\" alt=\"\" width=\"550\" height=\"413\" srcset=\"https:\/\/cokhitanminh.com\/may-dong-goi\/wp-content\/uploads\/2021\/12\/may-chiet-rot-1-voi-dang-long-tmdc-d23-cktm-6.jpg 550w, https:\/\/cokhitanminh.com\/may-dong-goi\/wp-content\/uploads\/2021\/12\/may-chiet-rot-1-voi-dang-long-tmdc-d23-cktm-6-300x225.jpg 300w\" sizes=\"auto, (max-width: 550px) 100vw, 550px\" \/><\/a><figcaption id=\"caption-attachment-4092\" class=\"wp-caption-text\">M\u00c1Y CHI\u1ebeT R\u00d3T 1 V\u00d2I D\u1ea0NG L\u1eceNG (TMDC-D23)<\/figcaption><\/figure>\n<p style=\"text-align: justify;\">Chi ti\u1ebft s\u1ea3n ph\u1ea9m <em><strong>M\u00e1y chi\u1ebft r\u00f3t 1 v\u00f2i d\u1ea1ng l\u1ecfng<\/strong><\/em> (TMDC-D23) xin vui l\u00f2ng li\u00ean h\u1ec7 Hotline: 19002861 \u0110\u1ec3 \u0111\u01b0\u1ee3c t\u01b0 v\u1ea5n ho\u00e0n to\u00e0n mi\u1ec5n ph\u00ed!<\/p>\n<p>&nbsp;<\/p>\n","protected":false},"excerpt":{"rendered":"<p>M\u00e1y chi\u1ebft r\u00f3t 1 v\u00f2i d\u1ea1ng l\u1ecfng (TMDC-D23) M\u00e1y chi\u1ebft r\u00f3t 1 v\u00f2i d\u1ea1ng l\u1ecfng (TMDC-D23) \u0111\u01b0\u1ee3c nghi\u00ean c\u1ee9u s\u1ea3n xu\u1ea5t v\u00e0 ph\u00e2n ph\u1ed1i tr\u00ean to\u00e0n qu\u1ed1c. T\u1ea5t c\u1ea3 c\u00e1c s\u1ea3n ph\u1ea9m c\u1ee7a ch\u00fang t\u00f4i \u0111\u1ec1u \u0111\u01b0\u1ee3c ki\u1ec3m tra k\u1ef9 l\u01b0\u1ee1ng v\u00e0 v\u1eadn h\u00e0nh th\u1ef1c t\u1ebf \u0111\u1ec3 lu\u00f4n \u0111\u1ea3m b\u1ea3o ch\u1ea5t l\u01b0\u1ee3ng t\u1ed1t nh\u1ea5t tr\u01b0\u1edbc &#8230;<\/p>\n","protected":false},"featured_media":4093,"comment_status":"open","ping_status":"closed","template":"","meta":[],"class_list":{"0":"post-1816","1":"product","2":"type-product","3":"status-publish","4":"has-post-thumbnail","6":"product_cat-sp-mien-phi-giao-hang","8":"first","9":"instock","10":"shipping-taxable","11":"purchasable","12":"product-type-simple"},"brands":[],"yoast_head":"<!-- This site is optimized with the Yoast SEO plugin v17.6 - https:\/\/yoast.com\/wordpress\/plugins\/seo\/ -->\n<title>M\u00e1y chi\u1ebft r\u00f3t 1 v\u00f2i d\u1ea1ng l\u1ecfng (TMDC-D23) - M\u00c1Y \u0110\u00d3NG G\u00d3I T\u00c2N MINH<\/title>\n<meta name=\"description\" content=\"M\u00e1y chi\u1ebft r\u00f3t 1 v\u00f2i d\u1ea1ng l\u1ecfng (TMDC-D23) uy t\u00edn ch\u1ea5t l\u01b0\u1ee3ng Li\u00ean h\u1ec7 Hotline 1: 1900 2861 | Hotline 2: 09 67 68 69 11 \u0110\u1ec3 \u0111\u01b0\u1ee3c t\u01b0 v\u1ea5n mi\u1ec5n ph\u00ed!\" \/>\n<meta name=\"robots\" content=\"index, follow, max-snippet:-1, max-image-preview:large, max-video-preview:-1\" \/>\n<link rel=\"canonical\" href=\"https:\/\/cokhitanminh.com\/may-dong-goi\/may-chiet-rot-1-voi-dang-long-tmdc-d23\/\" \/>\n<meta property=\"og:locale\" content=\"vi_VN\" \/>\n<meta property=\"og:type\" content=\"article\" \/>\n<meta property=\"og:title\" content=\"M\u00e1y chi\u1ebft r\u00f3t 1 v\u00f2i d\u1ea1ng l\u1ecfng (TMDC-D23) - M\u00c1Y \u0110\u00d3NG G\u00d3I T\u00c2N MINH\" \/>\n<meta property=\"og:description\" content=\"M\u00e1y chi\u1ebft r\u00f3t 1 v\u00f2i d\u1ea1ng l\u1ecfng (TMDC-D23) uy t\u00edn ch\u1ea5t l\u01b0\u1ee3ng Li\u00ean h\u1ec7 Hotline 1: 1900 2861 | Hotline 2: 09 67 68 69 11 \u0110\u1ec3 \u0111\u01b0\u1ee3c t\u01b0 v\u1ea5n mi\u1ec5n ph\u00ed!\" \/>\n<meta property=\"og:url\" content=\"https:\/\/cokhitanminh.com\/may-dong-goi\/may-chiet-rot-1-voi-dang-long-tmdc-d23\/\" \/>\n<meta property=\"og:site_name\" content=\"M\u00c1Y \u0110\u00d3NG G\u00d3I T\u00c2N MINH\" \/>\n<meta property=\"article:modified_time\" content=\"2021-12-22T08:22:01+00:00\" \/>\n<meta property=\"og:image\" content=\"https:\/\/cokhitanminh.com\/may-dong-goi\/wp-content\/uploads\/2021\/12\/may-chiet-rot-1-voi-dang-long-tmdc-d23-cktm-1.jpg\" \/>\n\t<meta property=\"og:image:width\" content=\"495\" \/>\n\t<meta property=\"og:image:height\" content=\"495\" \/>\n<meta name=\"twitter:card\" content=\"summary_large_image\" \/>\n<meta name=\"twitter:label1\" content=\"\u01af\u1edbc t\u00ednh th\u1eddi gian \u0111\u1ecdc\" \/>\n\t<meta name=\"twitter:data1\" content=\"2 ph\u00fat\" \/>\n<script type=\"application\/ld+json\" class=\"yoast-schema-graph\">{\"@context\":\"https:\/\/schema.org\",\"@graph\":[{\"@type\":\"WebSite\",\"@id\":\"https:\/\/cokhitanminh.com\/may-dong-goi\/#website\",\"url\":\"https:\/\/cokhitanminh.com\/may-dong-goi\/\",\"name\":\"M\\u00c1Y \\u0110\\u00d3NG G\\u00d3I T\\u00c2N MINH\",\"description\":\"Chuy\\u00ean gia m\\u00e1y \\u0111\\u00f3ng g\\u00f3i\",\"potentialAction\":[{\"@type\":\"SearchAction\",\"target\":{\"@type\":\"EntryPoint\",\"urlTemplate\":\"https:\/\/cokhitanminh.com\/may-dong-goi\/?s={search_term_string}\"},\"query-input\":\"required name=search_term_string\"}],\"inLanguage\":\"vi\"},{\"@type\":\"ImageObject\",\"@id\":\"https:\/\/cokhitanminh.com\/may-dong-goi\/may-chiet-rot-1-voi-dang-long-tmdc-d23\/#primaryimage\",\"inLanguage\":\"vi\",\"url\":\"https:\/\/cokhitanminh.com\/may-dong-goi\/wp-content\/uploads\/2021\/12\/may-chiet-rot-1-voi-dang-long-tmdc-d23-cktm-1.jpg\",\"contentUrl\":\"https:\/\/cokhitanminh.com\/may-dong-goi\/wp-content\/uploads\/2021\/12\/may-chiet-rot-1-voi-dang-long-tmdc-d23-cktm-1.jpg\",\"width\":495,\"height\":495,\"caption\":\"M\\u00c1Y CHI\\u1ebeT R\\u00d3T 1 V\\u00d2I D\\u1ea0NG L\\u1eceNG (TMDC-D23)\"},{\"@type\":\"WebPage\",\"@id\":\"https:\/\/cokhitanminh.com\/may-dong-goi\/may-chiet-rot-1-voi-dang-long-tmdc-d23\/#webpage\",\"url\":\"https:\/\/cokhitanminh.com\/may-dong-goi\/may-chiet-rot-1-voi-dang-long-tmdc-d23\/\",\"name\":\"M\\u00e1y chi\\u1ebft r\\u00f3t 1 v\\u00f2i d\\u1ea1ng l\\u1ecfng (TMDC-D23) - M\\u00c1Y \\u0110\\u00d3NG G\\u00d3I T\\u00c2N MINH\",\"isPartOf\":{\"@id\":\"https:\/\/cokhitanminh.com\/may-dong-goi\/#website\"},\"primaryImageOfPage\":{\"@id\":\"https:\/\/cokhitanminh.com\/may-dong-goi\/may-chiet-rot-1-voi-dang-long-tmdc-d23\/#primaryimage\"},\"datePublished\":\"2021-12-04T03:19:11+00:00\",\"dateModified\":\"2021-12-22T08:22:01+00:00\",\"description\":\"M\\u00e1y chi\\u1ebft r\\u00f3t 1 v\\u00f2i d\\u1ea1ng l\\u1ecfng (TMDC-D23) uy t\\u00edn ch\\u1ea5t l\\u01b0\\u1ee3ng Li\\u00ean h\\u1ec7 Hotline 1: 1900 2861 | Hotline 2: 09 67 68 69 11 \\u0110\\u1ec3 \\u0111\\u01b0\\u1ee3c t\\u01b0 v\\u1ea5n mi\\u1ec5n ph\\u00ed!\",\"breadcrumb\":{\"@id\":\"https:\/\/cokhitanminh.com\/may-dong-goi\/may-chiet-rot-1-voi-dang-long-tmdc-d23\/#breadcrumb\"},\"inLanguage\":\"vi\",\"potentialAction\":[{\"@type\":\"ReadAction\",\"target\":[\"https:\/\/cokhitanminh.com\/may-dong-goi\/may-chiet-rot-1-voi-dang-long-tmdc-d23\/\"]}]},{\"@type\":\"BreadcrumbList\",\"@id\":\"https:\/\/cokhitanminh.com\/may-dong-goi\/may-chiet-rot-1-voi-dang-long-tmdc-d23\/#breadcrumb\",\"itemListElement\":[{\"@type\":\"ListItem\",\"position\":1,\"name\":\"Trang ch\\u1ee7\",\"item\":\"https:\/\/cokhitanminh.com\/may-dong-goi\/\"},{\"@type\":\"ListItem\",\"position\":2,\"name\":\"C\\u1eeda h\\u00e0ng\",\"item\":\"https:\/\/cokhitanminh.com\/may-dong-goi\/mua\/\"},{\"@type\":\"ListItem\",\"position\":3,\"name\":\"M\\u00e1y chi\\u1ebft r\\u00f3t 1 v\\u00f2i d\\u1ea1ng l\\u1ecfng (TMDC-D23)\"}]}]}<\/script>\n<!-- \/ Yoast SEO plugin. -->","yoast_head_json":{"title":"M\u00e1y chi\u1ebft r\u00f3t 1 v\u00f2i d\u1ea1ng l\u1ecfng (TMDC-D23) - M\u00c1Y \u0110\u00d3NG G\u00d3I T\u00c2N MINH","description":"M\u00e1y chi\u1ebft r\u00f3t 1 v\u00f2i d\u1ea1ng l\u1ecfng (TMDC-D23) uy t\u00edn ch\u1ea5t l\u01b0\u1ee3ng Li\u00ean h\u1ec7 Hotline 1: 1900 2861 | Hotline 2: 09 67 68 69 11 \u0110\u1ec3 \u0111\u01b0\u1ee3c t\u01b0 v\u1ea5n mi\u1ec5n ph\u00ed!","robots":{"index":"index","follow":"follow","max-snippet":"max-snippet:-1","max-image-preview":"max-image-preview:large","max-video-preview":"max-video-preview:-1"},"canonical":"https:\/\/cokhitanminh.com\/may-dong-goi\/may-chiet-rot-1-voi-dang-long-tmdc-d23\/","og_locale":"vi_VN","og_type":"article","og_title":"M\u00e1y chi\u1ebft r\u00f3t 1 v\u00f2i d\u1ea1ng l\u1ecfng (TMDC-D23) - M\u00c1Y \u0110\u00d3NG G\u00d3I T\u00c2N MINH","og_description":"M\u00e1y chi\u1ebft r\u00f3t 1 v\u00f2i d\u1ea1ng l\u1ecfng (TMDC-D23) uy t\u00edn ch\u1ea5t l\u01b0\u1ee3ng Li\u00ean h\u1ec7 Hotline 1: 1900 2861 | Hotline 2: 09 67 68 69 11 \u0110\u1ec3 \u0111\u01b0\u1ee3c t\u01b0 v\u1ea5n mi\u1ec5n ph\u00ed!","og_url":"https:\/\/cokhitanminh.com\/may-dong-goi\/may-chiet-rot-1-voi-dang-long-tmdc-d23\/","og_site_name":"M\u00c1Y \u0110\u00d3NG G\u00d3I T\u00c2N MINH","article_modified_time":"2021-12-22T08:22:01+00:00","og_image":[{"width":495,"height":495,"url":"https:\/\/cokhitanminh.com\/may-dong-goi\/wp-content\/uploads\/2021\/12\/may-chiet-rot-1-voi-dang-long-tmdc-d23-cktm-1.jpg","type":"image\/jpeg"}],"twitter_card":"summary_large_image","twitter_misc":{"\u01af\u1edbc t\u00ednh th\u1eddi gian \u0111\u1ecdc":"2 ph\u00fat"},"schema":{"@context":"https:\/\/schema.org","@graph":[{"@type":"WebSite","@id":"https:\/\/cokhitanminh.com\/may-dong-goi\/#website","url":"https:\/\/cokhitanminh.com\/may-dong-goi\/","name":"M\u00c1Y \u0110\u00d3NG G\u00d3I T\u00c2N MINH","description":"Chuy\u00ean gia m\u00e1y \u0111\u00f3ng g\u00f3i","potentialAction":[{"@type":"SearchAction","target":{"@type":"EntryPoint","urlTemplate":"https:\/\/cokhitanminh.com\/may-dong-goi\/?s={search_term_string}"},"query-input":"required name=search_term_string"}],"inLanguage":"vi"},{"@type":"ImageObject","@id":"https:\/\/cokhitanminh.com\/may-dong-goi\/may-chiet-rot-1-voi-dang-long-tmdc-d23\/#primaryimage","inLanguage":"vi","url":"https:\/\/cokhitanminh.com\/may-dong-goi\/wp-content\/uploads\/2021\/12\/may-chiet-rot-1-voi-dang-long-tmdc-d23-cktm-1.jpg","contentUrl":"https:\/\/cokhitanminh.com\/may-dong-goi\/wp-content\/uploads\/2021\/12\/may-chiet-rot-1-voi-dang-long-tmdc-d23-cktm-1.jpg","width":495,"height":495,"caption":"M\u00c1Y CHI\u1ebeT R\u00d3T 1 V\u00d2I D\u1ea0NG L\u1eceNG (TMDC-D23)"},{"@type":"WebPage","@id":"https:\/\/cokhitanminh.com\/may-dong-goi\/may-chiet-rot-1-voi-dang-long-tmdc-d23\/#webpage","url":"https:\/\/cokhitanminh.com\/may-dong-goi\/may-chiet-rot-1-voi-dang-long-tmdc-d23\/","name":"M\u00e1y chi\u1ebft r\u00f3t 1 v\u00f2i d\u1ea1ng l\u1ecfng (TMDC-D23) - M\u00c1Y \u0110\u00d3NG G\u00d3I T\u00c2N MINH","isPartOf":{"@id":"https:\/\/cokhitanminh.com\/may-dong-goi\/#website"},"primaryImageOfPage":{"@id":"https:\/\/cokhitanminh.com\/may-dong-goi\/may-chiet-rot-1-voi-dang-long-tmdc-d23\/#primaryimage"},"datePublished":"2021-12-04T03:19:11+00:00","dateModified":"2021-12-22T08:22:01+00:00","description":"M\u00e1y chi\u1ebft r\u00f3t 1 v\u00f2i d\u1ea1ng l\u1ecfng (TMDC-D23) uy t\u00edn ch\u1ea5t l\u01b0\u1ee3ng Li\u00ean h\u1ec7 Hotline 1: 1900 2861 | Hotline 2: 09 67 68 69 11 \u0110\u1ec3 \u0111\u01b0\u1ee3c t\u01b0 v\u1ea5n mi\u1ec5n ph\u00ed!","breadcrumb":{"@id":"https:\/\/cokhitanminh.com\/may-dong-goi\/may-chiet-rot-1-voi-dang-long-tmdc-d23\/#breadcrumb"},"inLanguage":"vi","potentialAction":[{"@type":"ReadAction","target":["https:\/\/cokhitanminh.com\/may-dong-goi\/may-chiet-rot-1-voi-dang-long-tmdc-d23\/"]}]},{"@type":"BreadcrumbList","@id":"https:\/\/cokhitanminh.com\/may-dong-goi\/may-chiet-rot-1-voi-dang-long-tmdc-d23\/#breadcrumb","itemListElement":[{"@type":"ListItem","position":1,"name":"Trang ch\u1ee7","item":"https:\/\/cokhitanminh.com\/may-dong-goi\/"},{"@type":"ListItem","position":2,"name":"C\u1eeda h\u00e0ng","item":"https:\/\/cokhitanminh.com\/may-dong-goi\/mua\/"},{"@type":"ListItem","position":3,"name":"M\u00e1y chi\u1ebft r\u00f3t 1 v\u00f2i d\u1ea1ng l\u1ecfng (TMDC-D23)"}]}]}},"_links":{"self":[{"href":"https:\/\/cokhitanminh.com\/may-dong-goi\/wp-json\/wp\/v2\/product\/1816","targetHints":{"allow":["GET"]}}],"collection":[{"href":"https:\/\/cokhitanminh.com\/may-dong-goi\/wp-json\/wp\/v2\/product"}],"about":[{"href":"https:\/\/cokhitanminh.com\/may-dong-goi\/wp-json\/wp\/v2\/types\/product"}],"replies":[{"embeddable":true,"href":"https:\/\/cokhitanminh.com\/may-dong-goi\/wp-json\/wp\/v2\/comments?post=1816"}],"wp:featuredmedia":[{"embeddable":true,"href":"https:\/\/cokhitanminh.com\/may-dong-goi\/wp-json\/wp\/v2\/media\/4093"}],"wp:attachment":[{"href":"https:\/\/cokhitanminh.com\/may-dong-goi\/wp-json\/wp\/v2\/media?parent=1816"}],"curies":[{"name":"wp","href":"https:\/\/api.w.org\/{rel}","templated":true}]}}