{"id":1676,"date":"2021-12-04T03:16:47","date_gmt":"2021-12-04T03:16:47","guid":{"rendered":"https:\/\/cokhitanminh.com\/may-dong-goi\/?post_type=product&#038;p=1676"},"modified":"2022-06-24T03:25:33","modified_gmt":"2022-06-24T03:25:33","slug":"may-dan-bang-dinh-thung-carton-fxj-6050-tmdg-ga02","status":"publish","type":"product","link":"https:\/\/cokhitanminh.com\/may-dong-goi\/may-dan-bang-dinh-thung-carton-fxj-6050-tmdg-ga02\/","title":{"rendered":"M\u00e1y d\u00e1n b\u0103ng d\u00ednh th\u00f9ng carton FXJ-6050 (TM\u0110G-GA02)"},"content":{"rendered":"<h3 style=\"text-align: justify;\"><a href=\"https:\/\/cokhitanminh.com\/may-dong-goi\/may-dan-bang-dinh-thung-carton-fxj-6050-tmdg-ga02\/\"><em><strong>M\u00e1y d\u00e1n b\u0103ng d\u00ednh th\u00f9ng carton FXJ-6050<\/strong><\/em><\/a> (TM\u0110G-GA02)<\/h3>\n<p style=\"text-align: justify;\"><em><strong>M\u00e1y d\u00e1n b\u0103ng d\u00ednh th\u00f9ng carton FXJ-6050<\/strong> <\/em>(TM\u0110G-GA02) \u0111\u01b0\u1ee3c nghi\u00ean c\u1ee9u s\u1ea3n xu\u1ea5t v\u00e0 ph\u00e2n ph\u1ed1i tr\u00ean to\u00e0n qu\u1ed1c. T\u1ea5t c\u1ea3 c\u00e1c s\u1ea3n ph\u1ea9m c\u1ee7a ch\u00fang t\u00f4i \u0111\u1ec1u \u0111\u01b0\u1ee3c ki\u1ec3m tra k\u1ef9 l\u01b0\u1ee1ng v\u00e0 v\u1eadn h\u00e0nh th\u1ef1c t\u1ebf \u0111\u1ec3 lu\u00f4n \u0111\u1ea3m b\u1ea3o ch\u1ea5t l\u01b0\u1ee3ng t\u1ed1t nh\u1ea5t tr\u01b0\u1edbc khi b\u00e0n giao thi\u1ebft b\u1ecb cho kh\u00e1ch h\u00e0ng.<\/p>\n<p style=\"text-align: justify;\"><strong>Th\u00f4ng s\u1ed1 k\u1ef9 thu\u1eadt:<\/strong><\/p>\n<p>\u2013 Model: TM\u0110G-GA02<\/p>\n<p>\u2013 \u0110i\u1ec7n \u00e1p: 220V\/50Hz<\/p>\n<p>\u2013 C\u00f4ng su\u1ea5t: 180W<\/p>\n<p>\u2013 K\u00edch th\u01b0\u1edbc m\u00e1y: 1660 x 740 x 1590 mm<\/p>\n<p>\u2013 K\u00edch th\u01b0\u1edbc th\u00f9ng \u00e1p d\u1ee5ng<\/p>\n<p>+ K\u00edch th\u01b0\u1edbc t\u00f9ng carton l\u1edbn nh\u1ea5t: r\u1ed9ng 500 cao 600 mm<\/p>\n<p>+ K\u00edch th\u01b0\u1edbc t\u00f9ng carton nh\u1ecf nh\u1ea5t: r\u1ed9ng 200 cao 180 mm<\/p>\n<p>\u2013 Tr\u1ecdng l\u01b0\u1ee3ng m\u00e1y: 150 kg<\/p>\n<p>\u2013 B\u1ea3o h\u00e0nh: 12 th\u00e1ng<\/p>\n<p style=\"text-align: justify;\"><strong>H\u00ecnh \u1ea3nh s\u1ea3n ph\u1ea9m:<\/strong><\/p>\n<p><img loading=\"lazy\" decoding=\"async\" class=\"size-full wp-image-7918 aligncenter\" src=\"https:\/\/cokhitanminh.com\/may-dong-goi\/wp-content\/uploads\/2021\/12\/may-dan-bang-dinh-thung-carton-fxj-6050-tmdg-ga02-2-cokhitanminhcommdg.jpg\" alt=\"\" width=\"550\" height=\"413\" srcset=\"https:\/\/cokhitanminh.com\/may-dong-goi\/wp-content\/uploads\/2021\/12\/may-dan-bang-dinh-thung-carton-fxj-6050-tmdg-ga02-2-cokhitanminhcommdg.jpg 550w, https:\/\/cokhitanminh.com\/may-dong-goi\/wp-content\/uploads\/2021\/12\/may-dan-bang-dinh-thung-carton-fxj-6050-tmdg-ga02-2-cokhitanminhcommdg-300x225.jpg 300w\" sizes=\"auto, (max-width: 550px) 100vw, 550px\" \/><\/p>\n<p><img loading=\"lazy\" decoding=\"async\" class=\"size-full wp-image-7919 aligncenter\" src=\"https:\/\/cokhitanminh.com\/may-dong-goi\/wp-content\/uploads\/2021\/12\/may-dan-bang-dinh-thung-carton-fxj-6050-tmdg-ga02-3-cokhitanminhcommdg.jpg\" alt=\"\" width=\"550\" height=\"413\" srcset=\"https:\/\/cokhitanminh.com\/may-dong-goi\/wp-content\/uploads\/2021\/12\/may-dan-bang-dinh-thung-carton-fxj-6050-tmdg-ga02-3-cokhitanminhcommdg.jpg 550w, https:\/\/cokhitanminh.com\/may-dong-goi\/wp-content\/uploads\/2021\/12\/may-dan-bang-dinh-thung-carton-fxj-6050-tmdg-ga02-3-cokhitanminhcommdg-300x225.jpg 300w\" sizes=\"auto, (max-width: 550px) 100vw, 550px\" \/><\/p>\n<p><img loading=\"lazy\" decoding=\"async\" class=\"size-full wp-image-7920 aligncenter\" src=\"https:\/\/cokhitanminh.com\/may-dong-goi\/wp-content\/uploads\/2021\/12\/may-dan-bang-dinh-thung-carton-fxj-6050-tmdg-ga02-4-cokhitanminhcommdg.jpg\" alt=\"\" width=\"550\" height=\"413\" srcset=\"https:\/\/cokhitanminh.com\/may-dong-goi\/wp-content\/uploads\/2021\/12\/may-dan-bang-dinh-thung-carton-fxj-6050-tmdg-ga02-4-cokhitanminhcommdg.jpg 550w, https:\/\/cokhitanminh.com\/may-dong-goi\/wp-content\/uploads\/2021\/12\/may-dan-bang-dinh-thung-carton-fxj-6050-tmdg-ga02-4-cokhitanminhcommdg-300x225.jpg 300w\" sizes=\"auto, (max-width: 550px) 100vw, 550px\" \/><\/p>\n<p><img loading=\"lazy\" decoding=\"async\" class=\"size-full wp-image-7921 aligncenter\" src=\"https:\/\/cokhitanminh.com\/may-dong-goi\/wp-content\/uploads\/2021\/12\/may-dan-bang-dinh-thung-carton-fxj-6050-tmdg-ga02-5-cokhitanminhcommdg.jpg\" alt=\"\" width=\"550\" height=\"413\" srcset=\"https:\/\/cokhitanminh.com\/may-dong-goi\/wp-content\/uploads\/2021\/12\/may-dan-bang-dinh-thung-carton-fxj-6050-tmdg-ga02-5-cokhitanminhcommdg.jpg 550w, https:\/\/cokhitanminh.com\/may-dong-goi\/wp-content\/uploads\/2021\/12\/may-dan-bang-dinh-thung-carton-fxj-6050-tmdg-ga02-5-cokhitanminhcommdg-300x225.jpg 300w\" sizes=\"auto, (max-width: 550px) 100vw, 550px\" \/><\/p>\n<p style=\"text-align: justify;\">Chi ti\u1ebft s\u1ea3n ph\u1ea9m <em><strong>M\u00e1y d\u00e1n b\u0103ng d\u00ednh th\u00f9ng carton FXJ-6050<\/strong> <\/em>(TM\u0110G-GA02) xin vui l\u00f2ng li\u00ean h\u1ec7 Hotline: 19002861 \u0110\u1ec3 \u0111\u01b0\u1ee3c t\u01b0 v\u1ea5n ho\u00e0n to\u00e0n mi\u1ec5n ph\u00ed!<\/p>\n","protected":false},"excerpt":{"rendered":"<p>M\u00e1y d\u00e1n b\u0103ng d\u00ednh th\u00f9ng carton FXJ-6050 (TM\u0110G-GA02) M\u00e1y d\u00e1n b\u0103ng d\u00ednh th\u00f9ng carton FXJ-6050 (TM\u0110G-GA02) \u0111\u01b0\u1ee3c nghi\u00ean c\u1ee9u s\u1ea3n xu\u1ea5t v\u00e0 ph\u00e2n ph\u1ed1i tr\u00ean to\u00e0n qu\u1ed1c. T\u1ea5t c\u1ea3 c\u00e1c s\u1ea3n ph\u1ea9m c\u1ee7a ch\u00fang t\u00f4i \u0111\u1ec1u \u0111\u01b0\u1ee3c ki\u1ec3m tra k\u1ef9 l\u01b0\u1ee1ng v\u00e0 v\u1eadn h\u00e0nh th\u1ef1c t\u1ebf \u0111\u1ec3 lu\u00f4n \u0111\u1ea3m b\u1ea3o ch\u1ea5t l\u01b0\u1ee3ng t\u1ed1t nh\u1ea5t tr\u01b0\u1edbc &#8230;<\/p>\n","protected":false},"featured_media":7922,"comment_status":"open","ping_status":"closed","template":"","meta":[],"class_list":{"0":"post-1676","1":"product","2":"type-product","3":"status-publish","4":"has-post-thumbnail","6":"product_cat-may-dan-bang-dinh-thung-carton","7":"product_cat-may-dong-thung-carton","8":"product_cat-sp-mien-phi-giao-hang","10":"first","11":"instock","12":"shipping-taxable","13":"purchasable","14":"product-type-simple"},"brands":[],"yoast_head":"<!-- This site is optimized with the Yoast SEO plugin v17.6 - https:\/\/yoast.com\/wordpress\/plugins\/seo\/ -->\n<title>M\u00e1y d\u00e1n b\u0103ng d\u00ednh th\u00f9ng carton FXJ-6050 (TM\u0110G-GA02) - M\u00c1Y \u0110\u00d3NG G\u00d3I T\u00c2N MINH<\/title>\n<meta name=\"description\" content=\"M\u00e1y d\u00e1n b\u0103ng d\u00ednh th\u00f9ng carton FXJ-6050 (TM\u0110G-GA02) uy t\u00edn ch\u1ea5t l\u01b0\u1ee3ng Li\u00ean h\u1ec7 Hotline 1: 1900 2861 | Hotline 2: 09 67 68 69 11 \u0110\u1ec3 \u0111\u01b0\u1ee3c t\u01b0 v\u1ea5n mi\u1ec5n ph\u00ed!\" \/>\n<meta name=\"robots\" content=\"index, follow, max-snippet:-1, max-image-preview:large, max-video-preview:-1\" \/>\n<link rel=\"canonical\" href=\"https:\/\/cokhitanminh.com\/may-dong-goi\/may-dan-bang-dinh-thung-carton-fxj-6050-tmdg-ga02\/\" \/>\n<meta property=\"og:locale\" content=\"vi_VN\" \/>\n<meta property=\"og:type\" content=\"article\" \/>\n<meta property=\"og:title\" content=\"M\u00e1y d\u00e1n b\u0103ng d\u00ednh th\u00f9ng carton FXJ-6050 (TM\u0110G-GA02) - M\u00c1Y \u0110\u00d3NG G\u00d3I T\u00c2N MINH\" \/>\n<meta property=\"og:description\" content=\"M\u00e1y d\u00e1n b\u0103ng d\u00ednh th\u00f9ng carton FXJ-6050 (TM\u0110G-GA02) uy t\u00edn ch\u1ea5t l\u01b0\u1ee3ng Li\u00ean h\u1ec7 Hotline 1: 1900 2861 | Hotline 2: 09 67 68 69 11 \u0110\u1ec3 \u0111\u01b0\u1ee3c t\u01b0 v\u1ea5n mi\u1ec5n ph\u00ed!\" \/>\n<meta property=\"og:url\" content=\"https:\/\/cokhitanminh.com\/may-dong-goi\/may-dan-bang-dinh-thung-carton-fxj-6050-tmdg-ga02\/\" \/>\n<meta property=\"og:site_name\" content=\"M\u00c1Y \u0110\u00d3NG G\u00d3I T\u00c2N MINH\" \/>\n<meta property=\"article:modified_time\" content=\"2022-06-24T03:25:33+00:00\" \/>\n<meta property=\"og:image\" content=\"https:\/\/cokhitanminh.com\/may-dong-goi\/wp-content\/uploads\/2021\/12\/may-dan-bang-dinh-thung-carton-fxj-6050-tmdg-ga02-1-cokhitanminhcommdg.jpg\" \/>\n\t<meta property=\"og:image:width\" content=\"500\" \/>\n\t<meta property=\"og:image:height\" content=\"500\" \/>\n<meta name=\"twitter:card\" content=\"summary_large_image\" \/>\n<meta name=\"twitter:label1\" content=\"\u01af\u1edbc t\u00ednh th\u1eddi gian \u0111\u1ecdc\" \/>\n\t<meta name=\"twitter:data1\" content=\"1 ph\u00fat\" \/>\n<script type=\"application\/ld+json\" class=\"yoast-schema-graph\">{\"@context\":\"https:\/\/schema.org\",\"@graph\":[{\"@type\":\"WebSite\",\"@id\":\"https:\/\/cokhitanminh.com\/may-dong-goi\/#website\",\"url\":\"https:\/\/cokhitanminh.com\/may-dong-goi\/\",\"name\":\"M\\u00c1Y \\u0110\\u00d3NG G\\u00d3I T\\u00c2N MINH\",\"description\":\"Chuy\\u00ean gia m\\u00e1y \\u0111\\u00f3ng g\\u00f3i\",\"potentialAction\":[{\"@type\":\"SearchAction\",\"target\":{\"@type\":\"EntryPoint\",\"urlTemplate\":\"https:\/\/cokhitanminh.com\/may-dong-goi\/?s={search_term_string}\"},\"query-input\":\"required name=search_term_string\"}],\"inLanguage\":\"vi\"},{\"@type\":\"ImageObject\",\"@id\":\"https:\/\/cokhitanminh.com\/may-dong-goi\/may-dan-bang-dinh-thung-carton-fxj-6050-tmdg-ga02\/#primaryimage\",\"inLanguage\":\"vi\",\"url\":\"https:\/\/cokhitanminh.com\/may-dong-goi\/wp-content\/uploads\/2021\/12\/may-dan-bang-dinh-thung-carton-fxj-6050-tmdg-ga02-1-cokhitanminhcommdg.jpg\",\"contentUrl\":\"https:\/\/cokhitanminh.com\/may-dong-goi\/wp-content\/uploads\/2021\/12\/may-dan-bang-dinh-thung-carton-fxj-6050-tmdg-ga02-1-cokhitanminhcommdg.jpg\",\"width\":500,\"height\":500,\"caption\":\"M\\u00c1Y D\\u00c1N B\\u0102NG D\\u00cdNH TH\\u00d9NG CARTON FXJ-6050 (TM\\u0110G-GA02)\"},{\"@type\":\"WebPage\",\"@id\":\"https:\/\/cokhitanminh.com\/may-dong-goi\/may-dan-bang-dinh-thung-carton-fxj-6050-tmdg-ga02\/#webpage\",\"url\":\"https:\/\/cokhitanminh.com\/may-dong-goi\/may-dan-bang-dinh-thung-carton-fxj-6050-tmdg-ga02\/\",\"name\":\"M\\u00e1y d\\u00e1n b\\u0103ng d\\u00ednh th\\u00f9ng carton FXJ-6050 (TM\\u0110G-GA02) - M\\u00c1Y \\u0110\\u00d3NG G\\u00d3I T\\u00c2N MINH\",\"isPartOf\":{\"@id\":\"https:\/\/cokhitanminh.com\/may-dong-goi\/#website\"},\"primaryImageOfPage\":{\"@id\":\"https:\/\/cokhitanminh.com\/may-dong-goi\/may-dan-bang-dinh-thung-carton-fxj-6050-tmdg-ga02\/#primaryimage\"},\"datePublished\":\"2021-12-04T03:16:47+00:00\",\"dateModified\":\"2022-06-24T03:25:33+00:00\",\"description\":\"M\\u00e1y d\\u00e1n b\\u0103ng d\\u00ednh th\\u00f9ng carton FXJ-6050 (TM\\u0110G-GA02) uy t\\u00edn ch\\u1ea5t l\\u01b0\\u1ee3ng Li\\u00ean h\\u1ec7 Hotline 1: 1900 2861 | Hotline 2: 09 67 68 69 11 \\u0110\\u1ec3 \\u0111\\u01b0\\u1ee3c t\\u01b0 v\\u1ea5n mi\\u1ec5n ph\\u00ed!\",\"breadcrumb\":{\"@id\":\"https:\/\/cokhitanminh.com\/may-dong-goi\/may-dan-bang-dinh-thung-carton-fxj-6050-tmdg-ga02\/#breadcrumb\"},\"inLanguage\":\"vi\",\"potentialAction\":[{\"@type\":\"ReadAction\",\"target\":[\"https:\/\/cokhitanminh.com\/may-dong-goi\/may-dan-bang-dinh-thung-carton-fxj-6050-tmdg-ga02\/\"]}]},{\"@type\":\"BreadcrumbList\",\"@id\":\"https:\/\/cokhitanminh.com\/may-dong-goi\/may-dan-bang-dinh-thung-carton-fxj-6050-tmdg-ga02\/#breadcrumb\",\"itemListElement\":[{\"@type\":\"ListItem\",\"position\":1,\"name\":\"Trang ch\\u1ee7\",\"item\":\"https:\/\/cokhitanminh.com\/may-dong-goi\/\"},{\"@type\":\"ListItem\",\"position\":2,\"name\":\"C\\u1eeda h\\u00e0ng\",\"item\":\"https:\/\/cokhitanminh.com\/may-dong-goi\/mua\/\"},{\"@type\":\"ListItem\",\"position\":3,\"name\":\"M\\u00e1y d\\u00e1n b\\u0103ng d\\u00ednh th\\u00f9ng carton FXJ-6050 (TM\\u0110G-GA02)\"}]}]}<\/script>\n<!-- \/ Yoast SEO plugin. -->","yoast_head_json":{"title":"M\u00e1y d\u00e1n b\u0103ng d\u00ednh th\u00f9ng carton FXJ-6050 (TM\u0110G-GA02) - M\u00c1Y \u0110\u00d3NG G\u00d3I T\u00c2N MINH","description":"M\u00e1y d\u00e1n b\u0103ng d\u00ednh th\u00f9ng carton FXJ-6050 (TM\u0110G-GA02) uy t\u00edn ch\u1ea5t l\u01b0\u1ee3ng Li\u00ean h\u1ec7 Hotline 1: 1900 2861 | Hotline 2: 09 67 68 69 11 \u0110\u1ec3 \u0111\u01b0\u1ee3c t\u01b0 v\u1ea5n mi\u1ec5n ph\u00ed!","robots":{"index":"index","follow":"follow","max-snippet":"max-snippet:-1","max-image-preview":"max-image-preview:large","max-video-preview":"max-video-preview:-1"},"canonical":"https:\/\/cokhitanminh.com\/may-dong-goi\/may-dan-bang-dinh-thung-carton-fxj-6050-tmdg-ga02\/","og_locale":"vi_VN","og_type":"article","og_title":"M\u00e1y d\u00e1n b\u0103ng d\u00ednh th\u00f9ng carton FXJ-6050 (TM\u0110G-GA02) - M\u00c1Y \u0110\u00d3NG G\u00d3I T\u00c2N MINH","og_description":"M\u00e1y d\u00e1n b\u0103ng d\u00ednh th\u00f9ng carton FXJ-6050 (TM\u0110G-GA02) uy t\u00edn ch\u1ea5t l\u01b0\u1ee3ng Li\u00ean h\u1ec7 Hotline 1: 1900 2861 | Hotline 2: 09 67 68 69 11 \u0110\u1ec3 \u0111\u01b0\u1ee3c t\u01b0 v\u1ea5n mi\u1ec5n ph\u00ed!","og_url":"https:\/\/cokhitanminh.com\/may-dong-goi\/may-dan-bang-dinh-thung-carton-fxj-6050-tmdg-ga02\/","og_site_name":"M\u00c1Y \u0110\u00d3NG G\u00d3I T\u00c2N MINH","article_modified_time":"2022-06-24T03:25:33+00:00","og_image":[{"width":500,"height":500,"url":"https:\/\/cokhitanminh.com\/may-dong-goi\/wp-content\/uploads\/2021\/12\/may-dan-bang-dinh-thung-carton-fxj-6050-tmdg-ga02-1-cokhitanminhcommdg.jpg","type":"image\/jpeg"}],"twitter_card":"summary_large_image","twitter_misc":{"\u01af\u1edbc t\u00ednh th\u1eddi gian \u0111\u1ecdc":"1 ph\u00fat"},"schema":{"@context":"https:\/\/schema.org","@graph":[{"@type":"WebSite","@id":"https:\/\/cokhitanminh.com\/may-dong-goi\/#website","url":"https:\/\/cokhitanminh.com\/may-dong-goi\/","name":"M\u00c1Y \u0110\u00d3NG G\u00d3I T\u00c2N MINH","description":"Chuy\u00ean gia m\u00e1y \u0111\u00f3ng g\u00f3i","potentialAction":[{"@type":"SearchAction","target":{"@type":"EntryPoint","urlTemplate":"https:\/\/cokhitanminh.com\/may-dong-goi\/?s={search_term_string}"},"query-input":"required name=search_term_string"}],"inLanguage":"vi"},{"@type":"ImageObject","@id":"https:\/\/cokhitanminh.com\/may-dong-goi\/may-dan-bang-dinh-thung-carton-fxj-6050-tmdg-ga02\/#primaryimage","inLanguage":"vi","url":"https:\/\/cokhitanminh.com\/may-dong-goi\/wp-content\/uploads\/2021\/12\/may-dan-bang-dinh-thung-carton-fxj-6050-tmdg-ga02-1-cokhitanminhcommdg.jpg","contentUrl":"https:\/\/cokhitanminh.com\/may-dong-goi\/wp-content\/uploads\/2021\/12\/may-dan-bang-dinh-thung-carton-fxj-6050-tmdg-ga02-1-cokhitanminhcommdg.jpg","width":500,"height":500,"caption":"M\u00c1Y D\u00c1N B\u0102NG D\u00cdNH TH\u00d9NG CARTON FXJ-6050 (TM\u0110G-GA02)"},{"@type":"WebPage","@id":"https:\/\/cokhitanminh.com\/may-dong-goi\/may-dan-bang-dinh-thung-carton-fxj-6050-tmdg-ga02\/#webpage","url":"https:\/\/cokhitanminh.com\/may-dong-goi\/may-dan-bang-dinh-thung-carton-fxj-6050-tmdg-ga02\/","name":"M\u00e1y d\u00e1n b\u0103ng d\u00ednh th\u00f9ng carton FXJ-6050 (TM\u0110G-GA02) - M\u00c1Y \u0110\u00d3NG G\u00d3I T\u00c2N MINH","isPartOf":{"@id":"https:\/\/cokhitanminh.com\/may-dong-goi\/#website"},"primaryImageOfPage":{"@id":"https:\/\/cokhitanminh.com\/may-dong-goi\/may-dan-bang-dinh-thung-carton-fxj-6050-tmdg-ga02\/#primaryimage"},"datePublished":"2021-12-04T03:16:47+00:00","dateModified":"2022-06-24T03:25:33+00:00","description":"M\u00e1y d\u00e1n b\u0103ng d\u00ednh th\u00f9ng carton FXJ-6050 (TM\u0110G-GA02) uy t\u00edn ch\u1ea5t l\u01b0\u1ee3ng Li\u00ean h\u1ec7 Hotline 1: 1900 2861 | Hotline 2: 09 67 68 69 11 \u0110\u1ec3 \u0111\u01b0\u1ee3c t\u01b0 v\u1ea5n mi\u1ec5n ph\u00ed!","breadcrumb":{"@id":"https:\/\/cokhitanminh.com\/may-dong-goi\/may-dan-bang-dinh-thung-carton-fxj-6050-tmdg-ga02\/#breadcrumb"},"inLanguage":"vi","potentialAction":[{"@type":"ReadAction","target":["https:\/\/cokhitanminh.com\/may-dong-goi\/may-dan-bang-dinh-thung-carton-fxj-6050-tmdg-ga02\/"]}]},{"@type":"BreadcrumbList","@id":"https:\/\/cokhitanminh.com\/may-dong-goi\/may-dan-bang-dinh-thung-carton-fxj-6050-tmdg-ga02\/#breadcrumb","itemListElement":[{"@type":"ListItem","position":1,"name":"Trang ch\u1ee7","item":"https:\/\/cokhitanminh.com\/may-dong-goi\/"},{"@type":"ListItem","position":2,"name":"C\u1eeda h\u00e0ng","item":"https:\/\/cokhitanminh.com\/may-dong-goi\/mua\/"},{"@type":"ListItem","position":3,"name":"M\u00e1y d\u00e1n b\u0103ng d\u00ednh th\u00f9ng carton FXJ-6050 (TM\u0110G-GA02)"}]}]}},"_links":{"self":[{"href":"https:\/\/cokhitanminh.com\/may-dong-goi\/wp-json\/wp\/v2\/product\/1676","targetHints":{"allow":["GET"]}}],"collection":[{"href":"https:\/\/cokhitanminh.com\/may-dong-goi\/wp-json\/wp\/v2\/product"}],"about":[{"href":"https:\/\/cokhitanminh.com\/may-dong-goi\/wp-json\/wp\/v2\/types\/product"}],"replies":[{"embeddable":true,"href":"https:\/\/cokhitanminh.com\/may-dong-goi\/wp-json\/wp\/v2\/comments?post=1676"}],"wp:featuredmedia":[{"embeddable":true,"href":"https:\/\/cokhitanminh.com\/may-dong-goi\/wp-json\/wp\/v2\/media\/7922"}],"wp:attachment":[{"href":"https:\/\/cokhitanminh.com\/may-dong-goi\/wp-json\/wp\/v2\/media?parent=1676"}],"curies":[{"name":"wp","href":"https:\/\/api.w.org\/{rel}","templated":true}]}}