{"id":1673,"date":"2021-12-04T03:16:46","date_gmt":"2021-12-04T03:16:46","guid":{"rendered":"https:\/\/cokhitanminh.com\/may-dong-goi\/?post_type=product&#038;p=1673"},"modified":"2022-07-12T06:45:03","modified_gmt":"2022-07-12T06:45:03","slug":"may-dan-nhan-decan-chai-tron-tu-dong-tmdg-2t7","status":"publish","type":"product","link":"https:\/\/cokhitanminh.com\/may-dong-goi\/may-dan-nhan-decan-chai-tron-tu-dong-tmdg-2t7\/","title":{"rendered":"M\u00e1y d\u00e1n nh\u00e3n decan chai tr\u00f2n t\u1ef1 \u0111\u1ed9ng (TM\u0110G-2T7)"},"content":{"rendered":"<h1 class=\"title-name-product\"><em><strong>M\u00e1y d\u00e1n nh\u00e3n decan chai tr\u00f2n t\u1ef1 \u0111\u1ed9ng (TM\u0110G-2T7)<\/strong><\/em><\/h1>\n<p class=\"title-name-product\"><a href=\"https:\/\/cokhitanminh.com\/may-dong-goi\/may-dan-nhan-decan-dang-chai-tu-dong-tmdg-2t7\/\"><em><strong>M\u00e1y d\u00e1n nh\u00e3n decan chai tr\u00f2n t\u1ef1 \u0111\u1ed9ng (TM\u0110G-2T7)<\/strong><\/em><\/a> \u0111\u01b0\u1ee3c nghi\u00ean c\u1ee9u s\u1ea3n xu\u1ea5t v\u00e0 ph\u00e2n ph\u1ed1i tr\u00ean to\u00e0n qu\u1ed1c. T\u1ea5t c\u1ea3 c\u00e1c s\u1ea3n ph\u1ea9m c\u1ee7a ch\u00fang t\u00f4i \u0111\u1ec1u \u0111\u01b0\u1ee3c ki\u1ec3m tra k\u1ef9 l\u01b0\u1ee1ng v\u00e0 v\u1eadn h\u00e0nh th\u1ef1c t\u1ebf \u0111\u1ec3 lu\u00f4n \u0111\u1ea3m b\u1ea3o ch\u1ea5t l\u01b0\u1ee3ng t\u1ed1t nh\u1ea5t tr\u01b0\u1edbc khi b\u00e0n giao thi\u1ebft b\u1ecb cho kh\u00e1ch h\u00e0ng.<\/p>\n<p style=\"text-align: justify;\"><strong>Th\u00f4ng s\u1ed1 k\u1ef9 thu\u1eadt:<\/strong><\/p>\n<p>\u2013 Model: TM\u0110G-2T7<\/p>\n<p>\u2013 \u0110i\u1ec7n \u00e1p : 220V-50\/60Hz<\/p>\n<p>\u2013 C\u00f4ng su\u1ea5t: 1.5kW<\/p>\n<p>\u2013 T\u1ed1c \u0111\u1ed9 d\u00e1n nh\u00e3n: 20-100 s\u1ea3n ph\u1ea9m\/ph\u00fat (ph\u1ee5 thu\u1ed9c v\u00e0o s\u1ea3n ph\u1ea9m)<\/p>\n<p>\u2013 \u0110\u01b0\u1eddng k\u00ednh chai \u00e1p d\u1ee5ng: 30-120 mm<\/p>\n<p>\u2013 K\u00edch th\u01b0\u1edbc nh\u00e3n: chi\u1ec1u cao 15-150mm, chi\u1ec1u d\u00e0i 25-300mm<\/p>\n<p>\u2013 \u0110\u1ed9 ch\u00ednh x\u00e1c : \u00b1 1mm<\/p>\n<p>\u2013 \u0110\u01b0\u1eddng k\u00ednh cu\u1ed9n nh\u00e3n: trong 76mm, ngo\u00e0i 320mm<\/p>\n<p>\u2013 K\u00edch th\u01b0\u1edbc m\u00e1y: 2000 *900 *1350 (mm)<\/p>\n<p>\u2013 Tr\u1ecdng l\u01b0\u1ee3ng m\u00e1y: 200Kg<\/p>\n<p style=\"text-align: justify;\"><strong>H\u00ecnh \u1ea3nh s\u1ea3n ph\u1ea9m:<\/strong><\/p>\n<p><a href=\"https:\/\/cokhitanminh.com\/may-dong-goi\/wp-content\/uploads\/2021\/12\/may-dan-nhan-decal-dang-chai-tron-hop-tron-4-mat-tmdg-h24-cktmmdg-2.jpg\"><img loading=\"lazy\" decoding=\"async\" class=\"size-full wp-image-5093 aligncenter\" src=\"https:\/\/cokhitanminh.com\/may-dong-goi\/wp-content\/uploads\/2021\/12\/may-dan-nhan-decal-dang-chai-tron-hop-tron-4-mat-tmdg-h24-cktmmdg-2.jpg\" alt=\"\" width=\"550\" height=\"413\" srcset=\"https:\/\/cokhitanminh.com\/may-dong-goi\/wp-content\/uploads\/2021\/12\/may-dan-nhan-decal-dang-chai-tron-hop-tron-4-mat-tmdg-h24-cktmmdg-2.jpg 550w, https:\/\/cokhitanminh.com\/may-dong-goi\/wp-content\/uploads\/2021\/12\/may-dan-nhan-decal-dang-chai-tron-hop-tron-4-mat-tmdg-h24-cktmmdg-2-300x225.jpg 300w\" sizes=\"auto, (max-width: 550px) 100vw, 550px\" \/><\/a><\/p>\n<p><a href=\"https:\/\/cokhitanminh.com\/may-dong-goi\/wp-content\/uploads\/2021\/12\/may-dan-nhan-decal-dang-chai-tron-hop-tron-4-mat-tmdg-h24-cktmmdg-3.jpg\"><img loading=\"lazy\" decoding=\"async\" class=\"size-full wp-image-5094 aligncenter\" src=\"https:\/\/cokhitanminh.com\/may-dong-goi\/wp-content\/uploads\/2021\/12\/may-dan-nhan-decal-dang-chai-tron-hop-tron-4-mat-tmdg-h24-cktmmdg-3.jpg\" alt=\"\" width=\"550\" height=\"413\" srcset=\"https:\/\/cokhitanminh.com\/may-dong-goi\/wp-content\/uploads\/2021\/12\/may-dan-nhan-decal-dang-chai-tron-hop-tron-4-mat-tmdg-h24-cktmmdg-3.jpg 550w, https:\/\/cokhitanminh.com\/may-dong-goi\/wp-content\/uploads\/2021\/12\/may-dan-nhan-decal-dang-chai-tron-hop-tron-4-mat-tmdg-h24-cktmmdg-3-300x225.jpg 300w\" sizes=\"auto, (max-width: 550px) 100vw, 550px\" \/><\/a> <a href=\"https:\/\/cokhitanminh.com\/may-dong-goi\/wp-content\/uploads\/2021\/12\/may-dan-nhan-decal-dang-chai-tron-hop-tron-4-mat-tmdg-h24-cktmmdg-4.gif\"><img loading=\"lazy\" decoding=\"async\" class=\"size-full wp-image-5095 aligncenter\" src=\"https:\/\/cokhitanminh.com\/may-dong-goi\/wp-content\/uploads\/2021\/12\/may-dan-nhan-decal-dang-chai-tron-hop-tron-4-mat-tmdg-h24-cktmmdg-4.gif\" alt=\"\" width=\"690\" height=\"388\" \/><\/a> <a href=\"https:\/\/cokhitanminh.com\/may-dong-goi\/wp-content\/uploads\/2021\/12\/may-dan-nhan-decal-dang-chai-tron-hop-tron-4-mat-tmdg-h24-cktmmdg-5.gif\"><img loading=\"lazy\" decoding=\"async\" class=\"size-full wp-image-5096 aligncenter\" src=\"https:\/\/cokhitanminh.com\/may-dong-goi\/wp-content\/uploads\/2021\/12\/may-dan-nhan-decal-dang-chai-tron-hop-tron-4-mat-tmdg-h24-cktmmdg-5.gif\" alt=\"\" width=\"690\" height=\"388\" \/><\/a> <a href=\"https:\/\/cokhitanminh.com\/may-dong-goi\/wp-content\/uploads\/2021\/12\/may-dan-nhan-decal-dang-chai-tron-hop-tron-4-mat-tmdg-h24-cktmmdg-6.gif\"><img loading=\"lazy\" decoding=\"async\" class=\"size-full wp-image-5097 aligncenter\" src=\"https:\/\/cokhitanminh.com\/may-dong-goi\/wp-content\/uploads\/2021\/12\/may-dan-nhan-decal-dang-chai-tron-hop-tron-4-mat-tmdg-h24-cktmmdg-6.gif\" alt=\"\" width=\"690\" height=\"388\" \/><\/a> <a href=\"https:\/\/cokhitanminh.com\/may-dong-goi\/wp-content\/uploads\/2021\/12\/may-dan-nhan-decal-dang-chai-tron-hop-tron-4-mat-tmdg-h24-cktmmdg-7.gif\"><img loading=\"lazy\" decoding=\"async\" class=\"size-full wp-image-5098 aligncenter\" src=\"https:\/\/cokhitanminh.com\/may-dong-goi\/wp-content\/uploads\/2021\/12\/may-dan-nhan-decal-dang-chai-tron-hop-tron-4-mat-tmdg-h24-cktmmdg-7.gif\" alt=\"\" width=\"690\" height=\"388\" \/><\/a><\/p>\n<p>VIDEO S\u1ea2N PH\u1ea8M<\/p>\n<p style=\"text-align: center;\"><iframe loading=\"lazy\" src=\"https:\/\/www.youtube.com\/embed\/ZewN_VFoxZU\" width=\"560\" height=\"315\" frameborder=\"0\" allowfullscreen=\"allowfullscreen\"><\/iframe><\/p>\n<p style=\"text-align: justify;\">Chi ti\u1ebft s\u1ea3n ph\u1ea9m <em><strong>M\u00e1y d\u00e1n nh\u00e3n decan chai tr\u00f2n t\u1ef1 \u0111\u1ed9ng (TM\u0110G-2T7)<\/strong><\/em>\u00a0xin vui l\u00f2ng li\u00ean h\u1ec7 Hotline: 19002861 \u0110\u1ec3 \u0111\u01b0\u1ee3c t\u01b0 v\u1ea5n ho\u00e0n to\u00e0n mi\u1ec5n ph\u00ed!<\/p>\n","protected":false},"excerpt":{"rendered":"<p>M\u00e1y d\u00e1n nh\u00e3n decan chai tr\u00f2n t\u1ef1 \u0111\u1ed9ng (TM\u0110G-2T7) M\u00e1y d\u00e1n nh\u00e3n decan chai tr\u00f2n t\u1ef1 \u0111\u1ed9ng (TM\u0110G-2T7) \u0111\u01b0\u1ee3c nghi\u00ean c\u1ee9u s\u1ea3n xu\u1ea5t v\u00e0 ph\u00e2n ph\u1ed1i tr\u00ean to\u00e0n qu\u1ed1c. T\u1ea5t c\u1ea3 c\u00e1c s\u1ea3n ph\u1ea9m c\u1ee7a ch\u00fang t\u00f4i \u0111\u1ec1u \u0111\u01b0\u1ee3c ki\u1ec3m tra k\u1ef9 l\u01b0\u1ee1ng v\u00e0 v\u1eadn h\u00e0nh th\u1ef1c t\u1ebf \u0111\u1ec3 lu\u00f4n \u0111\u1ea3m b\u1ea3o ch\u1ea5t l\u01b0\u1ee3ng t\u1ed1t &#8230;<\/p>\n","protected":false},"featured_media":5101,"comment_status":"open","ping_status":"closed","template":"","meta":[],"class_list":{"0":"post-1673","1":"product","2":"type-product","3":"status-publish","4":"has-post-thumbnail","6":"product_cat-may-dan-tem-nhan","8":"first","9":"instock","10":"shipping-taxable","11":"purchasable","12":"product-type-simple"},"brands":[],"yoast_head":"<!-- This site is optimized with the Yoast SEO plugin v17.6 - https:\/\/yoast.com\/wordpress\/plugins\/seo\/ -->\n<title>M\u00e1y d\u00e1n nh\u00e3n decan chai tr\u00f2n t\u1ef1 \u0111\u1ed9ng (TM\u0110G-2T7) - | 1900.2861<\/title>\n<meta name=\"description\" content=\"M\u00e1y d\u00e1n nh\u00e3n decan chai tr\u00f2n t\u1ef1 \u0111\u1ed9ng (TM\u0110G-2T7) uy t\u00edn ch\u1ea5t l\u01b0\u1ee3ng Li\u00ean h\u1ec7 Hotline 1: 1900 2861 | Hotline 2: 09 67 68 69 11 \u0110\u1ec3 \u0111\u01b0\u1ee3c t\u01b0 v\u1ea5n mi\u1ec5n ph\u00ed!\" \/>\n<meta name=\"robots\" content=\"index, follow, max-snippet:-1, max-image-preview:large, max-video-preview:-1\" \/>\n<link rel=\"canonical\" href=\"https:\/\/cokhitanminh.com\/may-dong-goi\/may-dan-nhan-decan-chai-tron-tu-dong-tmdg-2t7\/\" \/>\n<meta property=\"og:locale\" content=\"vi_VN\" \/>\n<meta property=\"og:type\" content=\"article\" \/>\n<meta property=\"og:title\" content=\"M\u00e1y d\u00e1n nh\u00e3n decan chai tr\u00f2n t\u1ef1 \u0111\u1ed9ng (TM\u0110G-2T7) - | 1900.2861\" \/>\n<meta property=\"og:description\" content=\"M\u00e1y d\u00e1n nh\u00e3n decan chai tr\u00f2n t\u1ef1 \u0111\u1ed9ng (TM\u0110G-2T7) uy t\u00edn ch\u1ea5t l\u01b0\u1ee3ng Li\u00ean h\u1ec7 Hotline 1: 1900 2861 | Hotline 2: 09 67 68 69 11 \u0110\u1ec3 \u0111\u01b0\u1ee3c t\u01b0 v\u1ea5n mi\u1ec5n ph\u00ed!\" \/>\n<meta property=\"og:url\" content=\"https:\/\/cokhitanminh.com\/may-dong-goi\/may-dan-nhan-decan-chai-tron-tu-dong-tmdg-2t7\/\" \/>\n<meta property=\"og:site_name\" content=\"M\u00c1Y \u0110\u00d3NG G\u00d3I T\u00c2N MINH\" \/>\n<meta property=\"article:modified_time\" content=\"2022-07-12T06:45:03+00:00\" \/>\n<meta property=\"og:image\" content=\"https:\/\/cokhitanminh.com\/may-dong-goi\/wp-content\/uploads\/2021\/12\/may-dan-nhan-decal-dang-chai-tron-hop-tron-4-mat-tmdg-h24-cktmmdg.jpg\" \/>\n\t<meta property=\"og:image:width\" content=\"500\" \/>\n\t<meta property=\"og:image:height\" content=\"500\" \/>\n<meta name=\"twitter:card\" content=\"summary_large_image\" \/>\n<meta name=\"twitter:label1\" content=\"\u01af\u1edbc t\u00ednh th\u1eddi gian \u0111\u1ecdc\" \/>\n\t<meta name=\"twitter:data1\" content=\"3 ph\u00fat\" \/>\n<script type=\"application\/ld+json\" class=\"yoast-schema-graph\">{\"@context\":\"https:\/\/schema.org\",\"@graph\":[{\"@type\":\"WebSite\",\"@id\":\"https:\/\/cokhitanminh.com\/may-dong-goi\/#website\",\"url\":\"https:\/\/cokhitanminh.com\/may-dong-goi\/\",\"name\":\"M\\u00c1Y \\u0110\\u00d3NG G\\u00d3I T\\u00c2N MINH\",\"description\":\"Chuy\\u00ean gia m\\u00e1y \\u0111\\u00f3ng g\\u00f3i\",\"potentialAction\":[{\"@type\":\"SearchAction\",\"target\":{\"@type\":\"EntryPoint\",\"urlTemplate\":\"https:\/\/cokhitanminh.com\/may-dong-goi\/?s={search_term_string}\"},\"query-input\":\"required name=search_term_string\"}],\"inLanguage\":\"vi\"},{\"@type\":\"ImageObject\",\"@id\":\"https:\/\/cokhitanminh.com\/may-dong-goi\/may-dan-nhan-decan-chai-tron-tu-dong-tmdg-2t7\/#primaryimage\",\"inLanguage\":\"vi\",\"url\":\"https:\/\/cokhitanminh.com\/may-dong-goi\/wp-content\/uploads\/2021\/12\/may-dan-nhan-decal-dang-chai-tron-hop-tron-4-mat-tmdg-h24-cktmmdg.jpg\",\"contentUrl\":\"https:\/\/cokhitanminh.com\/may-dong-goi\/wp-content\/uploads\/2021\/12\/may-dan-nhan-decal-dang-chai-tron-hop-tron-4-mat-tmdg-h24-cktmmdg.jpg\",\"width\":500,\"height\":500},{\"@type\":\"WebPage\",\"@id\":\"https:\/\/cokhitanminh.com\/may-dong-goi\/may-dan-nhan-decan-chai-tron-tu-dong-tmdg-2t7\/#webpage\",\"url\":\"https:\/\/cokhitanminh.com\/may-dong-goi\/may-dan-nhan-decan-chai-tron-tu-dong-tmdg-2t7\/\",\"name\":\"M\\u00e1y d\\u00e1n nh\\u00e3n decan chai tr\\u00f2n t\\u1ef1 \\u0111\\u1ed9ng (TM\\u0110G-2T7) - | 1900.2861\",\"isPartOf\":{\"@id\":\"https:\/\/cokhitanminh.com\/may-dong-goi\/#website\"},\"primaryImageOfPage\":{\"@id\":\"https:\/\/cokhitanminh.com\/may-dong-goi\/may-dan-nhan-decan-chai-tron-tu-dong-tmdg-2t7\/#primaryimage\"},\"datePublished\":\"2021-12-04T03:16:46+00:00\",\"dateModified\":\"2022-07-12T06:45:03+00:00\",\"description\":\"M\\u00e1y d\\u00e1n nh\\u00e3n decan chai tr\\u00f2n t\\u1ef1 \\u0111\\u1ed9ng (TM\\u0110G-2T7) uy t\\u00edn ch\\u1ea5t l\\u01b0\\u1ee3ng Li\\u00ean h\\u1ec7 Hotline 1: 1900 2861 | Hotline 2: 09 67 68 69 11 \\u0110\\u1ec3 \\u0111\\u01b0\\u1ee3c t\\u01b0 v\\u1ea5n mi\\u1ec5n ph\\u00ed!\",\"breadcrumb\":{\"@id\":\"https:\/\/cokhitanminh.com\/may-dong-goi\/may-dan-nhan-decan-chai-tron-tu-dong-tmdg-2t7\/#breadcrumb\"},\"inLanguage\":\"vi\",\"potentialAction\":[{\"@type\":\"ReadAction\",\"target\":[\"https:\/\/cokhitanminh.com\/may-dong-goi\/may-dan-nhan-decan-chai-tron-tu-dong-tmdg-2t7\/\"]}]},{\"@type\":\"BreadcrumbList\",\"@id\":\"https:\/\/cokhitanminh.com\/may-dong-goi\/may-dan-nhan-decan-chai-tron-tu-dong-tmdg-2t7\/#breadcrumb\",\"itemListElement\":[{\"@type\":\"ListItem\",\"position\":1,\"name\":\"Trang ch\\u1ee7\",\"item\":\"https:\/\/cokhitanminh.com\/may-dong-goi\/\"},{\"@type\":\"ListItem\",\"position\":2,\"name\":\"C\\u1eeda h\\u00e0ng\",\"item\":\"https:\/\/cokhitanminh.com\/may-dong-goi\/mua\/\"},{\"@type\":\"ListItem\",\"position\":3,\"name\":\"M\\u00e1y d\\u00e1n nh\\u00e3n decan chai tr\\u00f2n t\\u1ef1 \\u0111\\u1ed9ng (TM\\u0110G-2T7)\"}]}]}<\/script>\n<!-- \/ Yoast SEO plugin. -->","yoast_head_json":{"title":"M\u00e1y d\u00e1n nh\u00e3n decan chai tr\u00f2n t\u1ef1 \u0111\u1ed9ng (TM\u0110G-2T7) - | 1900.2861","description":"M\u00e1y d\u00e1n nh\u00e3n decan chai tr\u00f2n t\u1ef1 \u0111\u1ed9ng (TM\u0110G-2T7) uy t\u00edn ch\u1ea5t l\u01b0\u1ee3ng Li\u00ean h\u1ec7 Hotline 1: 1900 2861 | Hotline 2: 09 67 68 69 11 \u0110\u1ec3 \u0111\u01b0\u1ee3c t\u01b0 v\u1ea5n mi\u1ec5n ph\u00ed!","robots":{"index":"index","follow":"follow","max-snippet":"max-snippet:-1","max-image-preview":"max-image-preview:large","max-video-preview":"max-video-preview:-1"},"canonical":"https:\/\/cokhitanminh.com\/may-dong-goi\/may-dan-nhan-decan-chai-tron-tu-dong-tmdg-2t7\/","og_locale":"vi_VN","og_type":"article","og_title":"M\u00e1y d\u00e1n nh\u00e3n decan chai tr\u00f2n t\u1ef1 \u0111\u1ed9ng (TM\u0110G-2T7) - | 1900.2861","og_description":"M\u00e1y d\u00e1n nh\u00e3n decan chai tr\u00f2n t\u1ef1 \u0111\u1ed9ng (TM\u0110G-2T7) uy t\u00edn ch\u1ea5t l\u01b0\u1ee3ng Li\u00ean h\u1ec7 Hotline 1: 1900 2861 | Hotline 2: 09 67 68 69 11 \u0110\u1ec3 \u0111\u01b0\u1ee3c t\u01b0 v\u1ea5n mi\u1ec5n ph\u00ed!","og_url":"https:\/\/cokhitanminh.com\/may-dong-goi\/may-dan-nhan-decan-chai-tron-tu-dong-tmdg-2t7\/","og_site_name":"M\u00c1Y \u0110\u00d3NG G\u00d3I T\u00c2N MINH","article_modified_time":"2022-07-12T06:45:03+00:00","og_image":[{"width":500,"height":500,"url":"https:\/\/cokhitanminh.com\/may-dong-goi\/wp-content\/uploads\/2021\/12\/may-dan-nhan-decal-dang-chai-tron-hop-tron-4-mat-tmdg-h24-cktmmdg.jpg","type":"image\/jpeg"}],"twitter_card":"summary_large_image","twitter_misc":{"\u01af\u1edbc t\u00ednh th\u1eddi gian \u0111\u1ecdc":"3 ph\u00fat"},"schema":{"@context":"https:\/\/schema.org","@graph":[{"@type":"WebSite","@id":"https:\/\/cokhitanminh.com\/may-dong-goi\/#website","url":"https:\/\/cokhitanminh.com\/may-dong-goi\/","name":"M\u00c1Y \u0110\u00d3NG G\u00d3I T\u00c2N MINH","description":"Chuy\u00ean gia m\u00e1y \u0111\u00f3ng g\u00f3i","potentialAction":[{"@type":"SearchAction","target":{"@type":"EntryPoint","urlTemplate":"https:\/\/cokhitanminh.com\/may-dong-goi\/?s={search_term_string}"},"query-input":"required name=search_term_string"}],"inLanguage":"vi"},{"@type":"ImageObject","@id":"https:\/\/cokhitanminh.com\/may-dong-goi\/may-dan-nhan-decan-chai-tron-tu-dong-tmdg-2t7\/#primaryimage","inLanguage":"vi","url":"https:\/\/cokhitanminh.com\/may-dong-goi\/wp-content\/uploads\/2021\/12\/may-dan-nhan-decal-dang-chai-tron-hop-tron-4-mat-tmdg-h24-cktmmdg.jpg","contentUrl":"https:\/\/cokhitanminh.com\/may-dong-goi\/wp-content\/uploads\/2021\/12\/may-dan-nhan-decal-dang-chai-tron-hop-tron-4-mat-tmdg-h24-cktmmdg.jpg","width":500,"height":500},{"@type":"WebPage","@id":"https:\/\/cokhitanminh.com\/may-dong-goi\/may-dan-nhan-decan-chai-tron-tu-dong-tmdg-2t7\/#webpage","url":"https:\/\/cokhitanminh.com\/may-dong-goi\/may-dan-nhan-decan-chai-tron-tu-dong-tmdg-2t7\/","name":"M\u00e1y d\u00e1n nh\u00e3n decan chai tr\u00f2n t\u1ef1 \u0111\u1ed9ng (TM\u0110G-2T7) - | 1900.2861","isPartOf":{"@id":"https:\/\/cokhitanminh.com\/may-dong-goi\/#website"},"primaryImageOfPage":{"@id":"https:\/\/cokhitanminh.com\/may-dong-goi\/may-dan-nhan-decan-chai-tron-tu-dong-tmdg-2t7\/#primaryimage"},"datePublished":"2021-12-04T03:16:46+00:00","dateModified":"2022-07-12T06:45:03+00:00","description":"M\u00e1y d\u00e1n nh\u00e3n decan chai tr\u00f2n t\u1ef1 \u0111\u1ed9ng (TM\u0110G-2T7) uy t\u00edn ch\u1ea5t l\u01b0\u1ee3ng Li\u00ean h\u1ec7 Hotline 1: 1900 2861 | Hotline 2: 09 67 68 69 11 \u0110\u1ec3 \u0111\u01b0\u1ee3c t\u01b0 v\u1ea5n mi\u1ec5n ph\u00ed!","breadcrumb":{"@id":"https:\/\/cokhitanminh.com\/may-dong-goi\/may-dan-nhan-decan-chai-tron-tu-dong-tmdg-2t7\/#breadcrumb"},"inLanguage":"vi","potentialAction":[{"@type":"ReadAction","target":["https:\/\/cokhitanminh.com\/may-dong-goi\/may-dan-nhan-decan-chai-tron-tu-dong-tmdg-2t7\/"]}]},{"@type":"BreadcrumbList","@id":"https:\/\/cokhitanminh.com\/may-dong-goi\/may-dan-nhan-decan-chai-tron-tu-dong-tmdg-2t7\/#breadcrumb","itemListElement":[{"@type":"ListItem","position":1,"name":"Trang ch\u1ee7","item":"https:\/\/cokhitanminh.com\/may-dong-goi\/"},{"@type":"ListItem","position":2,"name":"C\u1eeda h\u00e0ng","item":"https:\/\/cokhitanminh.com\/may-dong-goi\/mua\/"},{"@type":"ListItem","position":3,"name":"M\u00e1y d\u00e1n nh\u00e3n decan chai tr\u00f2n t\u1ef1 \u0111\u1ed9ng (TM\u0110G-2T7)"}]}]}},"_links":{"self":[{"href":"https:\/\/cokhitanminh.com\/may-dong-goi\/wp-json\/wp\/v2\/product\/1673","targetHints":{"allow":["GET"]}}],"collection":[{"href":"https:\/\/cokhitanminh.com\/may-dong-goi\/wp-json\/wp\/v2\/product"}],"about":[{"href":"https:\/\/cokhitanminh.com\/may-dong-goi\/wp-json\/wp\/v2\/types\/product"}],"replies":[{"embeddable":true,"href":"https:\/\/cokhitanminh.com\/may-dong-goi\/wp-json\/wp\/v2\/comments?post=1673"}],"wp:featuredmedia":[{"embeddable":true,"href":"https:\/\/cokhitanminh.com\/may-dong-goi\/wp-json\/wp\/v2\/media\/5101"}],"wp:attachment":[{"href":"https:\/\/cokhitanminh.com\/may-dong-goi\/wp-json\/wp\/v2\/media?parent=1673"}],"curies":[{"name":"wp","href":"https:\/\/api.w.org\/{rel}","templated":true}]}}