{"id":1658,"date":"2021-12-04T03:16:40","date_gmt":"2021-12-04T03:16:40","guid":{"rendered":"https:\/\/cokhitanminh.com\/may-dong-goi\/?post_type=product&#038;p=1658"},"modified":"2022-04-20T03:36:59","modified_gmt":"2022-04-20T03:36:59","slug":"may-dan-nhan-decan-chai-tron-ban-tu-dong-tmdg-2t4","status":"publish","type":"product","link":"https:\/\/cokhitanminh.com\/may-dong-goi\/may-dan-nhan-decan-chai-tron-ban-tu-dong-tmdg-2t4\/","title":{"rendered":"M\u00e1y d\u00e1n nh\u00e3n decan chai tr\u00f2n b\u00e1n t\u1ef1 \u0111\u1ed9ng TM\u0110G-2T4"},"content":{"rendered":"<h3 style=\"text-align: justify;\"><a href=\"https:\/\/cokhitanminh.com\/may-dong-goi\/may-dan-nhan-decan-chai-tron-ban-tu-dong-tmdg-2t4\/\"><em><strong>M\u00e1y d\u00e1n nh\u00e3n decan chai tr\u00f2n b\u00e1n t\u1ef1 \u0111\u1ed9ng<\/strong><\/em><\/a>\u00a0<strong>TM\u0110G-2T4<\/strong><\/h3>\n<p style=\"text-align: justify;\"><em><strong>M\u00e1y d\u00e1n nh\u00e3n decan chai tr\u00f2n b\u00e1n t\u1ef1 \u0111\u1ed9ng<\/strong><\/em>\u00a0TM\u0110G-2T4 \u0111\u01b0\u1ee3c nghi\u00ean c\u1ee9u s\u1ea3n xu\u1ea5t v\u00e0 ph\u00e2n ph\u1ed1i tr\u00ean to\u00e0n qu\u1ed1c. T\u1ea5t c\u1ea3 c\u00e1c s\u1ea3n ph\u1ea9m c\u1ee7a ch\u00fang t\u00f4i \u0111\u1ec1u \u0111\u01b0\u1ee3c ki\u1ec3m tra k\u1ef9 l\u01b0\u1ee1ng v\u00e0 v\u1eadn h\u00e0nh th\u1ef1c t\u1ebf \u0111\u1ec3 lu\u00f4n \u0111\u1ea3m b\u1ea3o ch\u1ea5t l\u01b0\u1ee3ng t\u1ed1t nh\u1ea5t tr\u01b0\u1edbc khi b\u00e0n giao thi\u1ebft b\u1ecb cho kh\u00e1ch h\u00e0ng.<\/p>\n<p style=\"text-align: justify;\"><strong>Th\u00f4ng s\u1ed1 k\u1ef9 thu\u1eadt:<\/strong><\/p>\n<p>\u00a0Model: TM\u0110G-2T4<\/p>\n<p>\u2013 \u0110i\u1ec7n \u00e1p: 220V\/50Hz<\/p>\n<p>\u2013 C\u00f4ng su\u1ea5t: 40W<\/p>\n<p>\u2013 N\u0103ng su\u1ea5t: 15-25 s\u1ea3n ph\u1ea9m\/ph\u00fat (ph\u1ee5 thu\u1ed9c ng\u01b0\u1eddi v\u1eadn h\u00e0nh)<\/p>\n<p>\u2013 \u0110\u1ed9 ch\u00ednh x\u00e1c: \u00b1 1mm<\/p>\n<p>\u2013 K\u00edch th\u01b0\u1edbc tem nh\u1ecf nh\u1ea5t: 20 x 30 mm<\/p>\n<p>\u2013 K\u00edch th\u01b0\u1edbc tem l\u1edbn nh\u1ea5t: 150 x 230 mm<\/p>\n<p>\u2013 K\u00edch th\u01b0\u1edbc cu\u1ed9n tem: trong 75 mm, ngo\u00e0i 250mm<\/p>\n<p>\u2013 \u0110\u01b0\u1eddng k\u00ednh chai \u00e1p d\u1ee5ng: 20 \u2013 120 mm<\/p>\n<p>\u2013 K\u00edch th\u01b0\u1edbc m\u00e1y: 600 x 300 x 400 mm<\/p>\n<p>\u2013 Tr\u1ecdng l\u01b0\u1ee3ng m\u00e1y: 25 Kg<\/p>\n<p>\u2013 V\u1eadt li\u1ec7u ch\u00ednh: Khung m\u00e1y b\u1eb1ng h\u1ee3p kim nh\u00f4m<\/p>\n<p>\u2013 B\u1ea3o h\u00e0nh: 12 th\u00e1ng<\/p>\n<p style=\"text-align: justify;\"><strong>H\u00ecnh \u1ea3nh s\u1ea3n ph\u1ea9m:<\/strong><\/p>\n<p style=\"text-align: center;\"><img loading=\"lazy\" decoding=\"async\" class=\"size-full wp-image-8016 aligncenter\" src=\"https:\/\/cokhitanminh.com\/may-dong-goi\/wp-content\/uploads\/2021\/12\/may-dan-decan-chai-tron-ban-tu-dong-lt50-tmdg-h05-ckmdg7.jpg\" alt=\"\" width=\"600\" height=\"600\" srcset=\"https:\/\/cokhitanminh.com\/may-dong-goi\/wp-content\/uploads\/2021\/12\/may-dan-decan-chai-tron-ban-tu-dong-lt50-tmdg-h05-ckmdg7.jpg 600w, https:\/\/cokhitanminh.com\/may-dong-goi\/wp-content\/uploads\/2021\/12\/may-dan-decan-chai-tron-ban-tu-dong-lt50-tmdg-h05-ckmdg7-300x300.jpg 300w, https:\/\/cokhitanminh.com\/may-dong-goi\/wp-content\/uploads\/2021\/12\/may-dan-decan-chai-tron-ban-tu-dong-lt50-tmdg-h05-ckmdg7-150x150.jpg 150w, https:\/\/cokhitanminh.com\/may-dong-goi\/wp-content\/uploads\/2021\/12\/may-dan-decan-chai-tron-ban-tu-dong-lt50-tmdg-h05-ckmdg7-100x100.jpg 100w\" sizes=\"auto, (max-width: 600px) 100vw, 600px\" \/> <img loading=\"lazy\" decoding=\"async\" class=\"size-full wp-image-8015 aligncenter\" src=\"https:\/\/cokhitanminh.com\/may-dong-goi\/wp-content\/uploads\/2021\/12\/may-dan-decan-chai-tron-ban-tu-dong-lt50-tmdg-h05-ckmdg6.jpg\" alt=\"\" width=\"600\" height=\"400\" srcset=\"https:\/\/cokhitanminh.com\/may-dong-goi\/wp-content\/uploads\/2021\/12\/may-dan-decan-chai-tron-ban-tu-dong-lt50-tmdg-h05-ckmdg6.jpg 600w, https:\/\/cokhitanminh.com\/may-dong-goi\/wp-content\/uploads\/2021\/12\/may-dan-decan-chai-tron-ban-tu-dong-lt50-tmdg-h05-ckmdg6-300x200.jpg 300w\" sizes=\"auto, (max-width: 600px) 100vw, 600px\" \/> <img loading=\"lazy\" decoding=\"async\" class=\"size-full wp-image-8014 aligncenter\" src=\"https:\/\/cokhitanminh.com\/may-dong-goi\/wp-content\/uploads\/2021\/12\/may-dan-decan-chai-tron-ban-tu-dong-lt50-tmdg-h05-ckmdg5.jpg\" alt=\"\" width=\"600\" height=\"900\" srcset=\"https:\/\/cokhitanminh.com\/may-dong-goi\/wp-content\/uploads\/2021\/12\/may-dan-decan-chai-tron-ban-tu-dong-lt50-tmdg-h05-ckmdg5.jpg 600w, https:\/\/cokhitanminh.com\/may-dong-goi\/wp-content\/uploads\/2021\/12\/may-dan-decan-chai-tron-ban-tu-dong-lt50-tmdg-h05-ckmdg5-200x300.jpg 200w\" sizes=\"auto, (max-width: 600px) 100vw, 600px\" \/> <img loading=\"lazy\" decoding=\"async\" class=\"size-full wp-image-8013 aligncenter\" src=\"https:\/\/cokhitanminh.com\/may-dong-goi\/wp-content\/uploads\/2021\/12\/may-dan-decan-chai-tron-ban-tu-dong-lt50-tmdg-h05-ckmdg4.jpg\" alt=\"\" width=\"600\" height=\"900\" srcset=\"https:\/\/cokhitanminh.com\/may-dong-goi\/wp-content\/uploads\/2021\/12\/may-dan-decan-chai-tron-ban-tu-dong-lt50-tmdg-h05-ckmdg4.jpg 600w, https:\/\/cokhitanminh.com\/may-dong-goi\/wp-content\/uploads\/2021\/12\/may-dan-decan-chai-tron-ban-tu-dong-lt50-tmdg-h05-ckmdg4-200x300.jpg 200w\" sizes=\"auto, (max-width: 600px) 100vw, 600px\" \/> <img loading=\"lazy\" decoding=\"async\" class=\"size-full wp-image-8012 aligncenter\" src=\"https:\/\/cokhitanminh.com\/may-dong-goi\/wp-content\/uploads\/2021\/12\/may-dan-decan-chai-tron-ban-tu-dong-lt50-tmdg-h05-ckmdg3.jpg\" alt=\"\" width=\"600\" height=\"602\" srcset=\"https:\/\/cokhitanminh.com\/may-dong-goi\/wp-content\/uploads\/2021\/12\/may-dan-decan-chai-tron-ban-tu-dong-lt50-tmdg-h05-ckmdg3.jpg 600w, https:\/\/cokhitanminh.com\/may-dong-goi\/wp-content\/uploads\/2021\/12\/may-dan-decan-chai-tron-ban-tu-dong-lt50-tmdg-h05-ckmdg3-300x300.jpg 300w, https:\/\/cokhitanminh.com\/may-dong-goi\/wp-content\/uploads\/2021\/12\/may-dan-decan-chai-tron-ban-tu-dong-lt50-tmdg-h05-ckmdg3-150x150.jpg 150w, https:\/\/cokhitanminh.com\/may-dong-goi\/wp-content\/uploads\/2021\/12\/may-dan-decan-chai-tron-ban-tu-dong-lt50-tmdg-h05-ckmdg3-100x100.jpg 100w\" sizes=\"auto, (max-width: 600px) 100vw, 600px\" \/> <img loading=\"lazy\" decoding=\"async\" class=\"size-full wp-image-8011 aligncenter\" src=\"https:\/\/cokhitanminh.com\/may-dong-goi\/wp-content\/uploads\/2021\/12\/may-dan-decan-chai-tron-ban-tu-dong-lt50-tmdg-h05-ckmdg2.jpg\" alt=\"\" width=\"600\" height=\"594\" srcset=\"https:\/\/cokhitanminh.com\/may-dong-goi\/wp-content\/uploads\/2021\/12\/may-dan-decan-chai-tron-ban-tu-dong-lt50-tmdg-h05-ckmdg2.jpg 600w, https:\/\/cokhitanminh.com\/may-dong-goi\/wp-content\/uploads\/2021\/12\/may-dan-decan-chai-tron-ban-tu-dong-lt50-tmdg-h05-ckmdg2-300x297.jpg 300w, https:\/\/cokhitanminh.com\/may-dong-goi\/wp-content\/uploads\/2021\/12\/may-dan-decan-chai-tron-ban-tu-dong-lt50-tmdg-h05-ckmdg2-150x150.jpg 150w, https:\/\/cokhitanminh.com\/may-dong-goi\/wp-content\/uploads\/2021\/12\/may-dan-decan-chai-tron-ban-tu-dong-lt50-tmdg-h05-ckmdg2-100x100.jpg 100w\" sizes=\"auto, (max-width: 600px) 100vw, 600px\" \/> <img loading=\"lazy\" decoding=\"async\" class=\"size-full wp-image-8010 aligncenter\" src=\"https:\/\/cokhitanminh.com\/may-dong-goi\/wp-content\/uploads\/2021\/12\/may-dan-decan-chai-tron-ban-tu-dong-lt50-tmdg-h05-ckmdg1.jpg\" alt=\"\" width=\"600\" height=\"597\" srcset=\"https:\/\/cokhitanminh.com\/may-dong-goi\/wp-content\/uploads\/2021\/12\/may-dan-decan-chai-tron-ban-tu-dong-lt50-tmdg-h05-ckmdg1.jpg 600w, https:\/\/cokhitanminh.com\/may-dong-goi\/wp-content\/uploads\/2021\/12\/may-dan-decan-chai-tron-ban-tu-dong-lt50-tmdg-h05-ckmdg1-300x300.jpg 300w, https:\/\/cokhitanminh.com\/may-dong-goi\/wp-content\/uploads\/2021\/12\/may-dan-decan-chai-tron-ban-tu-dong-lt50-tmdg-h05-ckmdg1-150x150.jpg 150w, https:\/\/cokhitanminh.com\/may-dong-goi\/wp-content\/uploads\/2021\/12\/may-dan-decan-chai-tron-ban-tu-dong-lt50-tmdg-h05-ckmdg1-100x100.jpg 100w\" sizes=\"auto, (max-width: 600px) 100vw, 600px\" \/><\/p>\n<p style=\"text-align: justify;\">Chi ti\u1ebft s\u1ea3n ph\u1ea9m <em><strong>M\u00e1y d\u00e1n nh\u00e3n decan chai tr\u00f2n b\u00e1n t\u1ef1 \u0111\u1ed9ng<\/strong><\/em> TM\u0110G-2T4 xin vui l\u00f2ng li\u00ean h\u1ec7 Hotline: 19002861 \u0110\u1ec3 \u0111\u01b0\u1ee3c t\u01b0 v\u1ea5n ho\u00e0n to\u00e0n mi\u1ec5n ph\u00ed!<\/p>\n","protected":false},"excerpt":{"rendered":"<p>M\u00e1y d\u00e1n nh\u00e3n decan chai tr\u00f2n b\u00e1n t\u1ef1 \u0111\u1ed9ng\u00a0TM\u0110G-2T4 M\u00e1y d\u00e1n nh\u00e3n decan chai tr\u00f2n b\u00e1n t\u1ef1 \u0111\u1ed9ng\u00a0TM\u0110G-2T4 \u0111\u01b0\u1ee3c nghi\u00ean c\u1ee9u s\u1ea3n xu\u1ea5t v\u00e0 ph\u00e2n ph\u1ed1i tr\u00ean to\u00e0n qu\u1ed1c. T\u1ea5t c\u1ea3 c\u00e1c s\u1ea3n ph\u1ea9m c\u1ee7a ch\u00fang t\u00f4i \u0111\u1ec1u \u0111\u01b0\u1ee3c ki\u1ec3m tra k\u1ef9 l\u01b0\u1ee1ng v\u00e0 v\u1eadn h\u00e0nh th\u1ef1c t\u1ebf \u0111\u1ec3 lu\u00f4n \u0111\u1ea3m b\u1ea3o ch\u1ea5t l\u01b0\u1ee3ng t\u1ed1t &#8230;<\/p>\n","protected":false},"featured_media":8017,"comment_status":"open","ping_status":"closed","template":"","meta":[],"class_list":{"0":"post-1658","1":"product","2":"type-product","3":"status-publish","4":"has-post-thumbnail","6":"product_cat-may-dan-nhan-ban-tu-dong","7":"product_cat-sp-mien-phi-giao-hang","9":"first","10":"instock","11":"shipping-taxable","12":"purchasable","13":"product-type-simple"},"brands":[],"yoast_head":"<!-- This site is optimized with the Yoast SEO plugin v17.6 - https:\/\/yoast.com\/wordpress\/plugins\/seo\/ -->\n<title>M\u00e1y d\u00e1n nh\u00e3n decan chai tr\u00f2n b\u00e1n t\u1ef1 \u0111\u1ed9ng TM\u0110G-2T4<\/title>\n<meta name=\"description\" content=\"M\u00e1y d\u00e1n nh\u00e3n decan chai tr\u00f2n b\u00e1n t\u1ef1 \u0111\u1ed9ng TM\u0110G-2T4 uy t\u00edn ch\u1ea5t l\u01b0\u1ee3ng Li\u00ean h\u1ec7 Hotline 1: 1900 2861 | Hotline 2: 09 67 68 69 11 \u0110\u1ec3 \u0111\u01b0\u1ee3c t\u01b0 v\u1ea5n mi\u1ec5n ph\u00ed!\" \/>\n<meta name=\"robots\" content=\"index, follow, max-snippet:-1, max-image-preview:large, max-video-preview:-1\" \/>\n<link rel=\"canonical\" href=\"https:\/\/cokhitanminh.com\/may-dong-goi\/may-dan-nhan-decan-chai-tron-ban-tu-dong-tmdg-2t4\/\" \/>\n<meta property=\"og:locale\" content=\"vi_VN\" \/>\n<meta property=\"og:type\" content=\"article\" \/>\n<meta property=\"og:title\" content=\"M\u00e1y d\u00e1n nh\u00e3n decan chai tr\u00f2n b\u00e1n t\u1ef1 \u0111\u1ed9ng TM\u0110G-2T4\" \/>\n<meta property=\"og:description\" content=\"M\u00e1y d\u00e1n nh\u00e3n decan chai tr\u00f2n b\u00e1n t\u1ef1 \u0111\u1ed9ng TM\u0110G-2T4 uy t\u00edn ch\u1ea5t l\u01b0\u1ee3ng Li\u00ean h\u1ec7 Hotline 1: 1900 2861 | Hotline 2: 09 67 68 69 11 \u0110\u1ec3 \u0111\u01b0\u1ee3c t\u01b0 v\u1ea5n mi\u1ec5n ph\u00ed!\" \/>\n<meta property=\"og:url\" content=\"https:\/\/cokhitanminh.com\/may-dong-goi\/may-dan-nhan-decan-chai-tron-ban-tu-dong-tmdg-2t4\/\" \/>\n<meta property=\"og:site_name\" content=\"M\u00c1Y \u0110\u00d3NG G\u00d3I T\u00c2N MINH\" \/>\n<meta property=\"article:modified_time\" content=\"2022-04-20T03:36:59+00:00\" \/>\n<meta property=\"og:image\" content=\"https:\/\/cokhitanminh.com\/may-dong-goi\/wp-content\/uploads\/2021\/12\/may-dan-decan-chai-tron-ban-tu-dong-lt50-tmdg-h05-ckmdg8.jpg\" \/>\n\t<meta property=\"og:image:width\" content=\"554\" \/>\n\t<meta property=\"og:image:height\" content=\"554\" \/>\n<meta name=\"twitter:card\" content=\"summary_large_image\" \/>\n<meta name=\"twitter:label1\" content=\"\u01af\u1edbc t\u00ednh th\u1eddi gian \u0111\u1ecdc\" \/>\n\t<meta name=\"twitter:data1\" content=\"3 ph\u00fat\" \/>\n<script type=\"application\/ld+json\" class=\"yoast-schema-graph\">{\"@context\":\"https:\/\/schema.org\",\"@graph\":[{\"@type\":\"WebSite\",\"@id\":\"https:\/\/cokhitanminh.com\/may-dong-goi\/#website\",\"url\":\"https:\/\/cokhitanminh.com\/may-dong-goi\/\",\"name\":\"M\\u00c1Y \\u0110\\u00d3NG G\\u00d3I T\\u00c2N MINH\",\"description\":\"Chuy\\u00ean gia m\\u00e1y \\u0111\\u00f3ng g\\u00f3i\",\"potentialAction\":[{\"@type\":\"SearchAction\",\"target\":{\"@type\":\"EntryPoint\",\"urlTemplate\":\"https:\/\/cokhitanminh.com\/may-dong-goi\/?s={search_term_string}\"},\"query-input\":\"required name=search_term_string\"}],\"inLanguage\":\"vi\"},{\"@type\":\"ImageObject\",\"@id\":\"https:\/\/cokhitanminh.com\/may-dong-goi\/may-dan-nhan-decan-chai-tron-ban-tu-dong-tmdg-2t4\/#primaryimage\",\"inLanguage\":\"vi\",\"url\":\"https:\/\/cokhitanminh.com\/may-dong-goi\/wp-content\/uploads\/2021\/12\/may-dan-decan-chai-tron-ban-tu-dong-lt50-tmdg-h05-ckmdg8.jpg\",\"contentUrl\":\"https:\/\/cokhitanminh.com\/may-dong-goi\/wp-content\/uploads\/2021\/12\/may-dan-decan-chai-tron-ban-tu-dong-lt50-tmdg-h05-ckmdg8.jpg\",\"width\":554,\"height\":554},{\"@type\":\"WebPage\",\"@id\":\"https:\/\/cokhitanminh.com\/may-dong-goi\/may-dan-nhan-decan-chai-tron-ban-tu-dong-tmdg-2t4\/#webpage\",\"url\":\"https:\/\/cokhitanminh.com\/may-dong-goi\/may-dan-nhan-decan-chai-tron-ban-tu-dong-tmdg-2t4\/\",\"name\":\"M\\u00e1y d\\u00e1n nh\\u00e3n decan chai tr\\u00f2n b\\u00e1n t\\u1ef1 \\u0111\\u1ed9ng TM\\u0110G-2T4\",\"isPartOf\":{\"@id\":\"https:\/\/cokhitanminh.com\/may-dong-goi\/#website\"},\"primaryImageOfPage\":{\"@id\":\"https:\/\/cokhitanminh.com\/may-dong-goi\/may-dan-nhan-decan-chai-tron-ban-tu-dong-tmdg-2t4\/#primaryimage\"},\"datePublished\":\"2021-12-04T03:16:40+00:00\",\"dateModified\":\"2022-04-20T03:36:59+00:00\",\"description\":\"M\\u00e1y d\\u00e1n nh\\u00e3n decan chai tr\\u00f2n b\\u00e1n t\\u1ef1 \\u0111\\u1ed9ng TM\\u0110G-2T4 uy t\\u00edn ch\\u1ea5t l\\u01b0\\u1ee3ng Li\\u00ean h\\u1ec7 Hotline 1: 1900 2861 | Hotline 2: 09 67 68 69 11 \\u0110\\u1ec3 \\u0111\\u01b0\\u1ee3c t\\u01b0 v\\u1ea5n mi\\u1ec5n ph\\u00ed!\",\"breadcrumb\":{\"@id\":\"https:\/\/cokhitanminh.com\/may-dong-goi\/may-dan-nhan-decan-chai-tron-ban-tu-dong-tmdg-2t4\/#breadcrumb\"},\"inLanguage\":\"vi\",\"potentialAction\":[{\"@type\":\"ReadAction\",\"target\":[\"https:\/\/cokhitanminh.com\/may-dong-goi\/may-dan-nhan-decan-chai-tron-ban-tu-dong-tmdg-2t4\/\"]}]},{\"@type\":\"BreadcrumbList\",\"@id\":\"https:\/\/cokhitanminh.com\/may-dong-goi\/may-dan-nhan-decan-chai-tron-ban-tu-dong-tmdg-2t4\/#breadcrumb\",\"itemListElement\":[{\"@type\":\"ListItem\",\"position\":1,\"name\":\"Trang ch\\u1ee7\",\"item\":\"https:\/\/cokhitanminh.com\/may-dong-goi\/\"},{\"@type\":\"ListItem\",\"position\":2,\"name\":\"C\\u1eeda h\\u00e0ng\",\"item\":\"https:\/\/cokhitanminh.com\/may-dong-goi\/mua\/\"},{\"@type\":\"ListItem\",\"position\":3,\"name\":\"M\\u00e1y d\\u00e1n nh\\u00e3n decan chai tr\\u00f2n b\\u00e1n t\\u1ef1 \\u0111\\u1ed9ng TM\\u0110G-2T4\"}]}]}<\/script>\n<!-- \/ Yoast SEO plugin. -->","yoast_head_json":{"title":"M\u00e1y d\u00e1n nh\u00e3n decan chai tr\u00f2n b\u00e1n t\u1ef1 \u0111\u1ed9ng TM\u0110G-2T4","description":"M\u00e1y d\u00e1n nh\u00e3n decan chai tr\u00f2n b\u00e1n t\u1ef1 \u0111\u1ed9ng TM\u0110G-2T4 uy t\u00edn ch\u1ea5t l\u01b0\u1ee3ng Li\u00ean h\u1ec7 Hotline 1: 1900 2861 | Hotline 2: 09 67 68 69 11 \u0110\u1ec3 \u0111\u01b0\u1ee3c t\u01b0 v\u1ea5n mi\u1ec5n ph\u00ed!","robots":{"index":"index","follow":"follow","max-snippet":"max-snippet:-1","max-image-preview":"max-image-preview:large","max-video-preview":"max-video-preview:-1"},"canonical":"https:\/\/cokhitanminh.com\/may-dong-goi\/may-dan-nhan-decan-chai-tron-ban-tu-dong-tmdg-2t4\/","og_locale":"vi_VN","og_type":"article","og_title":"M\u00e1y d\u00e1n nh\u00e3n decan chai tr\u00f2n b\u00e1n t\u1ef1 \u0111\u1ed9ng TM\u0110G-2T4","og_description":"M\u00e1y d\u00e1n nh\u00e3n decan chai tr\u00f2n b\u00e1n t\u1ef1 \u0111\u1ed9ng TM\u0110G-2T4 uy t\u00edn ch\u1ea5t l\u01b0\u1ee3ng Li\u00ean h\u1ec7 Hotline 1: 1900 2861 | Hotline 2: 09 67 68 69 11 \u0110\u1ec3 \u0111\u01b0\u1ee3c t\u01b0 v\u1ea5n mi\u1ec5n ph\u00ed!","og_url":"https:\/\/cokhitanminh.com\/may-dong-goi\/may-dan-nhan-decan-chai-tron-ban-tu-dong-tmdg-2t4\/","og_site_name":"M\u00c1Y \u0110\u00d3NG G\u00d3I T\u00c2N MINH","article_modified_time":"2022-04-20T03:36:59+00:00","og_image":[{"width":554,"height":554,"url":"https:\/\/cokhitanminh.com\/may-dong-goi\/wp-content\/uploads\/2021\/12\/may-dan-decan-chai-tron-ban-tu-dong-lt50-tmdg-h05-ckmdg8.jpg","type":"image\/jpeg"}],"twitter_card":"summary_large_image","twitter_misc":{"\u01af\u1edbc t\u00ednh th\u1eddi gian \u0111\u1ecdc":"3 ph\u00fat"},"schema":{"@context":"https:\/\/schema.org","@graph":[{"@type":"WebSite","@id":"https:\/\/cokhitanminh.com\/may-dong-goi\/#website","url":"https:\/\/cokhitanminh.com\/may-dong-goi\/","name":"M\u00c1Y \u0110\u00d3NG G\u00d3I T\u00c2N MINH","description":"Chuy\u00ean gia m\u00e1y \u0111\u00f3ng g\u00f3i","potentialAction":[{"@type":"SearchAction","target":{"@type":"EntryPoint","urlTemplate":"https:\/\/cokhitanminh.com\/may-dong-goi\/?s={search_term_string}"},"query-input":"required name=search_term_string"}],"inLanguage":"vi"},{"@type":"ImageObject","@id":"https:\/\/cokhitanminh.com\/may-dong-goi\/may-dan-nhan-decan-chai-tron-ban-tu-dong-tmdg-2t4\/#primaryimage","inLanguage":"vi","url":"https:\/\/cokhitanminh.com\/may-dong-goi\/wp-content\/uploads\/2021\/12\/may-dan-decan-chai-tron-ban-tu-dong-lt50-tmdg-h05-ckmdg8.jpg","contentUrl":"https:\/\/cokhitanminh.com\/may-dong-goi\/wp-content\/uploads\/2021\/12\/may-dan-decan-chai-tron-ban-tu-dong-lt50-tmdg-h05-ckmdg8.jpg","width":554,"height":554},{"@type":"WebPage","@id":"https:\/\/cokhitanminh.com\/may-dong-goi\/may-dan-nhan-decan-chai-tron-ban-tu-dong-tmdg-2t4\/#webpage","url":"https:\/\/cokhitanminh.com\/may-dong-goi\/may-dan-nhan-decan-chai-tron-ban-tu-dong-tmdg-2t4\/","name":"M\u00e1y d\u00e1n nh\u00e3n decan chai tr\u00f2n b\u00e1n t\u1ef1 \u0111\u1ed9ng TM\u0110G-2T4","isPartOf":{"@id":"https:\/\/cokhitanminh.com\/may-dong-goi\/#website"},"primaryImageOfPage":{"@id":"https:\/\/cokhitanminh.com\/may-dong-goi\/may-dan-nhan-decan-chai-tron-ban-tu-dong-tmdg-2t4\/#primaryimage"},"datePublished":"2021-12-04T03:16:40+00:00","dateModified":"2022-04-20T03:36:59+00:00","description":"M\u00e1y d\u00e1n nh\u00e3n decan chai tr\u00f2n b\u00e1n t\u1ef1 \u0111\u1ed9ng TM\u0110G-2T4 uy t\u00edn ch\u1ea5t l\u01b0\u1ee3ng Li\u00ean h\u1ec7 Hotline 1: 1900 2861 | Hotline 2: 09 67 68 69 11 \u0110\u1ec3 \u0111\u01b0\u1ee3c t\u01b0 v\u1ea5n mi\u1ec5n ph\u00ed!","breadcrumb":{"@id":"https:\/\/cokhitanminh.com\/may-dong-goi\/may-dan-nhan-decan-chai-tron-ban-tu-dong-tmdg-2t4\/#breadcrumb"},"inLanguage":"vi","potentialAction":[{"@type":"ReadAction","target":["https:\/\/cokhitanminh.com\/may-dong-goi\/may-dan-nhan-decan-chai-tron-ban-tu-dong-tmdg-2t4\/"]}]},{"@type":"BreadcrumbList","@id":"https:\/\/cokhitanminh.com\/may-dong-goi\/may-dan-nhan-decan-chai-tron-ban-tu-dong-tmdg-2t4\/#breadcrumb","itemListElement":[{"@type":"ListItem","position":1,"name":"Trang ch\u1ee7","item":"https:\/\/cokhitanminh.com\/may-dong-goi\/"},{"@type":"ListItem","position":2,"name":"C\u1eeda h\u00e0ng","item":"https:\/\/cokhitanminh.com\/may-dong-goi\/mua\/"},{"@type":"ListItem","position":3,"name":"M\u00e1y d\u00e1n nh\u00e3n decan chai tr\u00f2n b\u00e1n t\u1ef1 \u0111\u1ed9ng TM\u0110G-2T4"}]}]}},"_links":{"self":[{"href":"https:\/\/cokhitanminh.com\/may-dong-goi\/wp-json\/wp\/v2\/product\/1658","targetHints":{"allow":["GET"]}}],"collection":[{"href":"https:\/\/cokhitanminh.com\/may-dong-goi\/wp-json\/wp\/v2\/product"}],"about":[{"href":"https:\/\/cokhitanminh.com\/may-dong-goi\/wp-json\/wp\/v2\/types\/product"}],"replies":[{"embeddable":true,"href":"https:\/\/cokhitanminh.com\/may-dong-goi\/wp-json\/wp\/v2\/comments?post=1658"}],"wp:featuredmedia":[{"embeddable":true,"href":"https:\/\/cokhitanminh.com\/may-dong-goi\/wp-json\/wp\/v2\/media\/8017"}],"wp:attachment":[{"href":"https:\/\/cokhitanminh.com\/may-dong-goi\/wp-json\/wp\/v2\/media?parent=1658"}],"curies":[{"name":"wp","href":"https:\/\/api.w.org\/{rel}","templated":true}]}}