{"id":1574,"date":"2021-12-04T03:15:10","date_gmt":"2021-12-04T03:15:10","guid":{"rendered":"https:\/\/cokhitanminh.com\/may-dong-goi\/?post_type=product&#038;p=1574"},"modified":"2022-01-04T02:07:00","modified_gmt":"2022-01-04T02:07:00","slug":"may-dan-mang-seal-tu-dong-130-mm-tmdg-e05","status":"publish","type":"product","link":"https:\/\/cokhitanminh.com\/may-dong-goi\/may-dan-mang-seal-tu-dong-130-mm-tmdg-e05\/","title":{"rendered":"M\u00e1y d\u00e1n m\u00e0ng seal t\u1ef1 \u0111\u1ed9ng 130 MM (TM\u0110G-E05)"},"content":{"rendered":"<h3 style=\"text-align: justify;\"><a href=\"https:\/\/cokhitanminh.com\/may-dong-goi\/may-dan-mang-seal-tu-dong-130-mm-tmdg-e05\/\"><em><strong>M\u00e1y d\u00e1n m\u00e0ng seal t\u1ef1 \u0111\u1ed9ng 130 MM<\/strong><\/em><\/a> (TM\u0110G-E05)<\/h3>\n<p style=\"text-align: justify;\"><em><strong>M\u00e1y d\u00e1n m\u00e0ng seal t\u1ef1 \u0111\u1ed9ng 130 MM<\/strong><\/em> (TM\u0110G-E05) \u0111\u01b0\u1ee3c nghi\u00ean c\u1ee9u s\u1ea3n xu\u1ea5t v\u00e0 ph\u00e2n ph\u1ed1i tr\u00ean to\u00e0n qu\u1ed1c. T\u1ea5t c\u1ea3 c\u00e1c s\u1ea3n ph\u1ea9m c\u1ee7a ch\u00fang t\u00f4i \u0111\u1ec1u \u0111\u01b0\u1ee3c ki\u1ec3m tra k\u1ef9 l\u01b0\u1ee1ng v\u00e0 v\u1eadn h\u00e0nh th\u1ef1c t\u1ebf \u0111\u1ec3 lu\u00f4n \u0111\u1ea3m b\u1ea3o ch\u1ea5t l\u01b0\u1ee3ng t\u1ed1t nh\u1ea5t tr\u01b0\u1edbc khi b\u00e0n giao thi\u1ebft b\u1ecb cho kh\u00e1ch h\u00e0ng.<\/p>\n<p style=\"text-align: justify;\"><strong>Th\u00f4ng s\u1ed1 k\u1ef9 thu\u1eadt:<\/strong><\/p>\n<p style=\"text-align: justify;\">\u2013 Model: TM\u0110G-E05<\/p>\n<p style=\"text-align: justify;\">\u2013 \u0110i\u1ec7n \u00e1p: 220V\/50Hz<\/p>\n<p style=\"text-align: justify;\">\u2013 C\u00f4ng su\u1ea5t: 1800W<\/p>\n<p style=\"text-align: justify;\">\u2013 L\u00e0m m\u00e1t: qu\u1ea1t l\u00e0m m\u00e1t<\/p>\n<p style=\"text-align: justify;\">\u2013 Ch\u1ea5t li\u1ec7u khung: nh\u00f4m, th\u00e9p kh\u00f4ng g\u1ec9<\/p>\n<p style=\"text-align: justify;\">\u2013 \u0110\u01b0\u1eddng k\u00ednh s\u1ea3n ph\u1ea9m: \u03c620-\u03c6130 mm<\/p>\n<p style=\"text-align: justify;\">\u2013 Chi\u1ec1u cao s\u1ea3n ph\u1ea9m: 40-400 mm<\/p>\n<p style=\"text-align: justify;\">\u2013 T\u1ed1c \u0111\u1ed9 b\u0103ng t\u1ea3i: 0-12 m\/ph\u00fat<\/p>\n<p style=\"text-align: justify;\">\u2013 K\u00edch th\u01b0\u1edbc: 155 x 50 x 135 cm<\/p>\n<p style=\"text-align: justify;\">\u2013 Tr\u1ecdng l\u01b0\u1ee3ng: 72 kg<\/p>\n<p style=\"text-align: justify;\">\u2013 B\u1ea3o h\u00e0nh: 12 th\u00e1ng<\/p>\n<p style=\"text-align: justify;\"><strong>H\u00ecnh \u1ea3nh s\u1ea3n ph\u1ea9m:<\/strong><\/p>\n<p><img loading=\"lazy\" decoding=\"async\" class=\"size-full wp-image-7283 aligncenter\" src=\"https:\/\/cokhitanminh.com\/may-dong-goi\/wp-content\/uploads\/2021\/12\/may-dan-mang-seal-tu-dong-130-mm-tmdg-e05-maythucphamtanminh-2.jpg\" alt=\"\" width=\"500\" height=\"500\" srcset=\"https:\/\/cokhitanminh.com\/may-dong-goi\/wp-content\/uploads\/2021\/12\/may-dan-mang-seal-tu-dong-130-mm-tmdg-e05-maythucphamtanminh-2.jpg 500w, https:\/\/cokhitanminh.com\/may-dong-goi\/wp-content\/uploads\/2021\/12\/may-dan-mang-seal-tu-dong-130-mm-tmdg-e05-maythucphamtanminh-2-300x300.jpg 300w, https:\/\/cokhitanminh.com\/may-dong-goi\/wp-content\/uploads\/2021\/12\/may-dan-mang-seal-tu-dong-130-mm-tmdg-e05-maythucphamtanminh-2-150x150.jpg 150w, https:\/\/cokhitanminh.com\/may-dong-goi\/wp-content\/uploads\/2021\/12\/may-dan-mang-seal-tu-dong-130-mm-tmdg-e05-maythucphamtanminh-2-100x100.jpg 100w\" sizes=\"auto, (max-width: 500px) 100vw, 500px\" \/><\/p>\n<p><img loading=\"lazy\" decoding=\"async\" class=\"size-full wp-image-7284 aligncenter\" src=\"https:\/\/cokhitanminh.com\/may-dong-goi\/wp-content\/uploads\/2021\/12\/may-dan-mang-seal-tu-dong-130-mm-tmdg-e05-maythucphamtanminh-3.jpg\" alt=\"\" width=\"500\" height=\"500\" srcset=\"https:\/\/cokhitanminh.com\/may-dong-goi\/wp-content\/uploads\/2021\/12\/may-dan-mang-seal-tu-dong-130-mm-tmdg-e05-maythucphamtanminh-3.jpg 500w, https:\/\/cokhitanminh.com\/may-dong-goi\/wp-content\/uploads\/2021\/12\/may-dan-mang-seal-tu-dong-130-mm-tmdg-e05-maythucphamtanminh-3-300x300.jpg 300w, https:\/\/cokhitanminh.com\/may-dong-goi\/wp-content\/uploads\/2021\/12\/may-dan-mang-seal-tu-dong-130-mm-tmdg-e05-maythucphamtanminh-3-150x150.jpg 150w, https:\/\/cokhitanminh.com\/may-dong-goi\/wp-content\/uploads\/2021\/12\/may-dan-mang-seal-tu-dong-130-mm-tmdg-e05-maythucphamtanminh-3-100x100.jpg 100w\" sizes=\"auto, (max-width: 500px) 100vw, 500px\" \/><\/p>\n<p>&nbsp;<\/p>\n<p><img loading=\"lazy\" decoding=\"async\" class=\"size-full wp-image-7286 aligncenter\" src=\"https:\/\/cokhitanminh.com\/may-dong-goi\/wp-content\/uploads\/2021\/12\/may-dan-mang-seal-tu-dong-130-mm-tmdg-e05-maythucphamtanminh-5.jpg\" alt=\"\" width=\"500\" height=\"500\" srcset=\"https:\/\/cokhitanminh.com\/may-dong-goi\/wp-content\/uploads\/2021\/12\/may-dan-mang-seal-tu-dong-130-mm-tmdg-e05-maythucphamtanminh-5.jpg 500w, https:\/\/cokhitanminh.com\/may-dong-goi\/wp-content\/uploads\/2021\/12\/may-dan-mang-seal-tu-dong-130-mm-tmdg-e05-maythucphamtanminh-5-300x300.jpg 300w, https:\/\/cokhitanminh.com\/may-dong-goi\/wp-content\/uploads\/2021\/12\/may-dan-mang-seal-tu-dong-130-mm-tmdg-e05-maythucphamtanminh-5-150x150.jpg 150w, https:\/\/cokhitanminh.com\/may-dong-goi\/wp-content\/uploads\/2021\/12\/may-dan-mang-seal-tu-dong-130-mm-tmdg-e05-maythucphamtanminh-5-100x100.jpg 100w\" sizes=\"auto, (max-width: 500px) 100vw, 500px\" \/> <img loading=\"lazy\" decoding=\"async\" class=\"size-full wp-image-7287 aligncenter\" src=\"https:\/\/cokhitanminh.com\/may-dong-goi\/wp-content\/uploads\/2021\/12\/may-dan-mang-seal-tu-dong-130-mm-tmdg-e05-maythucphamtanminh-6.jpg\" alt=\"\" width=\"500\" height=\"500\" srcset=\"https:\/\/cokhitanminh.com\/may-dong-goi\/wp-content\/uploads\/2021\/12\/may-dan-mang-seal-tu-dong-130-mm-tmdg-e05-maythucphamtanminh-6.jpg 500w, https:\/\/cokhitanminh.com\/may-dong-goi\/wp-content\/uploads\/2021\/12\/may-dan-mang-seal-tu-dong-130-mm-tmdg-e05-maythucphamtanminh-6-300x300.jpg 300w, https:\/\/cokhitanminh.com\/may-dong-goi\/wp-content\/uploads\/2021\/12\/may-dan-mang-seal-tu-dong-130-mm-tmdg-e05-maythucphamtanminh-6-150x150.jpg 150w, https:\/\/cokhitanminh.com\/may-dong-goi\/wp-content\/uploads\/2021\/12\/may-dan-mang-seal-tu-dong-130-mm-tmdg-e05-maythucphamtanminh-6-100x100.jpg 100w\" sizes=\"auto, (max-width: 500px) 100vw, 500px\" \/><\/p>\n<p style=\"text-align: justify;\">Chi ti\u1ebft s\u1ea3n ph\u1ea9m <em><strong>M\u00e1y d\u00e1n m\u00e0ng seal t\u1ef1 \u0111\u1ed9ng 130 MM<\/strong> <\/em>(TM\u0110G-E05) xin vui l\u00f2ng li\u00ean h\u1ec7 Hotline: 19002861 \u0110\u1ec3 \u0111\u01b0\u1ee3c t\u01b0 v\u1ea5n ho\u00e0n to\u00e0n mi\u1ec5n ph\u00ed!<\/p>\n","protected":false},"excerpt":{"rendered":"<p>M\u00e1y d\u00e1n m\u00e0ng seal t\u1ef1 \u0111\u1ed9ng 130 MM (TM\u0110G-E05) M\u00e1y d\u00e1n m\u00e0ng seal t\u1ef1 \u0111\u1ed9ng 130 MM (TM\u0110G-E05) \u0111\u01b0\u1ee3c nghi\u00ean c\u1ee9u s\u1ea3n xu\u1ea5t v\u00e0 ph\u00e2n ph\u1ed1i tr\u00ean to\u00e0n qu\u1ed1c. T\u1ea5t c\u1ea3 c\u00e1c s\u1ea3n ph\u1ea9m c\u1ee7a ch\u00fang t\u00f4i \u0111\u1ec1u \u0111\u01b0\u1ee3c ki\u1ec3m tra k\u1ef9 l\u01b0\u1ee1ng v\u00e0 v\u1eadn h\u00e0nh th\u1ef1c t\u1ebf \u0111\u1ec3 lu\u00f4n \u0111\u1ea3m b\u1ea3o ch\u1ea5t l\u01b0\u1ee3ng t\u1ed1t &#8230;<\/p>\n","protected":false},"featured_media":7288,"comment_status":"closed","ping_status":"closed","template":"","meta":[],"class_list":{"0":"post-1574","1":"product","2":"type-product","3":"status-publish","4":"has-post-thumbnail","6":"product_cat-may-dan-mang-seal","8":"first","9":"instock","10":"shipping-taxable","11":"purchasable","12":"product-type-simple"},"brands":[],"yoast_head":"<!-- This site is optimized with the Yoast SEO plugin v17.6 - https:\/\/yoast.com\/wordpress\/plugins\/seo\/ -->\n<title>M\u00e1y d\u00e1n m\u00e0ng seal t\u1ef1 \u0111\u1ed9ng 130 MM (TM\u0110G-E05)<\/title>\n<meta name=\"description\" content=\"M\u00e1y d\u00e1n m\u00e0ng seal t\u1ef1 \u0111\u1ed9ng 130 MM (TM\u0110G-E05) uy t\u00edn ch\u1ea5t l\u01b0\u1ee3ng Li\u00ean h\u1ec7 Hotline 1: 1900 2861 | Hotline 2: 09 67 68 69 11 \u0110\u1ec3 \u0111\u01b0\u1ee3c t\u01b0 v\u1ea5n mi\u1ec5n ph\u00ed!\" \/>\n<meta name=\"robots\" content=\"index, follow, max-snippet:-1, max-image-preview:large, max-video-preview:-1\" \/>\n<link rel=\"canonical\" href=\"https:\/\/cokhitanminh.com\/may-dong-goi\/may-dan-mang-seal-tu-dong-130-mm-tmdg-e05\/\" \/>\n<meta property=\"og:locale\" content=\"vi_VN\" \/>\n<meta property=\"og:type\" content=\"article\" \/>\n<meta property=\"og:title\" content=\"M\u00e1y d\u00e1n m\u00e0ng seal t\u1ef1 \u0111\u1ed9ng 130 MM (TM\u0110G-E05)\" \/>\n<meta property=\"og:description\" content=\"M\u00e1y d\u00e1n m\u00e0ng seal t\u1ef1 \u0111\u1ed9ng 130 MM (TM\u0110G-E05) uy t\u00edn ch\u1ea5t l\u01b0\u1ee3ng Li\u00ean h\u1ec7 Hotline 1: 1900 2861 | Hotline 2: 09 67 68 69 11 \u0110\u1ec3 \u0111\u01b0\u1ee3c t\u01b0 v\u1ea5n mi\u1ec5n ph\u00ed!\" \/>\n<meta property=\"og:url\" content=\"https:\/\/cokhitanminh.com\/may-dong-goi\/may-dan-mang-seal-tu-dong-130-mm-tmdg-e05\/\" \/>\n<meta property=\"og:site_name\" content=\"M\u00c1Y \u0110\u00d3NG G\u00d3I T\u00c2N MINH\" \/>\n<meta property=\"article:modified_time\" content=\"2022-01-04T02:07:00+00:00\" \/>\n<meta property=\"og:image\" content=\"https:\/\/cokhitanminh.com\/may-dong-goi\/wp-content\/uploads\/2021\/12\/may-dan-mang-seal-tu-dong-130-mm-tmdg-e05-maythucphamtanminh-1.jpg\" \/>\n\t<meta property=\"og:image:width\" content=\"546\" \/>\n\t<meta property=\"og:image:height\" content=\"546\" \/>\n<meta name=\"twitter:card\" content=\"summary_large_image\" \/>\n<meta name=\"twitter:label1\" content=\"\u01af\u1edbc t\u00ednh th\u1eddi gian \u0111\u1ecdc\" \/>\n\t<meta name=\"twitter:data1\" content=\"1 ph\u00fat\" \/>\n<script type=\"application\/ld+json\" class=\"yoast-schema-graph\">{\"@context\":\"https:\/\/schema.org\",\"@graph\":[{\"@type\":\"WebSite\",\"@id\":\"https:\/\/cokhitanminh.com\/may-dong-goi\/#website\",\"url\":\"https:\/\/cokhitanminh.com\/may-dong-goi\/\",\"name\":\"M\\u00c1Y \\u0110\\u00d3NG G\\u00d3I T\\u00c2N MINH\",\"description\":\"Chuy\\u00ean gia m\\u00e1y \\u0111\\u00f3ng g\\u00f3i\",\"potentialAction\":[{\"@type\":\"SearchAction\",\"target\":{\"@type\":\"EntryPoint\",\"urlTemplate\":\"https:\/\/cokhitanminh.com\/may-dong-goi\/?s={search_term_string}\"},\"query-input\":\"required name=search_term_string\"}],\"inLanguage\":\"vi\"},{\"@type\":\"ImageObject\",\"@id\":\"https:\/\/cokhitanminh.com\/may-dong-goi\/may-dan-mang-seal-tu-dong-130-mm-tmdg-e05\/#primaryimage\",\"inLanguage\":\"vi\",\"url\":\"https:\/\/cokhitanminh.com\/may-dong-goi\/wp-content\/uploads\/2021\/12\/may-dan-mang-seal-tu-dong-130-mm-tmdg-e05-maythucphamtanminh-1.jpg\",\"contentUrl\":\"https:\/\/cokhitanminh.com\/may-dong-goi\/wp-content\/uploads\/2021\/12\/may-dan-mang-seal-tu-dong-130-mm-tmdg-e05-maythucphamtanminh-1.jpg\",\"width\":546,\"height\":546},{\"@type\":\"WebPage\",\"@id\":\"https:\/\/cokhitanminh.com\/may-dong-goi\/may-dan-mang-seal-tu-dong-130-mm-tmdg-e05\/#webpage\",\"url\":\"https:\/\/cokhitanminh.com\/may-dong-goi\/may-dan-mang-seal-tu-dong-130-mm-tmdg-e05\/\",\"name\":\"M\\u00e1y d\\u00e1n m\\u00e0ng seal t\\u1ef1 \\u0111\\u1ed9ng 130 MM (TM\\u0110G-E05)\",\"isPartOf\":{\"@id\":\"https:\/\/cokhitanminh.com\/may-dong-goi\/#website\"},\"primaryImageOfPage\":{\"@id\":\"https:\/\/cokhitanminh.com\/may-dong-goi\/may-dan-mang-seal-tu-dong-130-mm-tmdg-e05\/#primaryimage\"},\"datePublished\":\"2021-12-04T03:15:10+00:00\",\"dateModified\":\"2022-01-04T02:07:00+00:00\",\"description\":\"M\\u00e1y d\\u00e1n m\\u00e0ng seal t\\u1ef1 \\u0111\\u1ed9ng 130 MM (TM\\u0110G-E05) uy t\\u00edn ch\\u1ea5t l\\u01b0\\u1ee3ng Li\\u00ean h\\u1ec7 Hotline 1: 1900 2861 | Hotline 2: 09 67 68 69 11 \\u0110\\u1ec3 \\u0111\\u01b0\\u1ee3c t\\u01b0 v\\u1ea5n mi\\u1ec5n ph\\u00ed!\",\"breadcrumb\":{\"@id\":\"https:\/\/cokhitanminh.com\/may-dong-goi\/may-dan-mang-seal-tu-dong-130-mm-tmdg-e05\/#breadcrumb\"},\"inLanguage\":\"vi\",\"potentialAction\":[{\"@type\":\"ReadAction\",\"target\":[\"https:\/\/cokhitanminh.com\/may-dong-goi\/may-dan-mang-seal-tu-dong-130-mm-tmdg-e05\/\"]}]},{\"@type\":\"BreadcrumbList\",\"@id\":\"https:\/\/cokhitanminh.com\/may-dong-goi\/may-dan-mang-seal-tu-dong-130-mm-tmdg-e05\/#breadcrumb\",\"itemListElement\":[{\"@type\":\"ListItem\",\"position\":1,\"name\":\"Trang ch\\u1ee7\",\"item\":\"https:\/\/cokhitanminh.com\/may-dong-goi\/\"},{\"@type\":\"ListItem\",\"position\":2,\"name\":\"C\\u1eeda h\\u00e0ng\",\"item\":\"https:\/\/cokhitanminh.com\/may-dong-goi\/mua\/\"},{\"@type\":\"ListItem\",\"position\":3,\"name\":\"M\\u00e1y d\\u00e1n m\\u00e0ng seal t\\u1ef1 \\u0111\\u1ed9ng 130 MM (TM\\u0110G-E05)\"}]}]}<\/script>\n<!-- \/ Yoast SEO plugin. -->","yoast_head_json":{"title":"M\u00e1y d\u00e1n m\u00e0ng seal t\u1ef1 \u0111\u1ed9ng 130 MM (TM\u0110G-E05)","description":"M\u00e1y d\u00e1n m\u00e0ng seal t\u1ef1 \u0111\u1ed9ng 130 MM (TM\u0110G-E05) uy t\u00edn ch\u1ea5t l\u01b0\u1ee3ng Li\u00ean h\u1ec7 Hotline 1: 1900 2861 | Hotline 2: 09 67 68 69 11 \u0110\u1ec3 \u0111\u01b0\u1ee3c t\u01b0 v\u1ea5n mi\u1ec5n ph\u00ed!","robots":{"index":"index","follow":"follow","max-snippet":"max-snippet:-1","max-image-preview":"max-image-preview:large","max-video-preview":"max-video-preview:-1"},"canonical":"https:\/\/cokhitanminh.com\/may-dong-goi\/may-dan-mang-seal-tu-dong-130-mm-tmdg-e05\/","og_locale":"vi_VN","og_type":"article","og_title":"M\u00e1y d\u00e1n m\u00e0ng seal t\u1ef1 \u0111\u1ed9ng 130 MM (TM\u0110G-E05)","og_description":"M\u00e1y d\u00e1n m\u00e0ng seal t\u1ef1 \u0111\u1ed9ng 130 MM (TM\u0110G-E05) uy t\u00edn ch\u1ea5t l\u01b0\u1ee3ng Li\u00ean h\u1ec7 Hotline 1: 1900 2861 | Hotline 2: 09 67 68 69 11 \u0110\u1ec3 \u0111\u01b0\u1ee3c t\u01b0 v\u1ea5n mi\u1ec5n ph\u00ed!","og_url":"https:\/\/cokhitanminh.com\/may-dong-goi\/may-dan-mang-seal-tu-dong-130-mm-tmdg-e05\/","og_site_name":"M\u00c1Y \u0110\u00d3NG G\u00d3I T\u00c2N MINH","article_modified_time":"2022-01-04T02:07:00+00:00","og_image":[{"width":546,"height":546,"url":"https:\/\/cokhitanminh.com\/may-dong-goi\/wp-content\/uploads\/2021\/12\/may-dan-mang-seal-tu-dong-130-mm-tmdg-e05-maythucphamtanminh-1.jpg","type":"image\/jpeg"}],"twitter_card":"summary_large_image","twitter_misc":{"\u01af\u1edbc t\u00ednh th\u1eddi gian \u0111\u1ecdc":"1 ph\u00fat"},"schema":{"@context":"https:\/\/schema.org","@graph":[{"@type":"WebSite","@id":"https:\/\/cokhitanminh.com\/may-dong-goi\/#website","url":"https:\/\/cokhitanminh.com\/may-dong-goi\/","name":"M\u00c1Y \u0110\u00d3NG G\u00d3I T\u00c2N MINH","description":"Chuy\u00ean gia m\u00e1y \u0111\u00f3ng g\u00f3i","potentialAction":[{"@type":"SearchAction","target":{"@type":"EntryPoint","urlTemplate":"https:\/\/cokhitanminh.com\/may-dong-goi\/?s={search_term_string}"},"query-input":"required name=search_term_string"}],"inLanguage":"vi"},{"@type":"ImageObject","@id":"https:\/\/cokhitanminh.com\/may-dong-goi\/may-dan-mang-seal-tu-dong-130-mm-tmdg-e05\/#primaryimage","inLanguage":"vi","url":"https:\/\/cokhitanminh.com\/may-dong-goi\/wp-content\/uploads\/2021\/12\/may-dan-mang-seal-tu-dong-130-mm-tmdg-e05-maythucphamtanminh-1.jpg","contentUrl":"https:\/\/cokhitanminh.com\/may-dong-goi\/wp-content\/uploads\/2021\/12\/may-dan-mang-seal-tu-dong-130-mm-tmdg-e05-maythucphamtanminh-1.jpg","width":546,"height":546},{"@type":"WebPage","@id":"https:\/\/cokhitanminh.com\/may-dong-goi\/may-dan-mang-seal-tu-dong-130-mm-tmdg-e05\/#webpage","url":"https:\/\/cokhitanminh.com\/may-dong-goi\/may-dan-mang-seal-tu-dong-130-mm-tmdg-e05\/","name":"M\u00e1y d\u00e1n m\u00e0ng seal t\u1ef1 \u0111\u1ed9ng 130 MM (TM\u0110G-E05)","isPartOf":{"@id":"https:\/\/cokhitanminh.com\/may-dong-goi\/#website"},"primaryImageOfPage":{"@id":"https:\/\/cokhitanminh.com\/may-dong-goi\/may-dan-mang-seal-tu-dong-130-mm-tmdg-e05\/#primaryimage"},"datePublished":"2021-12-04T03:15:10+00:00","dateModified":"2022-01-04T02:07:00+00:00","description":"M\u00e1y d\u00e1n m\u00e0ng seal t\u1ef1 \u0111\u1ed9ng 130 MM (TM\u0110G-E05) uy t\u00edn ch\u1ea5t l\u01b0\u1ee3ng Li\u00ean h\u1ec7 Hotline 1: 1900 2861 | Hotline 2: 09 67 68 69 11 \u0110\u1ec3 \u0111\u01b0\u1ee3c t\u01b0 v\u1ea5n mi\u1ec5n ph\u00ed!","breadcrumb":{"@id":"https:\/\/cokhitanminh.com\/may-dong-goi\/may-dan-mang-seal-tu-dong-130-mm-tmdg-e05\/#breadcrumb"},"inLanguage":"vi","potentialAction":[{"@type":"ReadAction","target":["https:\/\/cokhitanminh.com\/may-dong-goi\/may-dan-mang-seal-tu-dong-130-mm-tmdg-e05\/"]}]},{"@type":"BreadcrumbList","@id":"https:\/\/cokhitanminh.com\/may-dong-goi\/may-dan-mang-seal-tu-dong-130-mm-tmdg-e05\/#breadcrumb","itemListElement":[{"@type":"ListItem","position":1,"name":"Trang ch\u1ee7","item":"https:\/\/cokhitanminh.com\/may-dong-goi\/"},{"@type":"ListItem","position":2,"name":"C\u1eeda h\u00e0ng","item":"https:\/\/cokhitanminh.com\/may-dong-goi\/mua\/"},{"@type":"ListItem","position":3,"name":"M\u00e1y d\u00e1n m\u00e0ng seal t\u1ef1 \u0111\u1ed9ng 130 MM (TM\u0110G-E05)"}]}]}},"_links":{"self":[{"href":"https:\/\/cokhitanminh.com\/may-dong-goi\/wp-json\/wp\/v2\/product\/1574","targetHints":{"allow":["GET"]}}],"collection":[{"href":"https:\/\/cokhitanminh.com\/may-dong-goi\/wp-json\/wp\/v2\/product"}],"about":[{"href":"https:\/\/cokhitanminh.com\/may-dong-goi\/wp-json\/wp\/v2\/types\/product"}],"replies":[{"embeddable":true,"href":"https:\/\/cokhitanminh.com\/may-dong-goi\/wp-json\/wp\/v2\/comments?post=1574"}],"wp:featuredmedia":[{"embeddable":true,"href":"https:\/\/cokhitanminh.com\/may-dong-goi\/wp-json\/wp\/v2\/media\/7288"}],"wp:attachment":[{"href":"https:\/\/cokhitanminh.com\/may-dong-goi\/wp-json\/wp\/v2\/media?parent=1574"}],"curies":[{"name":"wp","href":"https:\/\/api.w.org\/{rel}","templated":true}]}}