{"id":1572,"date":"2021-12-04T03:15:09","date_gmt":"2021-12-04T03:15:09","guid":{"rendered":"https:\/\/cokhitanminh.com\/may-dong-goi\/?post_type=product&#038;p=1572"},"modified":"2022-01-04T01:56:44","modified_gmt":"2022-01-04T01:56:44","slug":"may-dan-mang-seal-bang-tai-tu-dong-glf-2800-tmdg-e02","status":"publish","type":"product","link":"https:\/\/cokhitanminh.com\/may-dong-goi\/may-dan-mang-seal-bang-tai-tu-dong-glf-2800-tmdg-e02\/","title":{"rendered":"M\u00c1Y D\u00c1N M\u00c0NG SEAL B\u0102NG T\u1ea2I T\u1ef0 \u0110\u1ed8NG GLF-2800 (TM\u0110G-E02)"},"content":{"rendered":"<h3 style=\"text-align: justify;\"><a href=\"https:\/\/cokhitanminh.com\/may-dong-goi\/may-dan-mang-seal-bang-tai-tu-dong-glf-2800-tmdg-e02\/\"><em><strong>M\u00c1Y D\u00c1N M\u00c0NG SEAL B\u0102NG T\u1ea2I T\u1ef0 \u0110\u1ed8NG GLF-2800<\/strong> <\/em><\/a>(TM\u0110G-E02)<\/h3>\n<p style=\"text-align: justify;\"><em><strong>M\u00c1Y D\u00c1N M\u00c0NG SEAL B\u0102NG T\u1ea2I T\u1ef0 \u0110\u1ed8NG GLF-2800<\/strong><\/em> (TM\u0110G-E02) \u0111\u01b0\u1ee3c nghi\u00ean c\u1ee9u s\u1ea3n xu\u1ea5t v\u00e0 ph\u00e2n ph\u1ed1i tr\u00ean to\u00e0n qu\u1ed1c. T\u1ea5t c\u1ea3 c\u00e1c s\u1ea3n ph\u1ea9m c\u1ee7a ch\u00fang t\u00f4i \u0111\u1ec1u \u0111\u01b0\u1ee3c ki\u1ec3m tra k\u1ef9 l\u01b0\u1ee1ng v\u00e0 v\u1eadn h\u00e0nh th\u1ef1c t\u1ebf \u0111\u1ec3 lu\u00f4n \u0111\u1ea3m b\u1ea3o ch\u1ea5t l\u01b0\u1ee3ng t\u1ed1t nh\u1ea5t tr\u01b0\u1edbc khi b\u00e0n giao thi\u1ebft b\u1ecb cho kh\u00e1ch h\u00e0ng.<\/p>\n<p style=\"text-align: justify;\"><strong>Th\u00f4ng s\u1ed1 k\u1ef9 thu\u1eadt:<\/strong><\/p>\n<p style=\"text-align: justify;\">\u2013 Model: TM\u0110G-E02<\/p>\n<p style=\"text-align: justify;\">\u2013 \u0110i\u1ec7n \u00e1p: 220V\/50Hz<\/p>\n<p style=\"text-align: justify;\">\u2013 \u0110\u01b0\u1eddng k\u00ednh ni\u00eam phong: 15-65, 30-80, 50-120 mm<\/p>\n<p style=\"text-align: justify;\">\u2013 T\u1ed1c \u0111\u1ed9 b\u0103ng t\u1ea3i: 0-12.5 m\/ph\u00fat<\/p>\n<p style=\"text-align: justify;\">\u2013 N\u0103ng su\u1ea5t: 0-260 s\u1ea3n ph\u1ea9m\/ph\u00fat<\/p>\n<p style=\"text-align: justify;\">\u2013 K\u00edch th\u01b0\u1edbc: 1000 x 600 x 1200 mm<\/p>\n<p style=\"text-align: justify;\">\u2013 B\u1ea3o h\u00e0nh: 12 th\u00e1ng<\/p>\n<p style=\"text-align: justify;\"><strong>H\u00ecnh \u1ea3nh s\u1ea3n ph\u1ea9m:<\/strong><\/p>\n<p><img loading=\"lazy\" decoding=\"async\" class=\"size-full wp-image-7269 aligncenter\" src=\"https:\/\/cokhitanminh.com\/may-dong-goi\/wp-content\/uploads\/2021\/12\/may-dan-mang-seal-bang-tai-tu-dong-glf-2800-tmdg-e02-cktmmdg-2.jpg\" alt=\"\" width=\"500\" height=\"500\" srcset=\"https:\/\/cokhitanminh.com\/may-dong-goi\/wp-content\/uploads\/2021\/12\/may-dan-mang-seal-bang-tai-tu-dong-glf-2800-tmdg-e02-cktmmdg-2.jpg 500w, https:\/\/cokhitanminh.com\/may-dong-goi\/wp-content\/uploads\/2021\/12\/may-dan-mang-seal-bang-tai-tu-dong-glf-2800-tmdg-e02-cktmmdg-2-300x300.jpg 300w, https:\/\/cokhitanminh.com\/may-dong-goi\/wp-content\/uploads\/2021\/12\/may-dan-mang-seal-bang-tai-tu-dong-glf-2800-tmdg-e02-cktmmdg-2-150x150.jpg 150w, https:\/\/cokhitanminh.com\/may-dong-goi\/wp-content\/uploads\/2021\/12\/may-dan-mang-seal-bang-tai-tu-dong-glf-2800-tmdg-e02-cktmmdg-2-100x100.jpg 100w\" sizes=\"auto, (max-width: 500px) 100vw, 500px\" \/><\/p>\n<p><img loading=\"lazy\" decoding=\"async\" class=\"size-full wp-image-7271 aligncenter\" src=\"https:\/\/cokhitanminh.com\/may-dong-goi\/wp-content\/uploads\/2021\/12\/may-dan-mang-seal-bang-tai-tu-dong-glf-2800-tmdg-e02-cktmmdg-3.jpg\" alt=\"\" width=\"500\" height=\"492\" srcset=\"https:\/\/cokhitanminh.com\/may-dong-goi\/wp-content\/uploads\/2021\/12\/may-dan-mang-seal-bang-tai-tu-dong-glf-2800-tmdg-e02-cktmmdg-3.jpg 500w, https:\/\/cokhitanminh.com\/may-dong-goi\/wp-content\/uploads\/2021\/12\/may-dan-mang-seal-bang-tai-tu-dong-glf-2800-tmdg-e02-cktmmdg-3-300x295.jpg 300w\" sizes=\"auto, (max-width: 500px) 100vw, 500px\" \/><\/p>\n<p><img loading=\"lazy\" decoding=\"async\" class=\"size-full wp-image-7272 aligncenter\" src=\"https:\/\/cokhitanminh.com\/may-dong-goi\/wp-content\/uploads\/2021\/12\/may-dan-mang-seal-bang-tai-tu-dong-glf-2800-tmdg-e02-cktmmdg-4.jpg\" alt=\"\" width=\"500\" height=\"500\" srcset=\"https:\/\/cokhitanminh.com\/may-dong-goi\/wp-content\/uploads\/2021\/12\/may-dan-mang-seal-bang-tai-tu-dong-glf-2800-tmdg-e02-cktmmdg-4.jpg 500w, https:\/\/cokhitanminh.com\/may-dong-goi\/wp-content\/uploads\/2021\/12\/may-dan-mang-seal-bang-tai-tu-dong-glf-2800-tmdg-e02-cktmmdg-4-300x300.jpg 300w, https:\/\/cokhitanminh.com\/may-dong-goi\/wp-content\/uploads\/2021\/12\/may-dan-mang-seal-bang-tai-tu-dong-glf-2800-tmdg-e02-cktmmdg-4-150x150.jpg 150w, https:\/\/cokhitanminh.com\/may-dong-goi\/wp-content\/uploads\/2021\/12\/may-dan-mang-seal-bang-tai-tu-dong-glf-2800-tmdg-e02-cktmmdg-4-100x100.jpg 100w\" sizes=\"auto, (max-width: 500px) 100vw, 500px\" \/><\/p>\n<p><img loading=\"lazy\" decoding=\"async\" class=\"size-full wp-image-7273 aligncenter\" src=\"https:\/\/cokhitanminh.com\/may-dong-goi\/wp-content\/uploads\/2021\/12\/may-dan-mang-seal-bang-tai-tu-dong-glf-2800-tmdg-e02-cktmmdg-5.jpg\" alt=\"\" width=\"500\" height=\"282\" srcset=\"https:\/\/cokhitanminh.com\/may-dong-goi\/wp-content\/uploads\/2021\/12\/may-dan-mang-seal-bang-tai-tu-dong-glf-2800-tmdg-e02-cktmmdg-5.jpg 500w, https:\/\/cokhitanminh.com\/may-dong-goi\/wp-content\/uploads\/2021\/12\/may-dan-mang-seal-bang-tai-tu-dong-glf-2800-tmdg-e02-cktmmdg-5-300x169.jpg 300w\" sizes=\"auto, (max-width: 500px) 100vw, 500px\" \/><\/p>\n<p style=\"text-align: justify;\">Chi ti\u1ebft s\u1ea3n ph\u1ea9m <em><strong>M\u00c1Y D\u00c1N M\u00c0NG SEAL B\u0102NG T\u1ea2I T\u1ef0 \u0110\u1ed8NG GLF-2800<\/strong> <\/em>(TM\u0110G-E02)\u00a0xin vui l\u00f2ng li\u00ean h\u1ec7 Hotline: 19002861 \u0110\u1ec3 \u0111\u01b0\u1ee3c t\u01b0 v\u1ea5n ho\u00e0n to\u00e0n mi\u1ec5n ph\u00ed!<\/p>\n","protected":false},"excerpt":{"rendered":"<p>M\u00c1Y D\u00c1N M\u00c0NG SEAL B\u0102NG T\u1ea2I T\u1ef0 \u0110\u1ed8NG GLF-2800 (TM\u0110G-E02) M\u00c1Y D\u00c1N M\u00c0NG SEAL B\u0102NG T\u1ea2I T\u1ef0 \u0110\u1ed8NG GLF-2800 (TM\u0110G-E02) \u0111\u01b0\u1ee3c nghi\u00ean c\u1ee9u s\u1ea3n xu\u1ea5t v\u00e0 ph\u00e2n ph\u1ed1i tr\u00ean to\u00e0n qu\u1ed1c. T\u1ea5t c\u1ea3 c\u00e1c s\u1ea3n ph\u1ea9m c\u1ee7a ch\u00fang t\u00f4i \u0111\u1ec1u \u0111\u01b0\u1ee3c ki\u1ec3m tra k\u1ef9 l\u01b0\u1ee1ng v\u00e0 v\u1eadn h\u00e0nh th\u1ef1c t\u1ebf \u0111\u1ec3 lu\u00f4n \u0111\u1ea3m b\u1ea3o ch\u1ea5t &#8230;<\/p>\n","protected":false},"featured_media":7274,"comment_status":"open","ping_status":"closed","template":"","meta":[],"class_list":{"0":"post-1572","1":"product","2":"type-product","3":"status-publish","4":"has-post-thumbnail","6":"product_cat-may-dan-mang-seal","8":"first","9":"instock","10":"shipping-taxable","11":"purchasable","12":"product-type-simple"},"brands":[],"yoast_head":"<!-- This site is optimized with the Yoast SEO plugin v17.6 - https:\/\/yoast.com\/wordpress\/plugins\/seo\/ -->\n<title>M\u00c1Y D\u00c1N M\u00c0NG SEAL B\u0102NG T\u1ea2I T\u1ef0 \u0110\u1ed8NG GLF-2800 (TM\u0110G-E02)<\/title>\n<meta name=\"description\" content=\"M\u00e1y d\u00e1n m\u00e0ng seal b\u0103ng t\u1ea3i t\u1ef1 \u0111\u1ed9ng GLF-2800 (TM\u0110G-E02) uy t\u00edn ch\u1ea5t l\u01b0\u1ee3ng Li\u00ean h\u1ec7 Hotline 1: 1900 2861 | Hotline 2: 09 67 68 69 11 \u0110\u1ec3 \u0111\u01b0\u1ee3c t\u01b0 v\u1ea5n mi\u1ec5n ph\u00ed!\" \/>\n<meta name=\"robots\" content=\"index, follow, max-snippet:-1, max-image-preview:large, max-video-preview:-1\" \/>\n<link rel=\"canonical\" href=\"https:\/\/cokhitanminh.com\/may-dong-goi\/may-dan-mang-seal-bang-tai-tu-dong-glf-2800-tmdg-e02\/\" \/>\n<meta property=\"og:locale\" content=\"vi_VN\" \/>\n<meta property=\"og:type\" content=\"article\" \/>\n<meta property=\"og:title\" content=\"M\u00c1Y D\u00c1N M\u00c0NG SEAL B\u0102NG T\u1ea2I T\u1ef0 \u0110\u1ed8NG GLF-2800 (TM\u0110G-E02)\" \/>\n<meta property=\"og:description\" content=\"M\u00e1y d\u00e1n m\u00e0ng seal b\u0103ng t\u1ea3i t\u1ef1 \u0111\u1ed9ng GLF-2800 (TM\u0110G-E02) uy t\u00edn ch\u1ea5t l\u01b0\u1ee3ng Li\u00ean h\u1ec7 Hotline 1: 1900 2861 | Hotline 2: 09 67 68 69 11 \u0110\u1ec3 \u0111\u01b0\u1ee3c t\u01b0 v\u1ea5n mi\u1ec5n ph\u00ed!\" \/>\n<meta property=\"og:url\" content=\"https:\/\/cokhitanminh.com\/may-dong-goi\/may-dan-mang-seal-bang-tai-tu-dong-glf-2800-tmdg-e02\/\" \/>\n<meta property=\"og:site_name\" content=\"M\u00c1Y \u0110\u00d3NG G\u00d3I T\u00c2N MINH\" \/>\n<meta property=\"article:modified_time\" content=\"2022-01-04T01:56:44+00:00\" \/>\n<meta property=\"og:image\" content=\"https:\/\/cokhitanminh.com\/may-dong-goi\/wp-content\/uploads\/2021\/12\/may-dan-mang-seal-bang-tai-tu-dong-glf-2800-tmdg-e02-cktmmdg-1.jpg\" \/>\n\t<meta property=\"og:image:width\" content=\"532\" \/>\n\t<meta property=\"og:image:height\" content=\"532\" \/>\n<meta name=\"twitter:card\" content=\"summary_large_image\" \/>\n<meta name=\"twitter:label1\" content=\"\u01af\u1edbc t\u00ednh th\u1eddi gian \u0111\u1ecdc\" \/>\n\t<meta name=\"twitter:data1\" content=\"1 ph\u00fat\" \/>\n<script type=\"application\/ld+json\" class=\"yoast-schema-graph\">{\"@context\":\"https:\/\/schema.org\",\"@graph\":[{\"@type\":\"WebSite\",\"@id\":\"https:\/\/cokhitanminh.com\/may-dong-goi\/#website\",\"url\":\"https:\/\/cokhitanminh.com\/may-dong-goi\/\",\"name\":\"M\\u00c1Y \\u0110\\u00d3NG G\\u00d3I T\\u00c2N MINH\",\"description\":\"Chuy\\u00ean gia m\\u00e1y \\u0111\\u00f3ng g\\u00f3i\",\"potentialAction\":[{\"@type\":\"SearchAction\",\"target\":{\"@type\":\"EntryPoint\",\"urlTemplate\":\"https:\/\/cokhitanminh.com\/may-dong-goi\/?s={search_term_string}\"},\"query-input\":\"required name=search_term_string\"}],\"inLanguage\":\"vi\"},{\"@type\":\"ImageObject\",\"@id\":\"https:\/\/cokhitanminh.com\/may-dong-goi\/may-dan-mang-seal-bang-tai-tu-dong-glf-2800-tmdg-e02\/#primaryimage\",\"inLanguage\":\"vi\",\"url\":\"https:\/\/cokhitanminh.com\/may-dong-goi\/wp-content\/uploads\/2021\/12\/may-dan-mang-seal-bang-tai-tu-dong-glf-2800-tmdg-e02-cktmmdg-1.jpg\",\"contentUrl\":\"https:\/\/cokhitanminh.com\/may-dong-goi\/wp-content\/uploads\/2021\/12\/may-dan-mang-seal-bang-tai-tu-dong-glf-2800-tmdg-e02-cktmmdg-1.jpg\",\"width\":532,\"height\":532},{\"@type\":\"WebPage\",\"@id\":\"https:\/\/cokhitanminh.com\/may-dong-goi\/may-dan-mang-seal-bang-tai-tu-dong-glf-2800-tmdg-e02\/#webpage\",\"url\":\"https:\/\/cokhitanminh.com\/may-dong-goi\/may-dan-mang-seal-bang-tai-tu-dong-glf-2800-tmdg-e02\/\",\"name\":\"M\\u00c1Y D\\u00c1N M\\u00c0NG SEAL B\\u0102NG T\\u1ea2I T\\u1ef0 \\u0110\\u1ed8NG GLF-2800 (TM\\u0110G-E02)\",\"isPartOf\":{\"@id\":\"https:\/\/cokhitanminh.com\/may-dong-goi\/#website\"},\"primaryImageOfPage\":{\"@id\":\"https:\/\/cokhitanminh.com\/may-dong-goi\/may-dan-mang-seal-bang-tai-tu-dong-glf-2800-tmdg-e02\/#primaryimage\"},\"datePublished\":\"2021-12-04T03:15:09+00:00\",\"dateModified\":\"2022-01-04T01:56:44+00:00\",\"description\":\"M\\u00e1y d\\u00e1n m\\u00e0ng seal b\\u0103ng t\\u1ea3i t\\u1ef1 \\u0111\\u1ed9ng GLF-2800 (TM\\u0110G-E02) uy t\\u00edn ch\\u1ea5t l\\u01b0\\u1ee3ng Li\\u00ean h\\u1ec7 Hotline 1: 1900 2861 | Hotline 2: 09 67 68 69 11 \\u0110\\u1ec3 \\u0111\\u01b0\\u1ee3c t\\u01b0 v\\u1ea5n mi\\u1ec5n ph\\u00ed!\",\"breadcrumb\":{\"@id\":\"https:\/\/cokhitanminh.com\/may-dong-goi\/may-dan-mang-seal-bang-tai-tu-dong-glf-2800-tmdg-e02\/#breadcrumb\"},\"inLanguage\":\"vi\",\"potentialAction\":[{\"@type\":\"ReadAction\",\"target\":[\"https:\/\/cokhitanminh.com\/may-dong-goi\/may-dan-mang-seal-bang-tai-tu-dong-glf-2800-tmdg-e02\/\"]}]},{\"@type\":\"BreadcrumbList\",\"@id\":\"https:\/\/cokhitanminh.com\/may-dong-goi\/may-dan-mang-seal-bang-tai-tu-dong-glf-2800-tmdg-e02\/#breadcrumb\",\"itemListElement\":[{\"@type\":\"ListItem\",\"position\":1,\"name\":\"Trang ch\\u1ee7\",\"item\":\"https:\/\/cokhitanminh.com\/may-dong-goi\/\"},{\"@type\":\"ListItem\",\"position\":2,\"name\":\"C\\u1eeda h\\u00e0ng\",\"item\":\"https:\/\/cokhitanminh.com\/may-dong-goi\/mua\/\"},{\"@type\":\"ListItem\",\"position\":3,\"name\":\"M\\u00c1Y D\\u00c1N M\\u00c0NG SEAL B\\u0102NG T\\u1ea2I T\\u1ef0 \\u0110\\u1ed8NG GLF-2800 (TM\\u0110G-E02)\"}]}]}<\/script>\n<!-- \/ Yoast SEO plugin. -->","yoast_head_json":{"title":"M\u00c1Y D\u00c1N M\u00c0NG SEAL B\u0102NG T\u1ea2I T\u1ef0 \u0110\u1ed8NG GLF-2800 (TM\u0110G-E02)","description":"M\u00e1y d\u00e1n m\u00e0ng seal b\u0103ng t\u1ea3i t\u1ef1 \u0111\u1ed9ng GLF-2800 (TM\u0110G-E02) uy t\u00edn ch\u1ea5t l\u01b0\u1ee3ng Li\u00ean h\u1ec7 Hotline 1: 1900 2861 | Hotline 2: 09 67 68 69 11 \u0110\u1ec3 \u0111\u01b0\u1ee3c t\u01b0 v\u1ea5n mi\u1ec5n ph\u00ed!","robots":{"index":"index","follow":"follow","max-snippet":"max-snippet:-1","max-image-preview":"max-image-preview:large","max-video-preview":"max-video-preview:-1"},"canonical":"https:\/\/cokhitanminh.com\/may-dong-goi\/may-dan-mang-seal-bang-tai-tu-dong-glf-2800-tmdg-e02\/","og_locale":"vi_VN","og_type":"article","og_title":"M\u00c1Y D\u00c1N M\u00c0NG SEAL B\u0102NG T\u1ea2I T\u1ef0 \u0110\u1ed8NG GLF-2800 (TM\u0110G-E02)","og_description":"M\u00e1y d\u00e1n m\u00e0ng seal b\u0103ng t\u1ea3i t\u1ef1 \u0111\u1ed9ng GLF-2800 (TM\u0110G-E02) uy t\u00edn ch\u1ea5t l\u01b0\u1ee3ng Li\u00ean h\u1ec7 Hotline 1: 1900 2861 | Hotline 2: 09 67 68 69 11 \u0110\u1ec3 \u0111\u01b0\u1ee3c t\u01b0 v\u1ea5n mi\u1ec5n ph\u00ed!","og_url":"https:\/\/cokhitanminh.com\/may-dong-goi\/may-dan-mang-seal-bang-tai-tu-dong-glf-2800-tmdg-e02\/","og_site_name":"M\u00c1Y \u0110\u00d3NG G\u00d3I T\u00c2N MINH","article_modified_time":"2022-01-04T01:56:44+00:00","og_image":[{"width":532,"height":532,"url":"https:\/\/cokhitanminh.com\/may-dong-goi\/wp-content\/uploads\/2021\/12\/may-dan-mang-seal-bang-tai-tu-dong-glf-2800-tmdg-e02-cktmmdg-1.jpg","type":"image\/jpeg"}],"twitter_card":"summary_large_image","twitter_misc":{"\u01af\u1edbc t\u00ednh th\u1eddi gian \u0111\u1ecdc":"1 ph\u00fat"},"schema":{"@context":"https:\/\/schema.org","@graph":[{"@type":"WebSite","@id":"https:\/\/cokhitanminh.com\/may-dong-goi\/#website","url":"https:\/\/cokhitanminh.com\/may-dong-goi\/","name":"M\u00c1Y \u0110\u00d3NG G\u00d3I T\u00c2N MINH","description":"Chuy\u00ean gia m\u00e1y \u0111\u00f3ng g\u00f3i","potentialAction":[{"@type":"SearchAction","target":{"@type":"EntryPoint","urlTemplate":"https:\/\/cokhitanminh.com\/may-dong-goi\/?s={search_term_string}"},"query-input":"required name=search_term_string"}],"inLanguage":"vi"},{"@type":"ImageObject","@id":"https:\/\/cokhitanminh.com\/may-dong-goi\/may-dan-mang-seal-bang-tai-tu-dong-glf-2800-tmdg-e02\/#primaryimage","inLanguage":"vi","url":"https:\/\/cokhitanminh.com\/may-dong-goi\/wp-content\/uploads\/2021\/12\/may-dan-mang-seal-bang-tai-tu-dong-glf-2800-tmdg-e02-cktmmdg-1.jpg","contentUrl":"https:\/\/cokhitanminh.com\/may-dong-goi\/wp-content\/uploads\/2021\/12\/may-dan-mang-seal-bang-tai-tu-dong-glf-2800-tmdg-e02-cktmmdg-1.jpg","width":532,"height":532},{"@type":"WebPage","@id":"https:\/\/cokhitanminh.com\/may-dong-goi\/may-dan-mang-seal-bang-tai-tu-dong-glf-2800-tmdg-e02\/#webpage","url":"https:\/\/cokhitanminh.com\/may-dong-goi\/may-dan-mang-seal-bang-tai-tu-dong-glf-2800-tmdg-e02\/","name":"M\u00c1Y D\u00c1N M\u00c0NG SEAL B\u0102NG T\u1ea2I T\u1ef0 \u0110\u1ed8NG GLF-2800 (TM\u0110G-E02)","isPartOf":{"@id":"https:\/\/cokhitanminh.com\/may-dong-goi\/#website"},"primaryImageOfPage":{"@id":"https:\/\/cokhitanminh.com\/may-dong-goi\/may-dan-mang-seal-bang-tai-tu-dong-glf-2800-tmdg-e02\/#primaryimage"},"datePublished":"2021-12-04T03:15:09+00:00","dateModified":"2022-01-04T01:56:44+00:00","description":"M\u00e1y d\u00e1n m\u00e0ng seal b\u0103ng t\u1ea3i t\u1ef1 \u0111\u1ed9ng GLF-2800 (TM\u0110G-E02) uy t\u00edn ch\u1ea5t l\u01b0\u1ee3ng Li\u00ean h\u1ec7 Hotline 1: 1900 2861 | Hotline 2: 09 67 68 69 11 \u0110\u1ec3 \u0111\u01b0\u1ee3c t\u01b0 v\u1ea5n mi\u1ec5n ph\u00ed!","breadcrumb":{"@id":"https:\/\/cokhitanminh.com\/may-dong-goi\/may-dan-mang-seal-bang-tai-tu-dong-glf-2800-tmdg-e02\/#breadcrumb"},"inLanguage":"vi","potentialAction":[{"@type":"ReadAction","target":["https:\/\/cokhitanminh.com\/may-dong-goi\/may-dan-mang-seal-bang-tai-tu-dong-glf-2800-tmdg-e02\/"]}]},{"@type":"BreadcrumbList","@id":"https:\/\/cokhitanminh.com\/may-dong-goi\/may-dan-mang-seal-bang-tai-tu-dong-glf-2800-tmdg-e02\/#breadcrumb","itemListElement":[{"@type":"ListItem","position":1,"name":"Trang ch\u1ee7","item":"https:\/\/cokhitanminh.com\/may-dong-goi\/"},{"@type":"ListItem","position":2,"name":"C\u1eeda h\u00e0ng","item":"https:\/\/cokhitanminh.com\/may-dong-goi\/mua\/"},{"@type":"ListItem","position":3,"name":"M\u00c1Y D\u00c1N M\u00c0NG SEAL B\u0102NG T\u1ea2I T\u1ef0 \u0110\u1ed8NG GLF-2800 (TM\u0110G-E02)"}]}]}},"_links":{"self":[{"href":"https:\/\/cokhitanminh.com\/may-dong-goi\/wp-json\/wp\/v2\/product\/1572","targetHints":{"allow":["GET"]}}],"collection":[{"href":"https:\/\/cokhitanminh.com\/may-dong-goi\/wp-json\/wp\/v2\/product"}],"about":[{"href":"https:\/\/cokhitanminh.com\/may-dong-goi\/wp-json\/wp\/v2\/types\/product"}],"replies":[{"embeddable":true,"href":"https:\/\/cokhitanminh.com\/may-dong-goi\/wp-json\/wp\/v2\/comments?post=1572"}],"wp:featuredmedia":[{"embeddable":true,"href":"https:\/\/cokhitanminh.com\/may-dong-goi\/wp-json\/wp\/v2\/media\/7274"}],"wp:attachment":[{"href":"https:\/\/cokhitanminh.com\/may-dong-goi\/wp-json\/wp\/v2\/media?parent=1572"}],"curies":[{"name":"wp","href":"https:\/\/api.w.org\/{rel}","templated":true}]}}