{"id":1563,"date":"2021-12-04T03:15:04","date_gmt":"2021-12-04T03:15:04","guid":{"rendered":"https:\/\/cokhitanminh.com\/may-dong-goi\/?post_type=product&#038;p=1563"},"modified":"2022-07-04T08:02:59","modified_gmt":"2022-07-04T08:02:59","slug":"day-chuyen-co-cat-mang-tu-dong-tmdg-b20","status":"publish","type":"product","link":"https:\/\/cokhitanminh.com\/may-dong-goi\/day-chuyen-co-cat-mang-tu-dong-tmdg-b20\/","title":{"rendered":"D\u00e2y chuy\u1ec1n co c\u1eaft m\u00e0ng t\u1ef1 \u0111\u1ed9ng (TM\u0110G-B20)"},"content":{"rendered":"<h3 style=\"text-align: justify;\"><a href=\"https:\/\/cokhitanminh.com\/may-dong-goi\/day-chuyen-co-cat-mang-tu-dong-tmdg-b20\/\"><em><strong>D\u00e2y chuy\u1ec1n co c\u1eaft m\u00e0ng t\u1ef1 <\/strong><\/em><em><strong>\u0111<\/strong><\/em><em><strong>\u1ed9ng<\/strong><\/em><\/a>(TM\u0110G-B20)<\/h3>\n<p style=\"text-align: justify;\"><em><strong>D\u00e2y chuy\u1ec1n co c\u1eaft m\u00e0ng t\u1ef1 \u0111\u1ed9ng<\/strong><\/em> (TM\u0110G-B20) \u0111\u01b0\u1ee3c nghi\u00ean c\u1ee9u s\u1ea3n xu\u1ea5t v\u00e0 ph\u00e2n ph\u1ed1i tr\u00ean to\u00e0n qu\u1ed1c. T\u1ea5t c\u1ea3 c\u00e1c s\u1ea3n ph\u1ea9m c\u1ee7a ch\u00fang t\u00f4i \u0111\u1ec1u \u0111\u01b0\u1ee3c ki\u1ec3m tra k\u1ef9 l\u01b0\u1ee1ng v\u00e0 v\u1eadn h\u00e0nh th\u1ef1c t\u1ebf \u0111\u1ec3 lu\u00f4n \u0111\u1ea3m b\u1ea3o ch\u1ea5t l\u01b0\u1ee3ng t\u1ed1t nh\u1ea5t tr\u01b0\u1edbc khi b\u00e0n giao thi\u1ebft b\u1ecb cho kh\u00e1ch h\u00e0ng.<\/p>\n<p style=\"text-align: justify;\"><strong>Th\u00f4ng s\u1ed1 k\u1ef9 thu\u1eadt:<\/strong><\/p>\n<p>&#8211; Model: TM\u0110G-B20<\/p>\n<p>1. M\u00e1y c\u1eaft m\u00e0ng<\/p>\n<p>&#8211; \u0110i\u1ec7n \u00e1p: 220V\/50Hz<\/p>\n<p>&#8211; C\u00f4ng su\u1ea5t: 1.35 Kw<\/p>\n<p>&#8211; N\u0103ng su\u1ea5t: 10 &#8211; 30 sp\/ph\u00fat<\/p>\n<p>&#8211; Chi\u1ec1u cao bao b\u00ec: 125 mm<\/p>\n<p>&#8211; K\u00edch th\u01b0\u1edbc \u0111\u01b0\u1eddng h\u00e0n c\u1eaft: 560 x 440 mm<\/p>\n<p>&#8211; Ch\u00e2\u0301t li\u00ea\u0323u ma\u0300ng : POF<\/p>\n<p>&#8211; \u00c1p su\u1ea5t: 0.5 Mpa<\/p>\n<p>&#8211; K\u00edch th\u01b0\u1edbc m\u00e1y: 1650 x 920 x 1450 mm<\/p>\n<p>&#8211; Tr\u1ecdng l\u01b0\u1ee3ng m\u00e1y: 300 Kg<\/p>\n<p>&#8211; V\u1eadt li\u1ec7u ch\u00ednh (v\u1ecf m\u00e1y): Th\u00e2n m\u00e1y th\u00e9p, Phun s\u01a1n<\/p>\n<p>2.M\u00e1y co m\u00e0ng<\/p>\n<p>&#8211; \u0110i\u1ec7n \u00e1p: 380V\/50Hz<\/p>\n<p>&#8211; C\u00f4ng su\u1ea5t: 12 Kw<\/p>\n<p>&#8211; T\u1ed1c \u0111\u1ed9 b\u0103ng t\u1ea3i: 0 &#8211; 10 m<\/p>\n<p>&#8211; T\u1ea3i tr\u1ecdng b\u0103ng t\u1ea3i: 30 Kg<\/p>\n<p>&#8211; K\u00edch th\u01b0\u1edbc bu\u1ed3ng co: 1200 x 450 x 220 mm<\/p>\n<p>&#8211; Ch\u1ea5t li\u1ec7u m\u00e0ng co: PVC, POF, PP<\/p>\n<p>&#8211; Nhi\u1ec7t \u0111\u1ed9 max: 300 \u0111\u1ed9<\/p>\n<p>&#8211; K\u00edch th\u01b0\u1edbc m\u00e1y: 1600 x 700 x 1370 mm<\/p>\n<p>&#8211; Tr\u1ecdng l\u01b0\u1ee3ng m\u00e1y: 160 Kg<\/p>\n<p>&#8211; V\u1eadt li\u1ec7u ch\u00ednh (v\u1ecf m\u00e1y): th\u00e2n m\u00e1y th\u00e9p, phun s\u01a1n<\/p>\n<p>&#8211; B\u1ea3o h\u00e0nh: 12 th\u00e1ng<\/p>\n<p>&nbsp;<\/p>\n<p style=\"text-align: justify;\"><strong>H\u00ecnh \u1ea3nh s\u1ea3n ph\u1ea9m:<\/strong><\/p>\n<p style=\"text-align: center;\"><a href=\"https:\/\/cokhitanminh.com\/may-dong-goi\/wp-content\/uploads\/2021\/12\/day-chuyen-co-cat-mang-tu-dong-tmdg-b20-cktm.mdg-1.jpg\"><img loading=\"lazy\" decoding=\"async\" class=\"alignnone size-full wp-image-6388\" src=\"https:\/\/cokhitanminh.com\/may-dong-goi\/wp-content\/uploads\/2021\/12\/day-chuyen-co-cat-mang-tu-dong-tmdg-b20-cktm.mdg-1.jpg\" alt=\"\" width=\"550\" height=\"312\" srcset=\"https:\/\/cokhitanminh.com\/may-dong-goi\/wp-content\/uploads\/2021\/12\/day-chuyen-co-cat-mang-tu-dong-tmdg-b20-cktm.mdg-1.jpg 550w, https:\/\/cokhitanminh.com\/may-dong-goi\/wp-content\/uploads\/2021\/12\/day-chuyen-co-cat-mang-tu-dong-tmdg-b20-cktm.mdg-1-300x170.jpg 300w\" sizes=\"auto, (max-width: 550px) 100vw, 550px\" \/><\/a> <a href=\"https:\/\/cokhitanminh.com\/may-dong-goi\/wp-content\/uploads\/2021\/12\/day-chuyen-co-cat-mang-tu-dong-tmdg-b20-cktm.mdg-2.jpg\"><img loading=\"lazy\" decoding=\"async\" class=\"size-large wp-image-6389 aligncenter\" src=\"https:\/\/cokhitanminh.com\/may-dong-goi\/wp-content\/uploads\/2021\/12\/day-chuyen-co-cat-mang-tu-dong-tmdg-b20-cktm.mdg-2.jpg\" alt=\"\" width=\"550\" height=\"349\" srcset=\"https:\/\/cokhitanminh.com\/may-dong-goi\/wp-content\/uploads\/2021\/12\/day-chuyen-co-cat-mang-tu-dong-tmdg-b20-cktm.mdg-2.jpg 550w, https:\/\/cokhitanminh.com\/may-dong-goi\/wp-content\/uploads\/2021\/12\/day-chuyen-co-cat-mang-tu-dong-tmdg-b20-cktm.mdg-2-300x190.jpg 300w\" sizes=\"auto, (max-width: 550px) 100vw, 550px\" \/><\/a> <a href=\"https:\/\/cokhitanminh.com\/may-dong-goi\/wp-content\/uploads\/2021\/12\/day-chuyen-co-cat-mang-tu-dong-tmdg-b20-cktm.mdg-3.jpg\"><img loading=\"lazy\" decoding=\"async\" class=\"alignnone size-large wp-image-6390\" src=\"https:\/\/cokhitanminh.com\/may-dong-goi\/wp-content\/uploads\/2021\/12\/day-chuyen-co-cat-mang-tu-dong-tmdg-b20-cktm.mdg-3.jpg\" alt=\"\" width=\"550\" height=\"435\" srcset=\"https:\/\/cokhitanminh.com\/may-dong-goi\/wp-content\/uploads\/2021\/12\/day-chuyen-co-cat-mang-tu-dong-tmdg-b20-cktm.mdg-3.jpg 550w, https:\/\/cokhitanminh.com\/may-dong-goi\/wp-content\/uploads\/2021\/12\/day-chuyen-co-cat-mang-tu-dong-tmdg-b20-cktm.mdg-3-300x237.jpg 300w\" sizes=\"auto, (max-width: 550px) 100vw, 550px\" \/><\/a> <a href=\"https:\/\/cokhitanminh.com\/may-dong-goi\/wp-content\/uploads\/2021\/12\/day-chuyen-co-cat-mang-tu-dong-tmdg-b20-cktm.mdg-4.jpg\"><img loading=\"lazy\" decoding=\"async\" class=\"size-large wp-image-6391 aligncenter\" src=\"https:\/\/cokhitanminh.com\/may-dong-goi\/wp-content\/uploads\/2021\/12\/day-chuyen-co-cat-mang-tu-dong-tmdg-b20-cktm.mdg-4.jpg\" alt=\"\" width=\"550\" height=\"331\" srcset=\"https:\/\/cokhitanminh.com\/may-dong-goi\/wp-content\/uploads\/2021\/12\/day-chuyen-co-cat-mang-tu-dong-tmdg-b20-cktm.mdg-4.jpg 550w, https:\/\/cokhitanminh.com\/may-dong-goi\/wp-content\/uploads\/2021\/12\/day-chuyen-co-cat-mang-tu-dong-tmdg-b20-cktm.mdg-4-300x181.jpg 300w\" sizes=\"auto, (max-width: 550px) 100vw, 550px\" \/><\/a> <a href=\"https:\/\/cokhitanminh.com\/may-dong-goi\/wp-content\/uploads\/2021\/12\/day-chuyen-co-cat-mang-tu-dong-tmdg-b20-cktm.mdg-5.jpg\"><img loading=\"lazy\" decoding=\"async\" class=\"alignnone size-large wp-image-6392\" src=\"https:\/\/cokhitanminh.com\/may-dong-goi\/wp-content\/uploads\/2021\/12\/day-chuyen-co-cat-mang-tu-dong-tmdg-b20-cktm.mdg-5.jpg\" alt=\"\" width=\"550\" height=\"417\" srcset=\"https:\/\/cokhitanminh.com\/may-dong-goi\/wp-content\/uploads\/2021\/12\/day-chuyen-co-cat-mang-tu-dong-tmdg-b20-cktm.mdg-5.jpg 550w, https:\/\/cokhitanminh.com\/may-dong-goi\/wp-content\/uploads\/2021\/12\/day-chuyen-co-cat-mang-tu-dong-tmdg-b20-cktm.mdg-5-300x227.jpg 300w\" sizes=\"auto, (max-width: 550px) 100vw, 550px\" \/><\/a> <a href=\"https:\/\/cokhitanminh.com\/may-dong-goi\/wp-content\/uploads\/2021\/12\/day-chuyen-co-cat-mang-tu-dong-tmdg-b20-cktm.mdg-6.jpg\"><img loading=\"lazy\" decoding=\"async\" class=\"size-large wp-image-6393 aligncenter\" src=\"https:\/\/cokhitanminh.com\/may-dong-goi\/wp-content\/uploads\/2021\/12\/day-chuyen-co-cat-mang-tu-dong-tmdg-b20-cktm.mdg-6.jpg\" alt=\"\" width=\"550\" height=\"345\" srcset=\"https:\/\/cokhitanminh.com\/may-dong-goi\/wp-content\/uploads\/2021\/12\/day-chuyen-co-cat-mang-tu-dong-tmdg-b20-cktm.mdg-6.jpg 550w, https:\/\/cokhitanminh.com\/may-dong-goi\/wp-content\/uploads\/2021\/12\/day-chuyen-co-cat-mang-tu-dong-tmdg-b20-cktm.mdg-6-300x188.jpg 300w\" sizes=\"auto, (max-width: 550px) 100vw, 550px\" \/><\/a> <a href=\"https:\/\/cokhitanminh.com\/may-dong-goi\/wp-content\/uploads\/2021\/12\/day-chuyen-co-cat-mang-tu-dong-tmdg-b20-cktm.mdg-7.jpg\"><img loading=\"lazy\" decoding=\"async\" class=\"alignnone size-large wp-image-6394\" src=\"https:\/\/cokhitanminh.com\/may-dong-goi\/wp-content\/uploads\/2021\/12\/day-chuyen-co-cat-mang-tu-dong-tmdg-b20-cktm.mdg-7.jpg\" alt=\"\" width=\"550\" height=\"423\" srcset=\"https:\/\/cokhitanminh.com\/may-dong-goi\/wp-content\/uploads\/2021\/12\/day-chuyen-co-cat-mang-tu-dong-tmdg-b20-cktm.mdg-7.jpg 550w, https:\/\/cokhitanminh.com\/may-dong-goi\/wp-content\/uploads\/2021\/12\/day-chuyen-co-cat-mang-tu-dong-tmdg-b20-cktm.mdg-7-300x231.jpg 300w\" sizes=\"auto, (max-width: 550px) 100vw, 550px\" \/><\/a> <a href=\"https:\/\/cokhitanminh.com\/may-dong-goi\/wp-content\/uploads\/2021\/12\/day-chuyen-co-cat-mang-tu-dong-tmdg-b20-cktm.mdg-8.jpg\"><img loading=\"lazy\" decoding=\"async\" class=\"size-large wp-image-6395 aligncenter\" src=\"https:\/\/cokhitanminh.com\/may-dong-goi\/wp-content\/uploads\/2021\/12\/day-chuyen-co-cat-mang-tu-dong-tmdg-b20-cktm.mdg-8.jpg\" alt=\"\" width=\"550\" height=\"366\" srcset=\"https:\/\/cokhitanminh.com\/may-dong-goi\/wp-content\/uploads\/2021\/12\/day-chuyen-co-cat-mang-tu-dong-tmdg-b20-cktm.mdg-8.jpg 550w, https:\/\/cokhitanminh.com\/may-dong-goi\/wp-content\/uploads\/2021\/12\/day-chuyen-co-cat-mang-tu-dong-tmdg-b20-cktm.mdg-8-300x200.jpg 300w\" sizes=\"auto, (max-width: 550px) 100vw, 550px\" \/><\/a><\/p>\n<p><strong>VIDEO S\u1ea2N PH\u1ea8M<\/strong><\/p>\n<p><center><iframe loading=\"lazy\" src=\"https:\/\/www.youtube.com\/embed\/40nk0oP3xTI\" width=\"560\" height=\"315\" frameborder=\"0\" allowfullscreen=\"allowfullscreen\"><\/iframe><\/center><\/p>\n<p style=\"text-align: justify;\">Xem th\u00eam : <em><strong>D\u00e2y chuy\u1ec1n co c\u1eaft m\u00e0ng t\u1ef1 \u0111\u1ed9ng<\/strong> <\/em>(TM\u0110G-B20)<\/p>\n","protected":false},"excerpt":{"rendered":"<p>D\u00e2y chuy\u1ec1n co c\u1eaft m\u00e0ng t\u1ef1 \u0111\u1ed9ng(TM\u0110G-B20) D\u00e2y chuy\u1ec1n co c\u1eaft m\u00e0ng t\u1ef1 \u0111\u1ed9ng (TM\u0110G-B20) \u0111\u01b0\u1ee3c nghi\u00ean c\u1ee9u s\u1ea3n xu\u1ea5t v\u00e0 ph\u00e2n ph\u1ed1i tr\u00ean to\u00e0n qu\u1ed1c. T\u1ea5t c\u1ea3 c\u00e1c s\u1ea3n ph\u1ea9m c\u1ee7a ch\u00fang t\u00f4i \u0111\u1ec1u \u0111\u01b0\u1ee3c ki\u1ec3m tra k\u1ef9 l\u01b0\u1ee1ng v\u00e0 v\u1eadn h\u00e0nh th\u1ef1c t\u1ebf \u0111\u1ec3 lu\u00f4n \u0111\u1ea3m b\u1ea3o ch\u1ea5t l\u01b0\u1ee3ng t\u1ed1t nh\u1ea5t tr\u01b0\u1edbc khi &#8230;<\/p>\n","protected":false},"featured_media":6396,"comment_status":"open","ping_status":"closed","template":"","meta":[],"class_list":{"0":"post-1563","1":"product","2":"type-product","3":"status-publish","4":"has-post-thumbnail","6":"product_cat-may-co-cat-mang-ep-mang","8":"first","9":"instock","10":"shipping-taxable","11":"purchasable","12":"product-type-simple"},"brands":[],"yoast_head":"<!-- This site is optimized with the Yoast SEO plugin v17.6 - https:\/\/yoast.com\/wordpress\/plugins\/seo\/ -->\n<title>D\u00e2y chuy\u1ec1n co c\u1eaft m\u00e0ng t\u1ef1 \u0111\u1ed9ng (TM\u0110G-B20) - M\u00c1Y \u0110\u00d3NG G\u00d3I T\u00c2N MINH<\/title>\n<meta name=\"description\" content=\"D\u00e2y chuy\u1ec1n co c\u1eaft m\u00e0ng t\u1ef1 \u0111\u1ed9ng (TM\u0110G-B20) uy t\u00edn ch\u1ea5t l\u01b0\u1ee3ng Li\u00ean h\u1ec7 Hotline 1: 1900 2861 | Hotline 2: 09 67 68 69 11 \u0110\u1ec3 \u0111\u01b0\u1ee3c t\u01b0 v\u1ea5n mi\u1ec5n ph\u00ed!\" \/>\n<meta name=\"robots\" content=\"index, follow, max-snippet:-1, max-image-preview:large, max-video-preview:-1\" \/>\n<link rel=\"canonical\" href=\"https:\/\/cokhitanminh.com\/may-dong-goi\/day-chuyen-co-cat-mang-tu-dong-tmdg-b20\/\" \/>\n<meta property=\"og:locale\" content=\"vi_VN\" \/>\n<meta property=\"og:type\" content=\"article\" \/>\n<meta property=\"og:title\" content=\"D\u00e2y chuy\u1ec1n co c\u1eaft m\u00e0ng t\u1ef1 \u0111\u1ed9ng (TM\u0110G-B20) - M\u00c1Y \u0110\u00d3NG G\u00d3I T\u00c2N MINH\" \/>\n<meta property=\"og:description\" content=\"D\u00e2y chuy\u1ec1n co c\u1eaft m\u00e0ng t\u1ef1 \u0111\u1ed9ng (TM\u0110G-B20) uy t\u00edn ch\u1ea5t l\u01b0\u1ee3ng Li\u00ean h\u1ec7 Hotline 1: 1900 2861 | Hotline 2: 09 67 68 69 11 \u0110\u1ec3 \u0111\u01b0\u1ee3c t\u01b0 v\u1ea5n mi\u1ec5n ph\u00ed!\" \/>\n<meta property=\"og:url\" content=\"https:\/\/cokhitanminh.com\/may-dong-goi\/day-chuyen-co-cat-mang-tu-dong-tmdg-b20\/\" \/>\n<meta property=\"og:site_name\" content=\"M\u00c1Y \u0110\u00d3NG G\u00d3I T\u00c2N MINH\" \/>\n<meta property=\"article:modified_time\" content=\"2022-07-04T08:02:59+00:00\" \/>\n<meta property=\"og:image\" content=\"https:\/\/cokhitanminh.com\/may-dong-goi\/wp-content\/uploads\/2021\/12\/day-chuyen-co-cat-mang-tu-dong-tmdg-b20-cktm.mdg-9.jpg\" \/>\n\t<meta property=\"og:image:width\" content=\"591\" \/>\n\t<meta property=\"og:image:height\" content=\"591\" \/>\n<meta name=\"twitter:card\" content=\"summary_large_image\" \/>\n<meta name=\"twitter:label1\" content=\"\u01af\u1edbc t\u00ednh th\u1eddi gian \u0111\u1ecdc\" \/>\n\t<meta name=\"twitter:data1\" content=\"3 ph\u00fat\" \/>\n<script type=\"application\/ld+json\" class=\"yoast-schema-graph\">{\"@context\":\"https:\/\/schema.org\",\"@graph\":[{\"@type\":\"WebSite\",\"@id\":\"https:\/\/cokhitanminh.com\/may-dong-goi\/#website\",\"url\":\"https:\/\/cokhitanminh.com\/may-dong-goi\/\",\"name\":\"M\\u00c1Y \\u0110\\u00d3NG G\\u00d3I T\\u00c2N MINH\",\"description\":\"Chuy\\u00ean gia m\\u00e1y \\u0111\\u00f3ng g\\u00f3i\",\"potentialAction\":[{\"@type\":\"SearchAction\",\"target\":{\"@type\":\"EntryPoint\",\"urlTemplate\":\"https:\/\/cokhitanminh.com\/may-dong-goi\/?s={search_term_string}\"},\"query-input\":\"required name=search_term_string\"}],\"inLanguage\":\"vi\"},{\"@type\":\"ImageObject\",\"@id\":\"https:\/\/cokhitanminh.com\/may-dong-goi\/day-chuyen-co-cat-mang-tu-dong-tmdg-b20\/#primaryimage\",\"inLanguage\":\"vi\",\"url\":\"https:\/\/cokhitanminh.com\/may-dong-goi\/wp-content\/uploads\/2021\/12\/day-chuyen-co-cat-mang-tu-dong-tmdg-b20-cktm.mdg-9.jpg\",\"contentUrl\":\"https:\/\/cokhitanminh.com\/may-dong-goi\/wp-content\/uploads\/2021\/12\/day-chuyen-co-cat-mang-tu-dong-tmdg-b20-cktm.mdg-9.jpg\",\"width\":591,\"height\":591},{\"@type\":\"WebPage\",\"@id\":\"https:\/\/cokhitanminh.com\/may-dong-goi\/day-chuyen-co-cat-mang-tu-dong-tmdg-b20\/#webpage\",\"url\":\"https:\/\/cokhitanminh.com\/may-dong-goi\/day-chuyen-co-cat-mang-tu-dong-tmdg-b20\/\",\"name\":\"D\\u00e2y chuy\\u1ec1n co c\\u1eaft m\\u00e0ng t\\u1ef1 \\u0111\\u1ed9ng (TM\\u0110G-B20) - M\\u00c1Y \\u0110\\u00d3NG G\\u00d3I T\\u00c2N MINH\",\"isPartOf\":{\"@id\":\"https:\/\/cokhitanminh.com\/may-dong-goi\/#website\"},\"primaryImageOfPage\":{\"@id\":\"https:\/\/cokhitanminh.com\/may-dong-goi\/day-chuyen-co-cat-mang-tu-dong-tmdg-b20\/#primaryimage\"},\"datePublished\":\"2021-12-04T03:15:04+00:00\",\"dateModified\":\"2022-07-04T08:02:59+00:00\",\"description\":\"D\\u00e2y chuy\\u1ec1n co c\\u1eaft m\\u00e0ng t\\u1ef1 \\u0111\\u1ed9ng (TM\\u0110G-B20) uy t\\u00edn ch\\u1ea5t l\\u01b0\\u1ee3ng Li\\u00ean h\\u1ec7 Hotline 1: 1900 2861 | Hotline 2: 09 67 68 69 11 \\u0110\\u1ec3 \\u0111\\u01b0\\u1ee3c t\\u01b0 v\\u1ea5n mi\\u1ec5n ph\\u00ed!\",\"breadcrumb\":{\"@id\":\"https:\/\/cokhitanminh.com\/may-dong-goi\/day-chuyen-co-cat-mang-tu-dong-tmdg-b20\/#breadcrumb\"},\"inLanguage\":\"vi\",\"potentialAction\":[{\"@type\":\"ReadAction\",\"target\":[\"https:\/\/cokhitanminh.com\/may-dong-goi\/day-chuyen-co-cat-mang-tu-dong-tmdg-b20\/\"]}]},{\"@type\":\"BreadcrumbList\",\"@id\":\"https:\/\/cokhitanminh.com\/may-dong-goi\/day-chuyen-co-cat-mang-tu-dong-tmdg-b20\/#breadcrumb\",\"itemListElement\":[{\"@type\":\"ListItem\",\"position\":1,\"name\":\"Trang ch\\u1ee7\",\"item\":\"https:\/\/cokhitanminh.com\/may-dong-goi\/\"},{\"@type\":\"ListItem\",\"position\":2,\"name\":\"C\\u1eeda h\\u00e0ng\",\"item\":\"https:\/\/cokhitanminh.com\/may-dong-goi\/mua\/\"},{\"@type\":\"ListItem\",\"position\":3,\"name\":\"D\\u00e2y chuy\\u1ec1n co c\\u1eaft m\\u00e0ng t\\u1ef1 \\u0111\\u1ed9ng (TM\\u0110G-B20)\"}]}]}<\/script>\n<!-- \/ Yoast SEO plugin. -->","yoast_head_json":{"title":"D\u00e2y chuy\u1ec1n co c\u1eaft m\u00e0ng t\u1ef1 \u0111\u1ed9ng (TM\u0110G-B20) - M\u00c1Y \u0110\u00d3NG G\u00d3I T\u00c2N MINH","description":"D\u00e2y chuy\u1ec1n co c\u1eaft m\u00e0ng t\u1ef1 \u0111\u1ed9ng (TM\u0110G-B20) uy t\u00edn ch\u1ea5t l\u01b0\u1ee3ng Li\u00ean h\u1ec7 Hotline 1: 1900 2861 | Hotline 2: 09 67 68 69 11 \u0110\u1ec3 \u0111\u01b0\u1ee3c t\u01b0 v\u1ea5n mi\u1ec5n ph\u00ed!","robots":{"index":"index","follow":"follow","max-snippet":"max-snippet:-1","max-image-preview":"max-image-preview:large","max-video-preview":"max-video-preview:-1"},"canonical":"https:\/\/cokhitanminh.com\/may-dong-goi\/day-chuyen-co-cat-mang-tu-dong-tmdg-b20\/","og_locale":"vi_VN","og_type":"article","og_title":"D\u00e2y chuy\u1ec1n co c\u1eaft m\u00e0ng t\u1ef1 \u0111\u1ed9ng (TM\u0110G-B20) - M\u00c1Y \u0110\u00d3NG G\u00d3I T\u00c2N MINH","og_description":"D\u00e2y chuy\u1ec1n co c\u1eaft m\u00e0ng t\u1ef1 \u0111\u1ed9ng (TM\u0110G-B20) uy t\u00edn ch\u1ea5t l\u01b0\u1ee3ng Li\u00ean h\u1ec7 Hotline 1: 1900 2861 | Hotline 2: 09 67 68 69 11 \u0110\u1ec3 \u0111\u01b0\u1ee3c t\u01b0 v\u1ea5n mi\u1ec5n ph\u00ed!","og_url":"https:\/\/cokhitanminh.com\/may-dong-goi\/day-chuyen-co-cat-mang-tu-dong-tmdg-b20\/","og_site_name":"M\u00c1Y \u0110\u00d3NG G\u00d3I T\u00c2N MINH","article_modified_time":"2022-07-04T08:02:59+00:00","og_image":[{"width":591,"height":591,"url":"https:\/\/cokhitanminh.com\/may-dong-goi\/wp-content\/uploads\/2021\/12\/day-chuyen-co-cat-mang-tu-dong-tmdg-b20-cktm.mdg-9.jpg","type":"image\/jpeg"}],"twitter_card":"summary_large_image","twitter_misc":{"\u01af\u1edbc t\u00ednh th\u1eddi gian \u0111\u1ecdc":"3 ph\u00fat"},"schema":{"@context":"https:\/\/schema.org","@graph":[{"@type":"WebSite","@id":"https:\/\/cokhitanminh.com\/may-dong-goi\/#website","url":"https:\/\/cokhitanminh.com\/may-dong-goi\/","name":"M\u00c1Y \u0110\u00d3NG G\u00d3I T\u00c2N MINH","description":"Chuy\u00ean gia m\u00e1y \u0111\u00f3ng g\u00f3i","potentialAction":[{"@type":"SearchAction","target":{"@type":"EntryPoint","urlTemplate":"https:\/\/cokhitanminh.com\/may-dong-goi\/?s={search_term_string}"},"query-input":"required name=search_term_string"}],"inLanguage":"vi"},{"@type":"ImageObject","@id":"https:\/\/cokhitanminh.com\/may-dong-goi\/day-chuyen-co-cat-mang-tu-dong-tmdg-b20\/#primaryimage","inLanguage":"vi","url":"https:\/\/cokhitanminh.com\/may-dong-goi\/wp-content\/uploads\/2021\/12\/day-chuyen-co-cat-mang-tu-dong-tmdg-b20-cktm.mdg-9.jpg","contentUrl":"https:\/\/cokhitanminh.com\/may-dong-goi\/wp-content\/uploads\/2021\/12\/day-chuyen-co-cat-mang-tu-dong-tmdg-b20-cktm.mdg-9.jpg","width":591,"height":591},{"@type":"WebPage","@id":"https:\/\/cokhitanminh.com\/may-dong-goi\/day-chuyen-co-cat-mang-tu-dong-tmdg-b20\/#webpage","url":"https:\/\/cokhitanminh.com\/may-dong-goi\/day-chuyen-co-cat-mang-tu-dong-tmdg-b20\/","name":"D\u00e2y chuy\u1ec1n co c\u1eaft m\u00e0ng t\u1ef1 \u0111\u1ed9ng (TM\u0110G-B20) - M\u00c1Y \u0110\u00d3NG G\u00d3I T\u00c2N MINH","isPartOf":{"@id":"https:\/\/cokhitanminh.com\/may-dong-goi\/#website"},"primaryImageOfPage":{"@id":"https:\/\/cokhitanminh.com\/may-dong-goi\/day-chuyen-co-cat-mang-tu-dong-tmdg-b20\/#primaryimage"},"datePublished":"2021-12-04T03:15:04+00:00","dateModified":"2022-07-04T08:02:59+00:00","description":"D\u00e2y chuy\u1ec1n co c\u1eaft m\u00e0ng t\u1ef1 \u0111\u1ed9ng (TM\u0110G-B20) uy t\u00edn ch\u1ea5t l\u01b0\u1ee3ng Li\u00ean h\u1ec7 Hotline 1: 1900 2861 | Hotline 2: 09 67 68 69 11 \u0110\u1ec3 \u0111\u01b0\u1ee3c t\u01b0 v\u1ea5n mi\u1ec5n ph\u00ed!","breadcrumb":{"@id":"https:\/\/cokhitanminh.com\/may-dong-goi\/day-chuyen-co-cat-mang-tu-dong-tmdg-b20\/#breadcrumb"},"inLanguage":"vi","potentialAction":[{"@type":"ReadAction","target":["https:\/\/cokhitanminh.com\/may-dong-goi\/day-chuyen-co-cat-mang-tu-dong-tmdg-b20\/"]}]},{"@type":"BreadcrumbList","@id":"https:\/\/cokhitanminh.com\/may-dong-goi\/day-chuyen-co-cat-mang-tu-dong-tmdg-b20\/#breadcrumb","itemListElement":[{"@type":"ListItem","position":1,"name":"Trang ch\u1ee7","item":"https:\/\/cokhitanminh.com\/may-dong-goi\/"},{"@type":"ListItem","position":2,"name":"C\u1eeda h\u00e0ng","item":"https:\/\/cokhitanminh.com\/may-dong-goi\/mua\/"},{"@type":"ListItem","position":3,"name":"D\u00e2y chuy\u1ec1n co c\u1eaft m\u00e0ng t\u1ef1 \u0111\u1ed9ng (TM\u0110G-B20)"}]}]}},"_links":{"self":[{"href":"https:\/\/cokhitanminh.com\/may-dong-goi\/wp-json\/wp\/v2\/product\/1563","targetHints":{"allow":["GET"]}}],"collection":[{"href":"https:\/\/cokhitanminh.com\/may-dong-goi\/wp-json\/wp\/v2\/product"}],"about":[{"href":"https:\/\/cokhitanminh.com\/may-dong-goi\/wp-json\/wp\/v2\/types\/product"}],"replies":[{"embeddable":true,"href":"https:\/\/cokhitanminh.com\/may-dong-goi\/wp-json\/wp\/v2\/comments?post=1563"}],"wp:featuredmedia":[{"embeddable":true,"href":"https:\/\/cokhitanminh.com\/may-dong-goi\/wp-json\/wp\/v2\/media\/6396"}],"wp:attachment":[{"href":"https:\/\/cokhitanminh.com\/may-dong-goi\/wp-json\/wp\/v2\/media?parent=1563"}],"curies":[{"name":"wp","href":"https:\/\/api.w.org\/{rel}","templated":true}]}}