{"id":1480,"date":"2021-12-04T03:14:08","date_gmt":"2021-12-04T03:14:08","guid":{"rendered":"https:\/\/cokhitanminh.com\/may-dong-goi\/?post_type=product&#038;p=1480"},"modified":"2021-12-29T07:31:50","modified_gmt":"2021-12-29T07:31:50","slug":"may-boc-mang-thuc-pham-hw-450-tmdg-bd01","status":"publish","type":"product","link":"https:\/\/cokhitanminh.com\/may-dong-goi\/may-boc-mang-thuc-pham-hw-450-tmdg-bd01\/","title":{"rendered":"M\u00e1y b\u1ecdc m\u00e0ng th\u1ef1c ph\u1ea9m HW-450 (TM\u0110G-BD01)"},"content":{"rendered":"<h3 style=\"text-align: justify;\"><a href=\"https:\/\/cokhitanminh.com\/may-dong-goi\/may-boc-mang-thuc-pham-hw-450-tmdg-bd01\/\"><em><strong>M\u00e1y b\u1ecdc m\u00e0ng th\u1ef1c ph\u1ea9m HW-450<\/strong> <\/em><\/a>(TM\u0110G-BD01)<\/h3>\n<p style=\"text-align: justify;\"><em><strong>M\u00e1y b\u1ecdc m\u00e0ng th\u1ef1c ph\u1ea9m HW-450<\/strong> <\/em>(TM\u0110G-BD01)\u00a0\u0111\u01b0\u1ee3c nghi\u00ean c\u1ee9u s\u1ea3n xu\u1ea5t v\u00e0 ph\u00e2n ph\u1ed1i tr\u00ean to\u00e0n qu\u1ed1c. T\u1ea5t c\u1ea3 c\u00e1c s\u1ea3n ph\u1ea9m c\u1ee7a ch\u00fang t\u00f4i \u0111\u1ec1u \u0111\u01b0\u1ee3c ki\u1ec3m tra k\u1ef9 l\u01b0\u1ee1ng v\u00e0 v\u1eadn h\u00e0nh th\u1ef1c t\u1ebf \u0111\u1ec3 lu\u00f4n \u0111\u1ea3m b\u1ea3o ch\u1ea5t l\u01b0\u1ee3ng t\u1ed1t nh\u1ea5t tr\u01b0\u1edbc khi b\u00e0n giao thi\u1ebft b\u1ecb cho kh\u00e1ch h\u00e0ng.<\/p>\n<p style=\"text-align: justify;\"><strong>Th\u00f4ng s\u1ed1 k\u1ef9 thu\u1eadt:<\/strong><\/p>\n<p>&#8211; Model: TM\u0110G-BD01<\/p>\n<p>&#8211; Ngu\u1ed3n \u0111i\u1ec7n: 220V\/50Hz<\/p>\n<p>&#8211; C\u00f4ng su\u1ea5t: 300W<\/p>\n<p>&#8211; Th\u1eddi gian \u0111\u1ea1t nhi\u1ec7t \u0111\u1ed9 th\u00edch h\u1ee3p: 5-10 ph\u00fat<\/p>\n<p>&#8211; Nhi\u1ec7t \u0111\u1ed9 c\u00e0i \u0111\u1eb7t: 100 &#8211; 160 \u0111\u1ed9 C<\/p>\n<p>&#8211; Ch\u1ea5t li\u1ec7u: th\u00e2n m\u00e1y Inox<\/p>\n<p>&#8211; K\u00edch th\u01b0\u1edbc th\u00f9ng: 630 x 520 x 165 mm<\/p>\n<p>&#8211; K\u00edch th\u01b0\u1edbc m\u00e1y: 600 x 470 x 110 mm<\/p>\n<p>&#8211; \u0110\u1ed9 d\u00e0i tr\u1ee5c: 452 mm<\/p>\n<p>&#8211; K\u00edch th\u01b0\u1edbc m\u00e2m nhi\u1ec7t: 385 x 123 mm<\/p>\n<p>&#8211; Chi\u1ec1u d\u00e0i l\u01b0\u1ee1i c\u1eaft nhi\u1ec7t: 435mm<\/p>\n<p>&#8211; Tr\u1ecdng l\u01b0\u1ee3ng: 6,5 kg<\/p>\n<p>&#8211; B\u1ea3o h\u00e0nh: 6 th\u00e1ng<\/p>\n<p style=\"text-align: justify;\"><strong>H\u00ecnh \u1ea3nh s\u1ea3n ph\u1ea9m:<\/strong><\/p>\n<p><a href=\"https:\/\/cokhitanminh.com\/may-dong-goi\/wp-content\/uploads\/2021\/12\/may-boc-mang-thuc-pham-hw-450-tmdg-bd01-2-cokhitanminhcommdg.jpg\"><img loading=\"lazy\" decoding=\"async\" class=\"size-full wp-image-6496 aligncenter\" src=\"https:\/\/cokhitanminh.com\/may-dong-goi\/wp-content\/uploads\/2021\/12\/may-boc-mang-thuc-pham-hw-450-tmdg-bd01-2-cokhitanminhcommdg.jpg\" alt=\"\" width=\"500\" height=\"500\" srcset=\"https:\/\/cokhitanminh.com\/may-dong-goi\/wp-content\/uploads\/2021\/12\/may-boc-mang-thuc-pham-hw-450-tmdg-bd01-2-cokhitanminhcommdg.jpg 500w, https:\/\/cokhitanminh.com\/may-dong-goi\/wp-content\/uploads\/2021\/12\/may-boc-mang-thuc-pham-hw-450-tmdg-bd01-2-cokhitanminhcommdg-300x300.jpg 300w, https:\/\/cokhitanminh.com\/may-dong-goi\/wp-content\/uploads\/2021\/12\/may-boc-mang-thuc-pham-hw-450-tmdg-bd01-2-cokhitanminhcommdg-150x150.jpg 150w, https:\/\/cokhitanminh.com\/may-dong-goi\/wp-content\/uploads\/2021\/12\/may-boc-mang-thuc-pham-hw-450-tmdg-bd01-2-cokhitanminhcommdg-100x100.jpg 100w\" sizes=\"auto, (max-width: 500px) 100vw, 500px\" \/><\/a><\/p>\n<p><a href=\"https:\/\/cokhitanminh.com\/may-dong-goi\/wp-content\/uploads\/2021\/12\/may-boc-mang-thuc-pham-hw-450-tmdg-bd01-3-cokhitanminhcommdg.jpg\"><img loading=\"lazy\" decoding=\"async\" class=\"size-large wp-image-6497 aligncenter\" src=\"https:\/\/cokhitanminh.com\/may-dong-goi\/wp-content\/uploads\/2021\/12\/may-boc-mang-thuc-pham-hw-450-tmdg-bd01-3-cokhitanminhcommdg.jpg\" alt=\"\" width=\"500\" height=\"500\" srcset=\"https:\/\/cokhitanminh.com\/may-dong-goi\/wp-content\/uploads\/2021\/12\/may-boc-mang-thuc-pham-hw-450-tmdg-bd01-3-cokhitanminhcommdg.jpg 500w, https:\/\/cokhitanminh.com\/may-dong-goi\/wp-content\/uploads\/2021\/12\/may-boc-mang-thuc-pham-hw-450-tmdg-bd01-3-cokhitanminhcommdg-300x300.jpg 300w, https:\/\/cokhitanminh.com\/may-dong-goi\/wp-content\/uploads\/2021\/12\/may-boc-mang-thuc-pham-hw-450-tmdg-bd01-3-cokhitanminhcommdg-150x150.jpg 150w, https:\/\/cokhitanminh.com\/may-dong-goi\/wp-content\/uploads\/2021\/12\/may-boc-mang-thuc-pham-hw-450-tmdg-bd01-3-cokhitanminhcommdg-100x100.jpg 100w\" sizes=\"auto, (max-width: 500px) 100vw, 500px\" \/><\/a><\/p>\n<p><a href=\"https:\/\/cokhitanminh.com\/may-dong-goi\/wp-content\/uploads\/2021\/12\/may-boc-mang-thuc-pham-hw-450-tmdg-bd01-4-cokhitanminhcommdg.jpg\"><img loading=\"lazy\" decoding=\"async\" class=\"size-large wp-image-6498 aligncenter\" src=\"https:\/\/cokhitanminh.com\/may-dong-goi\/wp-content\/uploads\/2021\/12\/may-boc-mang-thuc-pham-hw-450-tmdg-bd01-4-cokhitanminhcommdg.jpg\" alt=\"\" width=\"500\" height=\"500\" srcset=\"https:\/\/cokhitanminh.com\/may-dong-goi\/wp-content\/uploads\/2021\/12\/may-boc-mang-thuc-pham-hw-450-tmdg-bd01-4-cokhitanminhcommdg.jpg 500w, https:\/\/cokhitanminh.com\/may-dong-goi\/wp-content\/uploads\/2021\/12\/may-boc-mang-thuc-pham-hw-450-tmdg-bd01-4-cokhitanminhcommdg-300x300.jpg 300w, https:\/\/cokhitanminh.com\/may-dong-goi\/wp-content\/uploads\/2021\/12\/may-boc-mang-thuc-pham-hw-450-tmdg-bd01-4-cokhitanminhcommdg-150x150.jpg 150w, https:\/\/cokhitanminh.com\/may-dong-goi\/wp-content\/uploads\/2021\/12\/may-boc-mang-thuc-pham-hw-450-tmdg-bd01-4-cokhitanminhcommdg-100x100.jpg 100w\" sizes=\"auto, (max-width: 500px) 100vw, 500px\" \/><\/a><\/p>\n<p style=\"text-align: justify;\">Chi ti\u1ebft s\u1ea3n ph\u1ea9m <em><strong>M\u00e1y b\u1ecdc m\u00e0ng th\u1ef1c ph\u1ea9m HW-450<\/strong> <\/em>(TM\u0110G-BD01)\u00a0xin vui l\u00f2ng li\u00ean h\u1ec7 Hotline: 19002861 \u0110\u1ec3 \u0111\u01b0\u1ee3c t\u01b0 v\u1ea5n ho\u00e0n to\u00e0n mi\u1ec5n ph\u00ed!<\/p>\n","protected":false},"excerpt":{"rendered":"<p>M\u00e1y b\u1ecdc m\u00e0ng th\u1ef1c ph\u1ea9m HW-450 (TM\u0110G-BD01) M\u00e1y b\u1ecdc m\u00e0ng th\u1ef1c ph\u1ea9m HW-450 (TM\u0110G-BD01)\u00a0\u0111\u01b0\u1ee3c nghi\u00ean c\u1ee9u s\u1ea3n xu\u1ea5t v\u00e0 ph\u00e2n ph\u1ed1i tr\u00ean to\u00e0n qu\u1ed1c. T\u1ea5t c\u1ea3 c\u00e1c s\u1ea3n ph\u1ea9m c\u1ee7a ch\u00fang t\u00f4i \u0111\u1ec1u \u0111\u01b0\u1ee3c ki\u1ec3m tra k\u1ef9 l\u01b0\u1ee1ng v\u00e0 v\u1eadn h\u00e0nh th\u1ef1c t\u1ebf \u0111\u1ec3 lu\u00f4n \u0111\u1ea3m b\u1ea3o ch\u1ea5t l\u01b0\u1ee3ng t\u1ed1t nh\u1ea5t tr\u01b0\u1edbc khi b\u00e0n giao &#8230;<\/p>\n","protected":false},"featured_media":6499,"comment_status":"open","ping_status":"closed","template":"","meta":[],"class_list":{"0":"post-1480","1":"product","2":"type-product","3":"status-publish","4":"has-post-thumbnail","6":"product_cat-may-co-cat-mang-ep-mang","8":"first","9":"instock","10":"shipping-taxable","11":"purchasable","12":"product-type-simple"},"brands":[],"yoast_head":"<!-- This site is optimized with the Yoast SEO plugin v17.6 - https:\/\/yoast.com\/wordpress\/plugins\/seo\/ -->\n<title>M\u00e1y b\u1ecdc m\u00e0ng th\u1ef1c ph\u1ea9m HW-450 (TM\u0110G-BD01) - M\u00c1Y \u0110\u00d3NG G\u00d3I T\u00c2N MINH<\/title>\n<meta name=\"description\" content=\"M\u00e1y b\u1ecdc m\u00e0ng th\u1ef1c ph\u1ea9m HW-450 (TM\u0110G-BD01) uy t\u00edn ch\u1ea5t l\u01b0\u1ee3ng Li\u00ean h\u1ec7 Hotline 1: 1900 2861 | Hotline 2: 09 67 68 69 11 \u0110\u1ec3 \u0111\u01b0\u1ee3c t\u01b0 v\u1ea5n mi\u1ec5n ph\u00ed!\" \/>\n<meta name=\"robots\" content=\"index, follow, max-snippet:-1, max-image-preview:large, max-video-preview:-1\" \/>\n<link rel=\"canonical\" href=\"https:\/\/cokhitanminh.com\/may-dong-goi\/may-boc-mang-thuc-pham-hw-450-tmdg-bd01\/\" \/>\n<meta property=\"og:locale\" content=\"vi_VN\" \/>\n<meta property=\"og:type\" content=\"article\" \/>\n<meta property=\"og:title\" content=\"M\u00e1y b\u1ecdc m\u00e0ng th\u1ef1c ph\u1ea9m HW-450 (TM\u0110G-BD01) - M\u00c1Y \u0110\u00d3NG G\u00d3I T\u00c2N MINH\" \/>\n<meta property=\"og:description\" content=\"M\u00e1y b\u1ecdc m\u00e0ng th\u1ef1c ph\u1ea9m HW-450 (TM\u0110G-BD01) uy t\u00edn ch\u1ea5t l\u01b0\u1ee3ng Li\u00ean h\u1ec7 Hotline 1: 1900 2861 | Hotline 2: 09 67 68 69 11 \u0110\u1ec3 \u0111\u01b0\u1ee3c t\u01b0 v\u1ea5n mi\u1ec5n ph\u00ed!\" \/>\n<meta property=\"og:url\" content=\"https:\/\/cokhitanminh.com\/may-dong-goi\/may-boc-mang-thuc-pham-hw-450-tmdg-bd01\/\" \/>\n<meta property=\"og:site_name\" content=\"M\u00c1Y \u0110\u00d3NG G\u00d3I T\u00c2N MINH\" \/>\n<meta property=\"article:modified_time\" content=\"2021-12-29T07:31:50+00:00\" \/>\n<meta property=\"og:image\" content=\"https:\/\/cokhitanminh.com\/may-dong-goi\/wp-content\/uploads\/2021\/12\/may-boc-mang-thuc-pham-hw-450-tmdg-bd01-1-cokhitanminhcommdg.jpg\" \/>\n\t<meta property=\"og:image:width\" content=\"618\" \/>\n\t<meta property=\"og:image:height\" content=\"618\" \/>\n<meta name=\"twitter:card\" content=\"summary_large_image\" \/>\n<meta name=\"twitter:label1\" content=\"\u01af\u1edbc t\u00ednh th\u1eddi gian \u0111\u1ecdc\" \/>\n\t<meta name=\"twitter:data1\" content=\"1 ph\u00fat\" \/>\n<script type=\"application\/ld+json\" class=\"yoast-schema-graph\">{\"@context\":\"https:\/\/schema.org\",\"@graph\":[{\"@type\":\"WebSite\",\"@id\":\"https:\/\/cokhitanminh.com\/may-dong-goi\/#website\",\"url\":\"https:\/\/cokhitanminh.com\/may-dong-goi\/\",\"name\":\"M\\u00c1Y \\u0110\\u00d3NG G\\u00d3I T\\u00c2N MINH\",\"description\":\"Chuy\\u00ean gia m\\u00e1y \\u0111\\u00f3ng g\\u00f3i\",\"potentialAction\":[{\"@type\":\"SearchAction\",\"target\":{\"@type\":\"EntryPoint\",\"urlTemplate\":\"https:\/\/cokhitanminh.com\/may-dong-goi\/?s={search_term_string}\"},\"query-input\":\"required name=search_term_string\"}],\"inLanguage\":\"vi\"},{\"@type\":\"ImageObject\",\"@id\":\"https:\/\/cokhitanminh.com\/may-dong-goi\/may-boc-mang-thuc-pham-hw-450-tmdg-bd01\/#primaryimage\",\"inLanguage\":\"vi\",\"url\":\"https:\/\/cokhitanminh.com\/may-dong-goi\/wp-content\/uploads\/2021\/12\/may-boc-mang-thuc-pham-hw-450-tmdg-bd01-1-cokhitanminhcommdg.jpg\",\"contentUrl\":\"https:\/\/cokhitanminh.com\/may-dong-goi\/wp-content\/uploads\/2021\/12\/may-boc-mang-thuc-pham-hw-450-tmdg-bd01-1-cokhitanminhcommdg.jpg\",\"width\":618,\"height\":618,\"caption\":\"M\\u00c1Y B\\u1eccC M\\u00c0NG TH\\u1ef0C PH\\u1ea8M HW-450 (TM\\u0110G-BD01)\"},{\"@type\":\"WebPage\",\"@id\":\"https:\/\/cokhitanminh.com\/may-dong-goi\/may-boc-mang-thuc-pham-hw-450-tmdg-bd01\/#webpage\",\"url\":\"https:\/\/cokhitanminh.com\/may-dong-goi\/may-boc-mang-thuc-pham-hw-450-tmdg-bd01\/\",\"name\":\"M\\u00e1y b\\u1ecdc m\\u00e0ng th\\u1ef1c ph\\u1ea9m HW-450 (TM\\u0110G-BD01) - M\\u00c1Y \\u0110\\u00d3NG G\\u00d3I T\\u00c2N MINH\",\"isPartOf\":{\"@id\":\"https:\/\/cokhitanminh.com\/may-dong-goi\/#website\"},\"primaryImageOfPage\":{\"@id\":\"https:\/\/cokhitanminh.com\/may-dong-goi\/may-boc-mang-thuc-pham-hw-450-tmdg-bd01\/#primaryimage\"},\"datePublished\":\"2021-12-04T03:14:08+00:00\",\"dateModified\":\"2021-12-29T07:31:50+00:00\",\"description\":\"M\\u00e1y b\\u1ecdc m\\u00e0ng th\\u1ef1c ph\\u1ea9m HW-450 (TM\\u0110G-BD01) uy t\\u00edn ch\\u1ea5t l\\u01b0\\u1ee3ng Li\\u00ean h\\u1ec7 Hotline 1: 1900 2861 | Hotline 2: 09 67 68 69 11 \\u0110\\u1ec3 \\u0111\\u01b0\\u1ee3c t\\u01b0 v\\u1ea5n mi\\u1ec5n ph\\u00ed!\",\"breadcrumb\":{\"@id\":\"https:\/\/cokhitanminh.com\/may-dong-goi\/may-boc-mang-thuc-pham-hw-450-tmdg-bd01\/#breadcrumb\"},\"inLanguage\":\"vi\",\"potentialAction\":[{\"@type\":\"ReadAction\",\"target\":[\"https:\/\/cokhitanminh.com\/may-dong-goi\/may-boc-mang-thuc-pham-hw-450-tmdg-bd01\/\"]}]},{\"@type\":\"BreadcrumbList\",\"@id\":\"https:\/\/cokhitanminh.com\/may-dong-goi\/may-boc-mang-thuc-pham-hw-450-tmdg-bd01\/#breadcrumb\",\"itemListElement\":[{\"@type\":\"ListItem\",\"position\":1,\"name\":\"Trang ch\\u1ee7\",\"item\":\"https:\/\/cokhitanminh.com\/may-dong-goi\/\"},{\"@type\":\"ListItem\",\"position\":2,\"name\":\"C\\u1eeda h\\u00e0ng\",\"item\":\"https:\/\/cokhitanminh.com\/may-dong-goi\/mua\/\"},{\"@type\":\"ListItem\",\"position\":3,\"name\":\"M\\u00e1y b\\u1ecdc m\\u00e0ng th\\u1ef1c ph\\u1ea9m HW-450 (TM\\u0110G-BD01)\"}]}]}<\/script>\n<!-- \/ Yoast SEO plugin. -->","yoast_head_json":{"title":"M\u00e1y b\u1ecdc m\u00e0ng th\u1ef1c ph\u1ea9m HW-450 (TM\u0110G-BD01) - M\u00c1Y \u0110\u00d3NG G\u00d3I T\u00c2N MINH","description":"M\u00e1y b\u1ecdc m\u00e0ng th\u1ef1c ph\u1ea9m HW-450 (TM\u0110G-BD01) uy t\u00edn ch\u1ea5t l\u01b0\u1ee3ng Li\u00ean h\u1ec7 Hotline 1: 1900 2861 | Hotline 2: 09 67 68 69 11 \u0110\u1ec3 \u0111\u01b0\u1ee3c t\u01b0 v\u1ea5n mi\u1ec5n ph\u00ed!","robots":{"index":"index","follow":"follow","max-snippet":"max-snippet:-1","max-image-preview":"max-image-preview:large","max-video-preview":"max-video-preview:-1"},"canonical":"https:\/\/cokhitanminh.com\/may-dong-goi\/may-boc-mang-thuc-pham-hw-450-tmdg-bd01\/","og_locale":"vi_VN","og_type":"article","og_title":"M\u00e1y b\u1ecdc m\u00e0ng th\u1ef1c ph\u1ea9m HW-450 (TM\u0110G-BD01) - M\u00c1Y \u0110\u00d3NG G\u00d3I T\u00c2N MINH","og_description":"M\u00e1y b\u1ecdc m\u00e0ng th\u1ef1c ph\u1ea9m HW-450 (TM\u0110G-BD01) uy t\u00edn ch\u1ea5t l\u01b0\u1ee3ng Li\u00ean h\u1ec7 Hotline 1: 1900 2861 | Hotline 2: 09 67 68 69 11 \u0110\u1ec3 \u0111\u01b0\u1ee3c t\u01b0 v\u1ea5n mi\u1ec5n ph\u00ed!","og_url":"https:\/\/cokhitanminh.com\/may-dong-goi\/may-boc-mang-thuc-pham-hw-450-tmdg-bd01\/","og_site_name":"M\u00c1Y \u0110\u00d3NG G\u00d3I T\u00c2N MINH","article_modified_time":"2021-12-29T07:31:50+00:00","og_image":[{"width":618,"height":618,"url":"https:\/\/cokhitanminh.com\/may-dong-goi\/wp-content\/uploads\/2021\/12\/may-boc-mang-thuc-pham-hw-450-tmdg-bd01-1-cokhitanminhcommdg.jpg","type":"image\/jpeg"}],"twitter_card":"summary_large_image","twitter_misc":{"\u01af\u1edbc t\u00ednh th\u1eddi gian \u0111\u1ecdc":"1 ph\u00fat"},"schema":{"@context":"https:\/\/schema.org","@graph":[{"@type":"WebSite","@id":"https:\/\/cokhitanminh.com\/may-dong-goi\/#website","url":"https:\/\/cokhitanminh.com\/may-dong-goi\/","name":"M\u00c1Y \u0110\u00d3NG G\u00d3I T\u00c2N MINH","description":"Chuy\u00ean gia m\u00e1y \u0111\u00f3ng g\u00f3i","potentialAction":[{"@type":"SearchAction","target":{"@type":"EntryPoint","urlTemplate":"https:\/\/cokhitanminh.com\/may-dong-goi\/?s={search_term_string}"},"query-input":"required name=search_term_string"}],"inLanguage":"vi"},{"@type":"ImageObject","@id":"https:\/\/cokhitanminh.com\/may-dong-goi\/may-boc-mang-thuc-pham-hw-450-tmdg-bd01\/#primaryimage","inLanguage":"vi","url":"https:\/\/cokhitanminh.com\/may-dong-goi\/wp-content\/uploads\/2021\/12\/may-boc-mang-thuc-pham-hw-450-tmdg-bd01-1-cokhitanminhcommdg.jpg","contentUrl":"https:\/\/cokhitanminh.com\/may-dong-goi\/wp-content\/uploads\/2021\/12\/may-boc-mang-thuc-pham-hw-450-tmdg-bd01-1-cokhitanminhcommdg.jpg","width":618,"height":618,"caption":"M\u00c1Y B\u1eccC M\u00c0NG TH\u1ef0C PH\u1ea8M HW-450 (TM\u0110G-BD01)"},{"@type":"WebPage","@id":"https:\/\/cokhitanminh.com\/may-dong-goi\/may-boc-mang-thuc-pham-hw-450-tmdg-bd01\/#webpage","url":"https:\/\/cokhitanminh.com\/may-dong-goi\/may-boc-mang-thuc-pham-hw-450-tmdg-bd01\/","name":"M\u00e1y b\u1ecdc m\u00e0ng th\u1ef1c ph\u1ea9m HW-450 (TM\u0110G-BD01) - M\u00c1Y \u0110\u00d3NG G\u00d3I T\u00c2N MINH","isPartOf":{"@id":"https:\/\/cokhitanminh.com\/may-dong-goi\/#website"},"primaryImageOfPage":{"@id":"https:\/\/cokhitanminh.com\/may-dong-goi\/may-boc-mang-thuc-pham-hw-450-tmdg-bd01\/#primaryimage"},"datePublished":"2021-12-04T03:14:08+00:00","dateModified":"2021-12-29T07:31:50+00:00","description":"M\u00e1y b\u1ecdc m\u00e0ng th\u1ef1c ph\u1ea9m HW-450 (TM\u0110G-BD01) uy t\u00edn ch\u1ea5t l\u01b0\u1ee3ng Li\u00ean h\u1ec7 Hotline 1: 1900 2861 | Hotline 2: 09 67 68 69 11 \u0110\u1ec3 \u0111\u01b0\u1ee3c t\u01b0 v\u1ea5n mi\u1ec5n ph\u00ed!","breadcrumb":{"@id":"https:\/\/cokhitanminh.com\/may-dong-goi\/may-boc-mang-thuc-pham-hw-450-tmdg-bd01\/#breadcrumb"},"inLanguage":"vi","potentialAction":[{"@type":"ReadAction","target":["https:\/\/cokhitanminh.com\/may-dong-goi\/may-boc-mang-thuc-pham-hw-450-tmdg-bd01\/"]}]},{"@type":"BreadcrumbList","@id":"https:\/\/cokhitanminh.com\/may-dong-goi\/may-boc-mang-thuc-pham-hw-450-tmdg-bd01\/#breadcrumb","itemListElement":[{"@type":"ListItem","position":1,"name":"Trang ch\u1ee7","item":"https:\/\/cokhitanminh.com\/may-dong-goi\/"},{"@type":"ListItem","position":2,"name":"C\u1eeda h\u00e0ng","item":"https:\/\/cokhitanminh.com\/may-dong-goi\/mua\/"},{"@type":"ListItem","position":3,"name":"M\u00e1y b\u1ecdc m\u00e0ng th\u1ef1c ph\u1ea9m HW-450 (TM\u0110G-BD01)"}]}]}},"_links":{"self":[{"href":"https:\/\/cokhitanminh.com\/may-dong-goi\/wp-json\/wp\/v2\/product\/1480","targetHints":{"allow":["GET"]}}],"collection":[{"href":"https:\/\/cokhitanminh.com\/may-dong-goi\/wp-json\/wp\/v2\/product"}],"about":[{"href":"https:\/\/cokhitanminh.com\/may-dong-goi\/wp-json\/wp\/v2\/types\/product"}],"replies":[{"embeddable":true,"href":"https:\/\/cokhitanminh.com\/may-dong-goi\/wp-json\/wp\/v2\/comments?post=1480"}],"wp:featuredmedia":[{"embeddable":true,"href":"https:\/\/cokhitanminh.com\/may-dong-goi\/wp-json\/wp\/v2\/media\/6499"}],"wp:attachment":[{"href":"https:\/\/cokhitanminh.com\/may-dong-goi\/wp-json\/wp\/v2\/media?parent=1480"}],"curies":[{"name":"wp","href":"https:\/\/api.w.org\/{rel}","templated":true}]}}