{"id":1442,"date":"2021-12-04T03:13:25","date_gmt":"2021-12-04T03:13:25","guid":{"rendered":"https:\/\/cokhitanminh.com\/may-dong-goi\/?post_type=product&#038;p=1442"},"modified":"2021-12-04T03:14:10","modified_gmt":"2021-12-04T03:14:10","slug":"tu-say-cong-nghiep-9-khay-tmcn-b08","status":"publish","type":"product","link":"https:\/\/cokhitanminh.com\/may-dong-goi\/tu-say-cong-nghiep-9-khay-tmcn-b08\/","title":{"rendered":"T\u1ee6 S\u1ea4Y C\u00d4NG NGHI\u1ec6P 9 KHAY (TMCN-B08)"},"content":{"rendered":"<h3 style=\"text-align: justify;\"><a href=\"http:\/\/maydonggoitanminh.com\/tu-say-cong-nghiep-9-khay-tmcn-b08\/\"><em><strong>T\u1ee7 s\u1ea5y c\u00f4ng nghi\u1ec7p 9 khay<\/strong><\/em>\u00a0<\/a>(TMCN-B08)<\/h3>\n<p style=\"text-align: justify;\"><em><strong>T\u1ee7 s\u1ea5y c\u00f4ng nghi\u1ec7p 9 khay<\/strong><\/em>\u00a0(TMCN-B08)\u00a0\u0111\u01b0\u1ee3c nghi\u00ean c\u1ee9u s\u1ea3n xu\u1ea5t v\u00e0 ph\u00e2n ph\u1ed1i tr\u00ean to\u00e0n qu\u1ed1c. T\u1ea5t c\u1ea3 c\u00e1c s\u1ea3n ph\u1ea9m c\u1ee7a ch\u00fang t\u00f4i \u0111\u1ec1u \u0111\u01b0\u1ee3c ki\u1ec3m tra k\u1ef9 l\u01b0\u1ee1ng v\u00e0 v\u1eadn h\u00e0nh th\u1ef1c t\u1ebf \u0111\u1ec3 lu\u00f4n \u0111\u1ea3m b\u1ea3o ch\u1ea5t l\u01b0\u1ee3ng t\u1ed1t nh\u1ea5t tr\u01b0\u1edbc khi b\u00e0n giao thi\u1ebft b\u1ecb cho kh\u00e1ch h\u00e0ng.<\/p>\n<p style=\"text-align: justify;\"><strong>Th\u00f4ng s\u1ed1 k\u1ef9 thu\u1eadt:<\/strong><\/p>\n<p style=\"text-align: justify;\">\u2013 Model: TMCN-B08<\/p>\n<p style=\"text-align: justify;\">\u2013 \u0110i\u1ec7n \u00e1p: 220V\/50Hz<\/p>\n<p style=\"text-align: justify;\">\u2013 C\u00f4ng su\u1ea5t: 3Kw<\/p>\n<p style=\"text-align: justify;\">\u2013 S\u1ed1 khay: 9 khay<\/p>\n<p style=\"text-align: justify;\">\u2013 K\u00edch th\u01b0\u1edbc m\u00e1y: 67 x 56 x 140 cm<\/p>\n<p style=\"text-align: justify;\">\u2013 K\u00edch th\u01b0\u1edbc khay: 50 x 40 cm<\/p>\n<p style=\"text-align: justify;\">\u2013 Tr\u1ecdng l\u01b0\u1ee3ng m\u00e1y: 112 kg<\/p>\n<p style=\"text-align: justify;\">\u2013 N\u0103ng su\u1ea5t s\u1ea5y: 14-26 kg<\/p>\n<p style=\"text-align: justify;\">\u2013 B\u1ea3o h\u00e0nh: 12 th\u00e1ng<\/p>\n<p style=\"text-align: justify;\"><strong>H\u00ecnh \u1ea3nh s\u1ea3n ph\u1ea9m:<\/strong><\/p>\n<p><img loading=\"lazy\" decoding=\"async\" class=\"aligncenter size-full wp-image-23176\" src=\"http:\/\/maydonggoitanminh.com\/wp-content\/uploads\/2018\/09\/IMG_0845_new.jpg\" alt=\"\" width=\"550\" height=\"764\" \/> <img loading=\"lazy\" decoding=\"async\" class=\"aligncenter size-full wp-image-23178\" src=\"http:\/\/maydonggoitanminh.com\/wp-content\/uploads\/2018\/09\/IMG_0857_new.jpg\" alt=\"\" width=\"550\" height=\"532\" \/> <img loading=\"lazy\" decoding=\"async\" class=\"aligncenter size-full wp-image-23177\" src=\"http:\/\/maydonggoitanminh.com\/wp-content\/uploads\/2018\/09\/IMG_0854_new.jpg\" alt=\"\" width=\"550\" height=\"436\" \/> <img loading=\"lazy\" decoding=\"async\" class=\"aligncenter size-full wp-image-23180\" src=\"http:\/\/maydonggoitanminh.com\/wp-content\/uploads\/2018\/09\/IMG_0864_new.jpg\" alt=\"\" width=\"550\" height=\"825\" \/> <img loading=\"lazy\" decoding=\"async\" class=\"aligncenter size-full wp-image-23179\" src=\"http:\/\/maydonggoitanminh.com\/wp-content\/uploads\/2018\/09\/IMG_0861_new.jpg\" alt=\"\" width=\"550\" height=\"336\" \/><\/p>\n<p style=\"text-align: justify;\">Chi ti\u1ebft s\u1ea3n ph\u1ea9m<strong><em>\u00a0T\u1ee7 s\u1ea5y c\u00f4ng nghi\u1ec7p 9 khay <\/em><\/strong>xin vui l\u00f2ng li\u00ean h\u1ec7 Hotline: 19002861 \u0110\u1ec3 \u0111\u01b0\u1ee3c t\u01b0 v\u1ea5n ho\u00e0n to\u00e0n mi\u1ec5n ph\u00ed!<\/p>\n","protected":false},"excerpt":{"rendered":"<p>T\u1ee7 s\u1ea5y c\u00f4ng nghi\u1ec7p 9 khay\u00a0(TMCN-B08) T\u1ee7 s\u1ea5y c\u00f4ng nghi\u1ec7p 9 khay\u00a0(TMCN-B08)\u00a0\u0111\u01b0\u1ee3c nghi\u00ean c\u1ee9u s\u1ea3n xu\u1ea5t v\u00e0 ph\u00e2n ph\u1ed1i tr\u00ean to\u00e0n qu\u1ed1c. T\u1ea5t c\u1ea3 c\u00e1c s\u1ea3n ph\u1ea9m c\u1ee7a ch\u00fang t\u00f4i \u0111\u1ec1u \u0111\u01b0\u1ee3c ki\u1ec3m tra k\u1ef9 l\u01b0\u1ee1ng v\u00e0 v\u1eadn h\u00e0nh th\u1ef1c t\u1ebf \u0111\u1ec3 lu\u00f4n \u0111\u1ea3m b\u1ea3o ch\u1ea5t l\u01b0\u1ee3ng t\u1ed1t nh\u1ea5t tr\u01b0\u1edbc khi b\u00e0n giao thi\u1ebft b\u1ecb &#8230;<\/p>\n","protected":false},"featured_media":1483,"comment_status":"open","ping_status":"closed","template":"","meta":[],"class_list":{"0":"post-1442","1":"product","2":"type-product","3":"status-publish","4":"has-post-thumbnail","6":"product_cat-sp-mien-phi-giao-hang","7":"product_cat-tu-say-cong-nghiep","9":"first","10":"instock","11":"shipping-taxable","12":"purchasable","13":"product-type-simple"},"brands":[],"yoast_head":"<!-- This site is optimized with the Yoast SEO plugin v17.6 - https:\/\/yoast.com\/wordpress\/plugins\/seo\/ -->\n<title>T\u1ee7 s\u1ea5y c\u00f4ng nghi\u1ec7p 9 khay | B\u1ea3o h\u00e0nh ch\u00ednh h\u00e3ng | Uy T\u00edn \u2013 Ch\u1ea5t L\u01b0\u1ee3ng<\/title>\n<meta name=\"description\" content=\"T\u1ee7 s\u1ea5y c\u00f4ng nghi\u1ec7p 9 khay - Gi\u00e1 R\u1ebb - B\u1ea3o H\u00e0nh Chuy\u00ean Nghi\u1ec7p - Chi ti\u1ebft xin li\u00ean h\u1ec7 Hotline: 19002861 \u0110\u1ec3 \u0111\u01b0\u1ee3c t\u01b0 v\u1ea5n ho\u00e0n to\u00e0n mi\u1ec5n ph\u00ed!\" \/>\n<meta name=\"robots\" content=\"index, follow, max-snippet:-1, max-image-preview:large, max-video-preview:-1\" \/>\n<link rel=\"canonical\" href=\"https:\/\/cokhitanminh.com\/may-dong-goi\/tu-say-cong-nghiep-9-khay-tmcn-b08\/\" \/>\n<meta property=\"og:locale\" content=\"vi_VN\" \/>\n<meta property=\"og:type\" content=\"article\" \/>\n<meta property=\"og:title\" content=\"T\u1ee7 s\u1ea5y c\u00f4ng nghi\u1ec7p 9 khay | B\u1ea3o h\u00e0nh ch\u00ednh h\u00e3ng | Uy T\u00edn \u2013 Ch\u1ea5t L\u01b0\u1ee3ng\" \/>\n<meta property=\"og:description\" content=\"T\u1ee7 s\u1ea5y c\u00f4ng nghi\u1ec7p 9 khay - Gi\u00e1 R\u1ebb - B\u1ea3o H\u00e0nh Chuy\u00ean Nghi\u1ec7p - Chi ti\u1ebft xin li\u00ean h\u1ec7 Hotline: 19002861 \u0110\u1ec3 \u0111\u01b0\u1ee3c t\u01b0 v\u1ea5n ho\u00e0n to\u00e0n mi\u1ec5n ph\u00ed!\" \/>\n<meta property=\"og:url\" content=\"https:\/\/cokhitanminh.com\/may-dong-goi\/tu-say-cong-nghiep-9-khay-tmcn-b08\/\" \/>\n<meta property=\"og:site_name\" content=\"M\u00c1Y \u0110\u00d3NG G\u00d3I T\u00c2N MINH\" \/>\n<meta property=\"article:modified_time\" content=\"2021-12-04T03:14:10+00:00\" \/>\n<meta property=\"og:image\" content=\"https:\/\/cokhitanminh.com\/may-dong-goi\/wp-content\/uploads\/2021\/12\/add-new-Sao-chep.jpg\" \/>\n\t<meta property=\"og:image:width\" content=\"550\" \/>\n\t<meta property=\"og:image:height\" content=\"550\" \/>\n<meta name=\"twitter:card\" content=\"summary_large_image\" \/>\n<meta name=\"twitter:label1\" content=\"\u01af\u1edbc t\u00ednh th\u1eddi gian \u0111\u1ecdc\" \/>\n\t<meta name=\"twitter:data1\" content=\"1 ph\u00fat\" \/>\n<script type=\"application\/ld+json\" class=\"yoast-schema-graph\">{\"@context\":\"https:\/\/schema.org\",\"@graph\":[{\"@type\":\"WebSite\",\"@id\":\"https:\/\/cokhitanminh.com\/may-dong-goi\/#website\",\"url\":\"https:\/\/cokhitanminh.com\/may-dong-goi\/\",\"name\":\"M\\u00c1Y \\u0110\\u00d3NG G\\u00d3I T\\u00c2N MINH\",\"description\":\"Chuy\\u00ean gia m\\u00e1y \\u0111\\u00f3ng g\\u00f3i\",\"potentialAction\":[{\"@type\":\"SearchAction\",\"target\":{\"@type\":\"EntryPoint\",\"urlTemplate\":\"https:\/\/cokhitanminh.com\/may-dong-goi\/?s={search_term_string}\"},\"query-input\":\"required name=search_term_string\"}],\"inLanguage\":\"vi\"},{\"@type\":\"ImageObject\",\"@id\":\"https:\/\/cokhitanminh.com\/may-dong-goi\/tu-say-cong-nghiep-9-khay-tmcn-b08\/#primaryimage\",\"inLanguage\":\"vi\",\"url\":\"https:\/\/cokhitanminh.com\/may-dong-goi\/wp-content\/uploads\/2021\/12\/add-new-Sao-chep.jpg\",\"contentUrl\":\"https:\/\/cokhitanminh.com\/may-dong-goi\/wp-content\/uploads\/2021\/12\/add-new-Sao-chep.jpg\",\"width\":550,\"height\":550},{\"@type\":\"WebPage\",\"@id\":\"https:\/\/cokhitanminh.com\/may-dong-goi\/tu-say-cong-nghiep-9-khay-tmcn-b08\/#webpage\",\"url\":\"https:\/\/cokhitanminh.com\/may-dong-goi\/tu-say-cong-nghiep-9-khay-tmcn-b08\/\",\"name\":\"T\\u1ee7 s\\u1ea5y c\\u00f4ng nghi\\u1ec7p 9 khay | B\\u1ea3o h\\u00e0nh ch\\u00ednh h\\u00e3ng | Uy T\\u00edn \\u2013 Ch\\u1ea5t L\\u01b0\\u1ee3ng\",\"isPartOf\":{\"@id\":\"https:\/\/cokhitanminh.com\/may-dong-goi\/#website\"},\"primaryImageOfPage\":{\"@id\":\"https:\/\/cokhitanminh.com\/may-dong-goi\/tu-say-cong-nghiep-9-khay-tmcn-b08\/#primaryimage\"},\"datePublished\":\"2021-12-04T03:13:25+00:00\",\"dateModified\":\"2021-12-04T03:14:10+00:00\",\"description\":\"T\\u1ee7 s\\u1ea5y c\\u00f4ng nghi\\u1ec7p 9 khay - Gi\\u00e1 R\\u1ebb - B\\u1ea3o H\\u00e0nh Chuy\\u00ean Nghi\\u1ec7p - Chi ti\\u1ebft xin li\\u00ean h\\u1ec7 Hotline: 19002861 \\u0110\\u1ec3 \\u0111\\u01b0\\u1ee3c t\\u01b0 v\\u1ea5n ho\\u00e0n to\\u00e0n mi\\u1ec5n ph\\u00ed!\",\"breadcrumb\":{\"@id\":\"https:\/\/cokhitanminh.com\/may-dong-goi\/tu-say-cong-nghiep-9-khay-tmcn-b08\/#breadcrumb\"},\"inLanguage\":\"vi\",\"potentialAction\":[{\"@type\":\"ReadAction\",\"target\":[\"https:\/\/cokhitanminh.com\/may-dong-goi\/tu-say-cong-nghiep-9-khay-tmcn-b08\/\"]}]},{\"@type\":\"BreadcrumbList\",\"@id\":\"https:\/\/cokhitanminh.com\/may-dong-goi\/tu-say-cong-nghiep-9-khay-tmcn-b08\/#breadcrumb\",\"itemListElement\":[{\"@type\":\"ListItem\",\"position\":1,\"name\":\"Trang ch\\u1ee7\",\"item\":\"https:\/\/cokhitanminh.com\/may-dong-goi\/\"},{\"@type\":\"ListItem\",\"position\":2,\"name\":\"C\\u1eeda h\\u00e0ng\",\"item\":\"https:\/\/cokhitanminh.com\/may-dong-goi\/mua\/\"},{\"@type\":\"ListItem\",\"position\":3,\"name\":\"T\\u1ee6 S\\u1ea4Y C\\u00d4NG NGHI\\u1ec6P 9 KHAY (TMCN-B08)\"}]}]}<\/script>\n<!-- \/ Yoast SEO plugin. -->","yoast_head_json":{"title":"T\u1ee7 s\u1ea5y c\u00f4ng nghi\u1ec7p 9 khay | B\u1ea3o h\u00e0nh ch\u00ednh h\u00e3ng | Uy T\u00edn \u2013 Ch\u1ea5t L\u01b0\u1ee3ng","description":"T\u1ee7 s\u1ea5y c\u00f4ng nghi\u1ec7p 9 khay - Gi\u00e1 R\u1ebb - B\u1ea3o H\u00e0nh Chuy\u00ean Nghi\u1ec7p - Chi ti\u1ebft xin li\u00ean h\u1ec7 Hotline: 19002861 \u0110\u1ec3 \u0111\u01b0\u1ee3c t\u01b0 v\u1ea5n ho\u00e0n to\u00e0n mi\u1ec5n ph\u00ed!","robots":{"index":"index","follow":"follow","max-snippet":"max-snippet:-1","max-image-preview":"max-image-preview:large","max-video-preview":"max-video-preview:-1"},"canonical":"https:\/\/cokhitanminh.com\/may-dong-goi\/tu-say-cong-nghiep-9-khay-tmcn-b08\/","og_locale":"vi_VN","og_type":"article","og_title":"T\u1ee7 s\u1ea5y c\u00f4ng nghi\u1ec7p 9 khay | B\u1ea3o h\u00e0nh ch\u00ednh h\u00e3ng | Uy T\u00edn \u2013 Ch\u1ea5t L\u01b0\u1ee3ng","og_description":"T\u1ee7 s\u1ea5y c\u00f4ng nghi\u1ec7p 9 khay - Gi\u00e1 R\u1ebb - B\u1ea3o H\u00e0nh Chuy\u00ean Nghi\u1ec7p - Chi ti\u1ebft xin li\u00ean h\u1ec7 Hotline: 19002861 \u0110\u1ec3 \u0111\u01b0\u1ee3c t\u01b0 v\u1ea5n ho\u00e0n to\u00e0n mi\u1ec5n ph\u00ed!","og_url":"https:\/\/cokhitanminh.com\/may-dong-goi\/tu-say-cong-nghiep-9-khay-tmcn-b08\/","og_site_name":"M\u00c1Y \u0110\u00d3NG G\u00d3I T\u00c2N MINH","article_modified_time":"2021-12-04T03:14:10+00:00","og_image":[{"width":550,"height":550,"url":"https:\/\/cokhitanminh.com\/may-dong-goi\/wp-content\/uploads\/2021\/12\/add-new-Sao-chep.jpg","type":"image\/jpeg"}],"twitter_card":"summary_large_image","twitter_misc":{"\u01af\u1edbc t\u00ednh th\u1eddi gian \u0111\u1ecdc":"1 ph\u00fat"},"schema":{"@context":"https:\/\/schema.org","@graph":[{"@type":"WebSite","@id":"https:\/\/cokhitanminh.com\/may-dong-goi\/#website","url":"https:\/\/cokhitanminh.com\/may-dong-goi\/","name":"M\u00c1Y \u0110\u00d3NG G\u00d3I T\u00c2N MINH","description":"Chuy\u00ean gia m\u00e1y \u0111\u00f3ng g\u00f3i","potentialAction":[{"@type":"SearchAction","target":{"@type":"EntryPoint","urlTemplate":"https:\/\/cokhitanminh.com\/may-dong-goi\/?s={search_term_string}"},"query-input":"required name=search_term_string"}],"inLanguage":"vi"},{"@type":"ImageObject","@id":"https:\/\/cokhitanminh.com\/may-dong-goi\/tu-say-cong-nghiep-9-khay-tmcn-b08\/#primaryimage","inLanguage":"vi","url":"https:\/\/cokhitanminh.com\/may-dong-goi\/wp-content\/uploads\/2021\/12\/add-new-Sao-chep.jpg","contentUrl":"https:\/\/cokhitanminh.com\/may-dong-goi\/wp-content\/uploads\/2021\/12\/add-new-Sao-chep.jpg","width":550,"height":550},{"@type":"WebPage","@id":"https:\/\/cokhitanminh.com\/may-dong-goi\/tu-say-cong-nghiep-9-khay-tmcn-b08\/#webpage","url":"https:\/\/cokhitanminh.com\/may-dong-goi\/tu-say-cong-nghiep-9-khay-tmcn-b08\/","name":"T\u1ee7 s\u1ea5y c\u00f4ng nghi\u1ec7p 9 khay | B\u1ea3o h\u00e0nh ch\u00ednh h\u00e3ng | Uy T\u00edn \u2013 Ch\u1ea5t L\u01b0\u1ee3ng","isPartOf":{"@id":"https:\/\/cokhitanminh.com\/may-dong-goi\/#website"},"primaryImageOfPage":{"@id":"https:\/\/cokhitanminh.com\/may-dong-goi\/tu-say-cong-nghiep-9-khay-tmcn-b08\/#primaryimage"},"datePublished":"2021-12-04T03:13:25+00:00","dateModified":"2021-12-04T03:14:10+00:00","description":"T\u1ee7 s\u1ea5y c\u00f4ng nghi\u1ec7p 9 khay - Gi\u00e1 R\u1ebb - B\u1ea3o H\u00e0nh Chuy\u00ean Nghi\u1ec7p - Chi ti\u1ebft xin li\u00ean h\u1ec7 Hotline: 19002861 \u0110\u1ec3 \u0111\u01b0\u1ee3c t\u01b0 v\u1ea5n ho\u00e0n to\u00e0n mi\u1ec5n ph\u00ed!","breadcrumb":{"@id":"https:\/\/cokhitanminh.com\/may-dong-goi\/tu-say-cong-nghiep-9-khay-tmcn-b08\/#breadcrumb"},"inLanguage":"vi","potentialAction":[{"@type":"ReadAction","target":["https:\/\/cokhitanminh.com\/may-dong-goi\/tu-say-cong-nghiep-9-khay-tmcn-b08\/"]}]},{"@type":"BreadcrumbList","@id":"https:\/\/cokhitanminh.com\/may-dong-goi\/tu-say-cong-nghiep-9-khay-tmcn-b08\/#breadcrumb","itemListElement":[{"@type":"ListItem","position":1,"name":"Trang ch\u1ee7","item":"https:\/\/cokhitanminh.com\/may-dong-goi\/"},{"@type":"ListItem","position":2,"name":"C\u1eeda h\u00e0ng","item":"https:\/\/cokhitanminh.com\/may-dong-goi\/mua\/"},{"@type":"ListItem","position":3,"name":"T\u1ee6 S\u1ea4Y C\u00d4NG NGHI\u1ec6P 9 KHAY (TMCN-B08)"}]}]}},"_links":{"self":[{"href":"https:\/\/cokhitanminh.com\/may-dong-goi\/wp-json\/wp\/v2\/product\/1442","targetHints":{"allow":["GET"]}}],"collection":[{"href":"https:\/\/cokhitanminh.com\/may-dong-goi\/wp-json\/wp\/v2\/product"}],"about":[{"href":"https:\/\/cokhitanminh.com\/may-dong-goi\/wp-json\/wp\/v2\/types\/product"}],"replies":[{"embeddable":true,"href":"https:\/\/cokhitanminh.com\/may-dong-goi\/wp-json\/wp\/v2\/comments?post=1442"}],"wp:featuredmedia":[{"embeddable":true,"href":"https:\/\/cokhitanminh.com\/may-dong-goi\/wp-json\/wp\/v2\/media\/1483"}],"wp:attachment":[{"href":"https:\/\/cokhitanminh.com\/may-dong-goi\/wp-json\/wp\/v2\/media?parent=1442"}],"curies":[{"name":"wp","href":"https:\/\/api.w.org\/{rel}","templated":true}]}}