{"id":5051,"date":"2021-12-14T03:00:17","date_gmt":"2021-12-14T03:00:17","guid":{"rendered":"https:\/\/cokhitanminh.com\/may-dong-goi\/?page_id=5051"},"modified":"2021-12-27T02:15:11","modified_gmt":"2021-12-27T02:15:11","slug":"huong-dan-thanh-toan","status":"publish","type":"page","link":"https:\/\/cokhitanminh.com\/may-dong-goi\/huong-dan-thanh-toan\/","title":{"rendered":"H\u01b0\u1edbng d\u1eabn thanh to\u00e1n"},"content":{"rendered":"<div class=\"container section-title-container\" ><h3 class=\"section-title section-title-bold\"><b><\/b><span class=\"section-title-main\" >H\u01b0\u1edbng d\u1eabn thanh to\u00e1n khi mua h\u00e0ng:<\/span><b><\/b><\/h3><\/div><!-- .section-title -->\n<p><strong>1. \u0110\u1ed1i v\u1edbi h\u00e0ng c\u00f3 s\u1eb5n:<\/strong><\/p>\n<p>1.1. Mua h\u00e0ng t\u1ea1i C\u00f4ng ty:<\/p>\n<p>\u2013 Kh\u00e1ch h\u00e0ng thanh to\u00e1n 100% gi\u00e1 tr\u1ecb \u0111\u01a1n h\u00e0ng tr\u01b0\u1edbc khi nh\u1eadn m\u00e1y.<\/p>\n<p>1.2. Mua h\u00e0ng t\u1ea1i khu v\u1ef1c kh\u00e1c:<\/p>\n<p>\u2013 Kh\u00e1ch h\u00e0ng \u0111\u1eb7t c\u1ecdc 50% gi\u00e1 tr\u1ecb \u0111\u01a1n h\u00e0ng (ti\u1ec1n m\u1eb7t ho\u1eb7c chuy\u1ec3n kho\u1ea3n).<\/p>\n<p>\u2013 Thanh to\u00e1n n\u1ed1t 50% c\u00f2n l\u1ea1i khi nh\u1eadn h\u00e0ng.<\/p>\n<p><strong>2. \u0110\u1ed1i v\u1edbi h\u00e0ng \u0111\u1eb7t:<\/strong><\/p>\n<p>\u2013 Kh\u00e1ch h\u00e0ng \u0111\u1eb7t c\u1ecdc 50% gi\u00e1 tr\u1ecb \u0111\u01a1n h\u00e0ng.<\/p>\n<p>\u2013 Th\u1eddi gian \u0111\u1eb7t h\u00e0ng s\u1ebd \u0111\u01b0\u1ee3c th\u00f4ng b\u00e1o c\u1ee5 th\u1ec3 tr\u01b0\u1edbc khi \u0111\u1eb7t c\u1ecdc.<\/p>\n<p>\u2013 Thanh to\u00e1n n\u1ed1t 50% c\u00f2n l\u1ea1i khi nh\u1eadn h\u00e0ng.<\/p>\n<p><em><strong>*** Gi\u00e1 tr\u1ecb \u0111\u01a1n h\u00e0ng ch\u01b0a bao g\u1ed3m ph\u00ed v\u1eadn chuy\u1ec3n v\u00e0 h\u00f3a \u0111\u01a1n VAT.<\/strong><\/em><\/p>\n<div class=\"container section-title-container\" ><h3 class=\"section-title section-title-bold\"><b><\/b><span class=\"section-title-main\" >Th\u00f4ng tin t\u00e0i kho\u1ea3n:<\/span><b><\/b><\/h3><\/div><!-- .section-title -->\n<div class=\"row\"  id=\"row-1684759884\">\n<div class=\"col medium-4 small-12 large-4\"  ><div class=\"col-inner\"  >\n<p><strong>Ng\u00e2n h\u00e0ng BIDV<\/strong><\/p>\n<p>\u2013 T\u00ean: B\u00f9i V\u0103n Khoa<\/p>\n<p>\u2013 STK: 2131.0000.4813.78<\/p>\n<p>\u2013 Chi nh\u00e1nh Nam H\u00e0 N\u1ed9i<\/p>\n<\/div><\/div>\n<div class=\"col medium-4 small-12 large-4\"  ><div class=\"col-inner\"  >\n<p><strong>Ng\u00e2n h\u00e0ng Vietcombank<\/strong><\/p>\n<p>\u2013 T\u00ean: B\u00f9i V\u0103n Khoa<\/p>\n<p>\u2013 STK: 0971.00000.8942<\/p>\n<p>\u2013 Chi nh\u00e1nh Nam H\u00e0 N\u1ed9i<\/p>\n<\/div><\/div>\n<div class=\"col medium-4 small-12 large-4\"  ><div class=\"col-inner\"  >\n<p><strong>Ng\u00e2n h\u00e0ng Agribank<\/strong><\/p>\n<p>\u2013 T\u00ean: Nguy\u1ec5n Th\u00e0nh \u0110\u1ee9c<\/p>\n<p>\u2013 STK: 1303.2061.49710<\/p>\n<p>\u2013 Chi nh\u00e1nh H\u00e0 Th\u00e0nh<\/p>\n<\/div><\/div>\n<\/div>\n<div class=\"row\"  id=\"row-1134304902\">\n<div class=\"col medium-4 small-12 large-4\"  ><div class=\"col-inner\"  >\n<p><strong>Ng\u00e2n h\u00e0ng Sacombank<\/strong><\/p>\n<p>\u2013 T\u00ean: B\u00f9i V\u0103n Khoa<\/p>\n<p>\u2013 STK: 0200.4864.9638<\/p>\n<p>\u2013 Chi nh\u00e1nh Thanh Tr\u00ec<\/p>\n<\/div><\/div>\n<div class=\"col medium-4 small-12 large-4\"  ><div class=\"col-inner\"  >\n<p><strong>Ng\u00e2n h\u00e0ng Tien Phong Bank<\/strong><\/p>\n<p>\u2013 T\u00ean: C\u00f4ng Ty C\u1ed5 Ph\u1ea7n C\u01a1 Kh\u00ed T\u00e2n Minh<\/p>\n<p>\u2013 STK: 6636.8368.001<\/p>\n<p>\u2013 Chi nh\u00e1nh H\u00e0 N\u1ed9i<\/p>\n<\/div><\/div>\n<div class=\"col medium-4 small-12 large-4\"  ><div class=\"col-inner\"  >\n<\/div><\/div>\n<\/div>\n","protected":false},"excerpt":{"rendered":"<p>1. \u0110\u1ed1i v\u1edbi h\u00e0ng c\u00f3 s\u1eb5n: 1.1. Mua h\u00e0ng t\u1ea1i C\u00f4ng ty: \u2013 Kh\u00e1ch h\u00e0ng thanh to\u00e1n 100% gi\u00e1 tr\u1ecb \u0111\u01a1n h\u00e0ng tr\u01b0\u1edbc khi nh\u1eadn m\u00e1y. 1.2. Mua h\u00e0ng t\u1ea1i khu v\u1ef1c kh\u00e1c: \u2013 Kh\u00e1ch h\u00e0ng \u0111\u1eb7t c\u1ecdc 50% gi\u00e1 tr\u1ecb \u0111\u01a1n h\u00e0ng (ti\u1ec1n m\u1eb7t ho\u1eb7c chuy\u1ec3n kho\u1ea3n). \u2013 Thanh to\u00e1n n\u1ed1t 50% c\u00f2n l\u1ea1i &#8230;<\/p>\n","protected":false},"author":1,"featured_media":0,"parent":0,"menu_order":0,"comment_status":"closed","ping_status":"closed","template":"page-left-sidebar.php","meta":{"footnotes":""},"class_list":["post-5051","page","type-page","status-publish","hentry"],"yoast_head":"<!-- This site is optimized with the Yoast SEO plugin v17.6 - https:\/\/yoast.com\/wordpress\/plugins\/seo\/ -->\n<title>H\u01b0\u1edbng d\u1eabn thanh to\u00e1n - M\u00c1Y \u0110\u00d3NG G\u00d3I T\u00c2N MINH<\/title>\n<meta name=\"robots\" content=\"index, follow, max-snippet:-1, max-image-preview:large, max-video-preview:-1\" \/>\n<link rel=\"canonical\" href=\"https:\/\/cokhitanminh.com\/may-dong-goi\/huong-dan-thanh-toan\/\" \/>\n<meta property=\"og:locale\" content=\"vi_VN\" \/>\n<meta property=\"og:type\" content=\"article\" \/>\n<meta property=\"og:title\" content=\"H\u01b0\u1edbng d\u1eabn thanh to\u00e1n - M\u00c1Y \u0110\u00d3NG G\u00d3I T\u00c2N MINH\" \/>\n<meta property=\"og:description\" content=\"1. \u0110\u1ed1i v\u1edbi h\u00e0ng c\u00f3 s\u1eb5n: 1.1. Mua h\u00e0ng t\u1ea1i C\u00f4ng ty: \u2013 Kh\u00e1ch h\u00e0ng thanh to\u00e1n 100% gi\u00e1 tr\u1ecb \u0111\u01a1n h\u00e0ng tr\u01b0\u1edbc khi nh\u1eadn m\u00e1y. 1.2. Mua h\u00e0ng t\u1ea1i khu v\u1ef1c kh\u00e1c: \u2013 Kh\u00e1ch h\u00e0ng \u0111\u1eb7t c\u1ecdc 50% gi\u00e1 tr\u1ecb \u0111\u01a1n h\u00e0ng (ti\u1ec1n m\u1eb7t ho\u1eb7c chuy\u1ec3n kho\u1ea3n). \u2013 Thanh to\u00e1n n\u1ed1t 50% c\u00f2n l\u1ea1i ...\" \/>\n<meta property=\"og:url\" content=\"https:\/\/cokhitanminh.com\/may-dong-goi\/huong-dan-thanh-toan\/\" \/>\n<meta property=\"og:site_name\" content=\"M\u00c1Y \u0110\u00d3NG G\u00d3I T\u00c2N MINH\" \/>\n<meta property=\"article:modified_time\" content=\"2021-12-27T02:15:11+00:00\" \/>\n<meta name=\"twitter:card\" content=\"summary_large_image\" \/>\n<meta name=\"twitter:label1\" content=\"\u01af\u1edbc t\u00ednh th\u1eddi gian \u0111\u1ecdc\" \/>\n\t<meta name=\"twitter:data1\" content=\"1 ph\u00fat\" \/>\n<script type=\"application\/ld+json\" class=\"yoast-schema-graph\">{\"@context\":\"https:\/\/schema.org\",\"@graph\":[{\"@type\":\"WebSite\",\"@id\":\"https:\/\/cokhitanminh.com\/may-dong-goi\/#website\",\"url\":\"https:\/\/cokhitanminh.com\/may-dong-goi\/\",\"name\":\"M\\u00c1Y \\u0110\\u00d3NG G\\u00d3I T\\u00c2N MINH\",\"description\":\"Chuy\\u00ean gia m\\u00e1y \\u0111\\u00f3ng g\\u00f3i\",\"potentialAction\":[{\"@type\":\"SearchAction\",\"target\":{\"@type\":\"EntryPoint\",\"urlTemplate\":\"https:\/\/cokhitanminh.com\/may-dong-goi\/?s={search_term_string}\"},\"query-input\":\"required name=search_term_string\"}],\"inLanguage\":\"vi\"},{\"@type\":\"WebPage\",\"@id\":\"https:\/\/cokhitanminh.com\/may-dong-goi\/huong-dan-thanh-toan\/#webpage\",\"url\":\"https:\/\/cokhitanminh.com\/may-dong-goi\/huong-dan-thanh-toan\/\",\"name\":\"H\\u01b0\\u1edbng d\\u1eabn thanh to\\u00e1n - M\\u00c1Y \\u0110\\u00d3NG G\\u00d3I T\\u00c2N MINH\",\"isPartOf\":{\"@id\":\"https:\/\/cokhitanminh.com\/may-dong-goi\/#website\"},\"datePublished\":\"2021-12-14T03:00:17+00:00\",\"dateModified\":\"2021-12-27T02:15:11+00:00\",\"breadcrumb\":{\"@id\":\"https:\/\/cokhitanminh.com\/may-dong-goi\/huong-dan-thanh-toan\/#breadcrumb\"},\"inLanguage\":\"vi\",\"potentialAction\":[{\"@type\":\"ReadAction\",\"target\":[\"https:\/\/cokhitanminh.com\/may-dong-goi\/huong-dan-thanh-toan\/\"]}]},{\"@type\":\"BreadcrumbList\",\"@id\":\"https:\/\/cokhitanminh.com\/may-dong-goi\/huong-dan-thanh-toan\/#breadcrumb\",\"itemListElement\":[{\"@type\":\"ListItem\",\"position\":1,\"name\":\"Trang ch\\u1ee7\",\"item\":\"https:\/\/cokhitanminh.com\/may-dong-goi\/\"},{\"@type\":\"ListItem\",\"position\":2,\"name\":\"H\\u01b0\\u1edbng d\\u1eabn thanh to\\u00e1n\"}]}]}<\/script>\n<!-- \/ Yoast SEO plugin. -->","yoast_head_json":{"title":"H\u01b0\u1edbng d\u1eabn thanh to\u00e1n - M\u00c1Y \u0110\u00d3NG G\u00d3I T\u00c2N MINH","robots":{"index":"index","follow":"follow","max-snippet":"max-snippet:-1","max-image-preview":"max-image-preview:large","max-video-preview":"max-video-preview:-1"},"canonical":"https:\/\/cokhitanminh.com\/may-dong-goi\/huong-dan-thanh-toan\/","og_locale":"vi_VN","og_type":"article","og_title":"H\u01b0\u1edbng d\u1eabn thanh to\u00e1n - M\u00c1Y \u0110\u00d3NG G\u00d3I T\u00c2N MINH","og_description":"1. \u0110\u1ed1i v\u1edbi h\u00e0ng c\u00f3 s\u1eb5n: 1.1. Mua h\u00e0ng t\u1ea1i C\u00f4ng ty: \u2013 Kh\u00e1ch h\u00e0ng thanh to\u00e1n 100% gi\u00e1 tr\u1ecb \u0111\u01a1n h\u00e0ng tr\u01b0\u1edbc khi nh\u1eadn m\u00e1y. 1.2. Mua h\u00e0ng t\u1ea1i khu v\u1ef1c kh\u00e1c: \u2013 Kh\u00e1ch h\u00e0ng \u0111\u1eb7t c\u1ecdc 50% gi\u00e1 tr\u1ecb \u0111\u01a1n h\u00e0ng (ti\u1ec1n m\u1eb7t ho\u1eb7c chuy\u1ec3n kho\u1ea3n). \u2013 Thanh to\u00e1n n\u1ed1t 50% c\u00f2n l\u1ea1i ...","og_url":"https:\/\/cokhitanminh.com\/may-dong-goi\/huong-dan-thanh-toan\/","og_site_name":"M\u00c1Y \u0110\u00d3NG G\u00d3I T\u00c2N MINH","article_modified_time":"2021-12-27T02:15:11+00:00","twitter_card":"summary_large_image","twitter_misc":{"\u01af\u1edbc t\u00ednh th\u1eddi gian \u0111\u1ecdc":"1 ph\u00fat"},"schema":{"@context":"https:\/\/schema.org","@graph":[{"@type":"WebSite","@id":"https:\/\/cokhitanminh.com\/may-dong-goi\/#website","url":"https:\/\/cokhitanminh.com\/may-dong-goi\/","name":"M\u00c1Y \u0110\u00d3NG G\u00d3I T\u00c2N MINH","description":"Chuy\u00ean gia m\u00e1y \u0111\u00f3ng g\u00f3i","potentialAction":[{"@type":"SearchAction","target":{"@type":"EntryPoint","urlTemplate":"https:\/\/cokhitanminh.com\/may-dong-goi\/?s={search_term_string}"},"query-input":"required name=search_term_string"}],"inLanguage":"vi"},{"@type":"WebPage","@id":"https:\/\/cokhitanminh.com\/may-dong-goi\/huong-dan-thanh-toan\/#webpage","url":"https:\/\/cokhitanminh.com\/may-dong-goi\/huong-dan-thanh-toan\/","name":"H\u01b0\u1edbng d\u1eabn thanh to\u00e1n - M\u00c1Y \u0110\u00d3NG G\u00d3I T\u00c2N MINH","isPartOf":{"@id":"https:\/\/cokhitanminh.com\/may-dong-goi\/#website"},"datePublished":"2021-12-14T03:00:17+00:00","dateModified":"2021-12-27T02:15:11+00:00","breadcrumb":{"@id":"https:\/\/cokhitanminh.com\/may-dong-goi\/huong-dan-thanh-toan\/#breadcrumb"},"inLanguage":"vi","potentialAction":[{"@type":"ReadAction","target":["https:\/\/cokhitanminh.com\/may-dong-goi\/huong-dan-thanh-toan\/"]}]},{"@type":"BreadcrumbList","@id":"https:\/\/cokhitanminh.com\/may-dong-goi\/huong-dan-thanh-toan\/#breadcrumb","itemListElement":[{"@type":"ListItem","position":1,"name":"Trang ch\u1ee7","item":"https:\/\/cokhitanminh.com\/may-dong-goi\/"},{"@type":"ListItem","position":2,"name":"H\u01b0\u1edbng d\u1eabn thanh to\u00e1n"}]}]}},"_links":{"self":[{"href":"https:\/\/cokhitanminh.com\/may-dong-goi\/wp-json\/wp\/v2\/pages\/5051","targetHints":{"allow":["GET"]}}],"collection":[{"href":"https:\/\/cokhitanminh.com\/may-dong-goi\/wp-json\/wp\/v2\/pages"}],"about":[{"href":"https:\/\/cokhitanminh.com\/may-dong-goi\/wp-json\/wp\/v2\/types\/page"}],"author":[{"embeddable":true,"href":"https:\/\/cokhitanminh.com\/may-dong-goi\/wp-json\/wp\/v2\/users\/1"}],"replies":[{"embeddable":true,"href":"https:\/\/cokhitanminh.com\/may-dong-goi\/wp-json\/wp\/v2\/comments?post=5051"}],"version-history":[{"count":2,"href":"https:\/\/cokhitanminh.com\/may-dong-goi\/wp-json\/wp\/v2\/pages\/5051\/revisions"}],"predecessor-version":[{"id":6091,"href":"https:\/\/cokhitanminh.com\/may-dong-goi\/wp-json\/wp\/v2\/pages\/5051\/revisions\/6091"}],"wp:attachment":[{"href":"https:\/\/cokhitanminh.com\/may-dong-goi\/wp-json\/wp\/v2\/media?parent=5051"}],"curies":[{"name":"wp","href":"https:\/\/api.w.org\/{rel}","templated":true}]}}