{"id":1012,"date":"2021-11-25T07:13:19","date_gmt":"2021-11-25T07:13:19","guid":{"rendered":"https:\/\/cokhitanminh.com\/may-dong-goi\/?page_id=1012"},"modified":"2021-12-24T09:51:07","modified_gmt":"2021-12-24T09:51:07","slug":"lien-he","status":"publish","type":"page","link":"https:\/\/cokhitanminh.com\/may-dong-goi\/lien-he\/","title":{"rendered":"Li\u00ean h\u1ec7"},"content":{"rendered":"<p>V\u1edbi h\u1ec7 th\u1ed1ng v\u0103n ph\u00f2ng, chi nh\u00e1nh tr\u1ea3i d\u00e0i B\u1eafc, Trung, Nam. C\u00f4ng ty C\u1ed5 ph\u1ea7n C\u01a1 Kh\u00ed T\u00e2n Minh lu\u00f4n s\u1eb5n s\u00e0ng ph\u1ee5c v\u1ee5 qu\u00fd kh\u00e1ch h\u00e0ng. M\u1ecdi th\u1eafc m\u1eafc xin vui l\u00f2ng li\u00ean h\u1ec7 T\u1ed5ng \u0111\u00e0i: 1900.2861 &#8211;\u00a0 Hotline: 0967686911 \u0110\u1ec3 \u0111\u01b0\u1ee3c t\u01b0 v\u1ea5n ho\u00e0n to\u00e0n mi\u1ec5n ph\u00ed!<\/p>\n<div class=\"row\"  id=\"row-1572422999\">\n<div class=\"col medium-6 small-12 large-6\"  ><div class=\"col-inner\"  >\n\t<div class=\"img has-hover x md-x lg-x y md-y lg-y\" id=\"image_921635229\">\n\t\t\t\t\t\t\t\t<div class=\"img-inner dark\" >\n\t\t\t<img loading=\"lazy\" decoding=\"async\" width=\"768\" height=\"1020\" src=\"https:\/\/cokhitanminh.com\/may-dong-goi\/wp-content\/uploads\/2021\/12\/vector-ban-do-viet-nam-chuan-day-1-771x1024-1-768x1020-1.jpg\" class=\"attachment-large size-large\" alt=\"\" srcset=\"https:\/\/cokhitanminh.com\/may-dong-goi\/wp-content\/uploads\/2021\/12\/vector-ban-do-viet-nam-chuan-day-1-771x1024-1-768x1020-1.jpg 768w, https:\/\/cokhitanminh.com\/may-dong-goi\/wp-content\/uploads\/2021\/12\/vector-ban-do-viet-nam-chuan-day-1-771x1024-1-768x1020-1-226x300.jpg 226w, https:\/\/cokhitanminh.com\/may-dong-goi\/wp-content\/uploads\/2021\/12\/vector-ban-do-viet-nam-chuan-day-1-771x1024-1-768x1020-1-600x797.jpg 600w\" sizes=\"auto, (max-width: 768px) 100vw, 768px\" \/>\t\t\t\t\t\t\n\t\t\t\t\t<\/div>\n\t\t\t\t\t\t\t\t\n<style scope=\"scope\">\n\n#image_921635229 {\n  width: 100%;\n}\n<\/style>\n\t<\/div>\n\t\n<\/div><\/div>\n<div class=\"col medium-6 small-12 large-6\"  ><div class=\"col-inner\"  >\n<p>+ Mi\u1ec1n B\u1eafc: <strong>S\u1ed1 2, ng\u00f5 161 \u0110\u01b0\u1eddng Ng\u1ecdc H\u1ed3i, P.Ho\u00e0ng Li\u1ec7t, Q.Ho\u00e0ng Mai, TP.HN<\/strong><\/p>\n<p><iframe loading=\"lazy\" style=\"border: 0;\" src=\"https:\/\/www.google.com\/maps\/embed?pb=!1m14!1m8!1m3!1d14903.725984232966!2d105.843756!3d20.955266!3m2!1i1024!2i768!4f13.1!3m3!1m2!1s0x0%3A0xd8e38d5c9f7efa38!2zQ8O0bmcgVHkgQ-G7lSBQaOG6p24gQ8ahIEtow60gVMOibiBNaW5o!5e0!3m2!1svi!2sus!4v1640338269026!5m2!1svi!2sus\" width=\"100%\" height=\"200\" allowfullscreen=\"allowfullscreen\" data-mce-fragment=\"1\"><\/iframe><\/p>\n<p>\u00a0<\/p>\n<p>+ Mi\u1ec1n Trung:\u00a0<strong>S\u1ed1 350 L\u00ea \u0110\u1ea1i H\u00e0nh, P.H\u00f2a Ph\u00e1t, Q.C\u1ea9m L\u1ec7, Tp.\u0110\u00e0 N\u1eb5ng<\/strong><\/p>\n<p><iframe loading=\"lazy\" style=\"border: 0;\" src=\"https:\/\/www.google.com\/maps\/embed?pb=!1m14!1m8!1m3!1d30678.92024890401!2d108.1958!3d16.02054!3m2!1i1024!2i768!4f13.1!3m3!1m2!1s0x0%3A0x122125ce54e3e6a8!2zQ8O0bmcgVHkgQ-G7lSBQaOG6p24gQ8ahIEtow60gVMOibiBNaW5o!5e0!3m2!1svi!2sus!4v1640338478541!5m2!1svi!2sus\" width=\"100%\" height=\"200\" allowfullscreen=\"allowfullscreen\" data-mce-fragment=\"1\"><\/iframe><\/p>\n<p>\u00a0<\/p>\n<p>+ Mi\u1ec1n Nam: <strong>S\u1ed1 29\/245 Song H\u00e0nh, P.T\u00e2n H\u01b0ng Thu\u1eadn, Q.12, TP HCM<\/strong><\/p>\n<p><iframe loading=\"lazy\" style=\"border: 0;\" src=\"https:\/\/www.google.com\/maps\/embed?pb=!1m18!1m12!1m3!1d2330.067007920579!2d106.62093135905681!3d10.835019525544613!2m3!1f0!2f0!3f0!3m2!1i1024!2i768!4f13.1!3m3!1m2!1s0x31752bd3721d719f%3A0x8672419f3c34d6dd!2zMjkvMjQ1IMSQxrDhu51uZyBTb25nIEjDoG5oLCDEkMO0bmcgSMawbmcgVGh14bqtbiwgUXXhuq1uIDEyLCBUaMOgbmggcGjhu5EgSOG7kyBDaMOtIE1pbmgsIFZp4buHdCBOYW0!5e0!3m2!1svi!2sus!4v1640338599464!5m2!1svi!2sus\" width=\"100%\" height=\"200\" allowfullscreen=\"allowfullscreen\" data-mce-fragment=\"1\"><\/iframe><\/p>\n<\/div><\/div>\n<\/div>\n","protected":false},"excerpt":{"rendered":"<p>V\u1edbi h\u1ec7 th\u1ed1ng v\u0103n ph\u00f2ng, chi nh\u00e1nh tr\u1ea3i d\u00e0i B\u1eafc, Trung, Nam. C\u00f4ng ty C\u1ed5 ph\u1ea7n C\u01a1 Kh\u00ed T\u00e2n Minh lu\u00f4n s\u1eb5n s\u00e0ng ph\u1ee5c v\u1ee5 qu\u00fd kh\u00e1ch h\u00e0ng. M\u1ecdi th\u1eafc m\u1eafc xin vui l\u00f2ng li\u00ean h\u1ec7 T\u1ed5ng \u0111\u00e0i: 1900.2861 &#8211;\u00a0 Hotline: 0967686911 \u0110\u1ec3 \u0111\u01b0\u1ee3c t\u01b0 v\u1ea5n ho\u00e0n to\u00e0n mi\u1ec5n ph\u00ed!<\/p>\n","protected":false},"author":1,"featured_media":0,"parent":0,"menu_order":0,"comment_status":"closed","ping_status":"closed","template":"","meta":{"footnotes":""},"class_list":["post-1012","page","type-page","status-publish","hentry"],"yoast_head":"<!-- This site is optimized with the Yoast SEO plugin v17.6 - https:\/\/yoast.com\/wordpress\/plugins\/seo\/ -->\n<title>Li\u00ean h\u1ec7 - M\u00c1Y \u0110\u00d3NG G\u00d3I T\u00c2N MINH<\/title>\n<meta name=\"robots\" content=\"index, follow, max-snippet:-1, max-image-preview:large, max-video-preview:-1\" \/>\n<link rel=\"canonical\" href=\"https:\/\/cokhitanminh.com\/may-dong-goi\/lien-he\/\" \/>\n<meta property=\"og:locale\" content=\"vi_VN\" \/>\n<meta property=\"og:type\" content=\"article\" \/>\n<meta property=\"og:title\" content=\"Li\u00ean h\u1ec7 - M\u00c1Y \u0110\u00d3NG G\u00d3I T\u00c2N MINH\" \/>\n<meta property=\"og:description\" content=\"V\u1edbi h\u1ec7 th\u1ed1ng v\u0103n ph\u00f2ng, chi nh\u00e1nh tr\u1ea3i d\u00e0i B\u1eafc, Trung, Nam. C\u00f4ng ty C\u1ed5 ph\u1ea7n C\u01a1 Kh\u00ed T\u00e2n Minh lu\u00f4n s\u1eb5n s\u00e0ng ph\u1ee5c v\u1ee5 qu\u00fd kh\u00e1ch h\u00e0ng. M\u1ecdi th\u1eafc m\u1eafc xin vui l\u00f2ng li\u00ean h\u1ec7 T\u1ed5ng \u0111\u00e0i: 1900.2861 &#8211;\u00a0 Hotline: 0967686911 \u0110\u1ec3 \u0111\u01b0\u1ee3c t\u01b0 v\u1ea5n ho\u00e0n to\u00e0n mi\u1ec5n ph\u00ed!\" \/>\n<meta property=\"og:url\" content=\"https:\/\/cokhitanminh.com\/may-dong-goi\/lien-he\/\" \/>\n<meta property=\"og:site_name\" content=\"M\u00c1Y \u0110\u00d3NG G\u00d3I T\u00c2N MINH\" \/>\n<meta property=\"article:modified_time\" content=\"2021-12-24T09:51:07+00:00\" \/>\n<meta name=\"twitter:card\" content=\"summary_large_image\" \/>\n<meta name=\"twitter:label1\" content=\"\u01af\u1edbc t\u00ednh th\u1eddi gian \u0111\u1ecdc\" \/>\n\t<meta name=\"twitter:data1\" content=\"1 ph\u00fat\" \/>\n<script type=\"application\/ld+json\" class=\"yoast-schema-graph\">{\"@context\":\"https:\/\/schema.org\",\"@graph\":[{\"@type\":\"WebSite\",\"@id\":\"https:\/\/cokhitanminh.com\/may-dong-goi\/#website\",\"url\":\"https:\/\/cokhitanminh.com\/may-dong-goi\/\",\"name\":\"M\\u00c1Y \\u0110\\u00d3NG G\\u00d3I T\\u00c2N MINH\",\"description\":\"Chuy\\u00ean gia m\\u00e1y \\u0111\\u00f3ng g\\u00f3i\",\"potentialAction\":[{\"@type\":\"SearchAction\",\"target\":{\"@type\":\"EntryPoint\",\"urlTemplate\":\"https:\/\/cokhitanminh.com\/may-dong-goi\/?s={search_term_string}\"},\"query-input\":\"required name=search_term_string\"}],\"inLanguage\":\"vi\"},{\"@type\":\"WebPage\",\"@id\":\"https:\/\/cokhitanminh.com\/may-dong-goi\/lien-he\/#webpage\",\"url\":\"https:\/\/cokhitanminh.com\/may-dong-goi\/lien-he\/\",\"name\":\"Li\\u00ean h\\u1ec7 - M\\u00c1Y \\u0110\\u00d3NG G\\u00d3I T\\u00c2N MINH\",\"isPartOf\":{\"@id\":\"https:\/\/cokhitanminh.com\/may-dong-goi\/#website\"},\"datePublished\":\"2021-11-25T07:13:19+00:00\",\"dateModified\":\"2021-12-24T09:51:07+00:00\",\"breadcrumb\":{\"@id\":\"https:\/\/cokhitanminh.com\/may-dong-goi\/lien-he\/#breadcrumb\"},\"inLanguage\":\"vi\",\"potentialAction\":[{\"@type\":\"ReadAction\",\"target\":[\"https:\/\/cokhitanminh.com\/may-dong-goi\/lien-he\/\"]}]},{\"@type\":\"BreadcrumbList\",\"@id\":\"https:\/\/cokhitanminh.com\/may-dong-goi\/lien-he\/#breadcrumb\",\"itemListElement\":[{\"@type\":\"ListItem\",\"position\":1,\"name\":\"Trang ch\\u1ee7\",\"item\":\"https:\/\/cokhitanminh.com\/may-dong-goi\/\"},{\"@type\":\"ListItem\",\"position\":2,\"name\":\"Li\\u00ean h\\u1ec7\"}]}]}<\/script>\n<!-- \/ Yoast SEO plugin. -->","yoast_head_json":{"title":"Li\u00ean h\u1ec7 - M\u00c1Y \u0110\u00d3NG G\u00d3I T\u00c2N MINH","robots":{"index":"index","follow":"follow","max-snippet":"max-snippet:-1","max-image-preview":"max-image-preview:large","max-video-preview":"max-video-preview:-1"},"canonical":"https:\/\/cokhitanminh.com\/may-dong-goi\/lien-he\/","og_locale":"vi_VN","og_type":"article","og_title":"Li\u00ean h\u1ec7 - M\u00c1Y \u0110\u00d3NG G\u00d3I T\u00c2N MINH","og_description":"V\u1edbi h\u1ec7 th\u1ed1ng v\u0103n ph\u00f2ng, chi nh\u00e1nh tr\u1ea3i d\u00e0i B\u1eafc, Trung, Nam. C\u00f4ng ty C\u1ed5 ph\u1ea7n C\u01a1 Kh\u00ed T\u00e2n Minh lu\u00f4n s\u1eb5n s\u00e0ng ph\u1ee5c v\u1ee5 qu\u00fd kh\u00e1ch h\u00e0ng. M\u1ecdi th\u1eafc m\u1eafc xin vui l\u00f2ng li\u00ean h\u1ec7 T\u1ed5ng \u0111\u00e0i: 1900.2861 &#8211;\u00a0 Hotline: 0967686911 \u0110\u1ec3 \u0111\u01b0\u1ee3c t\u01b0 v\u1ea5n ho\u00e0n to\u00e0n mi\u1ec5n ph\u00ed!","og_url":"https:\/\/cokhitanminh.com\/may-dong-goi\/lien-he\/","og_site_name":"M\u00c1Y \u0110\u00d3NG G\u00d3I T\u00c2N MINH","article_modified_time":"2021-12-24T09:51:07+00:00","twitter_card":"summary_large_image","twitter_misc":{"\u01af\u1edbc t\u00ednh th\u1eddi gian \u0111\u1ecdc":"1 ph\u00fat"},"schema":{"@context":"https:\/\/schema.org","@graph":[{"@type":"WebSite","@id":"https:\/\/cokhitanminh.com\/may-dong-goi\/#website","url":"https:\/\/cokhitanminh.com\/may-dong-goi\/","name":"M\u00c1Y \u0110\u00d3NG G\u00d3I T\u00c2N MINH","description":"Chuy\u00ean gia m\u00e1y \u0111\u00f3ng g\u00f3i","potentialAction":[{"@type":"SearchAction","target":{"@type":"EntryPoint","urlTemplate":"https:\/\/cokhitanminh.com\/may-dong-goi\/?s={search_term_string}"},"query-input":"required name=search_term_string"}],"inLanguage":"vi"},{"@type":"WebPage","@id":"https:\/\/cokhitanminh.com\/may-dong-goi\/lien-he\/#webpage","url":"https:\/\/cokhitanminh.com\/may-dong-goi\/lien-he\/","name":"Li\u00ean h\u1ec7 - M\u00c1Y \u0110\u00d3NG G\u00d3I T\u00c2N MINH","isPartOf":{"@id":"https:\/\/cokhitanminh.com\/may-dong-goi\/#website"},"datePublished":"2021-11-25T07:13:19+00:00","dateModified":"2021-12-24T09:51:07+00:00","breadcrumb":{"@id":"https:\/\/cokhitanminh.com\/may-dong-goi\/lien-he\/#breadcrumb"},"inLanguage":"vi","potentialAction":[{"@type":"ReadAction","target":["https:\/\/cokhitanminh.com\/may-dong-goi\/lien-he\/"]}]},{"@type":"BreadcrumbList","@id":"https:\/\/cokhitanminh.com\/may-dong-goi\/lien-he\/#breadcrumb","itemListElement":[{"@type":"ListItem","position":1,"name":"Trang ch\u1ee7","item":"https:\/\/cokhitanminh.com\/may-dong-goi\/"},{"@type":"ListItem","position":2,"name":"Li\u00ean h\u1ec7"}]}]}},"_links":{"self":[{"href":"https:\/\/cokhitanminh.com\/may-dong-goi\/wp-json\/wp\/v2\/pages\/1012","targetHints":{"allow":["GET"]}}],"collection":[{"href":"https:\/\/cokhitanminh.com\/may-dong-goi\/wp-json\/wp\/v2\/pages"}],"about":[{"href":"https:\/\/cokhitanminh.com\/may-dong-goi\/wp-json\/wp\/v2\/types\/page"}],"author":[{"embeddable":true,"href":"https:\/\/cokhitanminh.com\/may-dong-goi\/wp-json\/wp\/v2\/users\/1"}],"replies":[{"embeddable":true,"href":"https:\/\/cokhitanminh.com\/may-dong-goi\/wp-json\/wp\/v2\/comments?post=1012"}],"version-history":[{"count":3,"href":"https:\/\/cokhitanminh.com\/may-dong-goi\/wp-json\/wp\/v2\/pages\/1012\/revisions"}],"predecessor-version":[{"id":5958,"href":"https:\/\/cokhitanminh.com\/may-dong-goi\/wp-json\/wp\/v2\/pages\/1012\/revisions\/5958"}],"wp:attachment":[{"href":"https:\/\/cokhitanminh.com\/may-dong-goi\/wp-json\/wp\/v2\/media?parent=1012"}],"curies":[{"name":"wp","href":"https:\/\/api.w.org\/{rel}","templated":true}]}}